{"id":94044,"date":"2026-04-22T15:05:18","date_gmt":"2026-04-22T22:05:18","guid":{"rendered":"https:\/\/elections.sbcounty.gov\/es\/?page_id=94044"},"modified":"2026-04-22T15:05:33","modified_gmt":"2026-04-22T22:05:33","slug":"0602","status":"publish","type":"page","link":"https:\/\/elections.sbcounty.gov\/es\/voting\/ppl\/2026\/0602\/","title":{"rendered":"B\u00fasqueda de Casillas Electorales y de Gu\u00edas de Informaci\u00f3n para el Votante \u2013 2 de junio de 2026, Elecciones Primarias Directas Estatales"},"content":{"rendered":"","protected":false},"excerpt":{"rendered":"","protected":false},"author":76,"featured_media":37382,"parent":93024,"menu_order":0,"comment_status":"closed","ping_status":"closed","template":"templates\/ppl-template.php","meta":{"_acf_changed":false,"footnotes":""},"class_list":["post-94044","page","type-page","status-publish","has-post-thumbnail","hentry"],"acf":[],"_links":{"self":[{"href":"https:\/\/elections.sbcounty.gov\/es\/wp-json\/wp\/v2\/pages\/94044","targetHints":{"allow":["GET"]}}],"collection":[{"href":"https:\/\/elections.sbcounty.gov\/es\/wp-json\/wp\/v2\/pages"}],"about":[{"href":"https:\/\/elections.sbcounty.gov\/es\/wp-json\/wp\/v2\/types\/page"}],"author":[{"embeddable":true,"href":"https:\/\/elections.sbcounty.gov\/es\/wp-json\/wp\/v2\/users\/76"}],"replies":[{"embeddable":true,"href":"https:\/\/elections.sbcounty.gov\/es\/wp-json\/wp\/v2\/comments?post=94044"}],"version-history":[{"count":2,"href":"https:\/\/elections.sbcounty.gov\/es\/wp-json\/wp\/v2\/pages\/94044\/revisions"}],"predecessor-version":[{"id":94050,"href":"https:\/\/elections.sbcounty.gov\/es\/wp-json\/wp\/v2\/pages\/94044\/revisions\/94050"}],"up":[{"embeddable":true,"href":"https:\/\/elections.sbcounty.gov\/es\/wp-json\/wp\/v2\/pages\/93024"}],"wp:featuredmedia":[{"embeddable":true,"href":"https:\/\/elections.sbcounty.gov\/es\/wp-json\/wp\/v2\/media\/37382"}],"wp:attachment":[{"href":"https:\/\/elections.sbcounty.gov\/es\/wp-json\/wp\/v2\/media?parent=94044"}],"curies":[{"name":"wp","href":"https:\/\/api.w.org\/{rel}","templated":true}]}}