{"id":93030,"date":"2026-02-11T09:40:34","date_gmt":"2026-02-11T17:40:34","guid":{"rendered":"https:\/\/elections.sbcounty.gov\/es\/?page_id=93030"},"modified":"2026-02-11T11:40:40","modified_gmt":"2026-02-11T19:40:40","slug":"0324","status":"publish","type":"page","link":"https:\/\/elections.sbcounty.gov\/es\/voting\/ppl\/2026\/0324\/","title":{"rendered":"B\u00fasqueda de Casillas Electorales y de Gu\u00edas de Informaci\u00f3n para el Votante &#8211; 24 de marzo de 2026, Elecci\u00f3n Especial de la Ciudad de Ontario"},"content":{"rendered":"","protected":false},"excerpt":{"rendered":"","protected":false},"author":64,"featured_media":37382,"parent":93024,"menu_order":0,"comment_status":"closed","ping_status":"closed","template":"templates\/ppl-template.php","meta":{"_acf_changed":false,"footnotes":""},"class_list":["post-93030","page","type-page","status-publish","has-post-thumbnail","hentry"],"acf":[],"_links":{"self":[{"href":"https:\/\/elections.sbcounty.gov\/es\/wp-json\/wp\/v2\/pages\/93030","targetHints":{"allow":["GET"]}}],"collection":[{"href":"https:\/\/elections.sbcounty.gov\/es\/wp-json\/wp\/v2\/pages"}],"about":[{"href":"https:\/\/elections.sbcounty.gov\/es\/wp-json\/wp\/v2\/types\/page"}],"author":[{"embeddable":true,"href":"https:\/\/elections.sbcounty.gov\/es\/wp-json\/wp\/v2\/users\/64"}],"replies":[{"embeddable":true,"href":"https:\/\/elections.sbcounty.gov\/es\/wp-json\/wp\/v2\/comments?post=93030"}],"version-history":[{"count":1,"href":"https:\/\/elections.sbcounty.gov\/es\/wp-json\/wp\/v2\/pages\/93030\/revisions"}],"predecessor-version":[{"id":93033,"href":"https:\/\/elections.sbcounty.gov\/es\/wp-json\/wp\/v2\/pages\/93030\/revisions\/93033"}],"up":[{"embeddable":true,"href":"https:\/\/elections.sbcounty.gov\/es\/wp-json\/wp\/v2\/pages\/93024"}],"wp:featuredmedia":[{"embeddable":true,"href":"https:\/\/elections.sbcounty.gov\/es\/wp-json\/wp\/v2\/media\/37382"}],"wp:attachment":[{"href":"https:\/\/elections.sbcounty.gov\/es\/wp-json\/wp\/v2\/media?parent=93030"}],"curies":[{"name":"wp","href":"https:\/\/api.w.org\/{rel}","templated":true}]}}