{"id":92555,"date":"2025-12-30T17:07:38","date_gmt":"2025-12-31T01:07:38","guid":{"rendered":"https:\/\/elections.sbcounty.gov\/es\/?page_id=92555"},"modified":"2025-12-30T17:52:29","modified_gmt":"2025-12-31T01:52:29","slug":"measures","status":"publish","type":"page","link":"https:\/\/elections.sbcounty.gov\/es\/elections\/2026\/0324\/measures\/","title":{"rendered":"24 de marzo de 2026, Elecci\u00f3n Especial de la Ciudad de Ontario &#8211; Medidas"},"content":{"rendered":"  <section data-isd-block-id=\"rov-content-blockblock_026544e91c0d936451be9e0304bb757f\"\n\t\t\t\t\t\t\t\t\t\t \t\t\t\t\t\t\t\t\t\t\t class=\"card-style main-content-wrapper rov-card-style mb-4\">\n\n\t<h2 class=\"block-subtitle blue\">24 de marzo de 2026, Elecci\u00f3n Especial de la Ciudad de Ontario &#8211; Medidas Locales<\/h2>\n\n\t<div class=\"ctnr-block-content\"><table class=\"table striped\" style=\"border-collapse: collapse\" border=\".9\">\n<tbody>\n<tr>\n<th style=\"text-align: center\"><strong>Letra<\/strong><\/th>\n<th style=\"text-align: center\"><strong>Jurisdicci\u00f3n<\/strong><\/th>\n<th style=\"text-align: center\"><strong>Descripci\u00f3n de la Medida<\/strong><\/th>\n<th style=\"text-align: center\">\u00a0An\u00e1lisis  <\/th>\n<th style=\"text-align: center\"><strong>Argumentos<\/strong><\/th>\n<th style=\"text-align: center\"><strong>Porcentaje<br \/>\npara ser Aprobada<\/strong><\/th>\n<\/tr>\n<tr>\n<td style=\"text-align: center\">V<\/td>\n<td>Ciudad de Ontario<\/td>\n<td>Enmienda al C\u00f3digo Municipal<br \/>\nAdici\u00f3n del Cap\u00edtulo 34 al T\u00edtulo 5<\/td>\n<td> Imparcial <\/td>\n<td>\n<ul>\n<li>Argumentos principales que se presentar\u00e1n ante la Oficina del Secretario Municipal de Ontario el 30 de diciembre de 2026<\/li>\n<li>Los argumentos de refutaci\u00f3n deber\u00e1n presentarse ante la Oficina del Secretario Municipal de Ontario a m\u00e1s tardar el 9 de enero de 2026<\/li>\n<\/ul>\n<\/td>\n<td style=\"text-align: center\">50% + 1<\/td>\n<\/tr>\n<tr>\n<td style=\"text-align: center\">W<\/td>\n<td>Ciudad de Ontario<\/td>\n<td>Enmienda al C\u00f3digo Municipal<br \/>\nAdici\u00f3n del Cap\u00edtulo 10.0 al T\u00edtulo 9<\/td>\n<td> Imparcial <\/td>\n<td>\n<ul>\n<li>Argumentos principales que se presentar\u00e1n ante la Oficina del Secretario Municipal de Ontario el 30 de diciembre de 2026<\/li>\n<li>Los argumentos de refutaci\u00f3n deber\u00e1n presentarse ante la Oficina del Secretario Municipal de Ontario a m\u00e1s tardar el 9 de enero de 2026<\/li>\n<\/ul>\n<\/td>\n<td style=\"text-align: center\">50% + 1<\/td>\n<\/tr>\n<\/tbody>\n<\/table>\n<p>&nbsp;<\/p>\n<h5 class=\"h5_leftalign\">Related Public Notices &amp; Forms:<\/h5>\n<ul>\n<li><a href=\"https:\/\/uploads.rov.sbcounty.gov\/ROV\/es\/News\/2026\/0324\/PublicNotice_MeasureLetterAssignment.pdf\" target=\"_blank\" rel=\"noopener\">Aviso P\u00fablico \u2013 Asignaci\u00f3n de Letras de Medidas<\/a> [pdf]<\/li>\n<li><a href=\"https:\/\/elections.sbcounty.gov\/es\/elections\/measures\/\">Informaci\u00f3n General sobre las Medidas<\/a><\/li>\n<li style=\"list-style-type: none\"><\/li>\n<\/ul>\n<\/div>\n\n  <\/section>\n\n\t","protected":false},"excerpt":{"rendered":"<p>24 de marzo de 2026, Elecci\u00f3n Especial de la Ciudad de Ontario &#8211; Medidas Locales Letra Jurisdicci\u00f3n Descripci\u00f3n de la Medida \u00a0An\u00e1lisis Argumentos Porcentaje para ser Aprobada V Ciudad de Ontario Enmienda al C\u00f3digo Municipal Adici\u00f3n del Cap\u00edtulo 34 al T\u00edtulo 5 Imparcial Argumentos principales que se presentar\u00e1n ante la<span class=\"ellipsis\">&#8230;<\/span><\/p>\n","protected":false},"author":10,"featured_media":0,"parent":92306,"menu_order":0,"comment_status":"closed","ping_status":"closed","template":"templates\/rov-full-width-no-title-template.php","meta":{"_acf_changed":false,"footnotes":""},"class_list":["post-92555","page","type-page","status-publish","hentry"],"acf":[],"_links":{"self":[{"href":"https:\/\/elections.sbcounty.gov\/es\/wp-json\/wp\/v2\/pages\/92555","targetHints":{"allow":["GET"]}}],"collection":[{"href":"https:\/\/elections.sbcounty.gov\/es\/wp-json\/wp\/v2\/pages"}],"about":[{"href":"https:\/\/elections.sbcounty.gov\/es\/wp-json\/wp\/v2\/types\/page"}],"author":[{"embeddable":true,"href":"https:\/\/elections.sbcounty.gov\/es\/wp-json\/wp\/v2\/users\/10"}],"replies":[{"embeddable":true,"href":"https:\/\/elections.sbcounty.gov\/es\/wp-json\/wp\/v2\/comments?post=92555"}],"version-history":[{"count":13,"href":"https:\/\/elections.sbcounty.gov\/es\/wp-json\/wp\/v2\/pages\/92555\/revisions"}],"predecessor-version":[{"id":92852,"href":"https:\/\/elections.sbcounty.gov\/es\/wp-json\/wp\/v2\/pages\/92555\/revisions\/92852"}],"up":[{"embeddable":true,"href":"https:\/\/elections.sbcounty.gov\/es\/wp-json\/wp\/v2\/pages\/92306"}],"wp:attachment":[{"href":"https:\/\/elections.sbcounty.gov\/es\/wp-json\/wp\/v2\/media?parent=92555"}],"curies":[{"name":"wp","href":"https:\/\/api.w.org\/{rel}","templated":true}]}}