{"id":92306,"date":"2025-12-22T12:04:34","date_gmt":"2025-12-22T20:04:34","guid":{"rendered":"https:\/\/elections.sbcounty.gov\/es\/?page_id=92306"},"modified":"2026-03-31T17:04:18","modified_gmt":"2026-04-01T00:04:18","slug":"0324","status":"publish","type":"page","link":"https:\/\/elections.sbcounty.gov\/es\/elections\/2026\/0324\/","title":{"rendered":"Elecci\u00f3n Especial de la Ciudad de Ontario"},"content":{"rendered":"  <section data-isd-block-id=\"rov-content-blockblock_474344c4007f6cfa3e8a70b07050f85c\"\n\t\t\t\t\t\t\t\t\t\t \t\t\t\t\t\t\t\t\t\t\t class=\"card-style main-content-wrapper rov-card-style mb-4\">\n\n\t<h2 class=\"block-subtitle blue\">Fechas Clave y Fechas L\u00edmite<\/h2>\n\n\t<div class=\"ctnr-block-content\"><table class=\"table table-striped\" style=\"width: 99%\">\n<thead>\n<tr style=\"text-align: left\">\n<th role=\"presentation\"><strong>Date <\/strong><\/th>\n<th role=\"presentation\"><strong>Action<\/strong><\/th>\n<\/tr>\n<\/thead>\n<tbody>\n<tr>\n<td>17\u00a0de febrero de 2026<\/td>\n<td>Se entregan las Gu\u00edas de Informaci\u00f3n para el Votante del Condado a la Oficina Postal de EE. UU.<\/td>\n<\/tr>\n<tr>\n<td>23\u00a0de febrero de 2026<\/td>\n<td>Comienza el voto anticipado<\/td>\n<\/tr>\n<tr>\n<td>23\u00a0de febrero de 2026<\/td>\n<td>Se entregan las Boletas por Correo a la Oficina Postal de EE. UU.<\/td>\n<\/tr>\n<tr>\n<td>9 de marzo de 2026<\/td>\n<td>Fecha l\u00edmite para el registro de votantes<\/td>\n<\/tr>\n<tr>\n<td>17 de marzo de 2026<\/td>\n<td>Fecha l\u00edmite para solicitar una boleta por correo de reemplazo<\/td>\n<\/tr>\n<tr>\n<td>24 de marzo de 2026<\/td>\n<td><strong>D\u00eda de la Elecci\u00f3n \u2013 Elecci\u00f3n Especial de la Ciudad de Ontario de 2026<\/strong><\/td>\n<\/tr>\n<tr>\n<td>25 de marzo de 2026<\/td>\n<td>Comienza el Escrutinio de las Elecci\u00f3n<\/td>\n<\/tr>\n<tr>\n<td>23 de abril de 2026<\/td>\n<td>Fecha l\u00edmite para completar el escrutinio oficial y certificar los resultados<\/td>\n<\/tr>\n<\/tbody>\n<\/table>\n<\/div>\n\n  <\/section>\n\n\t\n\n  <section data-isd-block-id=\"rov-content-blockblock_54c0a83f9a0b32c246f64b404d3a6fa8\"\n\t\t\t\t\t\t\t\t\t\t \t\t\t\t\t\t\t\t\t\t\t class=\"card-style main-content-wrapper rov-card-style mb-4\">\n\n\t<h2 class=\"block-subtitle blue\">Publicaciones Electorales<\/h2>\n\n\t<div class=\"ctnr-block-content\"><p><strong>Gu\u00eda de Informaci\u00f3n para el Votante del Condado de San Bernardino<\/strong><\/p>\n<ul>\n<li>La\u00a0<strong><a href=\"https:\/\/uploads.rov.sbcounty.gov\/ROV\/es\/Elections\/2026\/0324\/VIG.pdf\" target=\"_blank\" rel=\"noopener\">Gu\u00eda de Informaci\u00f3n para el Votante<\/a>\u00a0<\/strong>[pdf] es un folleto publicado por el Registro de Votantes del Condado de San Bernardino que incluye informaci\u00f3n sobre la votaci\u00f3n, las medidas, una boleta de muestra e informaci\u00f3n de las casillas electorales.<\/li>\n<li>La\u00a0<a href=\"https:\/\/ca.omniballot.us\/sites\/06071\/SanBernardino_ASB\/app\/home\" target=\"_blank\" rel=\"noopener\"><strong>Gu\u00eda de Informaci\u00f3n para el Votante en formato accesible<\/strong><\/a>\u00a0proporciona informaci\u00f3n electoral personalizada para los votantes que utilizan programas de lectura de pantalla.<\/li>\n<\/ul>\n<p><a href=\"https:\/\/elections.sbcounty.gov\/es\/News\/\"><strong>Comunicados de Prensa y Avisos P\u00fablicos<\/strong><\/a><\/p>\n<\/div>\n\n  <\/section>\n\n\t\n\n  <section data-isd-block-id=\"rov-content-blockblock_02670c5fe501ef5755cc4085fa305322\"\n\t\t\t\t\t\t\t\t\t\t \t\t\t\t\t\t\t\t\t\t\t class=\"card-style main-content-wrapper rov-card-style mb-4\">\n\n\t<h2 class=\"block-subtitle blue\">Opciones de Voto<\/h2>\n\n\t<div class=\"ctnr-block-content\"><p><strong>Opciones de Voto:<\/strong><\/p>\n<ul>\n<li>Vote antes en el Registro de Votantes a partir del 23\u00a0de febrero de 2026.<\/li>\n<li>Vote antes en una Casilla para Voto Anticipado.\n<ul>\n<li>Consulte las <a href=\"https:\/\/elections.sbcounty.gov\/es\/voting\/early\/\">Casilla para Voto Anticipado<\/a> y los horarios de operaci\u00f3n.<\/li>\n<\/ul>\n<\/li>\n<li>Vote en una Boleta por Correo.\n<ul>\n<li>No son necesarias las solicitudes de boletas por correo. Las boletas por correo se enviar\u00e1n por correo a todos los votantes registrados activos.<\/li>\n<li>Solicite una boleta de reemplazo de las siguientes maneras:\n<ul>\n<li>Llamando al Registro de Votantes al (909) 387\u20118300<\/li>\n<li>Env\u00ede una\u00a0<a href=\"https:\/\/uploads.rov.sbcounty.gov\/ROV\/es\/Elections\/2026\/0324\/Application_MBReplacement.pdf\" target=\"_blank\" rel=\"noopener\">Solicitud de Boleta por Correo de Reemplazo<\/a>\u00a0[pdf]<\/li>\n<li>Visite la oficina del Registro de Votantes del 23 de febrero al 24 de marzo.\n<ul>\n<li>Lunes a viernes, de 8 a.m. a 5 p.m.<\/li>\n<li>D\u00eda de las Elecciones, martes, 24 de marzo, de 7 a.m. a 8 p.m.<\/li>\n<\/ul>\n<\/li>\n<li>Visite una <a href=\"https:\/\/elections.sbcounty.gov\/es\/voting\/early\/\">Casilla para Voto Anticipado<\/a><\/li>\n<li>Autorice a otra persona para que recoja su boleta por correo con una\u00a0<a href=\"https:\/\/uploads.rov.sbcounty.gov\/rov\/es\/Elections\/2024\/1105\/Application_VotersRepresentative.pdf\">Solicitud para Entregar una Boleta por Correo a un Representante Autorizado<\/a>\u00a0[pdf]\n<ul>\n<li>Las boletas oficiales pueden recogerse a partir del lunes, 23\u00a0de febrero.<\/li>\n<\/ul>\n<\/li>\n<\/ul>\n<\/li>\n<\/ul>\n<\/li>\n<li>Los votantes pueden devolver su boleta de voto por correo:\n<ul>\n<li>En un\u00a0Lugar para Depositar las Boletas por Correo\n<ul>\n<li>Consulte la lista de los\u00a0<a href=\"https:\/\/uploads.rov.sbcounty.gov\/ROV\/es\/News\/2026\/0324\/PublicNotice_MailBallot_DropOffLocations.pdf\" target=\"_blank\" rel=\"noopener\">Lugares para Depositar las Boletas por Correo<\/a> [pdf]<\/li>\n<li>Las boletas deben entregarse antes de las 8 p.m. del martes, 24 de marzo de 2026.<\/li>\n<\/ul>\n<\/li>\n<li>Por correo a trav\u00e9s del Servicio Postal de los EE. UU.\n<ul>\n<li>No se requiere franqueo postal<\/li>\n<li>Las boletas deben tener un matasellos del martes, 24 de marzo o de una fecha anterior, y el Registro de Votantes debe recibirlas en un plazo de siete d\u00edas despu\u00e9s de las elecciones.<\/li>\n<\/ul>\n<\/li>\n<li>Depos\u00edtela en una <a href=\"https:\/\/elections.sbcounty.gov\/es\/voting\/early\/\">Casilla para Voto Anticipado<\/a><\/li>\n<li>Depos\u00edtela en cualquier\u00a0<a href=\"https:\/\/uploads.rov.sbcounty.gov\/rov\/es\/News\/2026\/0324\/PublicNotice_PollingPlaceCentralCount.pdf\">Casilla Electoral<\/a> [pdf] el D\u00eda de las Elecciones<\/li>\n<\/ul>\n<\/li>\n<li>Vote en una\u00a0<a href=\"https:\/\/ca.omniballot.us\/sites\/06071\/SanBernardino_RAVBM\/app\/home\" target=\"_blank\" rel=\"noopener\">Boleta de Voto por Correo de Accesibilidad Remota<\/a> con su computadora e impresora para:\n<ul>\n<li>Marcar su\u00a0boleta<\/li>\n<li>Imprimir la boleta con su voto<\/li>\n<li>Colocar la boleta con su voto en su Sobre de Devoluci\u00f3n de la Boleta por Correo o en\u00a0su propio\u00a0sobre con las etiquetas de correo pegadas<\/li>\n<li>Firmar y poner la fecha en su sobre<\/li>\n<li>Devolver su boleta por correo o en una <a href=\"https:\/\/uploads.rov.sbcounty.gov\/rov\/es\/News\/2026\/0324\/PublicNotice_PollingPlaceCentralCount.pdf\">Casilla Electoral<\/a> [pdf], <a href=\"https:\/\/elections.sbcounty.gov\/es\/voting\/early\/\">Casilla para Voto Anticipado<\/a> o <a href=\"https:\/\/uploads.rov.sbcounty.gov\/ROV\/es\/News\/2026\/0324\/PublicNotice_MailBallot_DropOffLocations.pdf\">Lugar para Depositar las Boletas por Correo<\/a> [pdf].<\/li>\n<\/ul>\n<\/li>\n<\/ul>\n<p><strong>Votantes con discapacidad:<\/strong><\/p>\n<p>Los votantes con discapacidad pueden votar de manera independiente:<\/p>\n<ul>\n<li>Vote en una\u00a0<a href=\"https:\/\/ca.omniballot.us\/sites\/06071\/SanBernardino_RAVBM\/app\/home\" target=\"_blank\" rel=\"noopener\">Boleta de Voto por Correo de Accesibilidad Remota<\/a>, use su computadora para marcar una boleta accessible<\/li>\n<li>Use un Dispositivo de Marcado de Boletas que incluyen opciones de audio y letra grande, votantes pueden marcar e imprimir su boleta.<\/li>\n<\/ul>\n<p>Visite nuestra p\u00e1gina de\u00a0<a href=\"https:\/\/elections.sbcounty.gov\/es\/voting\/\">Opciones de Voto<\/a> para obtener la informaci\u00f3n completa y las instrucciones.<\/p>\n<p><strong>Votantes Militares y en el Extranjero:<\/strong><\/p>\n<p>Los ciudadanos Uniformados y en el Extranjero pueden obtener una\u00a0<a href=\"https:\/\/ca.omniballot.us\/sites\/06071\/SanBernardino_VIG\/app\/home\" target=\"_blank\" rel=\"noopener\">Gu\u00eda de Informaci\u00f3n para el Votante<\/a> as\u00ed como una <a href=\"https:\/\/ca.omniballot.us\/sites\/06071\/SanBernardino_UOCAVA\/app\/home\">Boleta<\/a> para estas elecciones. Para obtener la informaci\u00f3n completa, visite el sitio web para los <a href=\"https:\/\/www.sos.ca.gov\/elections\/voter-registration\/military-overseas-voters\">Votantes Militares y en el Extranjero<\/a>\u00a0de la Secretaria de Estado.<\/p>\n<\/div>\n\n  <\/section>\n\n\t\n\n  <section data-isd-block-id=\"rov-content-blockblock_8548ca5544cb171e4aada9df28ef2d0c\"\n\t\t\t\t\t\t\t\t\t\t \t\t\t\t\t\t\t\t\t\t\t class=\"card-style main-content-wrapper rov-card-style mb-4\">\n\n\t<h2 class=\"block-subtitle blue\">Registro de Votantes<\/h2>\n\n\t<div class=\"ctnr-block-content\"><p>Su solicitud de registro de votante debe tener sello postal con fecha antes del\u00a09 de marzo de 2026, para la Elecci\u00f3n Especial de la Ciudad de Ontario.<\/p>\n<p><strong>Si ya pas\u00f3 la fecha l\u00edmite de registro de votantes<\/strong>,\u00a0a\u00fan puede registrarse y votar personalmente en la oficina del Registro de Votantes, o\u00a0en una casilla para Voto Anticipado el D\u00eda de las Elecciones o antes de esta fecha,\u00a0o en una casilla electoral el D\u00eda de las Elecciones.<\/p>\n<ul>\n<li>Consulte la\u00a0p\u00e1gina de <a href=\"https:\/\/elections.sbcounty.gov\/es\/voting\/early\/\">Voto Anticipado<\/a> para conocer las ubicaciones, fechas y horarios de las casillas para Voto Anticipado de estas elecciones.<\/li>\n<li>Utilice la herramienta de <a href=\"https:\/\/elections.sbcounty.gov\/es\/voting\/ppl\/2026\/0324\/\">B\u00fasqueda de Casillas Electorales<\/a> para encontrar su casilla electoral<\/li>\n<li>Consulte la\u00a0<a href=\"https:\/\/uploads.rov.sbcounty.gov\/ROV\/es\/News\/2026\/0324\/PublicNotice_PollingPlaceCentralCount.pdf\" target=\"_blank\" rel=\"noopener\">Lista de Casillas Electorales<\/a> [pdf] para encontrar todas las ubicaciones.<\/li>\n<li>Visite nuestra p\u00e1gina del\u00a0<a href=\"https:\/\/elections.sbcounty.gov\/es\/voterregistration\/\">Registro de Votantes<\/a>\u00a0para obtener la informaci\u00f3n completa y las instrucciones sobre el registro para votar.<\/li>\n<\/ul>\n<p>Consulte el\u00a0<a href=\"https:\/\/uploads.rov.sbcounty.gov\/ROV\/Elections\/2026\/0324\/Report_CloseOfRegistration.pdf\">Registro de Votantes Calificados<\/a> [pdf] para estas elecciones.<\/p>\n<p>Hasta el cierre de las casillas a las 8 p.m. el D\u00eda de las Elecciones, todos los votantes a\u00fan pueden actualizar su domicilio residencial o partido pol\u00edtico de preferencia.<\/p>\n<ul>\n<li>Para obtener m\u00e1s informaci\u00f3n, vea las\u00a0<a href=\"https:\/\/elections.sbcounty.gov\/es\/VoterRegistration\/How\/#AfterCOR\">instrucciones y un formulario de cambio de direcci\u00f3n<\/a>.<\/li>\n<\/ul>\n<\/div>\n\n  <\/section>\n\n\t\n\n  <section data-isd-block-id=\"rov-content-blockblock_d5d5f1b06f6a41a624255924429619c9\"\n\t\t\t\t\t\t\t\t\t\t \t\t\t\t\t\t\t\t\t\t\t class=\"card-style main-content-wrapper rov-card-style mb-4\">\n\n\t<h2 class=\"block-subtitle blue\">Boletas de Muestra Traducidas<\/h2>\n\n\t<div class=\"ctnr-block-content\"><p>Solicite que se le envi\u00e9 por correo una boleta de muestra traducida [pr\u00f3ximamente disponible] para el 24 de marzo de 2026, Elecci\u00f3n Especial de la Ciudad de Ontario:<\/p>\n<ul>\n<li><a href=\"https:\/\/uploads.rov.sbcounty.gov\/ROV\/Elections\/2026\/0324\/Form_TranslatedBallotRequest_CH.pdf\" target=\"_blank\" rel=\"noopener\">\u7d22\u53d6\u7ffb\u8b6f\u6210\u7e41\u9ad4\u4e2d\u6587\u7684\u9078\u7968\u6a23\u672c<\/a><\/li>\n<li><a href=\"https:\/\/uploads.rov.sbcounty.gov\/ROV\/Elections\/2026\/0324\/Form_TranslatedBallotRequest_TA.pdf\" target=\"_blank\" rel=\"noopener\">Kahilingan para sa Nakasaling Halimbawang Balota na nasa Tagalog<\/a><\/li>\n<li><a href=\"https:\/\/uploads.rov.sbcounty.gov\/ROV\/Elections\/2026\/0324\/Form_TranslatedBallotRequest_VI.pdf\" target=\"_blank\" rel=\"noopener\">Y\u00eau C\u1ea7u L\u00e1 Phi\u1ebfu M\u1eabu \u0110\u01b0\u1ee3c D\u1ecbch sang Ti\u1ebfng Vi\u1ec7t<\/a><\/li>\n<\/ul>\n<p>Consulte las boletas de muestra traducidas para el 24 de marzo de 2026, Elecci\u00f3n Especial de la Ciudad de Ontario:<\/p>\n<ul>\n<li><a href=\"https:\/\/uploads.rov.sbcounty.gov\/ROV\/Elections\/2026\/0324\/Ballot-AllContests_CH.pdf\" target=\"_blank\" rel=\"noopener\">\u70ba\u5e6b\u52a9\u9078\u6c11\u4f7f\u7528\u5b98\u65b9\u9078\u7968\u9032\u884c\u6295\u7968\uff0c\u9019\u4efd\u8aaa\u660e\u5305\u542b\u4e2d\u6587\u7248\u7684\u9078\u7968\u6a23\u672c<\/a>\u3002<\/li>\n<li><a href=\"https:\/\/uploads.rov.sbcounty.gov\/ROV\/Elections\/2026\/0324\/Ballot-AllContests_TA.pdf\" target=\"_blank\" rel=\"noopener\">Para matulungan ang mga botante sa pagboto sa Opisyal na Balota, naglalaman ang gabay na ito ng mga pahina ng sample na balota na nakasalin sa Tagalog<\/a>.<\/li>\n<li><a href=\"https:\/\/uploads.rov.sbcounty.gov\/ROV\/Elections\/2026\/0324\/Ballot-AllContests_VI.pdf\" target=\"_blank\" rel=\"noopener\">\u0110\u1ec3 h\u1ed7 tr\u1ee3 c\u00e1c c\u1eed tri trong vi\u1ec7c b\u1ea7u L\u00e1 Phi\u1ebfu Ch\u00ednh Th\u1ee9c, h\u01b0\u1edbng d\u1eabn n\u00e0y bao g\u1ed3m c\u00e1c trang l\u00e1 phi\u1ebfu m\u1eabu \u0111\u01b0\u1ee3c d\u1ecbch sang ti\u1ebfng Vi\u1ec7t<\/a>.<\/li>\n<\/ul>\n<\/div>\n\n  <\/section>\n\n\t\n\n  <section data-isd-block-id=\"rov-content-blockblock_23d848b7f44be076e56feebe1d3610fd\"\n\t\t\t\t\t\t\t\t\t\t \t\t\t\t\t\t\t\t\t\t\t class=\"card-style main-content-wrapper rov-card-style mb-4\">\n\n\t<h2 class=\"block-subtitle blue\">Medidas en la Boleta<\/h2>\n\n\t<div class=\"ctnr-block-content\"><ul>\n<li>Consulte las\u00a0<a href=\"https:\/\/elections.sbcounty.gov\/es\/elections\/2026\/0324\/measures\/\">Medidas Locales<\/a> en la boleta del 24 de marzo de 2026, Elecci\u00f3n Especial de la Ciudad de Ontario.<\/li>\n<li>El requisito de voto para las medidas locales se puede encontrar en la P\u00e1gina de\u00a0<a href=\"https:\/\/elections.sbcounty.gov\/es\/elections\/2026\/0324\/measures\/\">Medidas Locales<\/a>.<\/li>\n<\/ul>\n<\/div>\n\n  <\/section>\n\n\t\n\n  <section data-isd-block-id=\"rov-content-blockblock_79d2ebe477107083e28c001521f3e420\"\n\t\t\t\t\t\t\t\t\t\t \t\t\t\t\t\t\t\t\t\t\t class=\"card-style main-content-wrapper rov-card-style mb-4\">\n\n\t<h2 class=\"block-subtitle blue\">C\u00f3mo Se Resuelven Firmas no Firmadas, las Firmas que No Coinciden, para las Boletas por Correo y Boletas Provisionales<\/h2>\n\n\t<div class=\"ctnr-block-content\"><p>Cuando el Registro de Votantes recibe una boleta de voto por correo o una boleta provisional sin la firma del votante en el sobre de identificaci\u00f3n o no puede cotejar la firma del votante en el sobre de devoluci\u00f3n con la firma que aparece en su registro de votante, el Registro de Votantes no puede contar esa boleta. Sin embargo, la ley de California permite a los votantes otra oportunidad para corregir su boleta por correo o boleta provisional hasta dos d\u00edas antes de que se certifiquen los resultados de las elecciones. A estos votantes se les notifica por correo que pueden:<\/p>\n<ul>\n<li>Ir al Registro de Votantes para firmar personalmente el sobre de identificaci\u00f3n de la boleta por correo o la boleta provisional, o firmar la Verificaci\u00f3n de Firma y Declaraci\u00f3n del Sobre de Identificaci\u00f3n Sin firmar;<\/li>\n<li>Completar y devolver una Verificaci\u00f3n de Firma y Declaraci\u00f3n del Sobre de Identificaci\u00f3n Sin Firma<\/li>\n<li>Solucionar la firma <a href=\"https:\/\/ca.omniballot.us\/sites\/06071\/SanBernardino_CURE\/app\/home\" target=\"_blank\" rel=\"noopener\">en\u00a0l\u00ednea<\/a> de su sobre de identificaci\u00f3n en su boleta.<\/li>\n<\/ul>\n<p>Si recibe una carta del Registro de Votantes que indica que su firma en su sobre de devoluci\u00f3n de la boleta por correo o boleta provisional no estaba firmada o no coincide con su firma registrada, complete y devuelva inmediatamente una Verificaci\u00f3n de Firma y Declaraci\u00f3n del Sobre de Identificaci\u00f3n Sin firmar.<\/p>\n<p><em>Para las boletas por correo:<\/em><\/p>\n<ul>\n<li><a href=\"https:\/\/uploads.rov.sbcounty.gov\/ROV\/es\/elections\/2026\/0324\/Form_UBS-SVS-MB.pdf\">Verificaci\u00f3n de Firma y Declaraci\u00f3n del Sobre de Identificaci\u00f3n Sin firmar<\/a>\u00a0[pdf]<\/li>\n<\/ul>\n<p><em>Para las boletas provisionales:<\/em><\/p>\n<ul>\n<li><a href=\"https:\/\/uploads.rov.sbcounty.gov\/ROV\/es\/elections\/2026\/0324\/Form_UBS-SVS-Provisional.pdf\" target=\"_blank\" rel=\"noopener\">Verificaci\u00f3n de Firma y Declaraci\u00f3n del Sobre de Identificaci\u00f3n Sin firmar<\/a> [pdf]<\/li>\n<\/ul>\n<\/div>\n\n  <\/section>\n\n\t\n\n  <section data-isd-block-id=\"rov-content-blockblock_2423ae8da0a4ff195b1fc85a0ec65c3a\"\n\t\t\t\t\t\t\t\t\t\t \t\t\t\t\t\t\t\t\t\t\t class=\"card-style main-content-wrapper rov-card-style mb-4\">\n\n\t<h2 class=\"block-subtitle blue\">Estad\u00edsticas de Devoluci\u00f3n de Boletas por Correo<\/h2>\n\n\t<div class=\"ctnr-block-content\"><p>El Informe de Estad\u00edsticas de Devoluci\u00f3n de Boletas por Correo muestra el n\u00famero de boletas por correo que se han emitido y devuelto en las elecciones, as\u00ed como las estad\u00edsticas hist\u00f3ricas de las elecciones anteriores. Los datos presentados en este informe se actualizan diariamente y pueden fluctuar a medida que se reciban solicitudes de registro de votantes adicionales y se procesen las boletas con voto.<\/p>\n<ul>\n<li>Consulte el\u00a0<a href=\"https:\/\/uploads.rov.sbcounty.gov\/ROV\/es\/Elections\/2026\/0324\/Report_MailBallotStats.pdf\" target=\"_blank\" rel=\"noopener\">Informe de Estad\u00edsticas de Devoluci\u00f3n de Boletas por Correo<\/a> [pdf] de estas elecciones.<\/li>\n<\/ul>\n<\/div>\n\n  <\/section>\n\n\t\n\n  <section data-isd-block-id=\"rov-content-blockblock_adc8e422c083b41d5973208423a2df5e\"\n\t\t\t\t\t\t\t\t\t\t \t\t\t\t\t\t\t\t\t\t\t class=\"card-style main-content-wrapper rov-card-style mb-4\">\n\n\t<h2 class=\"block-subtitle blue\">Resultados de las Elecciones<\/h2>\n\n\t<div class=\"ctnr-block-content\"><ul>\n<li><a href=\"https:\/\/results.rov.sbcounty.gov\/Results\/20260324\/\">Resultados de la Elecci\u00f3n No Oficiales<\/a>\n<ul>\n<li>La \u00fanica boletas que quedan por contar son las boletas por correo que requieren que el votante verifique o proporcione su firma. De acuerdo con la secci\u00f3n 15306(b) del C\u00f3digo Electoral, la pr\u00f3xima actualizaci\u00f3n de resultados se publicar\u00e1 antes de las 5 p.m. del 15 de abril de 2026. En ese momento, el escrutinio estar\u00e1 completo y la elecci\u00f3n ser\u00e1 certificada.<\/li>\n<\/ul>\n<\/li>\n<li><a href=\"https:\/\/elections.sbcounty.gov\/es\/elections\/2026\/0324\/resultschedule\/\">Calendario de Publicaci\u00f3n de los Resultados de las Elecciones<\/a><\/li>\n<li><a href=\"https:\/\/elections.sbcounty.gov\/es\/elections\/2026\/0324\/resultexplanation\/\">Explicaci\u00f3n de los Resultados de la Noche de las Elecciones<\/a><\/li>\n<\/ul>\n<\/div>\n\n  <\/section>\n\n\t\n\n  <section data-isd-block-id=\"rov-content-blockblock_5fc5d059a46ba20af54dbc99e95a71ea\"\n\t\t\t\t\t\t\t\t\t\t \t\t\t\t\t\t\t\t\t\t\t\tid=\"ToProcess\"\n\t\t\t\t\t\t\t\t\t\t\t\t\t\t\t   \t\t\t\t\t\t\t\t\t\t\t class=\"card-style main-content-wrapper rov-card-style mb-4\">\n\n\t<h2 class=\"block-subtitle blue\">Informe Estimado de Boletas Sin Procesar<\/h2>\n\n\t<div class=\"ctnr-block-content\"><p><strong>Informe estimado de boletas sin procesar \u200b\u200bal 31 de marzo de 2026 a las 2:30 p.m.<\/strong><\/p>\n<table>\n<tbody>\n<tr>\n<td width=\"650\">1. N\u00famero total acumulado de boletas procesadas (incluye boletas tabuladas la noche de las elecci\u00f3nes)<\/td>\n<td style=\"text-align: right\" width=\"90\">13,068<\/td>\n<\/tr>\n<tr>\n<td width=\"650\">2. N\u00famero de boletas tabuladas desde el \u00faltimo informe<\/td>\n<td style=\"text-align: right\" width=\"90\">9<\/td>\n<\/tr>\n<\/tbody>\n<\/table>\n<p>&nbsp;<\/p>\n<p><strong>N\u00famero estimado de boletas sin procesar en las siguientes categor\u00edas:\u00a0 <\/strong><\/p>\n<table>\n<tbody>\n<tr>\n<td width=\"650\">3. Boletas emitidas en un centro de votaci\u00f3n (incluye boletas emitidas durante la votaci\u00f3n anticipada y el D\u00eda de las Elecci\u00f3nes)<\/td>\n<td style=\"text-align: right\" width=\"90\">0<\/td>\n<\/tr>\n<tr>\n<td width=\"650\">4. Boletas de voto por correo recibidas en o antes del D\u00eda de las Elecci\u00f3nes<\/td>\n<td style=\"text-align: right\" width=\"90\">0<\/td>\n<\/tr>\n<tr>\n<td width=\"650\">5. Boletas de voto por correo recibidas despu\u00e9s del D\u00eda de las Elecci\u00f3nes hasta el E+7<\/td>\n<td style=\"text-align: right\" width=\"90\">0<\/td>\n<\/tr>\n<tr>\n<td width=\"650\">6. Boletas remitidas por otros condados<\/td>\n<td style=\"text-align: right\" width=\"90\">0<\/td>\n<\/tr>\n<tr>\n<td width=\"650\">7. Boletas provisionales<\/td>\n<td style=\"text-align: right\" width=\"90\">0<\/td>\n<\/tr>\n<tr>\n<td width=\"650\">8. Boletas provisionales de registro condicional de votantes (CVR)<\/td>\n<td style=\"text-align: right\" width=\"90\">0<\/td>\n<\/tr>\n<tr>\n<td width=\"650\">9. Otras (incluye boletas sin procesar que est\u00e1n da\u00f1adas, deben rehacerse o requieren revisi\u00f3n adicional)<\/td>\n<td style=\"text-align: right\" width=\"90\">0<\/td>\n<\/tr>\n<tr>\n<td width=\"650\">10. N\u00daMERO TOTAL ESTIMADO DE BOLETAS SIN PROCESAR (total incluye #3-9)<\/td>\n<td style=\"text-align: right\" width=\"90\">0<\/td>\n<\/tr>\n<tr>\n<td width=\"650\">11. Boletas pendientes de verificaci\u00f3n (firmas no comparables en el sobre de identificaci\u00f3n o sobre de identificaci\u00f3n sin firmar)<\/td>\n<td style=\"text-align: right\" width=\"90\">157<\/td>\n<\/tr>\n<\/tbody>\n<\/table>\n<p>&nbsp;<\/p>\n<p><strong>Se espera que los resultados de la pr\u00f3xima votaci\u00f3n se publiquen el 15 de abril de 2026 a las 5 p.m.<\/strong><\/p>\n<\/div>\n\n  <\/section>\n\n\t","protected":false},"excerpt":{"rendered":"<p>Fechas Clave y Fechas L\u00edmite Date Action 17\u00a0de febrero de 2026 Se entregan las Gu\u00edas de Informaci\u00f3n para el Votante del Condado a la Oficina Postal de EE. UU. 23\u00a0de febrero de 2026 Comienza el voto anticipado 23\u00a0de febrero de 2026 Se entregan las Boletas por Correo a la Oficina<span class=\"ellipsis\">&#8230;<\/span><\/p>\n","protected":false},"author":71,"featured_media":37382,"parent":92047,"menu_order":0,"comment_status":"closed","ping_status":"closed","template":"templates\/rov-left-sidebar-template.php","meta":{"_acf_changed":false,"footnotes":""},"class_list":["post-92306","page","type-page","status-publish","has-post-thumbnail","hentry"],"acf":[],"_links":{"self":[{"href":"https:\/\/elections.sbcounty.gov\/es\/wp-json\/wp\/v2\/pages\/92306","targetHints":{"allow":["GET"]}}],"collection":[{"href":"https:\/\/elections.sbcounty.gov\/es\/wp-json\/wp\/v2\/pages"}],"about":[{"href":"https:\/\/elections.sbcounty.gov\/es\/wp-json\/wp\/v2\/types\/page"}],"author":[{"embeddable":true,"href":"https:\/\/elections.sbcounty.gov\/es\/wp-json\/wp\/v2\/users\/71"}],"replies":[{"embeddable":true,"href":"https:\/\/elections.sbcounty.gov\/es\/wp-json\/wp\/v2\/comments?post=92306"}],"version-history":[{"count":61,"href":"https:\/\/elections.sbcounty.gov\/es\/wp-json\/wp\/v2\/pages\/92306\/revisions"}],"predecessor-version":[{"id":93920,"href":"https:\/\/elections.sbcounty.gov\/es\/wp-json\/wp\/v2\/pages\/92306\/revisions\/93920"}],"up":[{"embeddable":true,"href":"https:\/\/elections.sbcounty.gov\/es\/wp-json\/wp\/v2\/pages\/92047"}],"wp:featuredmedia":[{"embeddable":true,"href":"https:\/\/elections.sbcounty.gov\/es\/wp-json\/wp\/v2\/media\/37382"}],"wp:attachment":[{"href":"https:\/\/elections.sbcounty.gov\/es\/wp-json\/wp\/v2\/media?parent=92306"}],"curies":[{"name":"wp","href":"https:\/\/api.w.org\/{rel}","templated":true}]}}