{"id":92218,"date":"2025-12-11T17:20:07","date_gmt":"2025-12-12T01:20:07","guid":{"rendered":"https:\/\/elections.sbcounty.gov\/es\/?page_id=92218"},"modified":"2025-12-11T17:20:38","modified_gmt":"2025-12-12T01:20:38","slug":"2025","status":"publish","type":"page","link":"https:\/\/elections.sbcounty.gov\/es\/news\/2025\/","title":{"rendered":"Comunicados de Prensa y Avisos P\u00fablicos Archivados\u00a0de 2025"},"content":{"rendered":"  <section data-isd-block-id=\"rov-content-blockblock_0454494da5ab399cd50c58be2a626431\"\n\t\t\t\t\t\t\t\t\t\t \t\t\t\t\t\t\t\t\t\t\t class=\"card-style main-content-wrapper rov-card-style mb-4\">\n\n\t<h2 class=\"block-subtitle blue\">Elecci\u00f3n Especial Estatal \u2013 5 de noviembre de 2025<\/h2>\n\n\t<div class=\"ctnr-block-content\"><p>04-12-2025\u00a0 <a href=\"https:\/\/uploads.rov.sbcounty.gov\/ROV\/es\/News\/2025\/1104\/Certification_PostL&amp;ATest.pdf\" target=\"_blank\" rel=\"noopener\">Aviso P\u00fablico \u2013 Certificaci\u00f3n por parte de la Junta de L\u00f3gica y Precisi\u00f3n Posterior<\/a><\/p>\n<p>26-11-2025\u00a0 <a href=\"https:\/\/uploads.rov.sbcounty.gov\/rov\/News\/2025\/1104\/Report_PollWorkersWorked.pdf\" target=\"_blank\" rel=\"noopener\">Aviso P\u00fablico \u2013 Trabajadores de Casillas Electorales que Trabajaron<\/a><\/p>\n<p>12-11-2025\u00a0 <a href=\"https:\/\/uploads.rov.sbcounty.gov\/rov\/News\/2025\/1104\/PublicNotice_RandomSelectionOfMailBallotBatches.pdf\" target=\"_blank\" rel=\"noopener\">Aviso P\u00fablico \u2013 Selecci\u00f3n Aleatoria de Lotes de las Boletas de Voto por Correo para el Proceso de Recuento Manual del 1%<\/a><\/p>\n<p>06-11-2025\u00a0 <a href=\"https:\/\/uploads.rov.sbcounty.gov\/ROV\/News\/2025\/1104\/PublicNotice_RandomSelectionOfPrecincts.pdf\" target=\"_blank\" rel=\"noopener\">Aviso P\u00fablico \u2013 Selecci\u00f3n Aleatoria de Distritos Electorales para el Proceso de Recuento Manual del 1%<\/a><\/p>\n<p>25-10-2025\u00a0 <a href=\"https:\/\/uploads.rov.sbcounty.gov\/ROV\/es\/News\/2025\/1104\/PressRelease_AdditionalEarlyVoteSites.pdf\" target=\"_blank\" rel=\"noopener\">Comunicado de Prensa &#8211; Lugares adicionales de votaci\u00f3n anticipada para la Elecci\u00f3n Especial Estatal de 2025<\/a><\/p>\n<p>22-10-2025\u00a0 <a href=\"https:\/\/uploads.rov.sbcounty.gov\/rov\/es\/News\/2025\/1104\/Report_PollWorkersAssigned.pdf\" target=\"_blank\" rel=\"noopener\">Aviso P\u00fablico \u2013 Trabajadores de Casillas Electorales Asignados<\/a><\/p>\n<p>06-10-2025\u00a0 <a href=\"https:\/\/uploads.rov.sbcounty.gov\/ROV\/es\/News\/2025\/1104\/PublicNotice_MailBallot_DropOffLocations.pdf\" target=\"_blank\" rel=\"noopener\">Aviso P\u00fablico \u2013 Lugares para Depositar las Boletas por Correo<\/a><\/p>\n<p>02-10-2025\u00a0 <a href=\"https:\/\/uploads.rov.sbcounty.gov\/rov\/News\/2025\/1104\/Certification_L&amp;ATest.pdf\" target=\"_blank\" rel=\"noopener\">Certificaci\u00f3n por parte de la Junta de L\u00f3gica y Precisi\u00f3n<\/a><\/p>\n<p>06-10-2025\u00a0 <a href=\"https:\/\/uploads.rov.sbcounty.gov\/ROV\/es\/News\/2025\/1104\/PublicNotice_ObservationSchedule.pdf\" target=\"_blank\" rel=\"noopener\">Aviso P\u00fablico \u2013 Calendario de Observaci\u00f3n<\/a><\/p>\n<p>30-09-2025\u00a0 <a href=\"https:\/\/uploads.rov.sbcounty.gov\/rov\/es\/News\/2025\/1104\/PublicNotice_PollingPlaceCentralCount.pdf\" target=\"_blank\" rel=\"noopener\">Aviso P\u00fablico \u2013 Aviso sobre las Casillas Electorales y el Lugar de Conteo Central<\/a><\/p>\n<p>21-08-2025\u00a0 <a href=\"https:\/\/elections.cdn.sos.ca.gov\/statewide-elections\/2025-special\/sb280-chapter97.pdf\" target=\"_blank\" rel=\"noopener\"><span id=\"tgtAlignment_0\" class=\"ts-alignment-element-highlighted\" data-is-focusable=\"true\">Legislaci\u00f3n<\/span> <span id=\"tgtAlignment_1\" class=\"ts-alignment-element\" data-is-focusable=\"true\">que<\/span> P<span id=\"tgtAlignment_2\" class=\"ts-alignment-element\" data-is-focusable=\"true\">ide<\/span> <span id=\"tgtAlignment_3\" class=\"ts-alignment-element\" data-is-focusable=\"true\">la<\/span> Elecci\u00f3n Especial Estatal<\/a><\/p>\n<\/div>\n\n  <\/section>\n\n\t\n\n  <section data-isd-block-id=\"rov-content-blockblock_e8224a5f2a770af85a12faa3db3b3241\"\n\t\t\t\t\t\t\t\t\t\t \t\t\t\t\t\t\t\t\t\t\t class=\"card-style main-content-wrapper rov-card-style mb-4\">\n\n\t<h2 class=\"block-subtitle blue\"> Elecciones con Boletas por Correo del Distrito de Servicios Comunitarios de Baker \u2013 26 de agosto de 2025<\/h2>\n\n\t<div class=\"ctnr-block-content\"><p>06-06-2025\u00a0 <a href=\"https:\/\/uploads.rov.sbcounty.gov\/ROV\/es\/News\/2025\/0826\/PublicNotice_AppointmentsInLieu.pdf\" target=\"_blank\" rel=\"noopener\">Aviso P\u00fablico \u2013 Designaciones en Lugar de Elecciones<\/a><\/p>\n<p>02-05-2025\u00a0 <a href=\"https:\/\/uploads.rov.sbcounty.gov\/ROV\/es\/News\/2025\/0826\/PressRelease_CandidateFilingBegins.pdf\" target=\"_blank\" rel=\"noopener\">Comunicado de Prensa \u2013 Comienza la Presentaci\u00f3n de Candidatos el 5 de mayo para el Distrito de Servicios Comunitarios de Baker<\/a><\/p>\n<\/div>\n\n  <\/section>\n\n\t\n\n  <section data-isd-block-id=\"rov-content-blockblock_e2f52221997212569f10f5600cd25db2\"\n\t\t\t\t\t\t\t\t\t\t \t\t\t\t\t\t\t\t\t\t\t class=\"card-style main-content-wrapper rov-card-style mb-4\">\n\n\t<h2 class=\"block-subtitle blue\">Elecciones Especiales del Distrito de Cuidados de la Salud Comunitarios Bear Valley \u2013 24 de junio de 2025<\/h2>\n\n\t<div class=\"ctnr-block-content\"><p>14-07-2025\u00a0 <a href=\"https:\/\/uploads.rov.sbcounty.gov\/ROV\/es\/News\/2025\/0624\/Certification_PostL&amp;ATest.pdf\" target=\"_blank\" rel=\"noopener\">Aviso P\u00fablico \u2013 Certificaci\u00f3n por parte de la Junta de L\u00f3gica y Precisi\u00f3n Posterior<\/a><\/p>\n<p>11-07-2025\u00a0 <a href=\"https:\/\/uploads.rov.sbcounty.gov\/ROV\/News\/2025\/0624\/Certification_ElectionResults.pdf\" target=\"_blank\" rel=\"noopener\">Certificaci\u00f3n de los Resultados de las Elecciones<\/a><\/p>\n<p>02-07-2025\u00a0 <a href=\"https:\/\/uploads.rov.sbcounty.gov\/ROV\/es\/News\/2025\/0624\/PublicNotice_RandomSelectionOfMailBallotBatches.pdf\" target=\"_blank\" rel=\"noopener\">Aviso P\u00fablico \u2013 Selecci\u00f3n Aleatoria de Lotes de las Boletas de Voto por Correo para el Proceso de Recuento Manual del 1%<\/a><\/p>\n<p>22-05-2025\u00a0 <a href=\"https:\/\/uploads.rov.sbcounty.gov\/rov\/es\/News\/2025\/0624\/Certification_L&amp;ATest.pdf\" target=\"_blank\" rel=\"noopener\">Aviso P\u00fablico \u2013 Certificaci\u00f3n por parte de la Junta de L\u00f3gica y Precisi\u00f3n<\/a><\/p>\n<p>19-05-2025\u00a0 <a href=\"https:\/\/uploads.rov.sbcounty.gov\/ROV\/es\/News\/2025\/0624\/PublicNotice_ObservationSchedule.pdf\">Aviso P\u00fablico \u2013 Calendario de Observaci\u00f3n<\/a><\/p>\n<p>16-05-2025\u00a0 <a href=\"https:\/\/uploads.rov.sbcounty.gov\/ROV\/es\/News\/2025\/0624\/PublicNotice_MailBallot_DropOffLocations.pdf\" target=\"_blank\" rel=\"noopener\">Aviso P\u00fablico \u2013 Lugares para Depositar las Boletas por Correo<\/a><\/p>\n<p>03-04-2025<strong>\u00a0\u00a0<\/strong><a href=\"https:\/\/uploads.rov.sbcounty.gov\/ROV\/es\/News\/2025\/0624\/PublicNotice_MeasureLetterAssignment.pdf\" target=\"_blank\" rel=\"noopener\">Aviso P\u00fablico \u2013 Asignaci\u00f3n de Letras de Medidas<\/a><\/p>\n<p>31-03-2025<strong>\u00a0\u00a0<\/strong><a href=\"https:\/\/uploads.rov.sbcounty.gov\/ROV\/es\/News\/2025\/0624\/PublicNotice_NoticeOfElection.pdf\" target=\"_blank\" rel=\"noopener\">Aviso P\u00fablico \u2013 Aviso de Elecciones, Distrito de Cuidados de la Salud Comunitarios Bear Valley, Medida U<\/a><\/p>\n<\/div>\n\n  <\/section>\n\n\t","protected":false},"excerpt":{"rendered":"<p>Elecci\u00f3n Especial Estatal \u2013 5 de noviembre de 2025 04-12-2025\u00a0 Aviso P\u00fablico \u2013 Certificaci\u00f3n por parte de la Junta de L\u00f3gica y Precisi\u00f3n Posterior 26-11-2025\u00a0 Aviso P\u00fablico \u2013 Trabajadores de Casillas Electorales que Trabajaron 12-11-2025\u00a0 Aviso P\u00fablico \u2013 Selecci\u00f3n Aleatoria de Lotes de las Boletas de Voto por Correo para<span class=\"ellipsis\">&#8230;<\/span><\/p>\n","protected":false},"author":71,"featured_media":0,"parent":138,"menu_order":0,"comment_status":"closed","ping_status":"closed","template":"templates\/rov-left-sidebar-template.php","meta":{"_acf_changed":false,"footnotes":""},"class_list":["post-92218","page","type-page","status-publish","hentry"],"acf":[],"_links":{"self":[{"href":"https:\/\/elections.sbcounty.gov\/es\/wp-json\/wp\/v2\/pages\/92218","targetHints":{"allow":["GET"]}}],"collection":[{"href":"https:\/\/elections.sbcounty.gov\/es\/wp-json\/wp\/v2\/pages"}],"about":[{"href":"https:\/\/elections.sbcounty.gov\/es\/wp-json\/wp\/v2\/types\/page"}],"author":[{"embeddable":true,"href":"https:\/\/elections.sbcounty.gov\/es\/wp-json\/wp\/v2\/users\/71"}],"replies":[{"embeddable":true,"href":"https:\/\/elections.sbcounty.gov\/es\/wp-json\/wp\/v2\/comments?post=92218"}],"version-history":[{"count":2,"href":"https:\/\/elections.sbcounty.gov\/es\/wp-json\/wp\/v2\/pages\/92218\/revisions"}],"predecessor-version":[{"id":92224,"href":"https:\/\/elections.sbcounty.gov\/es\/wp-json\/wp\/v2\/pages\/92218\/revisions\/92224"}],"up":[{"embeddable":true,"href":"https:\/\/elections.sbcounty.gov\/es\/wp-json\/wp\/v2\/pages\/138"}],"wp:attachment":[{"href":"https:\/\/elections.sbcounty.gov\/es\/wp-json\/wp\/v2\/media?parent=92218"}],"curies":[{"name":"wp","href":"https:\/\/api.w.org\/{rel}","templated":true}]}}