{"id":91622,"date":"2025-10-27T17:19:31","date_gmt":"2025-10-28T00:19:31","guid":{"rendered":"https:\/\/elections.sbcounty.gov\/es\/?page_id=91622"},"modified":"2026-03-20T15:05:18","modified_gmt":"2026-03-20T22:05:18","slug":"resultexplanation","status":"publish","type":"page","link":"https:\/\/elections.sbcounty.gov\/es\/elections\/2025\/1104\/resultexplanation\/","title":{"rendered":"Explicaci\u00f3n de los Resultados de la Noche de las Elecciones"},"content":{"rendered":"  <section data-isd-block-id=\"rov-content-blockblock_04137fb51223032f389844071cbce80a\"\n\t\t\t\t\t\t\t\t\t\t \t\t\t\t\t\t\t\t\t\t\t class=\"card-style main-content-wrapper rov-card-style mb-4\">\n\n\t<h2 class=\"block-subtitle blue\">Explicaci\u00f3n de los Resultados de la Noche de las Elecciones<\/h2>\n\n\t<div class=\"ctnr-block-content\"><p>La Noche de las Elecciones, el Registro de Votantes del Condado de San Bernardino publica los resultados no oficiales de las boletas con voto recibidas de las casillas electorales en todo el Condado y de las boletas de voto por correo recibidas antes del D\u00eda de las Elecciones.<\/p>\n<p>Estos resultados son acumulativos y las actualizaciones se publicar\u00e1n durante toda la noche. Los primeros resultados se publicar\u00e1n a las 8:30\u00a0p.m. la Noche de las Elecciones. Las publicaciones en la Noche de las Elecciones incluyen los resultados de la mayor\u00eda de las boletas de voto por correo recibidas de la Oficina Postal de los EE. UU. antes del D\u00eda de las Elecciones, de los lugares para depositar las boletas antes del D\u00eda de las Elecciones y de las boletas emitidas en las casillas electorales el D\u00eda de las Elecciones.<\/p>\n<p>Los resultados de las boletas emitidas en las casillas electorales el D\u00eda de las Elecciones se suman a las 10 p.m. y cada dos horas de ah\u00ed en adelante. El conteo de las boletas contin\u00faa la Noche de las Elecciones hasta que todas las boletas regulares emitidas en las casillas electorales se hayan contado. Aunque el conteo de boletas pueda haberse completado por la noche, el Registro de Votantes seguir\u00e1 procesando y contando las boletas adicionales en las semanas posteriores a las elecciones. El n\u00famero estimado de boletas que quedan por procesar se proporciona al p\u00fablico por primera vez el jueves 6 de noviembre y luego con cada publicaci\u00f3n posterior de resultados hasta que se publiquen los Resultados Electorales Finales Certificados.<\/p>\n<p>Las boletas restantes que quedar\u00e1n por procesar incluyen las boletas da\u00f1adas, boletas contadas a trav\u00e9s de los esc\u00e1neres de boletas de alta velocidad y que requieren revisi\u00f3n adicional, las boletas de voto por correo recibidas el D\u00eda de las Elecciones, las boletas con matasellos del D\u00eda de las Elecciones y recibidas en un plazo de siete d\u00edas despu\u00e9s del D\u00eda de las Elecciones, las boletas de voto por correo que requieren una revisi\u00f3n adicional de la firma, las boletas provisionales, y las boletas provisionales de votantes con registro provisional.<\/p>\n<p>La Noche de las Elecciones, las boletas se escanean mediante esc\u00e1neres de boletas de alta velocidad. Para producir los resultados de la noche de las elecciones de manera eficiente, los votos en un espacio para las opciones por escrito no se revisar\u00e1n en la noche de las elecciones. Estos votos se cuentan como Opciones por Escrito No Resueltas. El recuento de las Opciones por Escrito No Resueltas puede incluir:<\/p>\n<ul>\n<li>Votos para candidatos calificados cuyos nombres aparecen en la boleta<\/li>\n<li>Votos para candidatos por escrito calificados<\/li>\n<li>Nombres de personas que no presentaron documentos de candidatura<\/li>\n<li>Marcas imprecisas<\/li>\n<\/ul>\n<p>El recuento de las Opciones por Escrito No Resueltas se incluye en el Total de Votos para todos los candidatos en una contienda y afecta el porcentaje no oficial de votos para cada candidato.<\/p>\n<p>A continuaci\u00f3n, se presenta un ejemplo de c\u00f3mo las Opciones por Escrito No Resueltas pueden afectar una contienda:<\/p>\n<p><strong>Senador Estatal del Distrito 22<\/strong><\/p>\n<p>Distritos Electorales Reportados: 160 de 160 (100.00\u00a0%)<\/p>\n<table class=\"results-small-table\">\n<tbody>\n<tr>\n<th><strong>Candidato<\/strong><\/th>\n<th><strong>Boletas de Voto<br \/>\npor Correo<\/strong><\/th>\n<th><strong>Casilla<br \/>\nElectoral<\/strong><\/th>\n<th colspan=\"2\"><strong>Total<\/strong><\/th>\n<\/tr>\n<tr>\n<td>Candidato 1<\/td>\n<td style=\"text-align: center\">100<\/td>\n<td style=\"text-align: center\"><span style=\"background-color: #ffff00\">975<\/span><\/td>\n<td style=\"text-align: center\"><span style=\"background-color: #ffff00\">1075 <\/span><\/td>\n<td style=\"text-align: center\"><span style=\"background-color: #ffff00\">39.1%<\/span><\/td>\n<\/tr>\n<tr>\n<td>Candidato 2<\/td>\n<td style=\"text-align: center\">150<\/td>\n<td style=\"text-align: center\"><span style=\"background-color: #ffff00\">1475<\/span><\/td>\n<td style=\"text-align: center\"><span style=\"background-color: #ffff00\">1625<\/span><\/td>\n<td style=\"text-align: center\"><span style=\"background-color: #ffff00\">59.1%<\/span><\/td>\n<\/tr>\n<tr>\n<td>Total de Votos<\/td>\n<td style=\"text-align: center\">250<\/td>\n<td style=\"text-align: center\"><span style=\"background-color: #ffff00\">2500<\/span><\/td>\n<td style=\"text-align: center\"><span style=\"background-color: #ffff00\">2750<\/span><\/td>\n<td style=\"text-align: center\"><\/td>\n<\/tr>\n<\/tbody>\n<\/table>\n<table class=\"results-small-table\">\n<tbody>\n<tr>\n<th><\/th>\n<th><strong>Boletas de Voto<br \/>\npor Correo<\/strong><\/th>\n<th><strong>Casilla<br \/>\nElectoral<\/strong><\/th>\n<th colspan=\"2\"><strong>Total<\/strong><\/th>\n<\/tr>\n<tr>\n<td style=\"text-align: left\" scope=\"row\">Opciones por Escrito<br \/>\nNo Resueltas<\/td>\n<td style=\"text-align: center\">0<\/td>\n<td style=\"text-align: center\"><span style=\"background-color: #ffff00\">50<\/span><\/td>\n<td style=\"text-align: center\"><span style=\"background-color: #ffff00\">50<\/span><\/td>\n<td><\/td>\n<\/tr>\n<\/tbody>\n<\/table>\n<p>&nbsp;<\/p>\n<p>El porcentaje de los votos por los candidatos no sumar\u00e1 el 100% hasta que todas las Opciones por Escrito No Resueltas se hayan revisado. Las Opciones por Escrito No Resueltas se revisan durante el escrutinio y todos los votos para los candidatos calificados se sumar\u00e1n a los resultados de las elecciones tras completar esta revisi\u00f3n.<\/p>\n<\/div>\n\n  <\/section>\n\n\t\n\n  <section data-isd-block-id=\"rov-content-blockblock_2c484092f8fe9658a04a09006a2fc953\"\n\t\t\t\t\t\t\t\t\t\t \t\t\t\t\t\t\t\t\t\t\t class=\"card-style main-content-wrapper rov-card-style mb-4\">\n\n\t<h2 class=\"block-subtitle blue\">Explicaci\u00f3n del N\u00famero de Distritos Electorales que Reportan<\/h2>\n\n\t<div class=\"ctnr-block-content\"><p>La Noche de las Elecciones, a menudo, el p\u00fablico quiere conocer c\u00f3mo progresa el conteo de boletas y cu\u00e1ndo se completar\u00e1 el conteo. En la p\u00e1gina de los Resultados de las Elecciones, hay algunas estad\u00edsticas que proporcionan al p\u00fablico un estimado aproximado del progreso del conteo de las boletas.<\/p>\n<p>Debajo del t\u00edtulo de una contienda y encima de la lista de candidatos de cada contienda, encontrar\u00e1 el n\u00famero de Distritos Electorales Reportados con respecto al n\u00famero total de Distritos Electorales, seguido de un porcentaje, como se muestra a continuaci\u00f3n:<\/p>\n<p><strong>Senador Estatal del Distrito 22<\/strong><br \/>\n<span class=\"highlight-text\" style=\"color: #000000\"><strong>Distritos Electorales Reportados: 40 de 160 (25%)<\/strong><\/span><\/p>\n<table class=\"results-small-table\">\n<tbody>\n<tr>\n<th><strong>Candidato<\/strong><\/th>\n<th><strong>Boletas de Voto<br \/>\npor Correo<\/strong><\/th>\n<th><strong>Casilla<br \/>\nElectoral<\/strong><\/th>\n<th colspan=\"2\">Total<\/th>\n<\/tr>\n<tr>\n<td>Candidato 1<\/td>\n<td style=\"text-align: center\">100<\/td>\n<td style=\"text-align: center\">350<\/td>\n<td style=\"text-align: center\">450<\/td>\n<td style=\"text-align: center\">36%<\/td>\n<\/tr>\n<tr>\n<td>Candidato 2<\/td>\n<td style=\"text-align: center\">150<\/td>\n<td style=\"text-align: center\">650<\/td>\n<td style=\"text-align: center\">800<\/td>\n<td style=\"text-align: center\">64%<\/td>\n<\/tr>\n<tr>\n<td>Total de Votos<\/td>\n<td style=\"text-align: center\">250<\/td>\n<td style=\"text-align: center\">1000<\/td>\n<td style=\"text-align: center\">1250<\/td>\n<td style=\"text-align: center\">100%<\/td>\n<\/tr>\n<\/tbody>\n<\/table>\n<p>&nbsp;<\/p>\n<p>Estos n\u00fameros representan el n\u00famero total de distritos electorales que reportaron resultados (40), el n\u00famero total de distritos electorales ubicados en la jurisdicci\u00f3n de la contienda en particular (160) y el porcentaje de distritos electorales que reportan resultados (25%).<\/p>\n<p>Conforme se actualiza el conteo de los votos durante la Noche de las Elecciones, el n\u00famero de distritos electorales que reportan y el porcentaje de distritos electorales que reportan aumentar\u00e1n, como se muestra a continuaci\u00f3n:<\/p>\n<p><strong>Senador Estatal del Distrito 22<\/strong><br \/>\n<span class=\"highlight-text\"><strong>Distritos Electorales Reportados: 80 de 160 (50%)<\/strong><\/span><\/p>\n<table class=\"results-small-table\">\n<tbody>\n<tr>\n<th><strong>Candidato<\/strong><\/th>\n<th><strong>Boletas de Voto<br \/>\npor Correo<\/strong><\/th>\n<th><strong>Casilla<br \/>\nElectoral<\/strong><\/th>\n<th colspan=\"2\">Total<\/th>\n<\/tr>\n<tr>\n<td>Candidato 1<\/td>\n<td style=\"text-align: center\">100<\/td>\n<td style=\"text-align: center\">800<\/td>\n<td style=\"text-align: center\">900<\/td>\n<td style=\"text-align: center\">40%<\/td>\n<\/tr>\n<tr>\n<td>Candidato 2<\/td>\n<td style=\"text-align: center\">150<\/td>\n<td style=\"text-align: center\">1200<\/td>\n<td style=\"text-align: center\">1350<\/td>\n<td style=\"text-align: center\">60%<\/td>\n<\/tr>\n<tr>\n<td>Total de Votos<\/td>\n<td style=\"text-align: center\">250<\/td>\n<td style=\"text-align: center\">2000<\/td>\n<td style=\"text-align: center\">2250<\/td>\n<td style=\"text-align: center\">100%<\/td>\n<\/tr>\n<\/tbody>\n<\/table>\n<p>&nbsp;<\/p>\n<p>Cuando se hayan contado todas las boletas de las casillas electorales de todos los distritos electorales en la jurisdicci\u00f3n, a excepci\u00f3n de las boletas da\u00f1adas y las boletas que requieran adjudicaci\u00f3n, las cifras se ver\u00e1n como se muestra continuaci\u00f3n:<\/p>\n<p><strong>Senador Estatal del Distrito 22<\/strong><br \/>\n<span class=\"highlight-text\"><strong>Distritos Electorales Reportados: 160 \/ 160 (100%)<\/strong><\/span><\/p>\n<table class=\"results-small-table\">\n<tbody>\n<tr>\n<th><strong>Candidato<\/strong><\/th>\n<th><strong>Boletas de Voto<br \/>\npor Correo<\/strong><\/th>\n<th><strong>Casilla<br \/>\nElectoral<\/strong><\/th>\n<th colspan=\"2\"><strong> Total<\/strong><\/th>\n<\/tr>\n<tr>\n<td>Candidato 1<\/td>\n<td style=\"text-align: center\">100<\/td>\n<td style=\"text-align: center\">1000<\/td>\n<td style=\"text-align: center\">1100<\/td>\n<td style=\"text-align: center\">40%<\/td>\n<\/tr>\n<tr>\n<td>Candidato 2<\/td>\n<td style=\"text-align: center\">150<\/td>\n<td style=\"text-align: center\">1500<\/td>\n<td style=\"text-align: center\">1650<\/td>\n<td style=\"text-align: center\">60%<\/td>\n<\/tr>\n<tr>\n<td>Total de Votos<\/td>\n<td style=\"text-align: center\">250<\/td>\n<td style=\"text-align: center\">2500<\/td>\n<td style=\"text-align: center\">2750<\/td>\n<td style=\"text-align: center\">100%<\/td>\n<\/tr>\n<\/tbody>\n<\/table>\n<p>&nbsp;<\/p>\n<p>El n\u00famero de distritos electorales que reportan solo proporciona un estimado aproximado del progreso del conteo del total de boletas por un par de razones.<\/p>\n<p>En primer lugar, reporta las boletas emitidas en las casillas electorales el D\u00eda de las Elecciones as\u00ed como las boletas emitidas en los distritos electorales de boletas de voto por correo designadas antes y el D\u00eda de las Elecciones. Sin embargo, no toma en cuenta ninguna boleta de voto por correo emitida en los distritos electorales con una asignaci\u00f3n de casilla electoral.<\/p>\n<p>En segundo lugar, es simplemente un resumen de cu\u00e1ntos distritos electorales contaron sus boletas del D\u00eda de las Elecciones con los esc\u00e1neres de boletas. No toma en cuenta el n\u00famero de boletas en un distrito electoral. \u00a1Algunos distritos electorales tienen cientos de boletas y otros no tienen ninguna! De modo que, no siempre hay una correlaci\u00f3n directa entre el n\u00famero de distritos electorales que reportan y el n\u00famero de boletas contadas.<\/p>\n<p>En los ejemplos anteriores, hubo 250 votos de boletas por correo antes del D\u00eda de las Elecciones.<\/p>\n<p>En el primer reporte que incluye los resultados de las casillas electorales, se contaron 1,000 votos de casillas electorales en el primer 25 por ciento de los distritos electorales que reportaron.<\/p>\n<p>En el siguiente 25% de los distritos electorales que reportaron, se sumaron 1,000 votos de casillas electorales a los resultados para dar un total de 2,000 votos de casillas electorales.<\/p>\n<p>Es posible que espere encontrar 2,000 votos adicionales de casillas electorales en el \u00faltimo 50 por ciento de los distritos electorales que reportan, pero solo 500 votos adicionales de casillas electorales se contaron para dar un total de 2,500 votos de casillas electorales.<\/p>\n<p>La raz\u00f3n es que hay muchos distritos electorales que no tienen ning\u00fan votante. En nuestro programa de software, los distritos electorales con ning\u00fan votante no se reportan hasta que todos los dem\u00e1s distritos electorales hayan reportado sus resultados. As\u00ed que, en la actualizaci\u00f3n final en la Noche de las Elecciones, el porcentaje de distritos electorales que reportan se elevar\u00e1 repentinamente al 100 por ciento, pero puede que no haya un cambio dr\u00e1stico en el conteo de votos.<\/p>\n<p>Para estas elecciones, hay\u00a0<strong>2,018<\/strong>\u00a0distritos electorales. De esos distritos electorales, algunos tienen muy pocos votantes registrados que residen en ellos. De hecho,\u00a0<strong>718<\/strong>\u00a0distritos electorales de los\u00a0<strong>2,018<\/strong>\u00a0distritos electorales de estas elecciones no tienen ning\u00fan votante registrado.<\/p>\n<\/div>\n\n  <\/section>\n\n\t\n\n  <section data-isd-block-id=\"rov-content-blockblock_9e7af81155a41c6005ab41de8c5cfc76\"\n\t\t\t\t\t\t\t\t\t\t \t\t\t\t\t\t\t\t\t\t\t class=\"card-style main-content-wrapper rov-card-style mb-4\">\n\n\t<h2 class=\"block-subtitle blue\">Elecci\u00f3n Especial Estatal de 2025 \u2013 Contiendas y Estad\u00edsticas Correspondientes de los Distritos Electorales<\/h2>\n\n\t<div class=\"ctnr-block-content\"><table>\n<tbody>\n<tr>\n<td style=\"text-align: center\" width=\"192\"><strong>Jurisdicci\u00f3n<\/strong><\/td>\n<td style=\"text-align: center\" width=\"203\"><strong>Cargo<\/strong><\/td>\n<td style=\"text-align: center\" width=\"173\"><strong>Distrito<\/strong><\/td>\n<td style=\"text-align: center\" width=\"96\"><strong>Total de Votantes<\/strong><\/td>\n<td style=\"text-align: center\" width=\"96\"><strong>Total de Distritos Electorales<\/strong><\/td>\n<td style=\"text-align: center\" width=\"153\"><strong>Distritos Electorales sin Votantes<\/strong><\/td>\n<td style=\"text-align: center\" width=\"96\"><strong>Distritos Electorales de Boletas de Voto por Correo<\/strong><\/td>\n<td style=\"text-align: center\" width=\"96\"><strong>Distritos Electorales de Boletas de Voto por Correo sin Votantes<\/strong><\/td>\n<\/tr>\n<tr>\n<td width=\"192\">Condado de San Bernardino<\/td>\n<td width=\"203\">PROPUESTA 50<\/td>\n<td width=\"173\"><\/td>\n<td style=\"text-align: center\" width=\"96\">1,230,572<\/td>\n<td style=\"text-align: center\" width=\"96\">2,018<\/td>\n<td style=\"text-align: center\" width=\"153\">718<\/td>\n<td style=\"text-align: center\" width=\"96\">1,008<\/td>\n<td style=\"text-align: center\" width=\"96\">626<\/td>\n<\/tr>\n<\/tbody>\n<\/table>\n<\/div>\n\n  <\/section>\n\n\t","protected":false},"excerpt":{"rendered":"<p>Explicaci\u00f3n de los Resultados de la Noche de las Elecciones La Noche de las Elecciones, el Registro de Votantes del Condado de San Bernardino publica los resultados no oficiales de las boletas con voto recibidas de las casillas electorales en todo el Condado y de las boletas de voto por<span class=\"ellipsis\">&#8230;<\/span><\/p>\n","protected":false},"author":10,"featured_media":37382,"parent":90398,"menu_order":0,"comment_status":"closed","ping_status":"closed","template":"templates\/rov-full-width-no-title-template.php","meta":{"_acf_changed":false,"footnotes":""},"class_list":["post-91622","page","type-page","status-publish","has-post-thumbnail","hentry"],"acf":[],"_links":{"self":[{"href":"https:\/\/elections.sbcounty.gov\/es\/wp-json\/wp\/v2\/pages\/91622","targetHints":{"allow":["GET"]}}],"collection":[{"href":"https:\/\/elections.sbcounty.gov\/es\/wp-json\/wp\/v2\/pages"}],"about":[{"href":"https:\/\/elections.sbcounty.gov\/es\/wp-json\/wp\/v2\/types\/page"}],"author":[{"embeddable":true,"href":"https:\/\/elections.sbcounty.gov\/es\/wp-json\/wp\/v2\/users\/10"}],"replies":[{"embeddable":true,"href":"https:\/\/elections.sbcounty.gov\/es\/wp-json\/wp\/v2\/comments?post=91622"}],"version-history":[{"count":18,"href":"https:\/\/elections.sbcounty.gov\/es\/wp-json\/wp\/v2\/pages\/91622\/revisions"}],"predecessor-version":[{"id":93650,"href":"https:\/\/elections.sbcounty.gov\/es\/wp-json\/wp\/v2\/pages\/91622\/revisions\/93650"}],"up":[{"embeddable":true,"href":"https:\/\/elections.sbcounty.gov\/es\/wp-json\/wp\/v2\/pages\/90398"}],"wp:featuredmedia":[{"embeddable":true,"href":"https:\/\/elections.sbcounty.gov\/es\/wp-json\/wp\/v2\/media\/37382"}],"wp:attachment":[{"href":"https:\/\/elections.sbcounty.gov\/es\/wp-json\/wp\/v2\/media?parent=91622"}],"curies":[{"name":"wp","href":"https:\/\/api.w.org\/{rel}","templated":true}]}}