{"id":91219,"date":"2025-10-16T18:45:24","date_gmt":"2025-10-17T01:45:24","guid":{"rendered":"https:\/\/elections.sbcounty.gov\/es\/?page_id=91219"},"modified":"2025-12-02T10:00:12","modified_gmt":"2025-12-02T18:00:12","slug":"resultschedule","status":"publish","type":"page","link":"https:\/\/elections.sbcounty.gov\/es\/elections\/2025\/1104\/resultschedule\/","title":{"rendered":"Calendario de Publicaci\u00f3n de los Resultados \u2013 Elecci\u00f3n Especial Estatal del 4 de Noviembre de 2025"},"content":{"rendered":"  <section data-isd-block-id=\"rov-content-blockblock_82330458e1ce360ded8120a5b85c16f2\"\n\t\t\t\t\t\t\t\t\t\t \t\t\t\t\t\t\t\t\t\t\t class=\"card-style main-content-wrapper rov-card-style mb-4\">\n\n\t<h2 class=\"block-subtitle blue\">Calendario de Publicaci\u00f3n de Resultados y Boletas Pendientes de Procesar \u2013 4 de noviembre de 2025, Elecci\u00f3n Especial Estatal<\/h2>\n\n\t<div class=\"ctnr-block-content\"><p><strong>Martes, 4 de noviembre de 2025<\/strong><\/p>\n<ul>\n<li>8:25 p.m. \u2013 Primera publicaci\u00f3n de los Resultados No Oficiales de la Noche de las Elecciones<\/li>\n<li>10 p.m. \u2013 Publicaci\u00f3n de los Resultados No Oficiales de la Noche de las Elecciones<\/li>\n<\/ul>\n<p><strong>Mi\u00e9rcoles, 5 de noviembre de 2025<\/strong><\/p>\n<ul>\n<li>12 a.m. \u2013 Publicaci\u00f3n de los Resultados No Oficiales de la Noche de las Elecciones<\/li>\n<li>1:10 a.m. \u2013 Publicaci\u00f3n de los Resultados Finales No Oficiales de la Noche de las Elecciones<\/li>\n<\/ul>\n<p><strong>Jueves, 6 de noviembre de 2025, a 3:15 p.m. publicaci\u00f3n de los Resultados No Oficiales de las Elecciones<\/strong><\/p>\n<p><strong>Viernes, 7 de noviembre de 2025, a 4 p.m. publicaci\u00f3n de los Resultados No Oficiales de las Elecciones<\/strong><\/p>\n<p><strong>S\u00e1bado, 8 de noviembre de 2025, a 12:30 p.m. publicaci\u00f3n de los Resultados de la Elecci\u00f3n No Oficiales<\/strong><\/p>\n<p><strong>Lunes, 10 de noviembre de 2025, a 4 p.m. publicaci\u00f3n de los Resultados de la Elecci\u00f3n No Oficiales<\/strong><\/p>\n<p><strong>Mi\u00e9rcoles, 12 de noviembre de 2025, a 4 p.m. publicaci\u00f3n de los Resultados de la Elecci\u00f3n No Oficiales<\/strong><\/p>\n<p><strong>Jueves, 13 de noviembre de 2025, a 4 p.m. publicaci\u00f3n de los Resultados de la Elecci\u00f3n No Oficiales<\/strong><\/p>\n<p><strong>Viernes, 14 de noviembre de 2025, a 4 p.m. publicaci\u00f3n de los Resultados de la Elecci\u00f3n No Oficiales<\/strong><\/p>\n<p><strong>Lunes, 17 de noviembre de 2025, a 4 p.m. publicaci\u00f3n de los Resultados de la Elecci\u00f3n No Oficiales<\/strong><\/p>\n<p><strong>Mi\u00e9rcoles, 19 de noviembre de 2025, a 4 p.m. publicaci\u00f3n de los Resultados de la Elecci\u00f3n No Oficiales<\/strong><\/p>\n<p><strong>Lunes, 24 de noviembre de 2025, a 4 p.m. publicaci\u00f3n de los Resultados de la Elecci\u00f3n No Oficiales<\/strong><\/p>\n<p><strong>Mi\u00e9rcoles, 26 de noviembre de 2025, a 12 p.m. publicaci\u00f3n de los Resultados de la Elecci\u00f3n No Oficiales<\/strong><\/p>\n<p><strong>Martes, 2 de diciembre de 2025, a 10 a.m. publicaci\u00f3n de los Resultados Finales Certificados de la Elecciones<\/strong><\/p>\n<\/div>\n\n  <\/section>\n\n\t","protected":false},"excerpt":{"rendered":"<p>Calendario de Publicaci\u00f3n de Resultados y Boletas Pendientes de Procesar \u2013 4 de noviembre de 2025, Elecci\u00f3n Especial Estatal Martes, 4 de noviembre de 2025 8:25 p.m. \u2013 Primera publicaci\u00f3n de los Resultados No Oficiales de la Noche de las Elecciones 10 p.m. \u2013 Publicaci\u00f3n de los Resultados No Oficiales<span class=\"ellipsis\">&#8230;<\/span><\/p>\n","protected":false},"author":71,"featured_media":37382,"parent":90398,"menu_order":0,"comment_status":"closed","ping_status":"closed","template":"templates\/rov-full-width-no-title-template.php","meta":{"_acf_changed":false,"footnotes":""},"class_list":["post-91219","page","type-page","status-publish","has-post-thumbnail","hentry"],"acf":[],"_links":{"self":[{"href":"https:\/\/elections.sbcounty.gov\/es\/wp-json\/wp\/v2\/pages\/91219","targetHints":{"allow":["GET"]}}],"collection":[{"href":"https:\/\/elections.sbcounty.gov\/es\/wp-json\/wp\/v2\/pages"}],"about":[{"href":"https:\/\/elections.sbcounty.gov\/es\/wp-json\/wp\/v2\/types\/page"}],"author":[{"embeddable":true,"href":"https:\/\/elections.sbcounty.gov\/es\/wp-json\/wp\/v2\/users\/71"}],"replies":[{"embeddable":true,"href":"https:\/\/elections.sbcounty.gov\/es\/wp-json\/wp\/v2\/comments?post=91219"}],"version-history":[{"count":24,"href":"https:\/\/elections.sbcounty.gov\/es\/wp-json\/wp\/v2\/pages\/91219\/revisions"}],"predecessor-version":[{"id":92074,"href":"https:\/\/elections.sbcounty.gov\/es\/wp-json\/wp\/v2\/pages\/91219\/revisions\/92074"}],"up":[{"embeddable":true,"href":"https:\/\/elections.sbcounty.gov\/es\/wp-json\/wp\/v2\/pages\/90398"}],"wp:featuredmedia":[{"embeddable":true,"href":"https:\/\/elections.sbcounty.gov\/es\/wp-json\/wp\/v2\/media\/37382"}],"wp:attachment":[{"href":"https:\/\/elections.sbcounty.gov\/es\/wp-json\/wp\/v2\/media?parent=91219"}],"curies":[{"name":"wp","href":"https:\/\/api.w.org\/{rel}","templated":true}]}}