{"id":90904,"date":"2025-09-25T14:22:31","date_gmt":"2025-09-25T21:22:31","guid":{"rendered":"https:\/\/elections.sbcounty.gov\/es\/?page_id=90904"},"modified":"2025-10-27T09:52:51","modified_gmt":"2025-10-27T16:52:51","slug":"1104","status":"publish","type":"page","link":"https:\/\/elections.sbcounty.gov\/es\/voting\/ppl\/2025\/1104\/","title":{"rendered":"B\u00fasqueda de Casillas Electorales y de Gu\u00edas de Informaci\u00f3n para el Votante &#8211; 4 de noviembre de 2025, Elecci\u00f3n Especial Estatal"},"content":{"rendered":"","protected":false},"excerpt":{"rendered":"","protected":false},"author":25,"featured_media":37382,"parent":90898,"menu_order":0,"comment_status":"closed","ping_status":"closed","template":"templates\/ppl-template.php","meta":{"_acf_changed":false,"footnotes":""},"class_list":["post-90904","page","type-page","status-publish","has-post-thumbnail","hentry"],"acf":[],"_links":{"self":[{"href":"https:\/\/elections.sbcounty.gov\/es\/wp-json\/wp\/v2\/pages\/90904","targetHints":{"allow":["GET"]}}],"collection":[{"href":"https:\/\/elections.sbcounty.gov\/es\/wp-json\/wp\/v2\/pages"}],"about":[{"href":"https:\/\/elections.sbcounty.gov\/es\/wp-json\/wp\/v2\/types\/page"}],"author":[{"embeddable":true,"href":"https:\/\/elections.sbcounty.gov\/es\/wp-json\/wp\/v2\/users\/25"}],"replies":[{"embeddable":true,"href":"https:\/\/elections.sbcounty.gov\/es\/wp-json\/wp\/v2\/comments?post=90904"}],"version-history":[{"count":2,"href":"https:\/\/elections.sbcounty.gov\/es\/wp-json\/wp\/v2\/pages\/90904\/revisions"}],"predecessor-version":[{"id":91589,"href":"https:\/\/elections.sbcounty.gov\/es\/wp-json\/wp\/v2\/pages\/90904\/revisions\/91589"}],"up":[{"embeddable":true,"href":"https:\/\/elections.sbcounty.gov\/es\/wp-json\/wp\/v2\/pages\/90898"}],"wp:featuredmedia":[{"embeddable":true,"href":"https:\/\/elections.sbcounty.gov\/es\/wp-json\/wp\/v2\/media\/37382"}],"wp:attachment":[{"href":"https:\/\/elections.sbcounty.gov\/es\/wp-json\/wp\/v2\/media?parent=90904"}],"curies":[{"name":"wp","href":"https:\/\/api.w.org\/{rel}","templated":true}]}}