{"id":90398,"date":"2025-08-27T17:27:16","date_gmt":"2025-08-28T00:27:16","guid":{"rendered":"https:\/\/elections.sbcounty.gov\/es\/?page_id=90398"},"modified":"2025-12-02T12:23:30","modified_gmt":"2025-12-02T20:23:30","slug":"1104","status":"publish","type":"page","link":"https:\/\/elections.sbcounty.gov\/es\/elections\/2025\/1104\/","title":{"rendered":"Elecci\u00f3n Especial Estatal de 2025"},"content":{"rendered":"  <section data-isd-block-id=\"rov-content-blockblock_2ba673b863fa1ed1a032a10c75ce55ea\"\n\t\t\t\t\t\t\t\t\t\t \t\t\t\t\t\t\t\t\t\t\t class=\"card-style main-content-wrapper rov-card-style mb-4\">\n\n\t<h2 class=\"block-subtitle blue\">Fechas Clave y Fechas L\u00edmite<\/h2>\n\n\t<div class=\"ctnr-block-content\"><table class=\"table table-striped\" style=\"width: 99%\">\n<thead>\n<tr style=\"text-align: left\">\n<th role=\"presentation\"><strong>Fecha<\/strong><\/th>\n<th role=\"presentation\"><strong>Acci\u00f3n<\/strong><\/th>\n<\/tr>\n<\/thead>\n<tbody>\n<tr>\n<td width=\"190\">6 de octubre de 2025<\/td>\n<td width=\"387\">Comienza el voto anticipado<\/td>\n<\/tr>\n<tr>\n<td width=\"190\">6 de octubre de 2025<\/td>\n<td width=\"387\">Se entregan las Boletas por Correo (<span id=\"tgtAlignment_0\" class=\"ts-alignment-element\" data-is-focusable=\"true\">incluyendo<\/span> <span id=\"tgtAlignment_1\" class=\"ts-alignment-element\" data-is-focusable=\"true\">una<\/span> <span id=\"tgtAlignment_2\" class=\"ts-alignment-element\" data-is-focusable=\"true\">Gu\u00eda<\/span> <span id=\"tgtAlignment_3\" class=\"ts-alignment-element\" data-is-focusable=\"true\">de<\/span>\u00a0<span id=\"tgtAlignment_4\" class=\"ts-alignment-element\" data-is-focusable=\"true\">informaci\u00f3n<\/span> del <span id=\"tgtAlignment_6\" class=\"ts-alignment-element\" data-is-focusable=\"true\">votante<\/span>\u00a0<span id=\"tgtAlignment_7\" class=\"ts-alignment-element\" data-is-focusable=\"true\">del<\/span> <span id=\"tgtAlignment_8\" class=\"ts-alignment-element\" data-is-focusable=\"true\">condado<\/span>) a la Oficina Postal de EE. UU.<\/td>\n<\/tr>\n<tr>\n<td width=\"190\">20 de octubre de 2025<\/td>\n<td width=\"387\">Fecha l\u00edmite para el registro de votantes<\/td>\n<\/tr>\n<tr>\n<td width=\"190\">28 de octubre de 2025<\/td>\n<td width=\"387\">Fecha l\u00edmite para solicitar una boleta por correo de reemplazo<\/td>\n<\/tr>\n<tr>\n<td width=\"190\"><strong>4 de noviembre de 2025<\/strong><\/td>\n<td width=\"387\"><strong>D\u00eda de las Elecci\u00f3n \u2013 Elecci\u00f3n Especial Estatal de 2025<\/strong><\/td>\n<\/tr>\n<tr>\n<td width=\"190\">5 de noviembre de 2025<\/td>\n<td width=\"387\">Comienza el Escrutinio del Elecci\u00f3n<\/td>\n<\/tr>\n<tr>\n<td width=\"190\">2 de diciembre de 2025<\/td>\n<td width=\"387\">Fecha l\u00edmite para completar el escrutinio oficial y certificar los resultados<\/td>\n<\/tr>\n<\/tbody>\n<\/table>\n<\/div>\n\n  <\/section>\n\n\t\n\n  <section data-isd-block-id=\"rov-content-blockblock_aeeb7b59db9627e928d5b2066632717c\"\n\t\t\t\t\t\t\t\t\t\t \t\t\t\t\t\t\t\t\t\t\t class=\"card-style main-content-wrapper rov-card-style mb-4\">\n\n\t<h2 class=\"block-subtitle blue\">Opciones de Voto<\/h2>\n\n\t<div class=\"ctnr-block-content\"><p><strong>Opciones de Voto:<\/strong><\/p>\n<ul>\n<li>Vote antes en el Registro de Votantes a partir del 6 de octubre de 2025.<\/li>\n<li>Vote antes en una Casilla para Voto Anticipado.\n<ul>\n<li>Consulte las Casillas para <a href=\"https:\/\/elections.sbcounty.gov\/es\/voting\/early\/\">Voto Anticipado<\/a> y los horarios de operaci\u00f3n.<\/li>\n<\/ul>\n<\/li>\n<li>Vote en una Boleta por Correo.\n<ul>\n<li>No son necesarias las solicitudes de boletas por correo. Las boletas por correo se enviar\u00e1n por correo a todos los votantes registrados activos.<\/li>\n<li>Solicite una boleta de reemplazo de las siguientes maneras:\n<ul>\n<li>Llamando al Registro de Votantes al (909) 387\u20118300<\/li>\n<li>Env\u00ede una <a href=\"https:\/\/uploads.rov.sbcounty.gov\/ROV\/es\/Elections\/2025\/1104\/Application_MBReplacement.pdf\" target=\"_blank\" rel=\"noopener\">Solicitud de Boleta por Correo de Reemplazo<\/a> [pdf]<\/li>\n<li>Visite la oficina del Registro de Votantes del 6 de octubre al 4 de noviembre\n<ul>\n<li>Lunes a viernes, de 8 a.m. a 5 p.m.<\/li>\n<li>S\u00e1bado, 1 de noviembre, de 8 a.m. a 5 p.m.<\/li>\n<li>D\u00eda de las Elecciones, martes, 4 de noviembre, de 7 a.m. a 8 p.m.<\/li>\n<\/ul>\n<\/li>\n<li>Visite una casilla para <a href=\"https:\/\/elections.sbcounty.gov\/es\/voting\/early\/\">Voto Anticipado<\/a><\/li>\n<li>Autorice a otra persona para que recoja su boleta por correo con una\u00a0<a href=\"https:\/\/uploads.rov.sbcounty.gov\/rov\/es\/Elections\/2024\/1105\/Application_VotersRepresentative.pdf\" target=\"_blank\" rel=\"noopener\">Solicitud para Entregar una Boleta por Correo a un Representante Autorizado<\/a>\u00a0[pdf]\n<ul>\n<li>Las boletas oficiales pueden recogerse a partir del lunes, 6 de octubre.<\/li>\n<\/ul>\n<\/li>\n<\/ul>\n<\/li>\n<\/ul>\n<\/li>\n<li>Los votantes pueden devolver su boleta de voto por correo:\n<ul>\n<li>En un\u00a0Lugar para Depositar las Boletas por Correo\n<ul>\n<li>Consulte la lista de los <a href=\"https:\/\/uploads.rov.sbcounty.gov\/ROV\/es\/News\/2025\/1104\/PublicNotice_MailBallot_DropOffLocations.pdf\" target=\"_blank\" rel=\"noopener\">Lugares para Depositar las Boletas por Correo<\/a> [pdf]<\/li>\n<li>Consulte un mapa de los\u00a0<a href=\"https:\/\/sbcounty.maps.arcgis.com\/apps\/instant\/nearby\/index.html?appid=c41163bc53bc43d68bcabd48c68a0b7d\" target=\"_blank\" rel=\"noopener\">Lugares para Depositar las Boletas por Correo<\/a><\/li>\n<li>Las boletas deben entregarse antes de las 8 p.m. del martes, 4 de noviembre de 2025<\/li>\n<\/ul>\n<\/li>\n<li>Por correo a trav\u00e9s del Servicio Postal de los EE. UU.\n<ul>\n<li>No se requiere franqueo postal<\/li>\n<li>Las boletas deben tener un matasellos del martes, 4 de noviembre o de una fecha anterior, y el Registro de Votantes debe recibirlas en un plazo de siete d\u00edas despu\u00e9s de las elecciones.<\/li>\n<\/ul>\n<\/li>\n<li>Depos\u00edtela en una casilla para <a href=\"https:\/\/elections.sbcounty.gov\/es\/voting\/early\/\">Voto Anticipado<\/a><\/li>\n<li>Depos\u00edtela en cualquier\u00a0<a href=\"https:\/\/uploads.rov.sbcounty.gov\/ROV\/es\/News\/2025\/1104\/PublicNotice_PollingPlaceCentralCount.pdf\" target=\"_blank\" rel=\"noopener\">Casilla Electoral<\/a> [pdf] el D\u00eda de las Elecciones<\/li>\n<\/ul>\n<\/li>\n<li>Vote en una\u00a0<a href=\"https:\/\/ca.omniballot.us\/sites\/06071\/SanBernardino_RAVBM\/app\/home\">Boleta de Voto por Correo de Accesibilidad Remota<\/a>\u00a0con su computadora e impresora para:\n<ul>\n<li>Marcar su\u00a0boleta<\/li>\n<li>Imprimir la boleta con su voto<\/li>\n<li>Colocar la boleta con su voto en su Sobre de Devoluci\u00f3n de la Boleta por Correo o en\u00a0su propio\u00a0sobre con las etiquetas de correo pegadas<\/li>\n<li>Firmar y poner la fecha en su sobre<\/li>\n<li>Devolver su boleta por correo o en una <a href=\"https:\/\/uploads.rov.sbcounty.gov\/ROV\/es\/News\/2025\/1104\/PublicNotice_PollingPlaceCentralCount.pdf\" target=\"_blank\" rel=\"noopener\">Casilla Electoral<\/a> [pdf], casilla para <a href=\"https:\/\/elections.sbcounty.gov\/es\/voting\/early\/\">Voto Anticipado<\/a> \u00a0o <a href=\"https:\/\/uploads.rov.sbcounty.gov\/ROV\/es\/News\/2025\/1104\/PublicNotice_MailBallot_DropOffLocations.pdf\" target=\"_blank\" rel=\"noopener\">Lugar para Depositar las Boletas por Correo<\/a> [pdf].<\/li>\n<\/ul>\n<\/li>\n<\/ul>\n<p><strong>Votantes con discapacidad:<\/strong><\/p>\n<p>Los votantes con discapacidad pueden votar de manera independiente:<\/p>\n<ul>\n<li>Vote en una <a href=\"https:\/\/ca.omniballot.us\/sites\/06071\/SanBernardino_RAVBM\/app\/home\">Boleta de Voto por Correo de Accesibilidad Remota<\/a>, use su computadora para marcar una boleta accessible<\/li>\n<li>Use un Dispositivo de Marcado de Boletas que incluyen opciones de audio y letra grande, votantes pueden marcar e imprimir su boleta.<\/li>\n<\/ul>\n<p>Visite nuestra p\u00e1gina de <a href=\"https:\/\/elections.sbcounty.gov\/es\/voting\/\">Opciones de Voto<\/a>\u00a0para obtener la informaci\u00f3n completa y las instrucciones.<\/p>\n<p><strong>Votantes Militares y en el Extranjero:<\/strong><\/p>\n<p>Los ciudadanos Uniformados y en el Extranjero pueden obtener una <a href=\"https:\/\/ca.omniballot.us\/sites\/06071\/SanBernardino_VIG\/app\/home\">Gu\u00eda de Informaci\u00f3n para el Votante<\/a> as\u00ed como una <a href=\"https:\/\/ca.omniballot.us\/sites\/06071\/SanBernardino_UOCAVA\/app\/home\">Boleta<\/a> para estas elecciones. Para obtener la informaci\u00f3n completa, visite el sitio web para los <a href=\"https:\/\/www.sos.ca.gov\/elections\/voter-registration\/military-overseas-voters\">Votantes Militares y en el Extranjero<\/a> de la Secretaria de Estado.<\/p>\n<p><strong>Ciudadanos elegibles que no\u00a0se han registrado:<\/strong><\/p>\n<p>Una nueva ley de California permite a los ciudadanos registrarse y votar despu\u00e9s de la fecha l\u00edmite de registro.\u00a0 Para calificar, el votante debe presentar una solicitud de inscripci\u00f3n condicional de votantes personalmente en el Registro de Votantes, en una casilla para Voto Anticipado o en una casilla electoral.\u00a0\u00a0Despu\u00e9s de realizar la solicitud, al votante se le proporcionar\u00e1 una boleta provisional.<\/p>\n<ul>\n<li>Consulte la p\u00e1gina de <a href=\"https:\/\/elections.sbcounty.gov\/es\/voting\/early\/\">Voto Anticipado<\/a> para conocer las ubicaciones<\/li>\n<li>Utilice la herramienta de\u00a0<a href=\"https:\/\/elections.sbcounty.gov\/voting\/ppl\/2025\/1104\/\">B\u00fasqueda de Casillas Electorales<\/a>\u00a0para encontrar su casilla electoral<\/li>\n<li>Consulte la\u00a0<a href=\"https:\/\/uploads.rov.sbcounty.gov\/ROV\/es\/News\/2025\/1104\/PublicNotice_PollingPlaceCentralCount.pdf\" target=\"_blank\" rel=\"noopener\">Lista de Casillas Electorales<\/a> [pdf]<\/li>\n<\/ul>\n<\/div>\n\n  <\/section>\n\n\t\n\n  <section data-isd-block-id=\"rov-content-blockblock_60975d9fb34ef04973c46dc5b770ad77\"\n\t\t\t\t\t\t\t\t\t\t \t\t\t\t\t\t\t\t\t\t\t class=\"card-style main-content-wrapper rov-card-style mb-4\">\n\n\t<h2 class=\"block-subtitle blue\">Publicaciones Electorales<\/h2>\n\n\t<div class=\"ctnr-block-content\"><p><strong>Gu\u00eda de Informaci\u00f3n para el Votante del Condado de San Bernardino<\/strong><\/p>\n<ul>\n<li>La\u00a0<a href=\"https:\/\/uploads.rov.sbcounty.gov\/ROV\/Elections\/2025\/1104\/VIG-CMBEN.pdf\"><strong>Gu\u00eda de Informaci\u00f3n para el Votante<\/strong><\/a> [pdf] es un folleto publicado por el Registro de Votantes del Condado de San Bernardino que incluye informaci\u00f3n sobre la votaci\u00f3n, los candidatos y las medidas, una boleta de muestra e informaci\u00f3n de las casillas electorales.<\/li>\n<li>La\u00a0<strong>Gu\u00eda de Informaci\u00f3n para el Votante espec\u00edfica de cada distrito electoral<\/strong>\u00a0contiene informaci\u00f3n de los cargos incluidos en las elecciones de cada distrito electoral. \u00a0Puede consultar las Gu\u00edas de Informaci\u00f3n para el Votante espec\u00edficas de cada distrito electoral con la herramienta de\u00a0<a href=\"https:\/\/elections.sbcounty.gov\/voting\/ppl\/2025\/1104\/\"><strong>B\u00fasqueda de Casillas Electorales y de Gu\u00edas de Informaci\u00f3n para el Votante<\/strong><\/a>.<\/li>\n<li>La\u00a0<a href=\"https:\/\/ca.omniballot.us\/sites\/06071\/SanBernardino_ASB\/app\/home\"><strong>Gu\u00eda de Informaci\u00f3n para el Votante en formato accesible<\/strong><\/a> proporciona informaci\u00f3n electoral personalizada para los votantes que utilizan programas de lectura de pantalla.<\/li>\n<\/ul>\n<p><strong>Gu\u00eda de Informaci\u00f3n para el Votante del Estado de California<\/strong><\/p>\n<ul>\n<li>La Secretaria de Estado de California tambi\u00e9n public\u00f3 una\u00a0<a href=\"https:\/\/vig.cdn.sos.ca.gov\/2025\/special\/es\/pdf\/complete-vig.pdf\" target=\"_blank\" rel=\"noopener\">Gu\u00eda de Informaci\u00f3n para el Votante del Estado<\/a> [pdf], que incluye informaci\u00f3n sobre los candidatos para cargos estatales e informaci\u00f3n sobre las propuestas estatales.<\/li>\n<\/ul>\n<p><a href=\"https:\/\/elections.sbcounty.gov\/es\/News\/\"><strong>Comunicados de Prensa y Avisos P\u00fablicos<\/strong><\/a><\/p>\n<\/div>\n\n  <\/section>\n\n\t\n\n  <section data-isd-block-id=\"rov-content-blockblock_0441cf50794c32a81720dcd417f1a2f3\"\n\t\t\t\t\t\t\t\t\t\t \t\t\t\t\t\t\t\t\t\t\t class=\"card-style main-content-wrapper rov-card-style mb-4\">\n\n\t<h2 class=\"block-subtitle blue\">Boletas de Muestra Traducidas<\/h2>\n\n\t<div class=\"ctnr-block-content\"><p>Solicite que se le envi\u00e9 por correo una boleta de muestra traducida [pr\u00f3ximamente disponible] para la Elecci\u00f3n Especial Estatal del 4 de noviembre de 2025:<\/p>\n<ul>\n<li><a href=\"https:\/\/uploads.rov.sbcounty.gov\/ROV\/Elections\/2025\/1104\/Form_TranslatedBallotRequest-CH.pdf\" target=\"_blank\" rel=\"noopener\">\u8981\u6c42\u4e2d\u6587\u9078\u7968\u7ffb\u8b6f\u6a23\u672c<\/a><\/li>\n<li><a href=\"https:\/\/uploads.rov.sbcounty.gov\/ROV\/Elections\/2025\/1104\/Form_TranslatedBallotRequest-IN.pdf\" target=\"_blank\" rel=\"noopener\">Permohonan Untuk Surat Suara Sampel Yang Diterjemahkan Dalam Bahasa Indonesia<\/a><\/li>\n<li><a href=\"https:\/\/uploads.rov.sbcounty.gov\/ROV\/Elections\/2025\/1104\/Form_TranslatedBallotRequest-KO.pdf\" target=\"_blank\" rel=\"noopener\">\ud55c\uad6d\uc5b4\ub85c \ubc88\uc5ed\ub41c \uacac\ubcf8 \ud22c\ud45c\uc9c0 \uc2e0\uccad\uc11c<\/a><\/li>\n<li><a href=\"https:\/\/uploads.rov.sbcounty.gov\/ROV\/Elections\/2025\/1104\/Form_TranslatedBallotRequest-TA.pdf\" target=\"_blank\" rel=\"noopener\">Kahilingan para sa Sampol na Balota na Nasalin sa Tagalog<\/a><\/li>\n<li><a href=\"https:\/\/uploads.rov.sbcounty.gov\/ROV\/Elections\/2025\/1104\/Form_TranslatedBallotRequest-TH.pdf\" target=\"_blank\" rel=\"noopener\">\u0e04\u0e33\u0e02\u0e2d\u0e23\u0e31\u0e1a\u0e1a\u0e31\u0e15\u0e23\u0e25\u0e07\u0e04\u0e30\u0e41\u0e19\u0e19\u0e15\u0e31\u0e27\u0e2d\u0e22\u0e48\u0e33\u0e07\u0e20\u0e32\u0e29\u0e32\u0e41\u0e1b\u0e25\u0e40\u0e1b\u0e47\u0e19\u0e20\u0e32\u0e29\u0e32\u0e44\u0e17\u0e22<\/a><\/li>\n<li><a href=\"https:\/\/uploads.rov.sbcounty.gov\/ROV\/Elections\/2025\/1104\/Form_TranslatedBallotRequest-VI.pdf\" target=\"_blank\" rel=\"noopener\">Y\u00eau c\u1ea7u G\u1eedi M\u1eabu phi\u1ebfu B\u1ea7u c\u1eed \u0110\u00e3 \u0111\u01b0\u1ee3c d\u1ecbch sang Ti\u1ebfng Vi\u1ec7t<\/a><\/li>\n<\/ul>\n<p>Consulte las boletas de muestra traducidas [pr\u00f3ximamente disponible] para la Elecci\u00f3n Especial Estatal del 4 de noviembre de 2025:<\/p>\n<ul>\n<li>\u70ba\u5e6b\u52a9\u9078\u6c11\u4f7f\u7528\u5b98\u65b9\u9078\u7968\u9032\u884c\u6295\u7968\uff0c\u9019\u4efd\u8aaa\u660e\u5305\u542b\u4e2d\u6587\u7248\u7684\u9078\u7968\u6a23\u672c\u3002<\/li>\n<li>Untuk membantu pemilih dalam memilih Surat Suara Resmi, panduan ini berisi contoh halaman surat suara yang diterjemahkan ke dalam Bahasa Indonesia.<\/li>\n<li>\uc720\uad8c\uc790\uac00 \uacf5\uc2dd \ud22c\ud45c \uc6a9\uc9c0\ub85c \ud22c\ud45c\ud558\ub294 \uac83\uc744 \ub3d5\uae30 \uc704\ud574 \ubcf8 \uc548\ub0b4\uc11c\uc5d0\ub294 \ud55c\uad6d\uc5b4\ub85c \ubc88\uc5ed\ub41c \uc0d8\ud50c \ud22c\ud45c \uc6a9\uc9c0 \ud398\uc774\uc9c0\uac00 \ud3ec\ud568\ub418\uc5b4 \uc788\uc2b5\ub2c8\ub2e4.<\/li>\n<li>Para matulungan ang mga botante sa pagboto sa Opisyal na Balota, naglalaman ang gabay na ito ng mga pahina ng sample na balota na nakasalin sa Tagalog.<\/li>\n<li>\u0e40\u0e1e\u0e37\u0e48\u0e2d\u0e0a\u0e48\u0e27\u0e22\u0e40\u0e2b\u0e25\u0e37\u0e2d\u0e1c\u0e39\u0e49\u0e25\u0e07\u0e04\u0e30\u0e41\u0e19\u0e19\u0e43\u0e19\u0e01\u0e32\u0e23\u0e25\u0e07\u0e04\u0e30\u0e41\u0e19\u0e19\u0e40\u0e2a\u0e35\u0e22\u0e07\u0e1a\u0e31\u0e15\u0e23\u0e40\u0e25\u0e37\u0e2d\u0e01\u0e15\u0e31\u0e49\u0e07\u0e02\u0e2d\u0e07\u0e17\u0e32\u0e07\u0e01\u0e32\u0e23 \u0e04\u0e39\u0e48\u0e21\u0e37\u0e2d\u0e19\u0e35\u0e49\u0e21\u0e35\u0e15\u0e31\u0e27\u0e2d\u0e22\u0e48\u0e32\u0e07\u0e2b\u0e19\u0e49\u0e32\u0e1a\u0e31\u0e15\u0e23\u0e25\u0e07\u0e04\u0e30\u0e41\u0e19\u0e19\u0e17\u0e35\u0e48\u0e41\u0e1b\u0e25 \u0e40\u0e1b\u0e47\u0e19\u0e20\u0e32\u0e29\u0e32\u0e44\u0e17\u0e22<\/li>\n<li>\u0110\u1ec3 h\u1ed7 tr\u1ee3 c\u00e1c c\u1eed tri trong vi\u1ec7c b\u1ea7u L\u00e1 Phi\u1ebfu Ch\u00ednh Th\u1ee9c, h\u01b0\u1edbng d\u1eabn n\u00e0y bao g\u1ed3m c\u00e1c trang l\u00e1 phi\u1ebfu m\u1eabu \u0111\u01b0\u1ee3c d\u1ecbch sang ti\u1ebfng Vi\u1ec7t.<\/li>\n<\/ul>\n<\/div>\n\n  <\/section>\n\n\t\n\n  <section data-isd-block-id=\"rov-content-blockblock_712b00e9d1d14efc1d6cd0007d71f896\"\n\t\t\t\t\t\t\t\t\t\t \t\t\t\t\t\t\t\t\t\t\t class=\"card-style main-content-wrapper rov-card-style mb-4\">\n\n\t<h2 class=\"block-subtitle blue\">C\u00f3mo Se Resuelven Firmas no Firmadas, las Firmas que No Coinciden, para las Boletas por Correo y Boletas Provisionales<\/h2>\n\n\t<div class=\"ctnr-block-content\"><p>Cuando el Registro de Votantes recibe una boleta de voto por correo o una boleta provisional sin la firma del votante en el sobre de identificaci\u00f3n o no puede cotejar la firma del votante en el sobre de devoluci\u00f3n con la firma que aparece en su registro de votante, el Registro de Votantes no puede contar esa boleta. Sin embargo, la ley de California permite a los votantes otra oportunidad para corregir su boleta por correo o boleta provisional hasta dos d\u00edas antes de que se certifiquen los resultados de las elecciones. A estos votantes se les notifica por correo que pueden:<\/p>\n<ul>\n<li>Ir al Registro de Votantes para firmar personalmente el sobre de identificaci\u00f3n de la boleta por correo o la boleta provisional, o firmar la Verificaci\u00f3n de Firma y Declaraci\u00f3n del Sobre de Identificaci\u00f3n Sin firmar;<\/li>\n<li>Completar y devolver una Verificaci\u00f3n de Firma y Declaraci\u00f3n del Sobre de Identificaci\u00f3n Sin Firma<\/li>\n<li>Solucionar la firma en <a href=\"https:\/\/ca.omniballot.us\/sites\/06071\/SanBernardino_CURE\/app\/home\">l\u00ednea<\/a> de su sobre de identificaci\u00f3n en su boleta.<\/li>\n<\/ul>\n<p>Si recibe una carta del Registro de Votantes que indica que su firma en su sobre de devoluci\u00f3n de la boleta por correo o boleta provisional no estaba firmada o no coincide con su firma registrada, complete y devuelva inmediatamente una Verificaci\u00f3n de Firma y Declaraci\u00f3n del Sobre de Identificaci\u00f3n Sin firmar.<\/p>\n<p><strong><em>Para las boletas por correo:<\/em><\/strong><\/p>\n<ul>\n<li><a href=\"https:\/\/uploads.rov.sbcounty.gov\/ROV\/es\/elections\/2025\/1104\/Form_UBS-SVS-MB.pdf\" target=\"_blank\" rel=\"noopener\">Verificaci\u00f3n de Firma y Declaraci\u00f3n del Sobre de Identificaci\u00f3n Sin firmar<\/a> \u2013 Elecci\u00f3n Especial Estatal de 2025 [pdf]<\/li>\n<\/ul>\n<p><strong><em>Para las boletas provisionales:<\/em><\/strong><\/p>\n<ul>\n<li>Verificaci\u00f3n de Firma y Declaraci\u00f3n del Sobre de Identificaci\u00f3n Sin firmar \u2013 Elecci\u00f3n Especial Estatal de 2025 [pr\u00f3ximamente disponible]<\/li>\n<\/ul>\n<\/div>\n\n  <\/section>\n\n\t\n\n  <section data-isd-block-id=\"rov-content-blockblock_f41f587aa4439d035e01310ee752b872\"\n\t\t\t\t\t\t\t\t\t\t \t\t\t\t\t\t\t\t\t\t\t class=\"card-style main-content-wrapper rov-card-style mb-4\">\n\n\t<h2 class=\"block-subtitle blue\">Registro de Votantes <\/h2>\n\n\t<div class=\"ctnr-block-content\"><p>Su solicitud de registro de votante debe tener sello postal con fecha antes del <strong>20 de octubre de 2025,<\/strong> para las Elecci\u00f3n Especial Estatal de 2025.<\/p>\n<p><strong>Si ya pas\u00f3 la fecha l\u00edmite de registro de votantes, <\/strong>a\u00fan puede registrarse y votar personalmente en la oficina del Registro de Votantes, o\u00a0en una casilla para Voto Anticipado el D\u00eda de las Elecciones o antes de esta fecha,\u00a0o en una casilla electoral el D\u00eda de las Elecciones. Consulte la\u00a0p\u00e1gina de Voto Anticipado [pr\u00f3ximamente disponible] para conocer las ubicaciones, fechas y horarios de las casillas para Voto Anticipado de estas elecciones.<\/p>\n<ul>\n<li>Visite nuestra p\u00e1gina del <a href=\"https:\/\/elections.sbcounty.gov\/es\/voterregistration\/\">Registro de Votantes<\/a> para obtener la informaci\u00f3n completa y las instrucciones sobre el registro para votar.<\/li>\n<li>Consulte el <a href=\"https:\/\/uploads.rov.sbcounty.gov\/ROV\/Elections\/2025\/1104\/Report_CloseOfRegistration.pdf\" target=\"_blank\" rel=\"noopener\">Resumen del Registro de Votantes Calificados<\/a> [pdf] para estas elecciones.<\/li>\n<\/ul>\n<p><strong>Hasta el cierre de las casillas a las 8 p.m. el D\u00eda de las Elecciones, todos los votantes a\u00fan pueden actualizar su domicilio residencial o partido pol\u00edtico de preferencia.<\/strong><\/p>\n<p>Para obtener m\u00e1s informaci\u00f3n, vea las <a href=\"https:\/\/elections.sbcounty.gov\/es\/VoterRegistration\/How\/#AfterCOR\">instrucciones y un formulario de cambio de direcci\u00f3n<\/a>.<\/p>\n<\/div>\n\n  <\/section>\n\n\t\n\n  <section data-isd-block-id=\"rov-content-blockblock_3eb90a23dc82dead772a889d5c3553f9\"\n\t\t\t\t\t\t\t\t\t\t \t\t\t\t\t\t\t\t\t\t\t class=\"card-style main-content-wrapper rov-card-style mb-4\">\n\n\t<h2 class=\"block-subtitle blue\">Estad\u00edsticas de Devoluci\u00f3n de Boletas por Correo<\/h2>\n\n\t<div class=\"ctnr-block-content\"><p>El Informe de Estad\u00edsticas de Devoluci\u00f3n de Boletas por Correo muestra el n\u00famero de boletas por correo que se han emitido y devuelto en las elecciones, as\u00ed como las estad\u00edsticas hist\u00f3ricas de las elecciones anteriores. Los datos presentados en este informe se actualizan diariamente y pueden fluctuar a medida que se reciban solicitudes de registro de votantes adicionales y se procesen las boletas con voto.<\/p>\n<ul>\n<li>Consulte el <a href=\"https:\/\/uploads.rov.sbcounty.gov\/ROV\/es\/Elections\/2025\/1104\/Report_MailBallotStats.pdf\" target=\"_blank\" rel=\"noopener\">Informe de Estad\u00edsticas de Devoluci\u00f3n de Boletas por Correo<\/a> [pdf] de estas elecciones.<\/li>\n<\/ul>\n<\/div>\n\n  <\/section>\n\n\t\n\n\n\n\n\n  <section data-isd-block-id=\"rov-content-blockblock_df1a067899589b5133441b576d65e055\"\n\t\t\t\t\t\t\t\t\t\t \t\t\t\t\t\t\t\t\t\t\t class=\"card-style main-content-wrapper rov-card-style mb-4\">\n\n\t<h2 class=\"block-subtitle blue\">Resultados de las Elecciones<\/h2>\n\n\t<div class=\"ctnr-block-content\"><ul>\n<li><a href=\"https:\/\/results.rov.sbcounty.gov\/Results\/20251104\/\">Publicaci\u00f3n de los Resultados Finales Certificados de las Elecciones<\/a><\/li>\n<li><a href=\"https:\/\/uploads.rov.sbcounty.gov\/ROV\/Elections\/2025\/1104\/Results\/ElectionSummaryReportRPT.csv\">Resultados Finales Certificados de las Elecciones<\/a>\u00a0[csv]<\/li>\n<li><a href=\"https:\/\/elections.sbcounty.gov\/es\/elections\/2025\/1104\/resultschedule\/\">Calendario de Publicaci\u00f3n de los Resultados de las Elecciones<\/a><\/li>\n<li><a href=\"https:\/\/elections.sbcounty.gov\/es\/elections\/2025\/1104\/resultexplanation\/\">Explicaci\u00f3n de los Resultados de la Noche de las Elecciones<\/a><\/li>\n<li><a href=\"https:\/\/uploads.rov.sbcounty.gov\/ROV\/Elections\/2025\/1104\/Results\/Report_SOVbyPrecinct.pdf\" target=\"_blank\" rel=\"noopener\">Declaraci\u00f3n de Votos Emitidos por los Distritos Electorales<\/a> [pdf]<\/li>\n<li><a href=\"https:\/\/uploads.rov.sbcounty.gov\/ROV\/Elections\/2025\/1104\/Results\/Report_SOVbyPrecinct.xlsx\" target=\"_blank\" rel=\"noopener\">Declaraci\u00f3n de Votos Emitidos por los Distritos Electorales<\/a> [xlsx]<\/li>\n<li><a href=\"https:\/\/uploads.rov.sbcounty.gov\/rov\/Elections\/2025\/1104\/Results\/Report_SOVbyReportingDistrict.pdf\" target=\"_blank\" rel=\"noopener\">Declaraci\u00f3n de Votos Emitidos por los Distritos que Reportan<\/a> [pdf]<\/li>\n<li><a href=\"https:\/\/uploads.rov.sbcounty.gov\/ROV\/Elections\/2025\/1104\/Results\/Report_SOVbyReportingDistrict.xlsx\" target=\"_blank\" rel=\"noopener\">Declaraci\u00f3n de Votos Emitidos por los Distritos que Reportan<\/a> [xlsx]<\/li>\n<li><a href=\"https:\/\/elections.sbcounty.gov\/es\/Voting\/Provisionals\/\">Consulta de las Boletas Provisionales<\/a><\/li>\n<\/ul>\n<\/div>\n\n  <\/section>\n\n\t","protected":false},"excerpt":{"rendered":"<p>Fechas Clave y Fechas L\u00edmite Fecha Acci\u00f3n 6 de octubre de 2025 Comienza el voto anticipado 6 de octubre de 2025 Se entregan las Boletas por Correo (incluyendo una Gu\u00eda de\u00a0informaci\u00f3n del votante\u00a0del condado) a la Oficina Postal de EE. UU. 20 de octubre de 2025 Fecha l\u00edmite para el<span class=\"ellipsis\">&#8230;<\/span><\/p>\n","protected":false},"author":71,"featured_media":37382,"parent":88657,"menu_order":0,"comment_status":"closed","ping_status":"closed","template":"templates\/rov-left-sidebar-template.php","meta":{"_acf_changed":false,"footnotes":""},"class_list":["post-90398","page","type-page","status-publish","has-post-thumbnail","hentry"],"acf":[],"_links":{"self":[{"href":"https:\/\/elections.sbcounty.gov\/es\/wp-json\/wp\/v2\/pages\/90398","targetHints":{"allow":["GET"]}}],"collection":[{"href":"https:\/\/elections.sbcounty.gov\/es\/wp-json\/wp\/v2\/pages"}],"about":[{"href":"https:\/\/elections.sbcounty.gov\/es\/wp-json\/wp\/v2\/types\/page"}],"author":[{"embeddable":true,"href":"https:\/\/elections.sbcounty.gov\/es\/wp-json\/wp\/v2\/users\/71"}],"replies":[{"embeddable":true,"href":"https:\/\/elections.sbcounty.gov\/es\/wp-json\/wp\/v2\/comments?post=90398"}],"version-history":[{"count":60,"href":"https:\/\/elections.sbcounty.gov\/es\/wp-json\/wp\/v2\/pages\/90398\/revisions"}],"predecessor-version":[{"id":92080,"href":"https:\/\/elections.sbcounty.gov\/es\/wp-json\/wp\/v2\/pages\/90398\/revisions\/92080"}],"up":[{"embeddable":true,"href":"https:\/\/elections.sbcounty.gov\/es\/wp-json\/wp\/v2\/pages\/88657"}],"wp:featuredmedia":[{"embeddable":true,"href":"https:\/\/elections.sbcounty.gov\/es\/wp-json\/wp\/v2\/media\/37382"}],"wp:attachment":[{"href":"https:\/\/elections.sbcounty.gov\/es\/wp-json\/wp\/v2\/media?parent=90398"}],"curies":[{"name":"wp","href":"https:\/\/api.w.org\/{rel}","templated":true}]}}