{"id":89379,"date":"2025-04-29T17:58:53","date_gmt":"2025-04-30T00:58:53","guid":{"rendered":"https:\/\/elections.sbcounty.gov\/es\/?page_id=89379"},"modified":"2026-02-02T10:45:34","modified_gmt":"2026-02-02T18:45:34","slug":"0826","status":"publish","type":"page","link":"https:\/\/elections.sbcounty.gov\/es\/elections\/2025\/0826\/","title":{"rendered":"Elecciones con Boletas por Correo del Distrito de Servicios Comunitarios de Baker"},"content":{"rendered":"\n\n\n\n  <section data-isd-block-id=\"rov-content-blockblock_6a9400efa5f0cdd5c399766272b9d3a2\"\n\t\t\t\t\t\t\t\t\t\t \t\t\t\t\t\t\t\t\t\t\t class=\"card-style main-content-wrapper rov-card-style mb-4\">\n\n\t<h2 class=\"block-subtitle blue\">Publicaciones Electorales<\/h2>\n\n\t<div class=\"ctnr-block-content\"><p><strong>Gu\u00eda de Informaci\u00f3n para el Votante del Condado de San Bernardino<\/strong><\/p>\n<ul>\n<li>La\u00a0<strong>Gu\u00eda de Informaci\u00f3n para el Votante<\/strong>\u00a0es un folleto publicado por el Registro de Votantes del Condado de San Bernardino que incluye informaci\u00f3n sobre la votaci\u00f3n y las medidas.<\/li>\n<li>La <strong>Gu\u00eda de Informaci\u00f3n para el Votante<\/strong> accesible [pr\u00f3ximamente disponible] proporciona informaci\u00f3n electoral personalizada para los votantes que utilizan programas de lectura de pantalla.<\/li>\n<\/ul>\n<p><strong><a href=\"https:\/\/elections.sbcounty.gov\/es\/news\/\">Comunicados de Prensa y Avisos P\u00fablicos<\/a><\/strong><\/p>\n<\/div>\n\n  <\/section>\n\n\t\n\n  <section data-isd-block-id=\"rov-content-blockblock_6450b67214e3c2b9a0151f3ba61f95bb\"\n\t\t\t\t\t\t\t\t\t\t \t\t\t\t\t\t\t\t\t\t\t class=\"card-style main-content-wrapper rov-card-style mb-4\">\n\n\t<h2 class=\"block-subtitle blue\">Fechas Clave y Fechas L\u00edmite<\/h2>\n\n\t<div class=\"ctnr-block-content\"><table class=\"table table-striped\" style=\"width: 99%\">\n<colgroup>\n<col \/>\n<col \/><\/colgroup>\n<thead>\n<tr style=\"text-align: center;font-weight: bold\">\n<th>\n<p align=\"left\"><strong>Fecha<\/strong><\/p>\n<\/th>\n<th>\n<p align=\"left\"><strong>Acci\u00f3n<\/strong><\/p>\n<\/th>\n<\/tr>\n<\/thead>\n<tbody>\n<tr>\n<td width=\"190\">5 de mayo de 2025<\/td>\n<td width=\"387\">Comienza la presentaci\u00f3n de candidatos<\/td>\n<\/tr>\n<tr>\n<td width=\"190\">30 de mayo de 2025<\/td>\n<td width=\"387\">Fecha l\u00edmite de presentaci\u00f3n de candidatos<\/td>\n<\/tr>\n<tr>\n<td width=\"190\">28 de julio de 2025<\/td>\n<td width=\"387\">Comienza el voto anticipado<\/td>\n<\/tr>\n<tr>\n<td width=\"190\">28 de julio de 2025<\/td>\n<td width=\"387\">Gu\u00edas de Informaci\u00f3n para el Votante y Boletas de Voto por Correo entregadas en la Oficina Postal de los EE. UU.<\/td>\n<\/tr>\n<tr>\n<td width=\"190\">11 de agosto de 2025<\/td>\n<td width=\"387\">Fecha l\u00edmite para el registro de votantes<\/td>\n<\/tr>\n<tr>\n<td width=\"190\"><strong>26 de agosto de 2025<\/strong><\/td>\n<td width=\"387\"><strong>D\u00eda de las Elecciones \u2013 Elecciones con Boletas por Correo del Distrito de Servicios Comunitarios de Baker<\/strong><\/td>\n<\/tr>\n<tr>\n<td width=\"190\">27 de agosto de 2025<\/td>\n<td width=\"387\">Comienza el Escrutinio de las Elecciones<\/td>\n<\/tr>\n<tr>\n<td width=\"190\">25 de septiembre de 2025<\/td>\n<td width=\"387\">Fecha l\u00edmite para completar el escrutinio oficial y certificar los resultados<\/td>\n<\/tr>\n<\/tbody>\n<\/table>\n<\/div>\n\n  <\/section>\n\n\t\n\n  <section data-isd-block-id=\"rov-content-blockblock_6cd5bc4cebce63aa18fff883bd3ac451\"\n\t\t\t\t\t\t\t\t\t\t \t\t\t\t\t\t\t\t\t\t\t class=\"card-style main-content-wrapper rov-card-style mb-4\">\n\n\t<h2 class=\"block-subtitle blue\">Informaci\u00f3n de los Cargos y Candidatos<\/h2>\n\n\t<div class=\"ctnr-block-content\"><p><strong>Cargos a Elegir:<\/strong><\/p>\n<ul>\n<li>Consulte los\u00a0<a href=\"https:\/\/uploads.rov.sbcounty.gov\/ROV\/es\/News\/2025\/0826\/Report_OfficesUpForElection.pdf\" target=\"_blank\" rel=\"noopener\">Cargos a Elegir<\/a> [pdf] para las Elecciones Consolidadas con Boletas por Correo<\/li>\n<\/ul>\n<p><strong>Presentaci\u00f3n de Candidaturas:<\/strong><\/p>\n<p>La presentaci\u00f3n de candidaturas comienza el 5 de mayo de 2025 y finaliza el 30 de mayo de 2025.<\/p>\n<ul>\n<li><a href=\"https:\/\/uploads.rov.sbcounty.gov\/ROV\/Elections\/2025\/0826\/Guide_CandidateFiling.pdf\" target=\"_blank\" rel=\"noopener\">Consulte la Gu\u00eda de Presentaci\u00f3n de Candidaturas<\/a><\/li>\n<li>Programe una cita para la presentaci\u00f3n de candidaturas [ya no est\u00e1 disponible]<\/li>\n<\/ul>\n<p><strong>Declaraciones de los Candidatos:<\/strong><\/p>\n<ul>\n<li>Consulte los <a href=\"https:\/\/uploads.rov.sbcounty.gov\/ROV\/es\/Elections\/2025\/0826\/PublicNotice_CandidateStatementEstimates.pdf\">Costos Estimados de la Declaraci\u00f3n de los Candidatos<\/a> para las Elecciones con Boletas por Correo del Distrito de Servicios Comunitarios de Baker.\n<ul>\n<li>Los candidatos deben pagar los costos estimados de imprimir su declaraci\u00f3n de candidato en la Gu\u00eda de Informaci\u00f3n para el Votante al momento de registrarse.<\/li>\n<\/ul>\n<\/li>\n<li>Para presentar una declaraci\u00f3n de candidato, llene el Formulario de Declaraci\u00f3n del Candidato [ya no est\u00e1 disponible]<\/li>\n<\/ul>\n<p><strong>Lista de Candidatos:<\/strong><\/p>\n<ul>\n<li>Consulte la <a href=\"https:\/\/uploads.rov.sbcounty.gov\/ROV\/es\/Elections\/2025\/0826\/Report_CandidateList.pdf\" target=\"_blank\" rel=\"noopener\">Lista Oficial de los Candidatos<\/a>.<\/li>\n<\/ul>\n<\/div>\n\n  <\/section>\n\n\t\n\n  <section data-isd-block-id=\"rov-content-blockblock_4d93ecdfd39260cca83b78e910ac3712\"\n\t\t\t\t\t\t\t\t\t\t \t\t\t\t\t\t\t\t\t\t\t class=\"card-style main-content-wrapper rov-card-style mb-4\">\n\n\t<h2 class=\"block-subtitle blue\">Resultados de las Elecciones<\/h2>\n\n\t<div class=\"ctnr-block-content\"><ul>\n<li><a href=\"https:\/\/uploads.rov.sbcounty.gov\/ROV\/es\/News\/2025\/0826\/PublicNotice_AppointmentsInLieu.pdf\" target=\"_blank\" rel=\"noopener\">Designaciones en Lugar de Elecciones<\/a> [pdf]<\/li>\n<\/ul>\n<\/div>\n\n  <\/section>\n\n\t","protected":false},"excerpt":{"rendered":"<p>Publicaciones Electorales Gu\u00eda de Informaci\u00f3n para el Votante del Condado de San Bernardino La\u00a0Gu\u00eda de Informaci\u00f3n para el Votante\u00a0es un folleto publicado por el Registro de Votantes del Condado de San Bernardino que incluye informaci\u00f3n sobre la votaci\u00f3n y las medidas. La Gu\u00eda de Informaci\u00f3n para el Votante accesible [pr\u00f3ximamente<span class=\"ellipsis\">&#8230;<\/span><\/p>\n","protected":false},"author":71,"featured_media":37382,"parent":88657,"menu_order":0,"comment_status":"closed","ping_status":"closed","template":"templates\/rov-left-sidebar-template.php","meta":{"_acf_changed":false,"footnotes":""},"class_list":["post-89379","page","type-page","status-publish","has-post-thumbnail","hentry"],"acf":[],"_links":{"self":[{"href":"https:\/\/elections.sbcounty.gov\/es\/wp-json\/wp\/v2\/pages\/89379","targetHints":{"allow":["GET"]}}],"collection":[{"href":"https:\/\/elections.sbcounty.gov\/es\/wp-json\/wp\/v2\/pages"}],"about":[{"href":"https:\/\/elections.sbcounty.gov\/es\/wp-json\/wp\/v2\/types\/page"}],"author":[{"embeddable":true,"href":"https:\/\/elections.sbcounty.gov\/es\/wp-json\/wp\/v2\/users\/71"}],"replies":[{"embeddable":true,"href":"https:\/\/elections.sbcounty.gov\/es\/wp-json\/wp\/v2\/comments?post=89379"}],"version-history":[{"count":43,"href":"https:\/\/elections.sbcounty.gov\/es\/wp-json\/wp\/v2\/pages\/89379\/revisions"}],"predecessor-version":[{"id":92964,"href":"https:\/\/elections.sbcounty.gov\/es\/wp-json\/wp\/v2\/pages\/89379\/revisions\/92964"}],"up":[{"embeddable":true,"href":"https:\/\/elections.sbcounty.gov\/es\/wp-json\/wp\/v2\/pages\/88657"}],"wp:featuredmedia":[{"embeddable":true,"href":"https:\/\/elections.sbcounty.gov\/es\/wp-json\/wp\/v2\/media\/37382"}],"wp:attachment":[{"href":"https:\/\/elections.sbcounty.gov\/es\/wp-json\/wp\/v2\/media?parent=89379"}],"curies":[{"name":"wp","href":"https:\/\/api.w.org\/{rel}","templated":true}]}}