{"id":89355,"date":"2025-04-25T10:45:16","date_gmt":"2025-04-25T17:45:16","guid":{"rendered":"https:\/\/elections.sbcounty.gov\/es\/?page_id=89355"},"modified":"2026-03-09T16:06:18","modified_gmt":"2026-03-09T23:06:18","slug":"2024","status":"publish","type":"page","link":"https:\/\/elections.sbcounty.gov\/es\/news\/2024\/","title":{"rendered":"Comunicados de Prensa y Avisos P\u00fablicos Archivados\u00a0de 2024"},"content":{"rendered":"  <section data-isd-block-id=\"rov-content-blockblock_bce01e8b90eb5edb28402426f059de54\"\n\t\t\t\t\t\t\t\t\t\t \t\t\t\t\t\t\t\t\t\t\t class=\"card-style main-content-wrapper rov-card-style mb-4\">\n\n\t<h2 class=\"block-subtitle blue\">Elecciones Generales &#8211; 5 de noviembre de 2024<\/h2>\n\n\t<div class=\"ctnr-block-content\"><p>28-01-2025\u00a0 <a href=\"https:\/\/uploads.rov.sbcounty.gov\/ROV\/es\/News\/2024\/1105\/PublicNotice_AppointmentsInLieuSpecials.pdf\" target=\"_blank\" rel=\"noopener\">Aviso P\u00fablico \u2013 Designaciones a Distritos Especiales en Lugar de Elecciones \u2013 ACTUALIZADO<\/a><\/p>\n<p>17-01-2025\u00a0 <a href=\"https:\/\/uploads.rov.sbcounty.gov\/ROV\/es\/News\/2024\/1105\/PublicNotice_AppointmentsInLieuSpecials.pdf\" target=\"_blank\" rel=\"noopener\">Aviso P\u00fablico \u2013 Designaciones a Distritos Especiales en Lugar de Elecciones<\/a><\/p>\n<p>05-12-2024\u00a0 <a href=\"https:\/\/uploads.rov.sbcounty.gov\/ROV\/es\/News\/2024\/1105\/Certification_PostL&amp;ATest.pdf\" target=\"_blank\" rel=\"noopener\">Aviso P\u00fablico \u2013 Certificaci\u00f3n por parte de la Junta de L\u00f3gica y Precisi\u00f3n Posterior<\/a><\/p>\n<p>03-12-2024\u00a0 <a href=\"https:\/\/uploads.rov.sbcounty.gov\/rov\/es\/News\/2024\/1105\/Certification_ElectionResults.pdf\" target=\"_blank\" rel=\"noopener\">Certificaci\u00f3n de los Resultados de las Elecciones Generales de 2024<\/a><\/p>\n<p>02-12-2024\u00a0 <a href=\"https:\/\/uploads.rov.sbcounty.gov\/ROV\/es\/News\/2024\/1105\/PublicNotice_PostElectionLogicAndAccuracy.pdf\" target=\"_blank\" rel=\"noopener\">Aviso P\u00fablico \u2013 Pruebas de L\u00f3gica y Precisi\u00f3n Posteriores a las Elecciones<\/a><\/p>\n<p>19-11-2024\u00a0 <a href=\"https:\/\/uploads.rov.sbcounty.gov\/rov\/es\/News\/2024\/1105\/Report_PollWorkersWorked.pdf\" target=\"_blank\" rel=\"noopener\">Aviso P\u00fablico \u2013 Trabajadores de Casillas Electorales que Trabajaron<\/a><\/p>\n<p>15-11-2024\u00a0 <a href=\"https:\/\/uploads.rov.sbcounty.gov\/rov\/es\/News\/2024\/1105\/PublicNotice_RandomSelectionOfPrecincts.pdf\" target=\"_blank\" rel=\"noopener\">Aviso P\u00fablico \u2013 Selecci\u00f3n Aleatoria de Distritos Electorales para el Proceso de Recuento Manual del 1% \u2013 ACTUALIZADO<\/a><\/p>\n<p>13-11-2024\u00a0 <a href=\"https:\/\/uploads.rov.sbcounty.gov\/rov\/es\/News\/2024\/1105\/PublicNotice_RandomSelectionofMailBallot.pdf\" target=\"_blank\" rel=\"noopener\">Aviso P\u00fablico \u2013 Selecci\u00f3n Aleatoria de Lotes de las Boletas de Voto por Correo para el Proceso de Recuento Manual del 1%<\/a><\/p>\n<p>11-11-2024\u00a0 <a href=\"https:\/\/uploads.rov.sbcounty.gov\/rov\/es\/News\/2024\/1105\/PublicNotice_RandomSelectionOfPrecincts.pdf\" target=\"_blank\" rel=\"noopener\">Aviso P\u00fablico \u2013 Selecci\u00f3n Aleatoria de Distritos Electorales para el Proceso de Recuento Manual del 1% \u2013 ACTUALIZADO<\/a><\/p>\n<p>07-11-2024\u00a0 <a href=\"https:\/\/uploads.rov.sbcounty.gov\/rov\/es\/News\/2024\/1105\/PublicNotice_RandomSelectionOfPrecincts.pdf\" target=\"_blank\" rel=\"noopener\">Aviso P\u00fablico \u2013 Selecci\u00f3n Aleatoria de Distritos Electorales para el Proceso de Recuento Manual del 1%<\/a><\/p>\n<p>04-11-2024 \u00a0<a href=\"https:\/\/uploads.rov.sbcounty.gov\/ROV\/es\/News\/2024\/1105\/PublicNotice_AppointmentsInLieuSchools.pdf\" target=\"_blank\" rel=\"noopener\">Aviso P\u00fablico \u2013 Designaciones a Distritos Escolares en Lugar de Elecciones<\/a><\/p>\n<p>30-10-2024\u00a0 <a href=\"https:\/\/uploads.rov.sbcounty.gov\/ROV\/es\/News\/2024\/1105\/PublicNotice_MailBallot_DropOffLocations.pdf\" target=\"_blank\" rel=\"noopener\">Aviso P\u00fablico \u2013 Lugares para Depositar las Boletas por Correo \u2013 ACTUALIZADO<\/a><\/p>\n<p>25-10-2024 \u00a0<a href=\"https:\/\/uploads.rov.sbcounty.gov\/rov\/es\/News\/2024\/1105\/Report_PollWorkersAssigned.pdf\" target=\"_blank\" rel=\"noopener\">Aviso P\u00fablico \u2013 Trabajadores de Casillas Electorales Asignados<\/a><\/p>\n<p>25-10-2024\u00a0 <a href=\"https:\/\/uploads.rov.sbcounty.gov\/rov\/es\/News\/2024\/1105\/List_QualifiedWriteIns.pdf\" target=\"_blank\" rel=\"noopener\">Lista de Candidatos Incluidos por Escrito Calificados<\/a><\/p>\n<p>24-10-2024\u00a0 <a href=\"https:\/\/uploads.rov.sbcounty.gov\/rov\/es\/News\/2024\/1105\/PublicNotice_PollingPlaceCentralCount.pdf\" target=\"_blank\" rel=\"noopener\">Aviso P\u00fablico \u2013 Aviso sobre las Casillas Electorales y el Lugar de Conteo Central \u2013 ACTUALIZADO<\/a><\/p>\n<p>10-10-2024\u00a0 <a href=\"https:\/\/uploads.rov.sbcounty.gov\/ROV\/es\/News\/2024\/1105\/PublicNotice_ObservationSchedule.pdf\" target=\"_blank\" rel=\"noopener\">Aviso P\u00fablico \u2013 Calendario de Observaci\u00f3n &#8211; ACTUALIZADO<\/a><\/p>\n<p>03-10-2024\u00a0 <a href=\"https:\/\/uploads.rov.sbcounty.gov\/rov\/News\/2024\/1105\/Certification_L&amp;ATest.pdf\" target=\"_blank\" rel=\"noopener\">Certificaci\u00f3n por parte de la Junta de L\u00f3gica y Precisi\u00f3n<\/a><\/p>\n<p>01-10-2024\u00a0 <a href=\"https:\/\/uploads.rov.sbcounty.gov\/ROV\/es\/News\/2024\/1105\/PublicNotice_MailBallot_DropOffLocations.pdf\" target=\"_blank\" rel=\"noopener\">Aviso P\u00fablico \u2013 Lugares para Depositar las Boletas por Correo<\/a><\/p>\n<p>26-09-2024\u00a0 <a href=\"https:\/\/uploads.rov.sbcounty.gov\/ROV\/es\/News\/2024\/1105\/PublicNotice_ObservationSchedule.pdf\" target=\"_blank\" rel=\"noopener\">Aviso P\u00fablico \u2013 Calendario de Observaci\u00f3n<\/a><\/p>\n<p>18-09-2024\u00a0 <a href=\"https:\/\/uploads.rov.sbcounty.gov\/rov\/es\/News\/2024\/1105\/PublicNotice_PollingPlaceCentralCount.pdf\" target=\"_blank\" rel=\"noopener\">Aviso P\u00fablico \u2013 Aviso sobre las Casillas Electorales y el Lugar de Conteo Central &#8211; ACTUALIZADO<\/a><\/p>\n<p>05-09-2024\u00a0 <a href=\"https:\/\/uploads.rov.sbcounty.gov\/rov\/es\/News\/2024\/1105\/PublicNotice_PollingPlaceCentralCount.pdf\" target=\"_blank\" rel=\"noopener\">Aviso P\u00fablico \u2013 Aviso sobre las Casillas Electorales y el Lugar de Conteo Central<\/a><\/p>\n<p>15-08-2024\u00a0 <a href=\"https:\/\/uploads.rov.sbcounty.gov\/ROV\/es\/News\/2024\/1105\/SOSRandomAlphaDraw.pdf\" target=\"_blank\" rel=\"noopener\">Sorteo para Orden Aleatorizado de las Letras del Alfabeto del Secretario de Estado<\/a><\/p>\n<p>15-08-2024\u00a0 <a href=\"https:\/\/uploads.rov.sbcounty.gov\/ROV\/es\/News\/2024\/1105\/PublicNotice_RandomizedAlphabetDraw.pdf\" target=\"_blank\" rel=\"noopener\">Sorteo para Orden Aleatorizado de las Letras del Alfabeto del Condado de San Bernardino<\/a><\/p>\n<p>14-08-2024\u00a0 <a href=\"https:\/\/uploads.rov.sbcounty.gov\/ROV\/es\/News\/2024\/1105\/PublicNotice_InvitationRandomAlphaDraw.pdf\" target=\"_blank\" rel=\"noopener\">Aviso P\u00fablico \u2013 Invitaci\u00f3n para Presenciar el Sorteo de Orden Aleatorizado de las Letras del Alfabeto<\/a><\/p>\n<p>12-08-2024\u00a0 <a href=\"https:\/\/uploads.rov.sbcounty.gov\/ROV\/es\/News\/2024\/1105\/PublicNotice_MeasureLetterAssignment.pdf\" target=\"_blank\" rel=\"noopener\">Aviso P\u00fablico \u2013 Asignaci\u00f3n de Letras de Medidas<\/a><\/p>\n<p>10-08-2024\u00a0 <a href=\"https:\/\/uploads.rov.sbcounty.gov\/ROV\/es\/Elections\/2024\/1105\/PublicNotice_CandidateFilingExtension.pdf\" target=\"_blank\" rel=\"noopener\">Aviso P\u00fablico \u2013 Pr\u00f3rrogas de la Fecha L\u00edmite de Presentaci\u00f3n de Candidatos para Cargos Locales<\/a><\/p>\n<p>08-08-2024\u00a0 <a href=\"https:\/\/uploads.rov.sbcounty.gov\/rov\/es\/news\/2024\/1105\/PublicNotice_AssignmentOfMeasureLetters.pdf\" target=\"_blank\" rel=\"noopener\">Aviso P\u00fablico \u2013 Invitaci\u00f3n para Observar la Asignaci\u00f3n de Letras de Medidas Locales<\/a><\/p>\n<p>07-06-2024\u00a0 <a href=\"https:\/\/uploads.rov.sbcounty.gov\/ROV\/News\/2024\/1105\/Governors_Proclamation.pdf\" target=\"_blank\" rel=\"noopener\">Proclamaci\u00f3n del Gobernador: Elecciones Generales<\/a><\/p>\n<\/div>\n\n  <\/section>\n\n\t\n\n  <section data-isd-block-id=\"rov-content-blockblock_8f05b1879cddea1d42ef452980593852\"\n\t\t\t\t\t\t\t\t\t\t \t\t\t\t\t\t\t\t\t\t\t class=\"card-style main-content-wrapper rov-card-style mb-4\">\n\n\t<h2 class=\"block-subtitle blue\">Elecciones Primarias Presidenciales \u2013 5 de marzo de 2024<\/h2>\n\n\t<div class=\"ctnr-block-content\"><p>02-04-2024\u00a0 <a href=\"https:\/\/uploads.rov.sbcounty.gov\/rov\/es\/News\/2024\/0305\/Report_PollWorkersWorked.pdf\" target=\"_blank\" rel=\"noopener\">Aviso P\u00fablico \u2013 Trabajadores de Casillas Electorales que Trabajaron<\/a><\/p>\n<p>29-03-2024\u00a0 <a href=\"https:\/\/uploads.rov.sbcounty.gov\/ROV\/es\/News\/2024\/0305\/PublicNotice_PostElectionLogicAndAccuracyTest.pdf\" target=\"_blank\" rel=\"noopener\">Aviso P\u00fablico \u2013 Pruebas de L\u00f3gica y Precisi\u00f3n Posteriores a las Elecciones<\/a><\/p>\n<p>22-02-2024\u00a0 <a href=\"https:\/\/uploads.rov.sbcounty.gov\/rov\/es\/News\/2024\/0305\/PublicNotice_MailBallot_DropOffLocations.pdf\" target=\"_blank\" rel=\"noopener\">Aviso P\u00fablico \u2013 Lugares para Depositar las Boletas por Correo &#8211; ACTUALIZADO<\/a><\/p>\n<p>21-02-2024\u00a0 <a href=\"https:\/\/uploads.rov.sbcounty.gov\/rov\/es\/News\/2024\/0305\/Report_PollWorkersAssigned.pdf\" target=\"_blank\" rel=\"noopener\">Aviso P\u00fablico &#8211; Trabajadores de Casillas Electorales Asignados<\/a><\/p>\n<p>16-02-2024\u00a0 <a href=\"https:\/\/uploads.rov.sbcounty.gov\/rov\/es\/News\/2024\/0305\/PublicNotice_PollingPlaceCentralCount.pdf\" target=\"_blank\" rel=\"noopener\">Aviso P\u00fablico \u2013 Aviso sobre las Casillas Electorales y el Lugar de Conteo Central &#8211; ACTUALIZADO<\/a><\/p>\n<p>12-02-2024\u00a0\u00a0<a href=\"https:\/\/uploads.rov.sbcounty.gov\/rov\/es\/News\/2024\/0305\/PublicNotice_MailBallot_DropOffLocations.pdf\" target=\"_blank\" rel=\"noopener\">Aviso P\u00fablico \u2013 Lugares para Depositar las Boletas por Correo &#8211; ACTUALIZADO<\/a><\/p>\n<p>30-01-2024\u00a0 <a href=\"https:\/\/uploads.rov.sbcounty.gov\/ROV\/es\/News\/2024\/0305\/PublicNotice_ObservationSchedule.pdf\" target=\"_blank\" rel=\"noopener\">Aviso P\u00fablico \u2013 Calendario de Observaci\u00f3n &#8211; ACTUALIZADO<\/a><\/p>\n<p>27-01-2024\u00a0 <a href=\"https:\/\/uploads.rov.sbcounty.gov\/ROV\/es\/News\/2024\/0305\/PublicNotice_ObservationSchedule.pdf\" target=\"_blank\" rel=\"noopener\">Aviso P\u00fablico \u2013 Calendario de Observaci\u00f3n<\/a><\/p>\n<p>24-01-2024\u00a0 <a href=\"https:\/\/uploads.rov.sbcounty.gov\/rov\/es\/News\/2024\/0305\/PublicNotice_PollingPlaceCentralCount.pdf\" target=\"_blank\" rel=\"noopener\">Aviso P\u00fablico \u2013 Aviso sobre las Casillas Electorales y el Lugar de Conteo Central<\/a><\/p>\n<p>24-01-2024\u00a0 <a href=\"https:\/\/uploads.rov.sbcounty.gov\/rov\/es\/News\/2024\/0305\/PublicNotice_MailBallot_DropOffLocations.pdf\" target=\"_blank\" rel=\"noopener\">Aviso P\u00fablico \u2013 Lugares para Depositar las Boletas por Correo<\/a><\/p>\n<p>14-12-2023 \u00a0<a href=\"https:\/\/uploads.rov.sbcounty.gov\/ROV\/News\/2024\/0305\/SOSRandomAlpha.pdf\" target=\"_blank\" rel=\"noopener\">Sorteo para Orden Aleatorizado de las Letras del Alfabeto del Secretario de Estado<\/a><\/p>\n<p>14-12-2023 \u00a0<a href=\"https:\/\/uploads.rov.sbcounty.gov\/ROV\/News\/2024\/0305\/PublicNotice_RandomizedAlphabetDraw.pdf\" target=\"_blank\" rel=\"noopener\">Sorteo para Orden Aleatorizado de las Letras del Alfabeto del Condado de San Bernardino<\/a><\/p>\n<p>11-12-2023\u00a0 <a href=\"https:\/\/uploads.rov.sbcounty.gov\/ROV\/es\/News\/2024\/0305\/PublicNotice_MeasureLetterAssignments.pdf\" target=\"_blank\" rel=\"noopener\">Aviso P\u00fablico \u2013 Asignaci\u00f3n de Letras de Medidas<\/a><\/p>\n<p>08-12-2023\u00a0 <a href=\"https:\/\/uploads.rov.sbcounty.gov\/ROV\/es\/News\/2024\/0305\/SOS_NominationPeriodFilingExtension.pdf\" target=\"_blank\" rel=\"noopener\">Aviso sobre Pr\u00f3rroga para la Presentaci\u00f3n durante el Periodo de Nominaci\u00f3n de la Secretaria de Estado<\/a><\/p>\n<p>08-12-2023\u00a0 <a href=\"https:\/\/uploads.rov.sbcounty.gov\/ROV\/es\/News\/2024\/0305\/PublicNotice_RandomAlphaDraw.pdf\" target=\"_blank\" rel=\"noopener\">Aviso P\u00fablico \u2013 Invitaci\u00f3n para Observar el Sorteo para Orden Aleatorizado de las Letras del Alfabeto del Condado<\/a><\/p>\n<p>06-12-2023\u00a0 <a href=\"https:\/\/uploads.rov.sbcounty.gov\/ROV\/es\/News\/2024\/0305\/PublicNotice_AssignmentOfMeasureLetters.pdf\" target=\"_blank\" rel=\"noopener\">Aviso P\u00fablico \u2013 Invitaci\u00f3n para Observar la Asignaci\u00f3n de Letras de Medidas Locales<\/a><\/p>\n<p>08-11-2023\u00a0 <a href=\"https:\/\/uploads.rov.sbcounty.gov\/ROV\/es\/News\/2024\/0305\/PressRelease_CandidateFilingBegins.pdf\" target=\"_blank\" rel=\"noopener\">Comunicado de Prensa \u2013 Comienza la Presentaci\u00f3n de Candidatos<\/a><\/p>\n<p>25-10-2023\u00a0 <a href=\"https:\/\/uploads.rov.sbcounty.gov\/ROV\/es\/Elections\/2024\/0305\/Report_OfficesUpForElection.pdf\" target=\"_blank\" rel=\"noopener\">Aviso P\u00fablico \u2013 Cargos por Elegir<\/a><\/p>\n<p>06-10-2023\u00a0 <a href=\"https:\/\/uploads.rov.sbcounty.gov\/ROV\/News\/2024\/0305\/Proclamation_PresPrim2024.pdf\" target=\"_blank\" rel=\"noopener\">Proclamaci\u00f3n del Gobernador: Elecci\u00f3nes Primarias Presidenciales<\/a><\/p>\n<p>02-10-2023\u00a0 <a href=\"https:\/\/uploads.rov.sbcounty.gov\/ROV\/es\/News\/2024\/0305\/proclamation-writ-election.pdf\" target=\"_blank\" rel=\"noopener\">Proclamaci\u00f3n del Gobernador: Elecci\u00f3n Primaria de Vacante Especial<\/a><\/p>\n<\/div>\n\n  <\/section>\n\n\t\n\n\n<h2 class=\"wp-block-heading block-subtitle\"><\/h2>\n","protected":false},"excerpt":{"rendered":"<p>Elecciones Generales &#8211; 5 de noviembre de 2024 28-01-2025\u00a0 Aviso P\u00fablico \u2013 Designaciones a Distritos Especiales en Lugar de Elecciones \u2013 ACTUALIZADO 17-01-2025\u00a0 Aviso P\u00fablico \u2013 Designaciones a Distritos Especiales en Lugar de Elecciones 05-12-2024\u00a0 Aviso P\u00fablico \u2013 Certificaci\u00f3n por parte de la Junta de L\u00f3gica y Precisi\u00f3n Posterior 03-12-2024\u00a0<span class=\"ellipsis\">&#8230;<\/span><\/p>\n","protected":false},"author":71,"featured_media":37382,"parent":138,"menu_order":0,"comment_status":"closed","ping_status":"closed","template":"templates\/rov-left-sidebar-template.php","meta":{"_acf_changed":false,"footnotes":""},"class_list":["post-89355","page","type-page","status-publish","has-post-thumbnail","hentry"],"acf":[],"_links":{"self":[{"href":"https:\/\/elections.sbcounty.gov\/es\/wp-json\/wp\/v2\/pages\/89355","targetHints":{"allow":["GET"]}}],"collection":[{"href":"https:\/\/elections.sbcounty.gov\/es\/wp-json\/wp\/v2\/pages"}],"about":[{"href":"https:\/\/elections.sbcounty.gov\/es\/wp-json\/wp\/v2\/types\/page"}],"author":[{"embeddable":true,"href":"https:\/\/elections.sbcounty.gov\/es\/wp-json\/wp\/v2\/users\/71"}],"replies":[{"embeddable":true,"href":"https:\/\/elections.sbcounty.gov\/es\/wp-json\/wp\/v2\/comments?post=89355"}],"version-history":[{"count":5,"href":"https:\/\/elections.sbcounty.gov\/es\/wp-json\/wp\/v2\/pages\/89355\/revisions"}],"predecessor-version":[{"id":93429,"href":"https:\/\/elections.sbcounty.gov\/es\/wp-json\/wp\/v2\/pages\/89355\/revisions\/93429"}],"up":[{"embeddable":true,"href":"https:\/\/elections.sbcounty.gov\/es\/wp-json\/wp\/v2\/pages\/138"}],"wp:featuredmedia":[{"embeddable":true,"href":"https:\/\/elections.sbcounty.gov\/es\/wp-json\/wp\/v2\/media\/37382"}],"wp:attachment":[{"href":"https:\/\/elections.sbcounty.gov\/es\/wp-json\/wp\/v2\/media?parent=89355"}],"curies":[{"name":"wp","href":"https:\/\/api.w.org\/{rel}","templated":true}]}}