{"id":88873,"date":"2025-04-07T11:38:02","date_gmt":"2025-04-07T18:38:02","guid":{"rendered":"https:\/\/elections.sbcounty.gov\/es\/?page_id=88873"},"modified":"2026-03-10T19:23:00","modified_gmt":"2026-03-11T02:23:00","slug":"cac","status":"publish","type":"page","link":"https:\/\/elections.sbcounty.gov\/es\/cac\/","title":{"rendered":"Comisi\u00f3n de Responsabilidad de Campa\u00f1a"},"content":{"rendered":"  <section data-isd-block-id=\"rov-content-blockblock_5e43310d11ad79a3c5aeeaf2a73bec0e\"\n\t\t\t\t\t\t\t\t\t\t \t\t\t\t\t\t\t\t\t\t\t\tid=\"Pr\u00f3xima\"\n\t\t\t\t\t\t\t\t\t\t\t\t\t\t\t   \t\t\t\t\t\t\t\t\t\t\t class=\"card-style main-content-wrapper rov-card-style mb-4\">\n\n\t<h2 class=\"block-subtitle blue\">Pr\u00f3xima reuni\u00f3n de la Comisi\u00f3n de Responsabilidad de Campa\u00f1a<\/h2>\n\n\t<div class=\"ctnr-block-content\"><p><strong>Cu\u00e1ndo:\u00a0 <\/strong>Martes, 21 de abril de 2026, de 3:30 p.m.<br \/>\n<strong>D\u00f3nde:\u00a0 <\/strong>Oficina del Registro de Votantes, Sala de Conferencias de CSG, 777 E. Rialto Avenue, San Bernardino, CA 92415<\/p>\n<p><strong>\u00d3rdenes del d\u00eda\u00a0<\/strong>[pr\u00f3ximamente disponible]<\/p>\n<\/div>\n\n  <\/section>\n\n\t\n\n  <section data-isd-block-id=\"rov-content-blockblock_571ca45002907601f4c5fa6903048fe2\"\n\t\t\t\t\t\t\t\t\t\t \t\t\t\t\t\t\t\t\t\t\t\tid=\"Comisionados\"\n\t\t\t\t\t\t\t\t\t\t\t\t\t\t\t   \t\t\t\t\t\t\t\t\t\t\t class=\"card-style main-content-wrapper rov-card-style mb-4\">\n\n\t<h2 class=\"block-subtitle blue\">Comisionados<\/h2>\n\n\t<div class=\"ctnr-block-content\"><p>Asiento 1 &#8211; Mark A. Creffield<br \/>\nAsiento 2 &#8211; Jennifer Karpinski<br \/>\nAsiento 3 &#8211; Mark D. Stanson &#8211; Vicepresidente<br \/>\nAsiento 4 &#8211; Kevin G. Cisneroz &#8211; Presidente<br \/>\nAsiento 5 &#8211; Paul M. Rasso<br \/>\nAsiento 6 &#8211; Jeff Patterson<br \/>\nAsiento 7 &#8211; Jake Scruggs<br \/>\nAsiento 8 &#8211; Michelle Hardesty<br \/>\nAsiento 9 &#8211; Armando Valles<\/p>\n<\/div>\n\n  <\/section>\n\n\t\n\n  <section data-isd-block-id=\"rov-content-blockblock_810fe3a4a6b7d1e0ce087135c44e54b9\"\n\t\t\t\t\t\t\t\t\t\t \t\t\t\t\t\t\t\t\t\t\t class=\"card-style main-content-wrapper rov-card-style mb-4\">\n\n\t<h2 class=\"block-subtitle blue\">Comentarios del P\u00fablico<\/h2>\n\n\t<div class=\"ctnr-block-content\"><p>Las reuniones est\u00e1n abiertas al p\u00fablico para que haga comentarios durante las horas designadas en el orden del d\u00eda. Los comentarios del p\u00fablico pueden enviarse por correo electr\u00f3nico a <a href=\"mailto:SBC_CAC@rov.sbcounty.gov\" target=\"_blank\" rel=\"noopener\">SBC_CAC@rov.sbcounty.gov<\/a>. Se entregar\u00e1 en persona un formulario para <a href=\"https:\/\/uploads.rov.sbcounty.gov\/ROV\/ElectedOfficialsAndCandidates\/CAC\/Form_PublicCommentSlip.pdf\" target=\"_blank\" rel=\"noopener\">Solicitar la Palabra<\/a> [pdf] sobre <a href=\"https:\/\/uploads.rov.sbcounty.gov\/ROV\/ElectedOfficialsAndCandidates\/CAC\/Form_CalendaredItem.pdf\" target=\"_blank\" rel=\"noopener\">Comentarios del P\u00fablico y Asuntos Programados<\/a> [pdf].<\/p>\n<\/div>\n\n  <\/section>\n\n\t\n\n  <section data-isd-block-id=\"rov-content-blockblock_92cdd0c7cd0e12fad7672365c9fb6eb2\"\n\t\t\t\t\t\t\t\t\t\t \t\t\t\t\t\t\t\t\t\t\t\tid=\"\u00d3rdenes del d\u00eda\"\n\t\t\t\t\t\t\t\t\t\t\t\t\t\t\t   \t\t\t\t\t\t\t\t\t\t\t class=\"card-style main-content-wrapper rov-card-style mb-4\">\n\n\t<h2 class=\"block-subtitle blue\">\u00d3rdenes del d\u00eda y Actas<\/h2>\n\n\t<div class=\"ctnr-block-content\"><table class=\"table striped\" style=\"border-collapse: collapse\" border=\"1\">\n<tbody>\n<tr>\n<td width=\"250\"><strong>Nombre de la Reuni\u00f3n<\/strong><\/td>\n<td style=\"text-align: center\" width=\"180\"><strong>Fecha<\/strong><\/td>\n<td style=\"text-align: center\" width=\"95\"><strong>Hora<\/strong><\/td>\n<td width=\"270\"><strong>Ubicaci\u00f3n<\/strong><\/td>\n<td style=\"text-align: center\" width=\"120\"><strong>\u00d3rdenes del d\u00eda<\/strong><\/td>\n<td style=\"text-align: center\" width=\"120\"><strong>Actas<\/strong><\/td>\n<\/tr>\n<tr>\n<td>Reuni\u00f3n Ordinaria<\/td>\n<td style=\"text-align: left\">Martes,<br \/>\n21 de abril de 2026<\/td>\n<td style=\"text-align: center\">3:30 p.m.<\/td>\n<td>Oficina del Registro de Votantes<br \/>\nSala de Conferencias de CSG<br \/>\n777 E. Rialto Avenue<br \/>\nSan Bernardino, CA 92415<\/td>\n<td style=\"text-align: center\">\u00d3rdenes del d\u00eda<\/td>\n<td style=\"text-align: center\">Actas<\/td>\n<\/tr>\n<tr>\n<td>Reuni\u00f3n Ordinaria<\/td>\n<td style=\"text-align: left\">Martes,<br \/>\n17 de febrero de 2026<\/td>\n<td style=\"text-align: center\">3:30 p.m.<\/td>\n<td>Auditor-Controlador\/Tesorero\/ Recaudador de Impuestos<br \/>\n268 W. Hospitality Lane<br \/>\nSan Bernardino, CA 92408<\/td>\n<td style=\"text-align: center\"><a href=\"https:\/\/uploads.rov.sbcounty.gov\/ROV\/ElectedOfficialsAndCandidates\/CAC\/CACAgenda_2026-02-17.pdf\" target=\"_blank\" rel=\"noopener\">\u00d3rdenes del d\u00eda<\/a><\/td>\n<td style=\"text-align: center\">Actas<\/td>\n<\/tr>\n<tr>\n<td>Reuni\u00f3n Ordinaria &#8211; Cancelado<\/td>\n<td style=\"text-align: left\">Martes,<br \/>\n18 de noviembre de 2025<\/td>\n<td style=\"text-align: center\">3:30 p.m.<\/td>\n<td>No aplicable<\/td>\n<td style=\"text-align: center\">\u00a0No aplicable<\/td>\n<td style=\"text-align: center\">\u00a0No aplicable<\/td>\n<\/tr>\n<tr>\n<td>Reuni\u00f3n Ordinaria &#8211; Cancelado<\/td>\n<td style=\"text-align: left\">Martes,<br \/>\n21 de octubre de 2025<\/td>\n<td style=\"text-align: center\">3:30 p.m.<\/td>\n<td>No aplicable<\/td>\n<td style=\"text-align: center\">No aplicable<\/td>\n<td style=\"text-align: center\">No aplicable<\/td>\n<\/tr>\n<tr>\n<td>Reuni\u00f3n Ordinaria<\/td>\n<td style=\"text-align: left\">Martes,<br \/>\n16 de septiembre de 2025<\/td>\n<td style=\"text-align: center\">3:30 p.m.<\/td>\n<td>Auditor-Controlador\/Tesorero\/ Recaudador de Impuestos<br \/>\n268 W. Hospitality Lane<br \/>\nSan Bernardino, CA 92408<\/td>\n<td style=\"text-align: center\"><a href=\"https:\/\/uploads.rov.sbcounty.gov\/ROV\/ElectedOfficialsAndCandidates\/CAC\/CACAgenda_2025-09-16.pdf\" target=\"_blank\" rel=\"noopener\">\u00d3rdenes del d\u00eda<\/a><\/td>\n<td style=\"text-align: center\"><a href=\"https:\/\/uploads.rov.sbcounty.gov\/ROV\/ElectedOfficialsAndCandidates\/CAC\/CAC_Minutes-2025-09-16.pdf\" target=\"_blank\" rel=\"noopener\">Actas<\/a><\/td>\n<\/tr>\n<tr>\n<td>Reuni\u00f3n Ordinaria<\/td>\n<td style=\"text-align: left\">Martes,<br \/>\n19 de agosto de 2025<\/td>\n<td style=\"text-align: center\">3:30 p.m.<\/td>\n<td>Oficina del Registro de Votantes<br \/>\nSala de Formaci\u00f3n de ROV<br \/>\n777 E. Rialto Avenue<br \/>\nSan Bernardino, CA 92415<\/td>\n<td style=\"text-align: center\"><a href=\"https:\/\/uploads.rov.sbcounty.gov\/ROV\/es\/ElectedOfficialsAndCandidates\/CAC\/CACAgenda_2025-08-19.pdf\" target=\"_blank\" rel=\"noopener\">\u00d3rdenes del d\u00eda<\/a><\/td>\n<td style=\"text-align: center\"><a href=\"https:\/\/uploads.rov.sbcounty.gov\/ROV\/ElectedOfficialsAndCandidates\/CAC\/CAC_Minutes_2025-08-19.pdf\" target=\"_blank\" rel=\"noopener\">Actas<\/a><\/td>\n<\/tr>\n<tr>\n<td>Reuni\u00f3n Ordinaria<\/td>\n<td style=\"text-align: left\">Lunes,<br \/>\n21 de julio de 2025<\/td>\n<td style=\"text-align: center\">3:30 p.m.<\/td>\n<td>Oficina del Registro de Votantes<br \/>\nSala de Formaci\u00f3n de ROV<br \/>\n777 E. Rialto Avenue<br \/>\nSan Bernardino, CA 92415<\/td>\n<td style=\"text-align: center\"><a href=\"https:\/\/uploads.rov.sbcounty.gov\/ROV\/es\/ElectedOfficialsAndCandidates\/CAC\/CACAgenda_2025-07-21.pdf\" target=\"_blank\" rel=\"noopener\">\u00d3rdenes del d\u00eda<\/a><\/td>\n<td style=\"text-align: center\"><a href=\"https:\/\/uploads.rov.sbcounty.gov\/ROV\/es\/ElectedOfficialsAndCandidates\/CAC\/CAC_Minutes_2025-07-21.pdf\" target=\"_blank\" rel=\"noopener\">Actas<\/a><\/td>\n<\/tr>\n<tr>\n<td>Reuni\u00f3n Ordinaria<\/td>\n<td style=\"text-align: left\">Martes,<br \/>\n17 de junio de 2025<\/td>\n<td style=\"text-align: center\">3:30 p.m.<\/td>\n<td>Oficina del Registro de Votantes<br \/>\nSala de Formaci\u00f3n de ROV<br \/>\n777 E. Rialto Avenue<br \/>\nSan Bernardino, CA 92415<\/td>\n<td style=\"text-align: center\"><a href=\"https:\/\/uploads.rov.sbcounty.gov\/ROV\/es\/ElectedOfficialsAndCandidates\/CAC\/CACAgenda_2025-06-17.pdf\" target=\"_blank\" rel=\"noopener\">\u00d3rdenes del d\u00eda<\/a><\/td>\n<td style=\"text-align: center\"><a href=\"https:\/\/uploads.rov.sbcounty.gov\/ROV\/ElectedOfficialsAndCandidates\/CAC\/CAC_Minutes_2025-06-17.pdf\" target=\"_blank\" rel=\"noopener\">Actas<\/a><\/td>\n<\/tr>\n<tr>\n<td>Reuni\u00f3n Ordinaria<\/td>\n<td style=\"text-align: left\">Martes,<br \/>\n20 de mayo de 2025<\/td>\n<td style=\"text-align: center\">3 p.m.<\/td>\n<td>Oficina del Registro de Votantes<br \/>\nSala de Conferencias de CSG<br \/>\n777 E. Rialto Avenue<br \/>\nSan Bernardino, CA 92415<\/td>\n<td style=\"text-align: center\"><a href=\"https:\/\/uploads.rov.sbcounty.gov\/ROV\/ElectedOfficialsAndCandidates\/CAC\/CACAgenda_2025-05-20.pdf\" target=\"_blank\" rel=\"noopener\">\u00d3rdenes del d\u00eda<\/a><\/td>\n<td style=\"text-align: center\"><a href=\"https:\/\/uploads.rov.sbcounty.gov\/ROV\/ElectedOfficialsAndCandidates\/CAC\/CACAgenda_2025-06-17.pdf\" target=\"_blank\" rel=\"noopener\">Actas<\/a><\/td>\n<\/tr>\n<tr>\n<td>Reuni\u00f3n Ordinaria<\/td>\n<td style=\"text-align: left\">Martes,<br \/>\n15 de abril de 2025<\/td>\n<td style=\"text-align: center\">3 p.m.<\/td>\n<td>Oficina del Registro de Votantes<br \/>\nSala de Conferencias de CSG<br \/>\n777 E. Rialto Avenue<br \/>\nSan Bernardino, CA 92415<\/td>\n<td style=\"text-align: center\"><a href=\"https:\/\/uploads.rov.sbcounty.gov\/ROV\/ElectedOfficialsAndCandidates\/CAC\/CACAgenda_2025-04-15.pdf\" target=\"_blank\" rel=\"noopener\">\u00d3rdenes del d\u00eda<\/a><\/td>\n<td style=\"text-align: center\"><a href=\"https:\/\/uploads.rov.sbcounty.gov\/ROV\/ElectedOfficialsAndCandidates\/CAC\/CAC_Minutes_2025-04-15.pdf\" target=\"_blank\" rel=\"noopener\">Actas<\/a><\/td>\n<\/tr>\n<tr>\n<td>Reuni\u00f3n Inaugural de la Comisi\u00f3n<\/td>\n<td style=\"text-align: left\">Martes,<br \/>\n25 de marzo de 2025<\/td>\n<td style=\"text-align: center\">3 p.m.<\/td>\n<td>Oficina del Registro de Votantes<br \/>\nSala de Conferencias de CSG<br \/>\n777 E. Rialto Avenue<br \/>\nSan Bernardino, CA 92415<\/td>\n<td style=\"text-align: center\">\u00a0<a href=\"https:\/\/uploads.rov.sbcounty.gov\/ROV\/ElectedOfficialsAndCandidates\/CAC\/CACAgenda_2025-03-25.pdf\" target=\"_blank\" rel=\"noopener\">\u00d3rdenes del d\u00eda<\/a><\/td>\n<td style=\"text-align: center\"><a href=\"https:\/\/uploads.rov.sbcounty.gov\/ROV\/ElectedOfficialsAndCandidates\/CAC\/CAC_Minutes_2025-03-25.pdf\" target=\"_blank\" rel=\"noopener\">Actas<\/a><\/td>\n<\/tr>\n<\/tbody>\n<\/table>\n<\/div>\n\n  <\/section>\n\n\t\n\n  <section data-isd-block-id=\"rov-content-blockblock_8abfbccbf6f560b253866497acd2ddc5\"\n\t\t\t\t\t\t\t\t\t\t \t\t\t\t\t\t\t\t\t\t\t\tid=\"Disclosure\"\n\t\t\t\t\t\t\t\t\t\t\t\t\t\t\t   \t\t\t\t\t\t\t\t\t\t\t class=\"card-style main-content-wrapper rov-card-style mb-4\">\n\n\t<h2 class=\"block-subtitle blue\">Informaci\u00f3n de Declaraciones de Campa\u00f1a<\/h2>\n\n\t<div class=\"ctnr-block-content\"><p>Buscar <a href=\"https:\/\/nf4.netfile.com\/pub\/?aid=SBC\" target=\"_blank\" rel=\"noopener\">Declaraciones de Intereses Econ\u00f3micos (Statements of Economic Interests, SEI) Formulario 700<\/a><\/p>\n<p>Buscar <a href=\"https:\/\/public.netfile.com\/pub2\/?aid=SBD\">Declaraciones de Campa\u00f1a y SEIs de los Candidatos<\/a><\/p>\n<p>Ver la <a href=\"https:\/\/uploads.rov.sbcounty.gov\/ROV\/ElectedOfficialsAndCandidates\/CAC\/ORD4479.pdf\" target=\"_blank\" rel=\"noopener\">Ordenanza de Reforma del Financiamiento de Campa\u00f1as<\/a> [pdf]<\/p>\n<p>Ver los <a href=\"https:\/\/uploads.rov.sbcounty.gov\/ROV\/es\/ElectedOfficialsAndCandidates\/CAC\/ContributionLimits.pdf\" target=\"_blank\" rel=\"noopener\">L\u00edmites de Contribuci\u00f3n a las Campa\u00f1as del Condado de San Bernardino<\/a> [pdf]<\/p>\n<\/div>\n\n  <\/section>\n\n\t\n\n  <section data-isd-block-id=\"rov-content-blockblock_fed08bc2d5dc74bedf9ab32a31601cdf\"\n\t\t\t\t\t\t\t\t\t\t \t\t\t\t\t\t\t\t\t\t\t\tid=\"Comun\u00edquese\"\n\t\t\t\t\t\t\t\t\t\t\t\t\t\t\t   \t\t\t\t\t\t\t\t\t\t\t class=\"card-style main-content-wrapper rov-card-style mb-4\">\n\n\t<h2 class=\"block-subtitle blue\">Comun\u00edquese con Nosotros<\/h2>\n\n\t<div class=\"ctnr-block-content\"><p>Para m\u00e1s informaci\u00f3n o dudas, env\u00ede un correo electr\u00f3nico a <a href=\"mailto:SBC_CAC@rov.sbcounty.gov\">SBC_CAC@rov.sbcounty.gov<\/a>.<\/p>\n<\/div>\n\n  <\/section>\n\n\t","protected":false},"excerpt":{"rendered":"<p>Pr\u00f3xima reuni\u00f3n de la Comisi\u00f3n de Responsabilidad de Campa\u00f1a Cu\u00e1ndo:\u00a0 Martes, 21 de abril de 2026, de 3:30 p.m. D\u00f3nde:\u00a0 Oficina del Registro de Votantes, Sala de Conferencias de CSG, 777 E. Rialto Avenue, San Bernardino, CA 92415 \u00d3rdenes del d\u00eda\u00a0[pr\u00f3ximamente disponible] Comisionados Asiento 1 &#8211; Mark A. Creffield Asiento<span class=\"ellipsis\">&#8230;<\/span><\/p>\n","protected":false},"author":71,"featured_media":37382,"parent":0,"menu_order":0,"comment_status":"closed","ping_status":"closed","template":"templates\/rov-left-sidebar-template.php","meta":{"_acf_changed":false,"footnotes":""},"class_list":["post-88873","page","type-page","status-publish","has-post-thumbnail","hentry"],"acf":[],"_links":{"self":[{"href":"https:\/\/elections.sbcounty.gov\/es\/wp-json\/wp\/v2\/pages\/88873","targetHints":{"allow":["GET"]}}],"collection":[{"href":"https:\/\/elections.sbcounty.gov\/es\/wp-json\/wp\/v2\/pages"}],"about":[{"href":"https:\/\/elections.sbcounty.gov\/es\/wp-json\/wp\/v2\/types\/page"}],"author":[{"embeddable":true,"href":"https:\/\/elections.sbcounty.gov\/es\/wp-json\/wp\/v2\/users\/71"}],"replies":[{"embeddable":true,"href":"https:\/\/elections.sbcounty.gov\/es\/wp-json\/wp\/v2\/comments?post=88873"}],"version-history":[{"count":61,"href":"https:\/\/elections.sbcounty.gov\/es\/wp-json\/wp\/v2\/pages\/88873\/revisions"}],"predecessor-version":[{"id":93462,"href":"https:\/\/elections.sbcounty.gov\/es\/wp-json\/wp\/v2\/pages\/88873\/revisions\/93462"}],"wp:featuredmedia":[{"embeddable":true,"href":"https:\/\/elections.sbcounty.gov\/es\/wp-json\/wp\/v2\/media\/37382"}],"wp:attachment":[{"href":"https:\/\/elections.sbcounty.gov\/es\/wp-json\/wp\/v2\/media?parent=88873"}],"curies":[{"name":"wp","href":"https:\/\/api.w.org\/{rel}","templated":true}]}}