{"id":88534,"date":"2025-04-01T10:48:26","date_gmt":"2025-04-01T17:48:26","guid":{"rendered":"https:\/\/elections.sbcounty.gov\/es\/?page_id=88534"},"modified":"2025-12-22T16:21:32","modified_gmt":"2025-12-23T00:21:32","slug":"0624","status":"publish","type":"page","link":"https:\/\/elections.sbcounty.gov\/es\/elections\/2025\/0624\/","title":{"rendered":"Elecciones Especiales con Boletas por Correo del Distrito de Cuidados de la Salud Comunitarios Bear Valley"},"content":{"rendered":"  <section data-isd-block-id=\"rov-content-blockblock_0818454d7be27d69bf018a9b7d2a1f08\"\n\t\t\t\t\t\t\t\t\t\t \t\t\t\t\t\t\t\t\t\t\t class=\"card-style main-content-wrapper rov-card-style mb-4\">\n\n\t<h2 class=\"block-subtitle blue\">Fechas Clave y Fechas L\u00edmite<\/h2>\n\n\t<div class=\"ctnr-block-content\"><table class=\"table table-striped\" style=\"width: 99%\">\n<thead>\n<tr style=\"text-align: left\">\n<th role=\"presentation\"><strong>Fecha<\/strong><\/th>\n<th role=\"presentation\"><strong>Acci\u00f3n<\/strong><\/th>\n<\/tr>\n<\/thead>\n<tbody>\n<tr style=\"text-align: left\">\n<td>27 de mayo de 2025<\/td>\n<td>Comienza el voto anticipado<\/td>\n<\/tr>\n<tr>\n<td>27 de mayo de 2025<\/td>\n<td>Se entregan las Gu\u00edas de Informaci\u00f3n para el Votante y las Boletas por Correo a la Oficina Postal de EE. UU.<\/td>\n<\/tr>\n<tr>\n<td>9 de junio de 2025<\/td>\n<td>Fecha l\u00edmite para el registro de votantes<\/td>\n<\/tr>\n<tr>\n<td>17 de junio de 2025<\/td>\n<td>Fecha l\u00edmite para solicitar una boleta por correo de reemplazo<\/td>\n<\/tr>\n<tr>\n<td><strong>24 de junio de 2025<\/strong><\/td>\n<td><strong>D\u00eda de las Elecciones \u2013<\/strong> <strong>Elecciones Especiales con Boletas por Correo del Distrito de Cuidados de la Salud Comunitarios Bear Valley<\/strong><\/td>\n<\/tr>\n<tr>\n<td>25 de junio de 2025<\/td>\n<td>Comienza el escrutinio de las Elecciones<\/td>\n<\/tr>\n<\/tbody>\n<\/table>\n<\/div>\n\n  <\/section>\n\n\t\n\n  <section data-isd-block-id=\"rov-content-blockblock_88aee06e9a083ef8d80ad26def153772\"\n\t\t\t\t\t\t\t\t\t\t \t\t\t\t\t\t\t\t\t\t\t class=\"card-style main-content-wrapper rov-card-style mb-4\">\n\n\t<h2 class=\"block-subtitle blue\">Publicaciones Electorales<\/h2>\n\n\t<div class=\"ctnr-block-content\"><p><strong>Gu\u00eda de Informaci\u00f3n para el Votante del Condado de San Bernardino<\/strong><\/p>\n<ul>\n<li>La\u00a0<a href=\"https:\/\/uploads.rov.sbcounty.gov\/ROV\/es\/Elections\/2025\/0624\/VIG.pdf\" target=\"_blank\" rel=\"noopener\"><strong>Gu\u00eda de Informaci\u00f3n para el Votante<\/strong><\/a> [pdf] es un folleto publicado por el Registro de Votantes del Condado de San Bernardino que incluye informaci\u00f3n sobre la votaci\u00f3n y las medidas.<\/li>\n<li>La <a href=\"https:\/\/ca.omniballot.us\/sites\/06071\/SanBernardino_ASB\/app\/home\"><strong>Gu\u00eda de Informaci\u00f3n para el Votante<\/strong> <strong>accesible<\/strong><\/a> proporciona informaci\u00f3n electoral personalizada para los votantes que utilizan programas de lectura de pantalla.<\/li>\n<\/ul>\n<p><strong><a href=\"https:\/\/elections.sbcounty.gov\/es\/news\/\">Comunicados de Prensa y Avisos P\u00fablicos<\/a><\/strong><\/p>\n<\/div>\n\n  <\/section>\n\n\t\n\n  <section data-isd-block-id=\"rov-content-blockblock_31b92a22084fc2a1791168694b1917b9\"\n\t\t\t\t\t\t\t\t\t\t \t\t\t\t\t\t\t\t\t\t\t class=\"card-style main-content-wrapper rov-card-style mb-4\">\n\n\t<h2 class=\"block-subtitle blue\">Registro de Votantes<\/h2>\n\n\t<div class=\"ctnr-block-content\"><p>Su solicitud de registro de votante debe tener sello postal con fecha antes del\u00a0<strong>9 de junio de 2025<\/strong> para las Elecciones Especiales con Boletas por Correo del Distrito de Cuidados de la Salud Comunitarios Bear Valley.<\/p>\n<p><strong>Si ya pas\u00f3 la fecha l\u00edmite de registro de votantes,\u00a0<\/strong>a\u00fan puede registrarse y votar personalmente en la\u00a0oficina del Registro de Votantes. La oficina del Registro de Votantes est\u00e1 abierto de lunes a viernes, de 8 a.m. a 5 p.m. El d\u00eda de las elecciones, el Registro de Votantes est\u00e1 abierto de 7 a.m. a 8 p.m.<\/p>\n<ul>\n<li>Visite nuestra p\u00e1gina del <a href=\"https:\/\/elections.sbcounty.gov\/es\/voterregistration\/\">Registro de Votantes<\/a> para obtener la informaci\u00f3n completa y las instrucciones sobre el registro para votar.<\/li>\n<li>Consulte el <a href=\"https:\/\/uploads.rov.sbcounty.gov\/ROV\/es\/Elections\/2025\/0624\/Report_CloseOfRegistration.pdf\" target=\"_blank\" rel=\"noopener\">Resumen del Registro de Votantes Calificados<\/a> [pdf] para estas elecciones.<\/li>\n<\/ul>\n<p>Hasta el cierre de las casillas a las 8 p.m. el D\u00eda de las Elecciones, todos los votantes a\u00fan pueden actualizar su domicilio residencial o partido pol\u00edtico de preferencia.<\/p>\n<p>Para obtener m\u00e1s informaci\u00f3n, consultar <a href=\"https:\/\/elections.sbcounty.gov\/VoterRegistration\/How\/#AfterCOR\">las instrucciones y el Formulario de Cambio de Direcci\u00f3n<\/a>.<\/p>\n<\/div>\n\n  <\/section>\n\n\t\n\n  <section data-isd-block-id=\"rov-content-blockblock_f868c468f2be8910d92ff46e965f8549\"\n\t\t\t\t\t\t\t\t\t\t \t\t\t\t\t\t\t\t\t\t\t class=\"card-style main-content-wrapper rov-card-style mb-4\">\n\n\t<h2 class=\"block-subtitle blue\">Opciones de Voto<\/h2>\n\n\t<div class=\"ctnr-block-content\"><p><strong>Opciones de Voto para 24 de junio de 2025, Elecciones Especiales con Boletas por Correo del Distrito de Cuidados de la Salud Comunitarios Bear Valley:<\/strong><\/p>\n<ul>\n<li>Vote en una Boleta por Correo.\n<ul>\n<li>No son necesarias las solicitudes de boletas por correo. Las boletas por correo se enviar\u00e1n por correo a todos los votantes registrados activos.<\/li>\n<li>Solicite una boleta de reemplazo de las siguientes maneras:\n<ul>\n<li>Llamando al Registro de Votantes al (909) 387\u20118300<\/li>\n<li>Env\u00ede una\u00a0<a href=\"https:\/\/uploads.rov.sbcounty.gov\/ROV\/es\/Elections\/2025\/0624\/Application_MBReplacement.pdf\" target=\"_blank\" rel=\"noopener\">Solicitud de Boleta por Correo de Reemplazo<\/a>\u00a0[pdf]<\/li>\n<\/ul>\n<\/li>\n<li>La Boleta por Correo se puede entregar\u00a0en:\n<ul>\n<li>Buz\u00f3n para depositar las boletas por correo y oficina del Registro de Votantes\n<ul>\n<li>777 E. Rialto Avenue, San Bernardino<\/li>\n<li>Big Bear Lake Branch Library\n<ul>\n<li>41930 Garstin Dr., Big Bear Lake<\/li>\n<\/ul>\n<\/li>\n<li>Big Bear Lake Civic Center\n<ul>\n<li>39707 Big Bear Blvd., Big Bear Lake<\/li>\n<\/ul>\n<\/li>\n<\/ul>\n<\/li>\n<li>El buzones para depositar boletas por correo es disponibles las 24 horas del d\u00eda, los siete d\u00edas de la semana<\/li>\n<li>Las boletas deben entregarse antes de las 8 p.m. del martes, 24 de junio de 2025<\/li>\n<\/ul>\n<\/li>\n<li>Autorice a otra persona para que recoja su boleta por correo con una\u00a0<a href=\"https:\/\/uploads.rov.sbcounty.gov\/rov\/es\/Elections\/2025\/0624\/Application_VotersRepresentative.pdf\" target=\"_blank\" rel=\"noopener\">Solicitud para Entregar una Boleta por Correo a un Representante Autorizado<\/a> [pdf]\n<ul>\n<li>Las boletas oficiales pueden recogerse a partir del lunes, 27 de mayo.<\/li>\n<\/ul>\n<\/li>\n<\/ul>\n<\/li>\n<li>Vote antes en el Registro de Votantes a partir del 27 de mayo de 2025.\n<ul>\n<li>Marque su Boleta usando un Dispositivo de Marcado de Boletas que incluyen opciones de audio y letra grande<\/li>\n<\/ul>\n<\/li>\n<li>Vote en una <a href=\"https:\/\/ca.omniballot.us\/sites\/06071\/SanBernardino_RAVBM\/app\/home\">Boleta de Voto por Correo de Accesibilidad Remota<\/a> con su computadora e impresora.<\/li>\n<\/ul>\n<p><strong>Votantes con discapacidad:<\/strong><\/p>\n<p>Los votantes con discapacidad pueden votar de manera independiente:<\/p>\n<ul>\n<li>Vote en una <a href=\"https:\/\/ca.omniballot.us\/sites\/06071\/SanBernardino_RAVBM\/app\/home\">Boleta de Voto por Correo de Accesibilidad Remota<\/a>, use su computadora para marcar una boleta accessible<\/li>\n<li>Use un Dispositivo de Marcado de Boletas que incluyen opciones de audio y letra grande, votantes pueden marcar e imprimir su boleta.<\/li>\n<\/ul>\n<p>Visite nuestra p\u00e1gina de\u00a0<a href=\"https:\/\/elections.sbcounty.gov\/es\/voting\/\">Opciones de Voto<\/a> para obtener la informaci\u00f3n completa y las instrucciones.<\/p>\n<p><strong>Votantes Militares y en el Extranjero:<\/strong><\/p>\n<p>Los ciudadanos Uniformados y en el Extranjero pueden obtener una\u00a0<a href=\"https:\/\/ca.omniballot.us\/sites\/06071\/SanBernardino_VIG\/app\/home\">Gu\u00eda de Informaci\u00f3n para el Votante<\/a> as\u00ed como una <a href=\"https:\/\/ca.omniballot.us\/sites\/06071\/SanBernardino_UOCAVA\/app\/home\">Boleta<\/a> para estas elecciones. Para obtener la informaci\u00f3n completa, visite el sitio web para los <a href=\"https:\/\/www.sos.ca.gov\/elections\/voter-registration\/military-overseas-voters\">Votantes Militares y en el Extranjero<\/a>\u00a0de la Secretaria de Estado.<\/p>\n<\/div>\n\n  <\/section>\n\n\t\n\n  <section data-isd-block-id=\"rov-content-blockblock_d52f3eb76e89aa8a888123b3a9a0d9c3\"\n\t\t\t\t\t\t\t\t\t\t \t\t\t\t\t\t\t\t\t\t\t class=\"card-style main-content-wrapper rov-card-style mb-4\">\n\n\t<h2 class=\"block-subtitle blue\">C\u00f3mo Se Resuelven Firmas no Firmadas, las Firmas que No Coinciden, para las Boletas por Correo y Boletas Provisionales<\/h2>\n\n\t<div class=\"ctnr-block-content\"><p>Cuando el Registro de Votantes recibe una boleta de voto por correo o una boleta provisional sin la firma del votante en el sobre de identificaci\u00f3n o no puede cotejar la firma del votante en el sobre de devoluci\u00f3n con la firma que aparece en su registro de votante, el Registro de Votantes no puede contar esa boleta. Sin embargo, la ley de California permite a los votantes otra oportunidad para corregir su boleta por correo o boleta provisional hasta dos d\u00edas antes de que se certifiquen los resultados de las elecciones. A estos votantes se les notifica por correo que pueden:<\/p>\n<ul>\n<li>Ir al Registro de Votantes para firmar personalmente el sobre de identificaci\u00f3n de la boleta por correo o la boleta provisional, o firmar la Verificaci\u00f3n de Firma y Declaraci\u00f3n del Sobre de Identificaci\u00f3n Sin firmar;<\/li>\n<li>Completar y devolver una Verificaci\u00f3n de Firma y Declaraci\u00f3n del Sobre de Identificaci\u00f3n Sin firmar<\/li>\n<li>Solucionar la firma <a href=\"https:\/\/ca.omniballot.us\/sites\/06071\/SanBernardino_CURE\/app\/home\">en\u00a0l\u00ednea<\/a> de su sobre de identificaci\u00f3n en su boleta.<\/li>\n<\/ul>\n<p>Si recibe una carta del Registro de Votantes que indica que su firma en su sobre de devoluci\u00f3n de la boleta por correo o boleta provisional no coincide con su firma registrada, complete y devuelva inmediatamente una Verificaci\u00f3n de Firma y Declaraci\u00f3n del Sobre de Identificaci\u00f3n Sin firmar.<\/p>\n<p><strong><em>Para las boletas por correo:<\/em><\/strong><\/p>\n<ul>\n<li><a href=\"https:\/\/uploads.rov.sbcounty.gov\/ROV\/es\/Elections\/2025\/0624\/Form_UBS-SVS-MB.pdf\" target=\"_blank\" rel=\"noopener\">Verificaci\u00f3n de Firma y Declaraci\u00f3n del Sobre de Identificaci\u00f3n Sin firmar<\/a> \u2013 24 de junio de 2025, Elecciones Especiales con Boletas por Correo del Distrito de Cuidados de la Salud Comunitarios Bear Valley<\/li>\n<\/ul>\n<p><strong><em>Para las boletas provisionales:<\/em><\/strong><\/p>\n<ul>\n<li>Verificaci\u00f3n de Firma y Declaraci\u00f3n del Sobre de Identificaci\u00f3n Sin firmar \u2013 24 de junio de 2025, Elecciones Especiales con Boletas por Correo del Distrito de Cuidados de la Salud Comunitarios Bear Valley [pr\u00f3ximamente disponible]<\/li>\n<\/ul>\n<\/div>\n\n  <\/section>\n\n\t\n\n  <section data-isd-block-id=\"rov-content-blockblock_69c1eb53aa4631a8cf3dea4fbfec9172\"\n\t\t\t\t\t\t\t\t\t\t \t\t\t\t\t\t\t\t\t\t\t\tid=\"Medidas\"\n\t\t\t\t\t\t\t\t\t\t\t\t\t\t\t   \t\t\t\t\t\t\t\t\t\t\t class=\"card-style main-content-wrapper rov-card-style mb-4\">\n\n\t<h2 class=\"block-subtitle blue\">Medidas en la Boleta<\/h2>\n\n\t<div class=\"ctnr-block-content\"><table class=\"table striped\" style=\"border-collapse: collapse;height: 158px\" border=\"1\" width=\"1542\">\n<tbody>\n<tr>\n<th style=\"text-align: center\">Letra<\/th>\n<th style=\"text-align: center\">Jurisdicci\u00f3n<\/th>\n<th style=\"text-align: center\">Descripci\u00f3n de la Medida<\/th>\n<th style=\"text-align: center\">An\u00e1lisis<\/th>\n<th style=\"text-align: center\">Argumentos<\/th>\n<th style=\"text-align: center\">Porcentaje para ser Aprobada<\/th>\n<\/tr>\n<tr>\n<td style=\"text-align: center\"><a href=\"https:\/\/uploads.rov.sbcounty.gov\/ROV\/es\/News\/2025\/0624\/PublicNotice_NoticeOfElection.pdf\" target=\"_blank\" rel=\"noopener\">U<\/a><\/td>\n<td style=\"text-align: left\"><a href=\"https:\/\/uploads.rov.sbcounty.gov\/ROV\/es\/Elections\/2025\/0624\/Measures\/RES_BearValleyCHD.pdf\" target=\"_blank\" rel=\"noopener\">Distrito de Cuidados de la Salud Comunitarios Bear Valley<\/a><\/td>\n<td><a href=\"https:\/\/uploads.rov.sbcounty.gov\/ROV\/es\/Elections\/2025\/0624\/Measures\/FT_BearValleyCHD.pdf\" target=\"_blank\" rel=\"noopener\">Impuesto Parcelario Especial<\/a><\/td>\n<td><a href=\"https:\/\/uploads.rov.sbcounty.gov\/ROV\/es\/Elections\/2025\/0624\/Measures\/IA_BearValley_CHD.pdf\" target=\"_blank\" rel=\"noopener\">An\u00e1lisis Imparcial<\/a><\/td>\n<td>\n<ul>\n<li><a href=\"https:\/\/uploads.rov.sbcounty.gov\/ROV\/es\/Elections\/2025\/0624\/Measures\/AIF_BearValley_CHD.pdf\" target=\"_blank\" rel=\"noopener\">Argumento a Favor<\/a><\/li>\n<li><a href=\"https:\/\/uploads.rov.sbcounty.gov\/ROV\/es\/Elections\/2025\/0624\/Measures\/RAF_BearValley_CHD.pdf\" target=\"_blank\" rel=\"noopener\">Refutaci\u00f3n del Argumento a Favor<\/a><\/li>\n<li><a href=\"https:\/\/uploads.rov.sbcounty.gov\/ROV\/es\/Elections\/2025\/0624\/Measures\/AA_BearValley_CHD.pdf\" target=\"_blank\" rel=\"noopener\">Argumento en Contra<\/a><\/li>\n<li><a href=\"https:\/\/uploads.rov.sbcounty.gov\/ROV\/es\/Elections\/2025\/0624\/Measures\/RAA_BearValley_CHD.pdf\" target=\"_blank\" rel=\"noopener\">Refutaci\u00f3n del Argumento en Contra<\/a><\/li>\n<\/ul>\n<\/td>\n<td style=\"text-align: center\">2\/3<\/td>\n<\/tr>\n<\/tbody>\n<\/table>\n<h5 class=\"h5_leftalign\">Avisos P\u00fablicos y Formularios Relacionados:<\/h5>\n<ul>\n<li><a href=\"https:\/\/uploads.rov.sbcounty.gov\/ROV\/es\/News\/2025\/0624\/PublicNotice_MeasureLetterAssignment.pdf\" target=\"_blank\" rel=\"noopener\">Aviso P\u00fablico \u2013 Asignaci\u00f3n de Letras de Medidas<\/a><\/li>\n<li><a href=\"https:\/\/www.sbcounty.gov\/uploads\/ROV\/Elections\/2020\/1103\/Measures\/Form_9600StatementByProponents.pdf\" target=\"_blank\" rel=\"noopener\">Declaraci\u00f3n de los Proponentes \/ Autores de Argumentos (Formulario 9600)<\/a> [pdf]<\/li>\n<li><a href=\"https:\/\/elections.sbcounty.gov\/es\/elections\/measures\/\">Informaci\u00f3n General sobre las Medidas<\/a><\/li>\n<\/ul>\n<\/div>\n\n  <\/section>\n\n\t\n\n  <section data-isd-block-id=\"rov-content-blockblock_bc929e266461bf5d7cfa7c770ab069b6\"\n\t\t\t\t\t\t\t\t\t\t \t\t\t\t\t\t\t\t\t\t\t class=\"card-style main-content-wrapper rov-card-style mb-4\">\n\n\t<h2 class=\"block-subtitle blue\">Estad\u00edsticas de Devoluci\u00f3n de Boletas por Correo<\/h2>\n\n\t<div class=\"ctnr-block-content\"><p>El Informe de Estad\u00edsticas de Devoluci\u00f3n de Boletas por Correo muestra el n\u00famero de boletas por correo que se han emitido y devuelto en las elecciones, as\u00ed como las estad\u00edsticas hist\u00f3ricas de las elecciones anteriores. Los datos presentados en este informe se actualizan diariamente y pueden fluctuar a medida que se reciban solicitudes de registro de votantes adicionales y se procesen las boletas con voto.<\/p>\n<ul>\n<li>Consulte el\u00a0<a href=\"https:\/\/uploads.rov.sbcounty.gov\/ROV\/es\/Elections\/2025\/0624\/Report_MailBallotStats.pdf\" target=\"_blank\" rel=\"noopener\">Informe de Estad\u00edsticas de Devoluci\u00f3n de Boletas por Correo<\/a> [pdf] de estas elecciones.<\/li>\n<\/ul>\n<\/div>\n\n  <\/section>\n\n\t\n\n  <section data-isd-block-id=\"rov-content-blockblock_96723d9389f79790908b84db95ee9159\"\n\t\t\t\t\t\t\t\t\t\t \t\t\t\t\t\t\t\t\t\t\t class=\"card-style main-content-wrapper rov-card-style mb-4\">\n\n\t<h2 class=\"block-subtitle blue\">Resultados de las Elecciones<\/h2>\n\n\t<div class=\"ctnr-block-content\"><ul>\n<li><a href=\"https:\/\/results.rov.sbcounty.gov\/Results\/20250624\/\">Resultados Finales Certificados de la Elecci\u00f3n<\/a><\/li>\n<li><a href=\"https:\/\/elections.sbcounty.gov\/es\/elections\/2025\/0624\/resultschedule\/\">Calendario de Publicaci\u00f3n de los Resultados de las Elecciones<\/a><\/li>\n<li><a href=\"https:\/\/uploads.rov.sbcounty.gov\/ROV\/Elections\/2025\/0624\/Results\/SOV_ResultsByPrecinctWithPrivacy.pdf\">Declaraci\u00f3n de Votos Emitidos por los Distritos Electorales<\/a> [pdf]<\/li>\n<li><a href=\"https:\/\/uploads.rov.sbcounty.gov\/ROV\/Elections\/2025\/0624\/Results\/SOV_ResultsByPrecinctWithPrivacy.xlsx\">Declaraci\u00f3n de Votos Emitidos por los Distritos Electorales<\/a>\u00a0[xlsx]<\/li>\n<li><a href=\"https:\/\/uploads.rov.sbcounty.gov\/ROV\/Elections\/2025\/0624\/Results\/SOVReportingDistricts.pdf\">Declaraci\u00f3n de Votos Emitidos por los Distritos que Reportan<\/a>\u00a0[pdf]<\/li>\n<li><a href=\"https:\/\/uploads.rov.sbcounty.gov\/ROV\/Elections\/2025\/0624\/Results\/SOVReportingDistricts.xlsx\">Declaraci\u00f3n de Votos Emitidos por los Distritos que Reportan<\/a> [xlsx]<\/li>\n<li>Dado que no se emitieron votos provisionales en esta elecci\u00f3n, la B\u00fasqueda de Boletas Provisionales no est\u00e1 disponible.<\/li>\n<\/ul>\n<\/div>\n\n  <\/section>\n\n\t","protected":false},"excerpt":{"rendered":"<p>Fechas Clave y Fechas L\u00edmite Fecha Acci\u00f3n 27 de mayo de 2025 Comienza el voto anticipado 27 de mayo de 2025 Se entregan las Gu\u00edas de Informaci\u00f3n para el Votante y las Boletas por Correo a la Oficina Postal de EE. UU. 9 de junio de 2025 Fecha l\u00edmite para<span class=\"ellipsis\">&#8230;<\/span><\/p>\n","protected":false},"author":71,"featured_media":37382,"parent":88657,"menu_order":0,"comment_status":"closed","ping_status":"closed","template":"templates\/rov-left-sidebar-template.php","meta":{"_acf_changed":false,"footnotes":""},"class_list":["post-88534","page","type-page","status-publish","has-post-thumbnail","hentry"],"acf":[],"_links":{"self":[{"href":"https:\/\/elections.sbcounty.gov\/es\/wp-json\/wp\/v2\/pages\/88534","targetHints":{"allow":["GET"]}}],"collection":[{"href":"https:\/\/elections.sbcounty.gov\/es\/wp-json\/wp\/v2\/pages"}],"about":[{"href":"https:\/\/elections.sbcounty.gov\/es\/wp-json\/wp\/v2\/types\/page"}],"author":[{"embeddable":true,"href":"https:\/\/elections.sbcounty.gov\/es\/wp-json\/wp\/v2\/users\/71"}],"replies":[{"embeddable":true,"href":"https:\/\/elections.sbcounty.gov\/es\/wp-json\/wp\/v2\/comments?post=88534"}],"version-history":[{"count":106,"href":"https:\/\/elections.sbcounty.gov\/es\/wp-json\/wp\/v2\/pages\/88534\/revisions"}],"predecessor-version":[{"id":92381,"href":"https:\/\/elections.sbcounty.gov\/es\/wp-json\/wp\/v2\/pages\/88534\/revisions\/92381"}],"up":[{"embeddable":true,"href":"https:\/\/elections.sbcounty.gov\/es\/wp-json\/wp\/v2\/pages\/88657"}],"wp:featuredmedia":[{"embeddable":true,"href":"https:\/\/elections.sbcounty.gov\/es\/wp-json\/wp\/v2\/media\/37382"}],"wp:attachment":[{"href":"https:\/\/elections.sbcounty.gov\/es\/wp-json\/wp\/v2\/media?parent=88534"}],"curies":[{"name":"wp","href":"https:\/\/api.w.org\/{rel}","templated":true}]}}