{"id":85992,"date":"2024-10-01T10:28:57","date_gmt":"2024-10-01T17:28:57","guid":{"rendered":"https:\/\/elections.sbcounty.gov\/es\/?page_id=85992"},"modified":"2024-10-17T11:54:58","modified_gmt":"2024-10-17T18:54:58","slug":"1105","status":"publish","type":"page","link":"https:\/\/elections.sbcounty.gov\/es\/voting\/ppl\/2024\/1105\/","title":{"rendered":"B\u00fasqueda de Casillas Electorales y de Gu\u00edas de Informaci\u00f3n para el Votante &#8211; 5 de noviembre de 2024, Elecciones Generales"},"content":{"rendered":"","protected":false},"excerpt":{"rendered":"","protected":false},"author":13,"featured_media":37382,"parent":86001,"menu_order":0,"comment_status":"closed","ping_status":"closed","template":"templates\/ppl-template.php","meta":{"_acf_changed":false,"footnotes":""},"class_list":["post-85992","page","type-page","status-publish","has-post-thumbnail","hentry"],"acf":[],"_links":{"self":[{"href":"https:\/\/elections.sbcounty.gov\/es\/wp-json\/wp\/v2\/pages\/85992","targetHints":{"allow":["GET"]}}],"collection":[{"href":"https:\/\/elections.sbcounty.gov\/es\/wp-json\/wp\/v2\/pages"}],"about":[{"href":"https:\/\/elections.sbcounty.gov\/es\/wp-json\/wp\/v2\/types\/page"}],"author":[{"embeddable":true,"href":"https:\/\/elections.sbcounty.gov\/es\/wp-json\/wp\/v2\/users\/13"}],"replies":[{"embeddable":true,"href":"https:\/\/elections.sbcounty.gov\/es\/wp-json\/wp\/v2\/comments?post=85992"}],"version-history":[{"count":1,"href":"https:\/\/elections.sbcounty.gov\/es\/wp-json\/wp\/v2\/pages\/85992\/revisions"}],"predecessor-version":[{"id":85998,"href":"https:\/\/elections.sbcounty.gov\/es\/wp-json\/wp\/v2\/pages\/85992\/revisions\/85998"}],"up":[{"embeddable":true,"href":"https:\/\/elections.sbcounty.gov\/es\/wp-json\/wp\/v2\/pages\/86001"}],"wp:featuredmedia":[{"embeddable":true,"href":"https:\/\/elections.sbcounty.gov\/es\/wp-json\/wp\/v2\/media\/37382"}],"wp:attachment":[{"href":"https:\/\/elections.sbcounty.gov\/es\/wp-json\/wp\/v2\/media?parent=85992"}],"curies":[{"name":"wp","href":"https:\/\/api.w.org\/{rel}","templated":true}]}}