{"id":84160,"date":"2024-06-07T11:50:52","date_gmt":"2024-06-07T18:50:52","guid":{"rendered":"https:\/\/elections.sbcounty.gov\/es\/?page_id=84160"},"modified":"2025-12-22T16:53:07","modified_gmt":"2025-12-23T00:53:07","slug":"deadlines","status":"publish","type":"page","link":"https:\/\/elections.sbcounty.gov\/es\/elections\/2024\/1105\/deadlines\/","title":{"rendered":"5 de noviembre de 2024 Fechas L\u00edmites de las Medidas de las Elecciones Generales Presidenciales"},"content":{"rendered":"  <section data-isd-block-id=\"rov-content-blockblock_0cea6cfaf2b837508081f0ec8d697f69\"\n\t\t\t\t\t\t\t\t\t\t \t\t\t\t\t\t\t\t\t\t\t class=\"card-style main-content-wrapper rov-card-style mb-4\">\n\n\t<h2 class=\"block-subtitle blue\">Fechas L\u00edmites de las Medidas Locales<\/h2>\n\n\t<div class=\"ctnr-block-content\"><table>\n<tbody>\n<tr>\n<th style=\"padding: 5px;border: 2px solid #595959;text-align: center;color: #0c0c0c;vertical-align: middle;background-color: #bfbfbf\" role=\"presentation\" colspan=\"5\"><span style=\"color: #333333\"><strong>5 de noviembre de 2024 Fechas L\u00edmites de las Medidas de las Elecciones Generales Presidenciales<\/strong><\/span><\/th>\n<\/tr>\n<tr>\n<td style=\"padding: 5px;border: 2px solid #595959;color: #0c0c0c;vertical-align: middle;background-color: #bfbfbf;text-align: center\"><span style=\"color: #ffffff\"><strong><span style=\"color: #3f3f3f;background-color: #bfbfbf\">Evento<\/span><\/strong><\/span><\/td>\n<td style=\"padding: 5px;border: 2px solid #595959;color: #0c0c0c;vertical-align: middle;background-color: #bfbfbf;text-align: center\" role=\"presentation\" colspan=\"2\"><span style=\"color: #ffffff\"><strong><span style=\"color: #3f3f3f;background-color: #bfbfbf\">Resoluci\u00f3n recibida el 12 de j<\/span><\/strong><\/span><span style=\"color: #ffffff\"><span style=\"color: #ffffff\"><strong><span style=\"color: #3f3f3f;background-color: #bfbfbf\">ulio de 2024 o antes<\/span><\/strong><\/span><\/span><span style=\"color: #ffffff\"><strong><span style=\"color: #3f3f3f;background-color: #bfbfbf\"><br \/>\n<\/span><\/strong><\/span><\/td>\n<td style=\"padding: 5px;border: 2px solid #595959;color: #0c0c0c;vertical-align: middle;background-color: #bfbfbf;text-align: center\" role=\"presentation\" colspan=\"2\"><span style=\"color: #ffffff\"><strong><span style=\"color: #3f3f3f;background-color: #bfbfbf\">Resoluci\u00f3n recibida a trav\u00e9s el 13 de julio hasta el 9 de agosto de 2024<\/span><\/strong><\/span><\/td>\n<\/tr>\n<tr>\n<td style=\"padding: 5px;border: 2px solid #595959;text-align: left;vertical-align: middle;background-color: #ffffff\" width=\"320\">Fecha l\u00edmite de presentaci\u00f3n del An\u00e1lisis Imparcial<\/td>\n<td style=\"padding: 5px;border: 2px solid #595959;text-align: left;vertical-align: middle;background-color: #ffffff\" width=\"80\">E-106<\/td>\n<td style=\"padding: 5px;border: 2px solid #595959;text-align: left;vertical-align: middle;background-color: #ffffff\" width=\"320\">22 de julio de 2024 a las 5 p.m.<\/td>\n<td style=\"padding: 5px;border: 2px solid #595959;text-align: left;vertical-align: middle;background-color: #ffffff\" width=\"80\">E-78<\/td>\n<td style=\"padding: 5px;border: 2px solid #595959;text-align: left;vertical-align: middle;background-color: #ffffff\" width=\"320\">19 de agosto de 2024 a las 5 p.m.<\/td>\n<\/tr>\n<tr>\n<td style=\"padding: 5px;border: 2px solid #595959;text-align: left;vertical-align: middle;background-color: #fdeada\" width=\"320\">Fecha l\u00edmite de presentaci\u00f3n de argumentos<\/td>\n<td style=\"padding: 5px;border: 2px solid #595959;text-align: left;vertical-align: middle;background-color: #fdeada\" width=\"80\">E-106<\/td>\n<td style=\"padding: 5px;border: 2px solid #595959;text-align: left;vertical-align: middle;background-color: #fdeada\" width=\"320\">22 de julio de 2024 a\u00a0 mediod\u00eda<\/td>\n<td style=\"padding: 5px;border: 2px solid #595959;text-align: left;vertical-align: middle;background-color: #fdeada\" width=\"80\">E-78<\/td>\n<td style=\"padding: 5px;border: 2px solid #595959;text-align: left;vertical-align: middle;background-color: #fdeada\" width=\"320\">19 de agosto de 2024 a mediod\u00eda<\/td>\n<\/tr>\n<tr>\n<td style=\"padding: 5px;border: 2px solid #595959;text-align: left;vertical-align: middle;background-color: #fdeada\" width=\"320\">Fecha l\u00edmite para la presentaci\u00f3n de refutaciones<\/td>\n<td style=\"padding: 5px;border: 2px solid #595959;text-align: left;vertical-align: middle;background-color: #fdeada\" width=\"80\">E-102<\/td>\n<td style=\"padding: 5px;border: 2px solid #595959;text-align: left;vertical-align: middle;background-color: #fdeada\" width=\"320\">26 de julio de 2024 a las 5 p.m.<\/td>\n<td style=\"padding: 5px;border: 2px solid #595959;text-align: left;vertical-align: middle;background-color: #fdeada\" width=\"80\">E-74<\/td>\n<td style=\"padding: 5px;border: 2px solid #595959;text-align: left;vertical-align: middle;background-color: #fdeada\" width=\"320\">23 de agosto de 2024 a las 5 p.m.<\/td>\n<\/tr>\n<tr>\n<td style=\"padding: 5px;border: 2px solid #595959;text-align: left;vertical-align: middle;background-color: #ffffff\" width=\"320\">Fin del periodo de 10 d\u00edas de\u00a0examen p\u00fablico de los Argumentos<\/td>\n<td style=\"padding: 5px;border: 2px solid #595959;text-align: left;vertical-align: middle;background-color: #ffffff\" width=\"80\">E-96<\/td>\n<td style=\"padding: 5px;border: 2px solid #595959;text-align: left;vertical-align: middle;background-color: #ffffff\" width=\"320\">1\u00ba de agosto de 2024 a mediod\u00eda<\/td>\n<td style=\"padding: 5px;border: 2px solid #595959;text-align: left;vertical-align: middle;background-color: #ffffff\" width=\"80\">E-68<\/td>\n<td style=\"padding: 5px;border: 2px solid #595959;text-align: left;vertical-align: middle;background-color: #ffffff\" width=\"320\">29 de agosto de 2024 a mediod\u00eda<\/td>\n<\/tr>\n<tr>\n<td style=\"padding: 5px;border: 2px solid #595959;text-align: left;vertical-align: middle;background-color: #ffffff\" width=\"320\">Fin del periodo de 10 d\u00edas de\u00a0examen p\u00fablico de las Refutaciones<\/td>\n<td style=\"padding: 5px;border: 2px solid #595959;text-align: left;vertical-align: middle;background-color: #ffffff\" width=\"80\">E-92<\/td>\n<td style=\"padding: 5px;border: 2px solid #595959;text-align: left;vertical-align: middle;background-color: #ffffff\" width=\"320\">5 de agosto de 2024 a las 5 p.m.<\/td>\n<td style=\"padding: 5px;border: 2px solid #595959;text-align: left;vertical-align: middle;background-color: #ffffff\" width=\"80\">*E-63<\/td>\n<td style=\"padding: 5px;border: 2px solid #595959;text-align: left;vertical-align: middle;background-color: #ffffff\" width=\"320\">*3 de septiembre de 2024 a las 5 p.m.<\/td>\n<\/tr>\n<tr>\n<td style=\"padding: 5px;border: 2px solid #595959;text-align: left;vertical-align: middle;background-color: #f2dcdb\" width=\"320\">Asignaci\u00f3n de las letras de las medidas<\/td>\n<td style=\"padding: 5px;border: 2px solid #595959;text-align: left;vertical-align: middle;background-color: #f2dcdb\" width=\"80\">E-85<\/td>\n<td style=\"padding: 5px;border: 2px solid #595959;text-align: left;vertical-align: middle;background-color: #f2dcdb\" colspan=\"3\" width=\"720\">12 de agosto de 2024 a las 11 a.m.<\/td>\n<\/tr>\n<tr>\n<td style=\"padding: 5px;border: 2px solid #595959;text-align: left;vertical-align: middle;background-color: #f2dcdb\" width=\"320\">Fecha l\u00edmite para retirar una medida<\/td>\n<td style=\"padding: 5px;border: 2px solid #595959;text-align: left;vertical-align: middle;background-color: #f2dcdb\" width=\"80\">E-83<\/td>\n<td style=\"padding: 5px;border: 2px solid #595959;text-align: left;vertical-align: middle;background-color: #f2dcdb\" colspan=\"3\" width=\"720\">14 de agosto de 2024 a las 5 p.m.<\/td>\n<\/tr>\n<\/tbody>\n<\/table>\n<p>&nbsp;<\/p>\n<p>*Fecha sujeta a cambios por vacaciones<\/p>\n<\/div>\n\n  <\/section>\n\n\t","protected":false},"excerpt":{"rendered":"<p>Fechas L\u00edmites de las Medidas Locales 5 de noviembre de 2024 Fechas L\u00edmites de las Medidas de las Elecciones Generales Presidenciales Evento Resoluci\u00f3n recibida el 12 de julio de 2024 o antes Resoluci\u00f3n recibida a trav\u00e9s el 13 de julio hasta el 9 de agosto de 2024 Fecha l\u00edmite de<span class=\"ellipsis\">&#8230;<\/span><\/p>\n","protected":false},"author":51,"featured_media":37382,"parent":84118,"menu_order":0,"comment_status":"closed","ping_status":"closed","template":"templates\/rov-left-sidebar-no-title-template.php","meta":{"_acf_changed":false,"footnotes":""},"class_list":["post-84160","page","type-page","status-publish","has-post-thumbnail","hentry"],"acf":[],"_links":{"self":[{"href":"https:\/\/elections.sbcounty.gov\/es\/wp-json\/wp\/v2\/pages\/84160","targetHints":{"allow":["GET"]}}],"collection":[{"href":"https:\/\/elections.sbcounty.gov\/es\/wp-json\/wp\/v2\/pages"}],"about":[{"href":"https:\/\/elections.sbcounty.gov\/es\/wp-json\/wp\/v2\/types\/page"}],"author":[{"embeddable":true,"href":"https:\/\/elections.sbcounty.gov\/es\/wp-json\/wp\/v2\/users\/51"}],"replies":[{"embeddable":true,"href":"https:\/\/elections.sbcounty.gov\/es\/wp-json\/wp\/v2\/comments?post=84160"}],"version-history":[{"count":5,"href":"https:\/\/elections.sbcounty.gov\/es\/wp-json\/wp\/v2\/pages\/84160\/revisions"}],"predecessor-version":[{"id":92411,"href":"https:\/\/elections.sbcounty.gov\/es\/wp-json\/wp\/v2\/pages\/84160\/revisions\/92411"}],"up":[{"embeddable":true,"href":"https:\/\/elections.sbcounty.gov\/es\/wp-json\/wp\/v2\/pages\/84118"}],"wp:featuredmedia":[{"embeddable":true,"href":"https:\/\/elections.sbcounty.gov\/es\/wp-json\/wp\/v2\/media\/37382"}],"wp:attachment":[{"href":"https:\/\/elections.sbcounty.gov\/es\/wp-json\/wp\/v2\/media?parent=84160"}],"curies":[{"name":"wp","href":"https:\/\/api.w.org\/{rel}","templated":true}]}}