{"id":82867,"date":"2024-03-26T18:55:12","date_gmt":"2024-03-27T01:55:12","guid":{"rendered":"https:\/\/elections.sbcounty.gov\/es\/?page_id=82867"},"modified":"2024-06-26T15:24:29","modified_gmt":"2024-06-26T22:24:29","slug":"sov","status":"publish","type":"page","link":"https:\/\/elections.sbcounty.gov\/es\/elections\/2024\/0305\/sov\/","title":{"rendered":"Archivo de Declaraci\u00f3n de Votos Emitidos por Distrito Electoral \u2013 Elecciones Primarias Presidenciales de 2024"},"content":{"rendered":"  <section data-isd-block-id=\"rov-content-blockblock_02f3bfc09d2e78e112b80ec281667273\"\n\t\t\t\t\t\t\t\t\t\t \t\t\t\t\t\t\t\t\t\t\t class=\"card-style main-content-wrapper rov-card-style mb-4\">\n\n\t<h2 class=\"block-subtitle blue\">Archivo de Declaraci\u00f3n de Votos Emitidos por Distrito Electoral \u2013 Elecciones Primarias Presidenciales de 2024<\/h2>\n\n\t<div class=\"ctnr-block-content\"><table class=\"sovTable\">\n<thead>\n<tr class=\"sovHeader\">\n<th>Contienda<\/th>\n<th>N\u00famero de P\u00e1gina<\/th>\n<\/tr>\n<\/thead>\n<tbody>\n<tr class=\"sovRow\">\n<td><a href=\"https:\/\/uploads.rov.sbcounty.gov\/rov\/es\/Elections\/2024\/0305\/sov\/1Voter_Turnout_by_Precinct.pdf\" target=\"_blank\" rel=\"noopener\">Participaci\u00f3n de los Votantes por Distrito Electoral<\/a> [pdf]<\/td>\n<td>1<\/td>\n<\/tr>\n<tr class=\"sovRow\">\n<td><a href=\"https:\/\/uploads.rov.sbcounty.gov\/rov\/es\/Elections\/2024\/0305\/sov\/533Democratic_Presidential_Preference_(Vote_for_1).pdf\" target=\"_blank\" rel=\"noopener\">Preferencia Presidencial Dem\u00f3cratica (Vote por 1)<\/a> [pdf]<\/td>\n<td>533<\/td>\n<\/tr>\n<tr class=\"sovRow\">\n<td><a href=\"https:\/\/uploads.rov.sbcounty.gov\/rov\/es\/Elections\/2024\/0305\/sov\/3005Republican_Presidential_Preference_REP_(Vote_for_1).pdf\" target=\"_blank\" rel=\"noopener\">Preferencia Presidencial Republicana (Vote por 1)<\/a> [pdf]<\/td>\n<td>3005<\/td>\n<\/tr>\n<tr class=\"sovRow\">\n<td><a href=\"https:\/\/uploads.rov.sbcounty.gov\/rov\/es\/Elections\/2024\/0305\/sov\/4859American_Independent_Presidential_Preference_AI_(Vote_for_1).pdf\" target=\"_blank\" rel=\"noopener\">Preferencia Presidencial Independiente De America (Vote por 1)<\/a> [pdf]<\/td>\n<td>4859<\/td>\n<\/tr>\n<tr class=\"sovRow\">\n<td><a href=\"https:\/\/uploads.rov.sbcounty.gov\/rov\/es\/Elections\/2024\/0305\/sov\/6095Green_Party_Presidential_Preference_GRN_(Vote_for_1).pdf\" target=\"_blank\" rel=\"noopener\">Preferencia Presidencial Del Partido Verde (Vote por 1)<\/a> [pdf]<\/td>\n<td>6095<\/td>\n<\/tr>\n<tr class=\"sovRow\">\n<td><a href=\"https:\/\/uploads.rov.sbcounty.gov\/rov\/es\/Elections\/2024\/0305\/sov\/7331Libertarian_Presidential_Preference_LIB_(Vote_for_1).pdf\" target=\"_blank\" rel=\"noopener\">Preferencia Presidencial Libertario (Vote por 1)<\/a> [pdf]<\/td>\n<td>7331<\/td>\n<\/tr>\n<tr class=\"sovRow\">\n<td><a href=\"https:\/\/uploads.rov.sbcounty.gov\/rov\/es\/Elections\/2024\/0305\/sov\/8567Peace_and_Freedom_Presidential_Preference_(Vote_for_1)_PF.pdf\" target=\"_blank\" rel=\"noopener\">Preferencia Presidencial de Paz y Libertad (Vote por 1)<\/a> [pdf]<\/td>\n<td>8567<\/td>\n<\/tr>\n<tr class=\"sovRow\">\n<td><a href=\"https:\/\/uploads.rov.sbcounty.gov\/rov\/es\/Elections\/2024\/0305\/sov\/9803United_States_Senator_(Full_Term)_(Vote_for_1).pdf\" target=\"_blank\" rel=\"noopener\">Senador de Estados Unidos (Termino Completo) (Vote por 1)<\/a> [pdf]<\/td>\n<td>9803<\/td>\n<\/tr>\n<tr class=\"sovRow\">\n<td><a href=\"https:\/\/uploads.rov.sbcounty.gov\/rov\/es\/Elections\/2024\/0305\/sov\/13511United_States_Senator_(Short_Term)_(Vote_for_1).pdf\" target=\"_blank\" rel=\"noopener\">Senador de Estados Unidos (Termino Corto) (Vote por 1)<\/a> [pdf]<\/td>\n<td>13511<\/td>\n<\/tr>\n<tr class=\"sovRow\">\n<td><a href=\"https:\/\/uploads.rov.sbcounty.gov\/rov\/es\/Elections\/2024\/0305\/sov\/15365United_States_Representative_District_23_(Vote_for_1).pdf\" target=\"_blank\" rel=\"noopener\">Representante de Estados Unidos, Distrito 23 (Vote por 1)<\/a> [pdf]<\/td>\n<td>15365<\/td>\n<\/tr>\n<tr class=\"sovRow\">\n<td><a href=\"https:\/\/uploads.rov.sbcounty.gov\/rov\/es\/Elections\/2024\/0305\/sov\/16059United_States_Representative_District_25_(Vote_for_1).pdf\" target=\"_blank\" rel=\"noopener\">Representante de Estados Unidos, Distrito 25 (Vote por 1)<\/a> [pdf]<\/td>\n<td>16059<\/td>\n<\/tr>\n<tr class=\"sovRow\">\n<td><a href=\"https:\/\/uploads.rov.sbcounty.gov\/rov\/es\/Elections\/2024\/0305\/sov\/16065United_States_Representative_District_28_(Vote_for_1).pdf\" target=\"_blank\" rel=\"noopener\">Representante de Estados Unidos, Distrito 28 (Vote por 1)<\/a> [pdf]<\/td>\n<td>16065<\/td>\n<\/tr>\n<tr class=\"sovRow\">\n<td><a href=\"https:\/\/uploads.rov.sbcounty.gov\/rov\/es\/Elections\/2024\/0305\/sov\/16133United_States_Representative_District_33_(Vote_for_1).pdf\" target=\"_blank\" rel=\"noopener\">Representante de Estados Unidos, Distrito 33 (Vote por 1)<\/a> [pdf]<\/td>\n<td>16133<\/td>\n<\/tr>\n<tr class=\"sovRow\">\n<td><a href=\"https:\/\/uploads.rov.sbcounty.gov\/rov\/es\/Elections\/2024\/0305\/sov\/16403United_States_Representative_District_35_(Vote_for_1).pdf\" target=\"_blank\" rel=\"noopener\">Representante de Estados Unidos, Distrito 35 (Vote por 1)<\/a> [pdf]<\/td>\n<td>16403<\/td>\n<\/tr>\n<tr class=\"sovRow\">\n<td><a href=\"https:\/\/uploads.rov.sbcounty.gov\/rov\/es\/Elections\/2024\/0305\/sov\/16591United_States_Representative_District_40_(Vote_for_1).pdf\" target=\"_blank\" rel=\"noopener\">Representante de Estados Unidos, Distrito 40 (Vote por 1)<\/a> [pdf]<\/td>\n<td>16591<\/td>\n<\/tr>\n<tr class=\"sovRow\">\n<td><a href=\"https:\/\/uploads.rov.sbcounty.gov\/rov\/es\/Elections\/2024\/0305\/sov\/16611State_Senator_District_19_(Vote_for_1).pdf\" target=\"_blank\" rel=\"noopener\">Senador Estatal, Distrito 19 (Vote por 1)<\/a> [pdf]<\/td>\n<td>16611<\/td>\n<\/tr>\n<tr class=\"sovRow\">\n<td><a href=\"https:\/\/uploads.rov.sbcounty.gov\/rov\/es\/Elections\/2024\/0305\/sov\/17179State_Senator_District_23_(Vote_for_1).pdf\" target=\"_blank\" rel=\"noopener\">Senador Estatal, Distrito 23 (Vote por 1)<\/a> [pdf]<\/td>\n<td>17179<\/td>\n<\/tr>\n<tr class=\"sovRow\">\n<td><a href=\"https:\/\/uploads.rov.sbcounty.gov\/rov\/es\/Elections\/2024\/0305\/sov\/17319State_Senator_District_25_(Vote_for_1).pdf\" target=\"_blank\" rel=\"noopener\">Senador Estatal, Distrito 25 (Vote por 1)<\/a> [pdf]<\/td>\n<td>17319<\/td>\n<\/tr>\n<tr class=\"sovRow\">\n<td><a href=\"https:\/\/uploads.rov.sbcounty.gov\/rov\/es\/Elections\/2024\/0305\/sov\/17359State_Senator_District_29_(Vote_for_1).pdf\" target=\"_blank\" rel=\"noopener\">Senador Estatal, Distrito 29 (Vote por 1)<\/a> [pdf]<\/td>\n<td>17359<\/td>\n<\/tr>\n<tr class=\"sovRow\">\n<td><a href=\"https:\/\/uploads.rov.sbcounty.gov\/rov\/es\/Elections\/2024\/0305\/sov\/17707State_Senator_District_31_(Vote_for_1).pdf\" target=\"_blank\" rel=\"noopener\">Senador Estatal, Distrito 31 (Vote por 1)<\/a> [pdf]<\/td>\n<td>17707<\/td>\n<\/tr>\n<tr class=\"sovRow\">\n<td><a href=\"https:\/\/uploads.rov.sbcounty.gov\/rov\/es\/Elections\/2024\/0305\/sov\/17711Member_of_the_State_Assembly_District_34_(Vote_for_1).pdf\" target=\"_blank\" rel=\"noopener\">Miembro de la Asamblea del Estado, Distrito 34 (Vote por 1)<\/a> [pdf]<\/td>\n<td>17711<\/td>\n<\/tr>\n<tr class=\"sovRow\">\n<td><a href=\"https:\/\/uploads.rov.sbcounty.gov\/rov\/es\/Elections\/2024\/0305\/sov\/18179Member_of_the_State_Assembly_District_36_(Vote_for_1).pdf\" target=\"_blank\" rel=\"noopener\">Miembro de la Asamblea del Estado, Distrito 36 (Vote por 1)<\/a> [pdf]<\/td>\n<td>18179<\/td>\n<\/tr>\n<tr class=\"sovRow\">\n<td><a href=\"https:\/\/uploads.rov.sbcounty.gov\/rov\/es\/Elections\/2024\/0305\/sov\/18188Member_of_the_State_Assembly_District_39_(Vote_for_1).pdf\" target=\"_blank\" rel=\"noopener\">Miembro de la Asamblea del Estado, Distrito39 (Vote por 1)<\/a> [pdf]<\/td>\n<td>18188<\/td>\n<\/tr>\n<tr class=\"sovRow\">\n<td><a href=\"https:\/\/uploads.rov.sbcounty.gov\/rov\/es\/Elections\/2024\/0305\/sov\/18250Member_of_the_State_Assembly_District_41_(Vote_for_1).pdf\" target=\"_blank\" rel=\"noopener\">Miembro de la Asamblea del Estado, Distrito 41 (Vote por 1)<\/a> [pdf]<\/td>\n<td>18250<\/td>\n<\/tr>\n<tr class=\"sovRow\">\n<td><a href=\"https:\/\/uploads.rov.sbcounty.gov\/rov\/es\/Elections\/2024\/0305\/sov\/18326Member_of_the_State_Assembly_District_45_(Vote_for_1).pdf\" target=\"_blank\" rel=\"noopener\">Miembro de la Asamblea del Estado, Distrito 45 (Vote por 1)<\/a> [pdf]<\/td>\n<td>18326<\/td>\n<\/tr>\n<tr class=\"sovRow\">\n<td><a href=\"https:\/\/uploads.rov.sbcounty.gov\/rov\/es\/Elections\/2024\/0305\/sov\/18534Member_of_the_State_Assembly_District_47_(Vote_for_1).pdf\" target=\"_blank\" rel=\"noopener\">Miembro de la Asamblea del Estado, Distrito 47 (Vote por 1)<\/a> [pdf]<\/td>\n<td>18534<\/td>\n<\/tr>\n<tr class=\"sovRow\">\n<td><a href=\"https:\/\/uploads.rov.sbcounty.gov\/rov\/es\/Elections\/2024\/0305\/sov\/18662Member_of_the_State_Assembly_District_50_(Vote_for_1).pdf\" target=\"_blank\" rel=\"noopener\">Miembro de la Asamblea del Estado, Distrito 50 (Vote por 1)<\/a> [pdf]<\/td>\n<td>18662<\/td>\n<\/tr>\n<tr class=\"sovRow\">\n<td><a href=\"https:\/\/uploads.rov.sbcounty.gov\/rov\/es\/Elections\/2024\/0305\/sov\/18822Member_of_the_State_Assembly_District_53_(Vote_for_1).pdf\" target=\"_blank\" rel=\"noopener\">Miembro de la Asamblea del Estado, Distrito 53 (Vote por 1)<\/a> [pdf]<\/td>\n<td>18822<\/td>\n<\/tr>\n<tr class=\"sovRow\">\n<td><a href=\"https:\/\/uploads.rov.sbcounty.gov\/rov\/es\/Elections\/2024\/0305\/sov\/18922Member_of_the_State_Assembly_District_58_(Vote_for_1).pdf\" target=\"_blank\" rel=\"noopener\">Miembro de la Asamblea del Estado, Distrito 58 (Vote por 1)<\/a> [pdf]<\/td>\n<td>18922<\/td>\n<\/tr>\n<tr class=\"sovRow\">\n<td><a href=\"https:\/\/uploads.rov.sbcounty.gov\/rov\/es\/Elections\/2024\/0305\/sov\/18926Member_of_the_State_Assembly_District_59_(Vote_for_1).pdf\" target=\"_blank\" rel=\"noopener\">Miembro de la Asamblea del Estado, Distrito 59 (Vote por 1)<\/a> [pdf]<\/td>\n<td>18926<\/td>\n<\/tr>\n<tr class=\"sovRow\">\n<td><a href=\"https:\/\/uploads.rov.sbcounty.gov\/rov\/es\/Elections\/2024\/0305\/sov\/18964County_of_San_Bernardino_Member_Democratic_Central_Committee_District_45_(Vote_for_6)_DEM.pdf\" target=\"_blank\" rel=\"noopener\">Comit\u00e9 Central Dem\u00f3crata, Distrito de Asamblea 45 (Vote por 6)<\/a> [pdf]<\/td>\n<td>18964<\/td>\n<\/tr>\n<tr class=\"sovRow\">\n<td><a href=\"https:\/\/uploads.rov.sbcounty.gov\/rov\/es\/Elections\/2024\/0305\/sov\/19276County_of_San_Bernardino_Member_Democratic_Central_Committee_District_50_(Vote_for_6)_DEM.pdf\" target=\"_blank\" rel=\"noopener\">Comit\u00e9 Central Dem\u00f3crata, Distrito de Asamblea 50 (Vote por 6)<\/a> [pdf]<\/td>\n<td>19276<\/td>\n<\/tr>\n<tr class=\"sovRow\">\n<td><a href=\"https:\/\/uploads.rov.sbcounty.gov\/rov\/es\/Elections\/2024\/0305\/sov\/19516County_of_San_Bernardino_Member_Democratic_Central_Committee_District_53_(Vote_for_6)_DEM.pdf\" target=\"_blank\" rel=\"noopener\">Comit\u00e9 Central Dem\u00f3crata, Distrito de Asamblea 53 (Vote por 6)<\/a> [pdf]<\/td>\n<td>19516<\/td>\n<\/tr>\n<tr class=\"sovRow\">\n<td><a href=\"https:\/\/uploads.rov.sbcounty.gov\/rov\/es\/Elections\/2024\/0305\/sov\/19666County_of_San_Bernardino_Member_Republican_Central_Committee_District_1_(Vote_for_7)_REP.pdf\" target=\"_blank\" rel=\"noopener\">Comit\u00e9 Central Republicano, Distrito 1 (Vote por 7)<\/a> [pdf]<\/td>\n<td>19666<\/td>\n<\/tr>\n<tr class=\"sovRow\">\n<td><a href=\"https:\/\/uploads.rov.sbcounty.gov\/rov\/es\/Elections\/2024\/0305\/sov\/19984County_of_San_Bernardino_Member_Republican_Central_Committee_District_2_(Vote_for_7)_REP.pdf\" target=\"_blank\" rel=\"noopener\">Comit\u00e9 Central Republicano, Distrito 2 (Vote por 7)<\/a> [pdf]<\/td>\n<td>19984<\/td>\n<\/tr>\n<tr class=\"sovRow\">\n<td><a href=\"https:\/\/uploads.rov.sbcounty.gov\/rov\/es\/Elections\/2024\/0305\/sov\/20292County_of_San_Bernardino_Member_Republican_Central_Committee_District_3_(Vote_for_9)_REP.pdf\" target=\"_blank\" rel=\"noopener\">Comit\u00e9 Central Republicano, Distrito 3 (Vote por 9)<\/a> [pdf]<\/td>\n<td>20292<\/td>\n<\/tr>\n<tr class=\"sovRow\">\n<td><a href=\"https:\/\/uploads.rov.sbcounty.gov\/rov\/es\/Elections\/2024\/0305\/sov\/21396County_of_San_Bernardino_Member_Republican_Central_Committe_District_4_REP_(Vote_for_6).pdf\" target=\"_blank\" rel=\"noopener\">Comit\u00e9 Central Republicano, Distrito 4 (Vote por 6)<\/a> [pdf]<\/td>\n<td>21396<\/td>\n<\/tr>\n<tr class=\"sovRow\">\n<td><a href=\"https:\/\/uploads.rov.sbcounty.gov\/rov\/es\/Elections\/2024\/0305\/sov\/21627County_of_San_Bernardino_Member_Republican_Central_Committee_District_5_REP_(Vote_for_3).pdf\" target=\"_blank\" rel=\"noopener\">Comit\u00e9 Central Republicano, Distrito 5 (Vote por 3)<\/a> [pdf]<\/td>\n<td>21627<\/td>\n<\/tr>\n<tr class=\"sovRow\">\n<td><a href=\"https:\/\/uploads.rov.sbcounty.gov\/rov\/es\/Elections\/2024\/0305\/sov\/21809Judge_of_the_Superior_Court_Office_15_(Vote_for_1).pdf\" target=\"_blank\" rel=\"noopener\">Juez de la Corte Superior, Oficina 15 (Vote por 1)<\/a> [pdf]<\/td>\n<td>21809<\/td>\n<\/tr>\n<tr class=\"sovRow\">\n<td><a href=\"https:\/\/uploads.rov.sbcounty.gov\/rov\/es\/Elections\/2024\/0305\/sov\/23045Chaffey_Community_College_District_Member_Governing_Board_Area_3_(Vote_for_1).pdf\" target=\"_blank\" rel=\"noopener\">Distrito de Colegios Comunitarios Chaffey Junta Gobernante \u00c1rea 3 (Vote por 1)<\/a> [pdf]<\/td>\n<td>23045<\/td>\n<\/tr>\n<tr class=\"sovRow\">\n<td><a href=\"https:\/\/uploads.rov.sbcounty.gov\/rov\/es\/Elections\/2024\/0305\/sov\/23079County_of_San_Bernardino_Member_Board_of_Supervisors_District_1_(Vote_for_1).pdf\" target=\"_blank\" rel=\"noopener\">Junta de Supervisores, Distrito 1 (Vote por 1)<\/a> [pdf]<\/td>\n<td>23079<\/td>\n<\/tr>\n<tr class=\"sovRow\">\n<td><a href=\"https:\/\/uploads.rov.sbcounty.gov\/rov\/es\/Elections\/2024\/0305\/sov\/23291County_of_San_Bernardino_Member_Board_of_Supervisors_District_3_(Vote_for_1).pdf\" target=\"_blank\" rel=\"noopener\">Junta de Supervisores, Distrito 3 (Vote por 1)<\/a> [pdf]<\/td>\n<td>23291<\/td>\n<\/tr>\n<tr class=\"sovRow\">\n<td><a href=\"https:\/\/uploads.rov.sbcounty.gov\/rov\/es\/Elections\/2024\/0305\/sov\/23843County_of_San_Bernardino_Member_Board_of_Supervisors_District_5_(Vote_for_1).pdf\" target=\"_blank\" rel=\"noopener\">Junta de Supervisores, Distrito 5 (Vote por 1)<\/a> [pdf]<\/td>\n<td>23843<\/td>\n<\/tr>\n<tr class=\"sovRow\">\n<td><a href=\"https:\/\/uploads.rov.sbcounty.gov\/rov\/es\/Elections\/2024\/0305\/sov\/24025City_of_Loma_Linda_Member_City_Council_District_1_(Vote_for_1).pdf\" target=\"_blank\" rel=\"noopener\">Concejo Municipal de la Ciudad de Loma Linda Distrito 1 (Vote por 1)<\/a> [pdf]<\/td>\n<td>24025<\/td>\n<\/tr>\n<tr class=\"sovRow\">\n<td><a href=\"https:\/\/uploads.rov.sbcounty.gov\/rov\/es\/Elections\/2024\/0305\/sov\/24029City_of_Loma_Linda_Member_City_Council_District_4_(Vote_for_1).pdf\" target=\"_blank\" rel=\"noopener\">Concejo Municipal de la Ciudad de Loma Linda Distrito 4 (Vote por 1)<\/a> [pdf]<\/td>\n<td>24029<\/td>\n<\/tr>\n<tr class=\"sovRow\">\n<td><a href=\"https:\/\/uploads.rov.sbcounty.gov\/rov\/es\/Elections\/2024\/0305\/sov\/24033City_of_Loma_Linda_Member_City_Council_District_5_(Vote_for_1).pdf\" target=\"_blank\" rel=\"noopener\">Concejo Municipal de la Ciudad de Loma Linda Distrito 5 (Vote por 1)<\/a> [pdf]<\/td>\n<td>24033<\/td>\n<\/tr>\n<tr class=\"sovRow\">\n<td><a href=\"https:\/\/uploads.rov.sbcounty.gov\/rov\/es\/Elections\/2024\/0305\/sov\/24039City_of_San_Bernardino_Member_City_Council_Ward_3_(Vote_for_1).pdf\" target=\"_blank\" rel=\"noopener\">Concejo Municipal de la Ciudad de San Bernardino, Distrito Electoral 3 (Vote por 1)<\/a> [pdf]<\/td>\n<td>24039<\/td>\n<\/tr>\n<tr class=\"sovRow\">\n<td><a href=\"https:\/\/uploads.rov.sbcounty.gov\/rov\/es\/Elections\/2024\/0305\/sov\/24061City_of_San_Bernardino_Member_City_Council_Ward_5_(Vote_for_1).pdf\" target=\"_blank\" rel=\"noopener\">Concejo Municipal de la Ciudad de San Bernardino, Distrito Electoral 5 (Vote por 1)<\/a> [pdf]<\/td>\n<td>24061<\/td>\n<\/tr>\n<tr class=\"sovRow\">\n<td><a href=\"https:\/\/uploads.rov.sbcounty.gov\/rov\/es\/Elections\/2024\/0305\/sov\/24071City_of_San_Bernardino_Member_City_Council_Ward_6_(Vote_for_1).pdf\" target=\"_blank\" rel=\"noopener\">Concejo Municipal de la Ciudad de San Bernardino, Distrito Electoral 6 (Vote por 1)<\/a> [pdf]<\/td>\n<td>24071<\/td>\n<\/tr>\n<tr class=\"sovRow\">\n<td><a href=\"https:\/\/uploads.rov.sbcounty.gov\/rov\/es\/Elections\/2024\/0305\/sov\/24089City_of_San_Bernardino_Member_City_Council_Ward_7_(Vote_for_1).pdf\" target=\"_blank\" rel=\"noopener\">Concejo Municipal de la Ciudad de San Bernardino, Distrito Electoral 7 (Vote por 1)<\/a> [pdf]<\/td>\n<td>24089<\/td>\n<\/tr>\n<tr class=\"sovRow\">\n<td><a href=\"https:\/\/uploads.rov.sbcounty.gov\/rov\/es\/Elections\/2024\/0305\/sov\/24097San_Bernardino_County_PROPOSITION_1_(Vote_for_1).pdf\" target=\"_blank\" rel=\"noopener\">Propuesta 1 (Vote por 1)<\/a> [pdf]<\/td>\n<td>24097<\/td>\n<\/tr>\n<tr class=\"sovRow\">\n<td><a href=\"https:\/\/uploads.rov.sbcounty.gov\/rov\/es\/Elections\/2024\/0305\/sov\/25333City_of_Adelanto_MEASURE_U_(Vote_for_1).pdf\" target=\"_blank\" rel=\"noopener\">Medida U de la Ciudad de Adelanto (Vote por 1)<\/a> [pdf]<\/td>\n<td>25333<\/td>\n<\/tr>\n<tr class=\"sovRow\">\n<td><a href=\"https:\/\/uploads.rov.sbcounty.gov\/rov\/es\/Elections\/2024\/0305\/sov\/25347City_of_Chino_MEASURE_V_(Vote_for_1).pdf\" target=\"_blank\" rel=\"noopener\">Medida V de la\u00a0Ciudad de Chino (Vote por 1)<\/a> [pdf]<\/td>\n<td>25347<\/td>\n<\/tr>\n<tr class=\"sovRow\">\n<td><a href=\"https:\/\/uploads.rov.sbcounty.gov\/rov\/es\/Elections\/2024\/0305\/sov\/25383City_of_Colton_MEASURE_T_(Vote_for_1).pdf\" target=\"_blank\" rel=\"noopener\">Medida T de la\u00a0Ciudad de Colton (Vote por 1)<\/a> [pdf]<\/td>\n<td>25383<\/td>\n<\/tr>\n<tr class=\"sovRow\">\n<td><a href=\"https:\/\/uploads.rov.sbcounty.gov\/rov\/es\/Elections\/2024\/0305\/sov\/25405San_Bernardino_County_Fire_Protection_District_MEASURE_W_(Vote_for_1).pdf\" target=\"_blank\" rel=\"noopener\">Medida W del\u00a0Distrito de Protecci\u00f3n contra Incendios del Condado de San Bernardino (Vote por 1)<\/a> [pdf]<\/td>\n<td>25405<\/td>\n<\/tr>\n<\/tbody>\n<\/table>\n<p>&nbsp;<\/p>\n<\/div>\n\n  <\/section>\n\n\t","protected":false},"excerpt":{"rendered":"<p>Archivo de Declaraci\u00f3n de Votos Emitidos por Distrito Electoral \u2013 Elecciones Primarias Presidenciales de 2024 Contienda N\u00famero de P\u00e1gina Participaci\u00f3n de los Votantes por Distrito Electoral [pdf] 1 Preferencia Presidencial Dem\u00f3cratica (Vote por 1) [pdf] 533 Preferencia Presidencial Republicana (Vote por 1) [pdf] 3005 Preferencia Presidencial Independiente De America (Vote<span class=\"ellipsis\">&#8230;<\/span><\/p>\n","protected":false},"author":10,"featured_media":37382,"parent":74820,"menu_order":0,"comment_status":"closed","ping_status":"closed","template":"templates\/rov-left-sidebar-no-title-template.php","meta":{"_acf_changed":false,"footnotes":""},"class_list":["post-82867","page","type-page","status-publish","has-post-thumbnail","hentry"],"acf":[],"_links":{"self":[{"href":"https:\/\/elections.sbcounty.gov\/es\/wp-json\/wp\/v2\/pages\/82867","targetHints":{"allow":["GET"]}}],"collection":[{"href":"https:\/\/elections.sbcounty.gov\/es\/wp-json\/wp\/v2\/pages"}],"about":[{"href":"https:\/\/elections.sbcounty.gov\/es\/wp-json\/wp\/v2\/types\/page"}],"author":[{"embeddable":true,"href":"https:\/\/elections.sbcounty.gov\/es\/wp-json\/wp\/v2\/users\/10"}],"replies":[{"embeddable":true,"href":"https:\/\/elections.sbcounty.gov\/es\/wp-json\/wp\/v2\/comments?post=82867"}],"version-history":[{"count":21,"href":"https:\/\/elections.sbcounty.gov\/es\/wp-json\/wp\/v2\/pages\/82867\/revisions"}],"predecessor-version":[{"id":84400,"href":"https:\/\/elections.sbcounty.gov\/es\/wp-json\/wp\/v2\/pages\/82867\/revisions\/84400"}],"up":[{"embeddable":true,"href":"https:\/\/elections.sbcounty.gov\/es\/wp-json\/wp\/v2\/pages\/74820"}],"wp:featuredmedia":[{"embeddable":true,"href":"https:\/\/elections.sbcounty.gov\/es\/wp-json\/wp\/v2\/media\/37382"}],"wp:attachment":[{"href":"https:\/\/elections.sbcounty.gov\/es\/wp-json\/wp\/v2\/media?parent=82867"}],"curies":[{"name":"wp","href":"https:\/\/api.w.org\/{rel}","templated":true}]}}