{"id":81434,"date":"2024-02-15T19:04:33","date_gmt":"2024-02-16T03:04:33","guid":{"rendered":"https:\/\/elections.sbcounty.gov\/es\/?page_id=81434"},"modified":"2024-02-21T09:34:38","modified_gmt":"2024-02-21T17:34:38","slug":"how-to-vote-for-president","status":"publish","type":"page","link":"https:\/\/elections.sbcounty.gov\/es\/elections\/2024\/0305\/how-to-vote-for-president\/","title":{"rendered":"How to Vote for President"},"content":{"rendered":"  <section data-isd-block-id=\"rov-content-blockblock_b0b5311c69c3f1a09a9c068dd1013bdf\"\n\t\t\t\t\t\t\t\t\t\t \t\t\t\t\t\t\t\t\t\t\t class=\"card-style main-content-wrapper rov-card-style mb-4\">\n\n\t<h2 class=\"block-subtitle blue\">C\u00f3mo Votar por el Presidente<\/h2>\n\n\t<div class=\"ctnr-block-content\"><p>Es importante que sepa c\u00f3mo puede votar por el Presidente.\u00a0 Generalmente, los votantes deben estar inscritos en un partido pol\u00edtico calificado para votar en las Elecciones Primarias Presidenciales de ese partido de 2024.<\/p>\n<p>Por lo tanto, si est\u00e1 inscrito en alguno de los siguientes partidos pol\u00edticos calificados, solo podr\u00e1 votar por los candidatos a las primarias presidenciales de ese partido:<\/p>\n<ul>\n<li>Partido Americano Independiente<\/li>\n<li>Partido Dem\u00f3crata<\/li>\n<li>Partido Verde<\/li>\n<li>Partido Libertario<\/li>\n<li>Partido Paz y Libertad<\/li>\n<li>Partido Republicano<\/li>\n<\/ul>\n<p>Si est\u00e1 inscrito en un partido pol\u00edtico calificado pero desea votar en las primarias presidenciales de otro partido pol\u00edtico, tendr\u00e1 que volver a inscribirse para votar y por lo general elegir ese partido pol\u00edtico como su preferencia de partido.<\/p>\n<p>Si no est\u00e1 inscrito en un partido pol\u00edtico calificado pero desea votar por el Presidente en las primarias, los tres partidos pol\u00edticos calificados siguientes han acordado permitirle votar en su contienda para las primarias presidenciales.\u00a0 Por lo tanto, puede solicitar una de las siguientes boletas de partido pol\u00edtico:<\/p>\n<ul>\n<li>Partido Americano Independiente<\/li>\n<li>Partido Dem\u00f3crata<\/li>\n<li>Partido Libertario<\/li>\n<\/ul>\n<p>Si vota por correo, puede llamar al (909) 387-8300 o al (800) 881-VOTE (8683) o visitar My Elections Gateway en <a href=\"https:\/\/MEG.rov.sbcounty.gov\" target=\"_blank\" rel=\"noopener\"><strong>MEG.rov.sbcounty.gov<\/strong><\/a> antes del 27 de febrero para solicitar una de estas boletas de partido.<\/p>\n<p>Si vota en persona, puede solicitar esta boleta cuando se registre en una casilla para Voto Anticipado o en su casilla electoral asignada.<\/p>\n<p>Los Partidos Verde, Paz y Libertad y Republicano han optado por permitir que solo los miembros de su partido voten en sus primarias presidenciales.\u00a0 Si no est\u00e1 inscrito en un partido pol\u00edtico calificado pero prefiere votar por un candidato en las primarias presidenciales de los Partidos Verde, Paz y Libertad o Republicano, tendr\u00e1 que volver a inscribirse para votar y elegir ese partido pol\u00edtico como su preferencia de partido.<\/p>\n<p>Para obtener m\u00e1s informaci\u00f3n sobre c\u00f3mo votar por el Presidente, visite <a href=\"https:\/\/www.sos.ca.gov\/elections\/voting-info\/how-vote-president\" target=\"_blank\" rel=\"noopener\"><strong>HowToVoteForPresident.sos.ca.gov<\/strong><\/a>.<\/p>\n<\/div>\n\n  <\/section>\n\n\t","protected":false},"excerpt":{"rendered":"<p>C\u00f3mo Votar por el Presidente Es importante que sepa c\u00f3mo puede votar por el Presidente.\u00a0 Generalmente, los votantes deben estar inscritos en un partido pol\u00edtico calificado para votar en las Elecciones Primarias Presidenciales de ese partido de 2024. Por lo tanto, si est\u00e1 inscrito en alguno de los siguientes partidos<span class=\"ellipsis\">&#8230;<\/span><\/p>\n","protected":false},"author":10,"featured_media":37382,"parent":74820,"menu_order":0,"comment_status":"closed","ping_status":"closed","template":"templates\/rov-full-width-no-title-template.php","meta":{"_acf_changed":false,"footnotes":""},"class_list":["post-81434","page","type-page","status-publish","has-post-thumbnail","hentry"],"acf":[],"_links":{"self":[{"href":"https:\/\/elections.sbcounty.gov\/es\/wp-json\/wp\/v2\/pages\/81434","targetHints":{"allow":["GET"]}}],"collection":[{"href":"https:\/\/elections.sbcounty.gov\/es\/wp-json\/wp\/v2\/pages"}],"about":[{"href":"https:\/\/elections.sbcounty.gov\/es\/wp-json\/wp\/v2\/types\/page"}],"author":[{"embeddable":true,"href":"https:\/\/elections.sbcounty.gov\/es\/wp-json\/wp\/v2\/users\/10"}],"replies":[{"embeddable":true,"href":"https:\/\/elections.sbcounty.gov\/es\/wp-json\/wp\/v2\/comments?post=81434"}],"version-history":[{"count":8,"href":"https:\/\/elections.sbcounty.gov\/es\/wp-json\/wp\/v2\/pages\/81434\/revisions"}],"predecessor-version":[{"id":81545,"href":"https:\/\/elections.sbcounty.gov\/es\/wp-json\/wp\/v2\/pages\/81434\/revisions\/81545"}],"up":[{"embeddable":true,"href":"https:\/\/elections.sbcounty.gov\/es\/wp-json\/wp\/v2\/pages\/74820"}],"wp:featuredmedia":[{"embeddable":true,"href":"https:\/\/elections.sbcounty.gov\/es\/wp-json\/wp\/v2\/media\/37382"}],"wp:attachment":[{"href":"https:\/\/elections.sbcounty.gov\/es\/wp-json\/wp\/v2\/media?parent=81434"}],"curies":[{"name":"wp","href":"https:\/\/api.w.org\/{rel}","templated":true}]}}