{"id":81422,"date":"2024-02-15T19:00:37","date_gmt":"2024-02-16T03:00:37","guid":{"rendered":"https:\/\/elections.sbcounty.gov\/es\/?page_id=81422"},"modified":"2024-02-15T19:00:38","modified_gmt":"2024-02-16T03:00:38","slug":"california-primaries","status":"publish","type":"page","link":"https:\/\/elections.sbcounty.gov\/es\/elections\/2024\/0305\/california-primaries\/","title":{"rendered":"California Primaries"},"content":{"rendered":"  <section data-isd-block-id=\"rov-content-blockblock_58c1f6614a56e97c955ba35f2d2a5a77\"\n\t\t\t\t\t\t\t\t\t\t \t\t\t\t\t\t\t\t\t\t\t class=\"card-style main-content-wrapper rov-card-style mb-4\">\n\n\t<h2 class=\"block-subtitle blue\">C\u00f3mo se Llevan a Cabo las Primarias En California<\/h2>\n\n\t<div class=\"ctnr-block-content\"><p>Hay tres tipos de cargos: nominados por los partidos, nominados por los votantes y no partidarios.<\/p>\n<p>A continuaci\u00f3n se presentan los diferentes tipos de cargos que aparecer\u00e1n en la boleta, qui\u00e9nes pueden votar en estas contiendas, y qui\u00e9nes avanzan a las Elecciones Generales de noviembre.<\/p>\n<p><strong>Cargos Nominados por los Partidos<\/strong><\/p>\n<ul>\n<li>Incluye los cargos de Presidente y del Comit\u00e9 Central del Condado<\/li>\n<li>Solo los votantes que hayan elegido una preferencia de partido pueden votar por los candidatos de su partido*<\/li>\n<li>El ganador de las primarias presidenciales de cada partido representar\u00e1 a ese partido en las Elecciones Generales de noviembre, cuando todos los votantes, independientemente de su preferencia de partido, podr\u00e1n votar por el Presidente<\/li>\n<\/ul>\n<p><strong>Cargos Nominados por los Votantes<\/strong><\/p>\n<ul>\n<li>Incluye los cargos del Congreso y Estatales<\/li>\n<li>Todos los votantes, sin importar su preferencia de partido, pueden votar por cualquier candidato en estas contiendas<\/li>\n<li>Los dos candidatos que obtengan la mayor cantidad de votos, sin importar su preferencia de partido, avanzar\u00e1n a las Elecciones Generales de noviembre<\/li>\n<\/ul>\n<p><strong>Cargos No Partidarios<\/strong><\/p>\n<ul>\n<li>Incluye cargos Judiciales, Escolares, del Condado y de la Ciudad<\/li>\n<li>Todos los votantes, sin importar su preferencia de partido, pueden votar por cualquier candidato en la boleta<\/li>\n<li>Para los cargos Judiciales, del Condado y algunos cargos de la Ciudad, los dos candidatos que obtengan la mayor cantidad de votos proceder\u00e1n a las Elecciones Generales de noviembre. Sin embargo, si un candidato obtiene m\u00e1s del 50% de los votos, ser\u00e1 elegido para el cargo<\/li>\n<li>Para los cargos Escolares y la mayor\u00eda de los cargos de la Ciudad, los candidatos que obtengan la mayor\u00eda de los votos ser\u00e1n elegidos para el cargo<\/li>\n<\/ul>\n<p><em>* Para estas elecciones, los Partidos Americano Independiente, Dem\u00f3crata y Libertario permitir\u00e1n a los votantes que no hayan elegido una preferencia de partido votar en sus primarias presidenciales.<\/em><\/p>\n<\/div>\n\n  <\/section>\n\n\t","protected":false},"excerpt":{"rendered":"<p>C\u00f3mo se Llevan a Cabo las Primarias En California Hay tres tipos de cargos: nominados por los partidos, nominados por los votantes y no partidarios. A continuaci\u00f3n se presentan los diferentes tipos de cargos que aparecer\u00e1n en la boleta, qui\u00e9nes pueden votar en estas contiendas, y qui\u00e9nes avanzan a las<span class=\"ellipsis\">&#8230;<\/span><\/p>\n","protected":false},"author":10,"featured_media":37382,"parent":74820,"menu_order":0,"comment_status":"closed","ping_status":"closed","template":"templates\/rov-full-width-no-title-template.php","meta":{"_acf_changed":false,"footnotes":""},"class_list":["post-81422","page","type-page","status-publish","has-post-thumbnail","hentry"],"acf":[],"_links":{"self":[{"href":"https:\/\/elections.sbcounty.gov\/es\/wp-json\/wp\/v2\/pages\/81422","targetHints":{"allow":["GET"]}}],"collection":[{"href":"https:\/\/elections.sbcounty.gov\/es\/wp-json\/wp\/v2\/pages"}],"about":[{"href":"https:\/\/elections.sbcounty.gov\/es\/wp-json\/wp\/v2\/types\/page"}],"author":[{"embeddable":true,"href":"https:\/\/elections.sbcounty.gov\/es\/wp-json\/wp\/v2\/users\/10"}],"replies":[{"embeddable":true,"href":"https:\/\/elections.sbcounty.gov\/es\/wp-json\/wp\/v2\/comments?post=81422"}],"version-history":[{"count":3,"href":"https:\/\/elections.sbcounty.gov\/es\/wp-json\/wp\/v2\/pages\/81422\/revisions"}],"predecessor-version":[{"id":81431,"href":"https:\/\/elections.sbcounty.gov\/es\/wp-json\/wp\/v2\/pages\/81422\/revisions\/81431"}],"up":[{"embeddable":true,"href":"https:\/\/elections.sbcounty.gov\/es\/wp-json\/wp\/v2\/pages\/74820"}],"wp:featuredmedia":[{"embeddable":true,"href":"https:\/\/elections.sbcounty.gov\/es\/wp-json\/wp\/v2\/media\/37382"}],"wp:attachment":[{"href":"https:\/\/elections.sbcounty.gov\/es\/wp-json\/wp\/v2\/media?parent=81422"}],"curies":[{"name":"wp","href":"https:\/\/api.w.org\/{rel}","templated":true}]}}