{"id":80564,"date":"2024-01-05T18:53:56","date_gmt":"2024-01-06T02:53:56","guid":{"rendered":"https:\/\/elections.sbcounty.gov\/es\/?page_id=80564"},"modified":"2024-02-08T16:41:33","modified_gmt":"2024-02-09T00:41:33","slug":"measures","status":"publish","type":"page","link":"https:\/\/elections.sbcounty.gov\/es\/elections\/2024\/0305\/measures\/","title":{"rendered":"Elecciones Primarias Presidenciales del 5 de marzo de 2024 \u2013 Medidas Locales"},"content":{"rendered":"  <section data-isd-block-id=\"rov-content-blockblock_539ba81bf4a88178b82cb7f02222d40b\"\n\t\t\t\t\t\t\t\t\t\t \t\t\t\t\t\t\t\t\t\t\t class=\"card-style main-content-wrapper rov-card-style mb-4\">\n\n\t<h2 class=\"block-subtitle blue\">Elecciones Primarias Presidenciales de 2024 \u2013 Medidas Locales<\/h2>\n\n\t<div class=\"ctnr-block-content\"><p>&nbsp;<\/p>\n<table class=\"table striped\" style=\"border-collapse: collapse\" border=\"1\">\n<tbody>\n<tr>\n<th><strong>Letra<\/strong><\/th>\n<th><strong>Jurisdicci\u00f3n<\/strong><\/th>\n<th><strong>Descripci\u00f3n de la Medida<\/strong><\/th>\n<th><strong>An\u00e1lisis<\/strong><\/th>\n<th><strong>Argumentos<\/strong><\/th>\n<th><strong>Porcentaje<br \/>\npara ser Aprobada<\/strong><\/th>\n<\/tr>\n<tr>\n<td style=\"text-align: center\">T<\/td>\n<td><a href=\"https:\/\/uploads.rov.sbcounty.gov\/ROV\/es\/Elections\/2024\/0305\/Measures\/Colton\/CLT-ResolutionR-95-23.pdf\" target=\"_blank\" rel=\"noopener\">Ciudad de Colton<\/a><\/td>\n<td><a href=\"https:\/\/uploads.rov.sbcounty.gov\/ROV\/es\/Elections\/2024\/0305\/Measures\/Colton\/CLT-ResolutionR-95-23.pdf\" target=\"_blank\" rel=\"noopener\">Enmienda al C\u00f3digo Municipal<\/a><\/td>\n<td><a href=\"https:\/\/uploads.rov.sbcounty.gov\/ROV\/es\/Elections\/2024\/0305\/Measures\/Colton\/CLT-Impartial.pdf\" target=\"_blank\" rel=\"noopener\">Imparcial<\/a><\/td>\n<td>\n<ul>\n<li><a href=\"https:\/\/uploads.rov.sbcounty.gov\/ROV\/es\/Elections\/2024\/0305\/Measures\/Colton\/CLT-AIF_Redacted.pdf\" target=\"_blank\" rel=\"noopener\">Argumento a Favor<\/a><\/li>\n<li>No se present\u00f3 ning\u00fan Argumento en Contra de la medida<\/li>\n<\/ul>\n<\/td>\n<td style=\"text-align: center\">50% + 1<\/td>\n<\/tr>\n<tr>\n<td style=\"text-align: center\">U<\/td>\n<td><a href=\"https:\/\/uploads.rov.sbcounty.gov\/ROV\/es\/Elections\/2024\/0305\/Measures\/Adelanto\/ADL-Resolution23-81.pdf\" target=\"_blank\" rel=\"noopener\">Ciudad de Adelanto<\/a><\/td>\n<td><a href=\"https:\/\/uploads.rov.sbcounty.gov\/ROV\/es\/Elections\/2024\/0305\/Measures\/Adelanto\/ADL-Ordinance.pdf\" target=\"_blank\" rel=\"noopener\">Impuesto Especial<\/a><\/td>\n<td><a href=\"https:\/\/uploads.rov.sbcounty.gov\/ROV\/es\/Elections\/2024\/0305\/Measures\/Adelanto\/ADL-Impartial.pdf\" target=\"_blank\" rel=\"noopener\">Imparcial<\/a><\/td>\n<td>\n<ul>\n<li><a href=\"https:\/\/uploads.rov.sbcounty.gov\/ROV\/es\/Elections\/2024\/0305\/Measures\/Adelanto\/ADL-AIF_Redacted.pdf\" target=\"_blank\" rel=\"noopener\">Argumento a Favor<\/a><\/li>\n<li>No se present\u00f3 ning\u00fan Argumento en Contra de la medida<\/li>\n<\/ul>\n<\/td>\n<td style=\"text-align: center\">2\/3<\/td>\n<\/tr>\n<tr>\n<td style=\"text-align: center\">V<\/td>\n<td><a href=\"https:\/\/uploads.rov.sbcounty.gov\/ROV\/es\/Elections\/2024\/0305\/Measures\/Chino\/CHN-Resolution2023-072.pdf\" target=\"_blank\" rel=\"noopener\">Ciudad de Chino<\/a><\/td>\n<td><a href=\"https:\/\/uploads.rov.sbcounty.gov\/ROV\/es\/Elections\/2024\/0305\/Measures\/Chino\/CHN-Ordinance.pdf\" target=\"_blank\" rel=\"noopener\">Impuesto sobre Transacciones y Uso<\/a><\/td>\n<td><a href=\"https:\/\/uploads.rov.sbcounty.gov\/ROV\/es\/Elections\/2024\/0305\/Measures\/Chino\/CHN-Impartial.pdf\" target=\"_blank\" rel=\"noopener\">Imparcial<\/a><\/td>\n<td>\n<ul>\n<li><a href=\"https:\/\/uploads.rov.sbcounty.gov\/ROV\/es\/Elections\/2024\/0305\/Measures\/Chino\/CHN-AIF_Redacted.pdf\" target=\"_blank\" rel=\"noopener\">Argumento a Favor<\/a><\/li>\n<li>No se present\u00f3 ning\u00fan Argumento en Contra de la medida<\/li>\n<\/ul>\n<\/td>\n<td style=\"text-align: center\">50% + 1<\/td>\n<\/tr>\n<tr>\n<td style=\"text-align: center\">W<\/td>\n<td><a href=\"https:\/\/uploads.rov.sbcounty.gov\/ROV\/es\/Elections\/2024\/0305\/Measures\/SBCFPD\/SBCFPD-Resolution2023-191.pdf\" target=\"_blank\" rel=\"noopener\">Distrito de Protecci\u00f3n contra Incendios del Condado de San Bernardino<\/a><\/td>\n<td><a href=\"https:\/\/uploads.rov.sbcounty.gov\/ROV\/es\/Elections\/2024\/0305\/Measures\/SBCFPD\/SBCFPD-FullText.pdf\" target=\"_blank\" rel=\"noopener\">Revocaci\u00f3n del Impuesto Especial<\/a><\/td>\n<td><a href=\"https:\/\/uploads.rov.sbcounty.gov\/ROV\/es\/Elections\/2024\/0305\/Measures\/SBCFPD\/SBCFPD-Impartial.pdf\" target=\"_blank\" rel=\"noopener\">Imparcial<\/a><\/td>\n<td>\n<ul>\n<li><a href=\"https:\/\/uploads.rov.sbcounty.gov\/ROV\/es\/Elections\/2024\/0305\/Measures\/SBCFPD\/SBCFPD-AIF_Redacted.pdf\" target=\"_blank\" rel=\"noopener\">Argumento a Favor<\/a><\/li>\n<li><a href=\"https:\/\/uploads.rov.sbcounty.gov\/ROV\/es\/Elections\/2024\/0305\/Measures\/SBCFPD\/SBCFPD-RebuttalToAIF_Redacted.pdf\" target=\"_blank\" rel=\"noopener\">Refutaci\u00f3n del Argumento a Favor<\/a><\/li>\n<li><a href=\"https:\/\/uploads.rov.sbcounty.gov\/ROV\/es\/Elections\/2024\/0305\/Measures\/SBCFPD\/SBCFPD-AA_Redacted.pdf\" target=\"_blank\" rel=\"noopener\">Argumento en Contra<\/a><\/li>\n<li><a href=\"https:\/\/uploads.rov.sbcounty.gov\/ROV\/es\/Elections\/2024\/0305\/Measures\/SBCFPD\/SBCFPD-RebuttalToAA_Redacted.pdf\" target=\"_blank\" rel=\"noopener\">Refutaci\u00f3n del Argumento en Contra<\/a><\/li>\n<\/ul>\n<\/td>\n<td style=\"text-align: center\">50% + 1<\/td>\n<\/tr>\n<\/tbody>\n<\/table>\n<p><strong>Avisos P\u00fablicos y Formularios Relacionados:<\/strong><\/p>\n<ul>\n<li><a href=\"https:\/\/uploads.rov.sbcounty.gov\/ROV\/es\/News\/2024\/0305\/PublicNotice_MeasureLetterAssignments.pdf\" target=\"_blank\" rel=\"noopener\">Aviso P\u00fablico \u2013 Asignaci\u00f3n de Letras de Medidas<\/a>\u00a0[pdf]<\/li>\n<li><a href=\"https:\/\/uploads.rov.sbcounty.gov\/rov\/Elections\/2022\/1108\/Measures\/Form_9600StatementByProponents.pdf\" target=\"_blank\" rel=\"noopener\">Declaraci\u00f3n de los Proponentes \/ Autores de Argumentos (Formulario 9600)<\/a> [pdf]<\/li>\n<li><a href=\"https:\/\/elections.sbcounty.gov\/es\/Elections\/Measures\/\">Informaci\u00f3n General sobre las Medidas<\/a><\/li>\n<li style=\"list-style-type: none\"><\/li>\n<\/ul>\n<\/div>\n\n  <\/section>\n\n\t","protected":false},"excerpt":{"rendered":"<p>Elecciones Primarias Presidenciales de 2024 \u2013 Medidas Locales &nbsp; Letra Jurisdicci\u00f3n Descripci\u00f3n de la Medida An\u00e1lisis Argumentos Porcentaje para ser Aprobada T Ciudad de Colton Enmienda al C\u00f3digo Municipal Imparcial Argumento a Favor No se present\u00f3 ning\u00fan Argumento en Contra de la medida 50% + 1 U Ciudad de Adelanto<span class=\"ellipsis\">&#8230;<\/span><\/p>\n","protected":false},"author":10,"featured_media":37382,"parent":74820,"menu_order":0,"comment_status":"closed","ping_status":"closed","template":"templates\/rov-full-width-no-title-template.php","meta":{"_acf_changed":false,"footnotes":""},"class_list":["post-80564","page","type-page","status-publish","has-post-thumbnail","hentry"],"acf":[],"_links":{"self":[{"href":"https:\/\/elections.sbcounty.gov\/es\/wp-json\/wp\/v2\/pages\/80564","targetHints":{"allow":["GET"]}}],"collection":[{"href":"https:\/\/elections.sbcounty.gov\/es\/wp-json\/wp\/v2\/pages"}],"about":[{"href":"https:\/\/elections.sbcounty.gov\/es\/wp-json\/wp\/v2\/types\/page"}],"author":[{"embeddable":true,"href":"https:\/\/elections.sbcounty.gov\/es\/wp-json\/wp\/v2\/users\/10"}],"replies":[{"embeddable":true,"href":"https:\/\/elections.sbcounty.gov\/es\/wp-json\/wp\/v2\/comments?post=80564"}],"version-history":[{"count":13,"href":"https:\/\/elections.sbcounty.gov\/es\/wp-json\/wp\/v2\/pages\/80564\/revisions"}],"predecessor-version":[{"id":81404,"href":"https:\/\/elections.sbcounty.gov\/es\/wp-json\/wp\/v2\/pages\/80564\/revisions\/81404"}],"up":[{"embeddable":true,"href":"https:\/\/elections.sbcounty.gov\/es\/wp-json\/wp\/v2\/pages\/74820"}],"wp:featuredmedia":[{"embeddable":true,"href":"https:\/\/elections.sbcounty.gov\/es\/wp-json\/wp\/v2\/media\/37382"}],"wp:attachment":[{"href":"https:\/\/elections.sbcounty.gov\/es\/wp-json\/wp\/v2\/media?parent=80564"}],"curies":[{"name":"wp","href":"https:\/\/api.w.org\/{rel}","templated":true}]}}