{"id":80495,"date":"2024-01-02T15:06:40","date_gmt":"2024-01-02T23:06:40","guid":{"rendered":"https:\/\/elections.sbcounty.gov\/es\/?page_id=80495"},"modified":"2024-01-02T15:08:04","modified_gmt":"2024-01-02T23:08:04","slug":"2023","status":"publish","type":"page","link":"https:\/\/elections.sbcounty.gov\/es\/news\/2023\/","title":{"rendered":"Comunicados de Prensa y Avisos P\u00fablicos Archivados\u00a0de\u00a02023"},"content":{"rendered":"  <section data-isd-block-id=\"rov-content-blockblock_f3b544da350fa817afcee5981e92bc65\"\n\t\t\t\t\t\t\t\t\t\t \t\t\t\t\t\t\t\t\t\t\t class=\"card-style main-content-wrapper rov-card-style mb-4\">\n\n\t<h2 class=\"block-subtitle blue\">Elecci\u00f3n de Vacante Especial de la Asociaci\u00f3n para la Jubilaci\u00f3n de los Empleados del Condado de San Bernardino \u2013 19 de septiembre de 2023<\/h2>\n\n\t<div class=\"ctnr-block-content\"><p>25-05-2023\u00a0\u00a0<a href=\"https:\/\/uploads.rov.sbcounty.gov\/rov\/es\/Elections\/2023\/0919\/Notice_SBCERA-Election.pdf\" target=\"_blank\" rel=\"noopener\">Aviso P\u00fablico \u2013 Aviso de Elecciones<\/a><\/p>\n<\/div>\n\n  <\/section>\n\n\t\n\n  <section data-isd-block-id=\"rov-content-blockblock_9bec72872c69fa809bcff286cb7ae3bb\"\n\t\t\t\t\t\t\t\t\t\t \t\t\t\t\t\t\t\t\t\t\t class=\"card-style main-content-wrapper rov-card-style mb-4\">\n\n\t<h2 class=\"block-subtitle blue\">Elecciones Consolidadas con Boletas por Correo \u2013 29 de agosto de 2023<\/h2>\n\n\t<div class=\"ctnr-block-content\"><p>13-09-2023\u00a0 <a href=\"https:\/\/uploads.rov.sbcounty.gov\/ROV\/es\/News\/2023\/0829\/Certification_ElectionResults.pdf\" target=\"_blank\" rel=\"noopener\">Certificaci\u00f3n de los Resultados de las Elecciones Consolidadas con Boletas por Correo de 2023<\/a><\/p>\n<p>07-09-2023 <a href=\"https:\/\/uploads.rov.sbcounty.gov\/ROV\/es\/News\/2023\/0829\/Report_OnePercent.pdf\" target=\"_blank\" rel=\"noopener\">Informe Recapitulativo del Proceso de Recuento Manual del 1%<\/a><\/p>\n<p>06-09-2023\u00a0 <a href=\"https:\/\/uploads.rov.sbcounty.gov\/rov\/es\/News\/2023\/0829\/PublicNotice_OnePercentRandomBatchSelection.pdf\" target=\"_blank\" rel=\"noopener\">Aviso P\u00fablico \u2013 Selecci\u00f3n Aleatoria de Lotes de las Boletas de Voto por Correo para el Proceso de Recuento Manual del 1%<\/a><\/p>\n<p>28-07-2023\u00a0 <a href=\"https:\/\/uploads.rov.sbcounty.gov\/ROV\/es\/News\/2023\/0829\/PublicNotice_MailBallot_DropOffLocations.pdf\" target=\"_blank\" rel=\"noopener\">Aviso\u00a0P\u00fablico &#8211; Lugares de Entrega de Boletas por Correo<\/a><\/p>\n<p>26-07-2023\u00a0 <a href=\"https:\/\/uploads.rov.sbcounty.gov\/ROV\/es\/News\/2023\/0829\/Certification_L&amp;ATest.pdf\" target=\"_blank\" rel=\"noopener\">Certificaci\u00f3n por parte de la Junta de L\u00f3gica y Precisi\u00f3n<\/a><\/p>\n<p>18-07-2023\u00a0 <a href=\"https:\/\/uploads.rov.sbcounty.gov\/ROV\/es\/news\/2023\/0829\/PublicNotice_ObservationSchedule.pdf\" target=\"_blank\" rel=\"noopener\">Aviso P\u00fablico &#8211; Calendario de Observaci\u00f3n<\/a><\/p>\n<p>11-07-2023\u00a0 <a href=\"https:\/\/uploads.rov.sbcounty.gov\/ROV\/es\/News\/2023\/0829\/PublicNotice_AppointmentsInLieuSpecials.pdf\" target=\"_blank\" rel=\"noopener\">Aviso P\u00fablico &#8211; Designaciones en Lugar de Elecciones<\/a><\/p>\n<p>11-07-2023\u00a0 <a href=\"https:\/\/uploads.rov.sbcounty.gov\/ROV\/es\/News\/2023\/0829\/PublicNotice_ContestsOffBallot.pdf\" target=\"_blank\" rel=\"noopener\">Aviso P\u00fablico &#8211; Lista de los Cargos Que No Aparecer\u00e1n en la Boleta<\/a><\/p>\n<p>08-06-2023\u00a0 <a href=\"https:\/\/uploads.rov.sbcounty.gov\/rov\/News\/2023\/0829\/SOSRandomAlpha.pdf\" target=\"_blank\" rel=\"noopener\">Sorteo para Orden Aleatorizado de las Letras del Alfabeto de la Secretaria de Estado<\/a><\/p>\n<p>02-06-2023\u00a0 <a href=\"https:\/\/uploads.rov.sbcounty.gov\/rov\/es\/News\/2023\/0829\/PublicNotice_CandidateFilingExtension.pdf\" target=\"_blank\" rel=\"noopener\">Aviso P\u00fablico \u2013 Pr\u00f3rrogas de la Fecha L\u00edmite de Presentaci\u00f3n de Candidatos<\/a><\/p>\n<p>05-05-2023\u00a0\u00a0<a href=\"https:\/\/uploads.rov.sbcounty.gov\/rov\/es\/Elections\/2023\/0829\/Report_OfficesUpForElection.pdf\" target=\"_blank\" rel=\"noopener\">Aviso P\u00fablico \u2013 Cargos por Elegir<\/a><\/p>\n<\/div>\n\n  <\/section>\n\n\t","protected":false},"excerpt":{"rendered":"<p>Elecci\u00f3n de Vacante Especial de la Asociaci\u00f3n para la Jubilaci\u00f3n de los Empleados del Condado de San Bernardino \u2013 19 de septiembre de 2023 25-05-2023\u00a0\u00a0Aviso P\u00fablico \u2013 Aviso de Elecciones Elecciones Consolidadas con Boletas por Correo \u2013 29 de agosto de 2023 13-09-2023\u00a0 Certificaci\u00f3n de los Resultados de las Elecciones<span class=\"ellipsis\">&#8230;<\/span><\/p>\n","protected":false},"author":10,"featured_media":37382,"parent":138,"menu_order":0,"comment_status":"closed","ping_status":"closed","template":"templates\/rov-left-sidebar-template.php","meta":{"_acf_changed":false,"footnotes":""},"class_list":["post-80495","page","type-page","status-publish","has-post-thumbnail","hentry"],"acf":[],"_links":{"self":[{"href":"https:\/\/elections.sbcounty.gov\/es\/wp-json\/wp\/v2\/pages\/80495","targetHints":{"allow":["GET"]}}],"collection":[{"href":"https:\/\/elections.sbcounty.gov\/es\/wp-json\/wp\/v2\/pages"}],"about":[{"href":"https:\/\/elections.sbcounty.gov\/es\/wp-json\/wp\/v2\/types\/page"}],"author":[{"embeddable":true,"href":"https:\/\/elections.sbcounty.gov\/es\/wp-json\/wp\/v2\/users\/10"}],"replies":[{"embeddable":true,"href":"https:\/\/elections.sbcounty.gov\/es\/wp-json\/wp\/v2\/comments?post=80495"}],"version-history":[{"count":9,"href":"https:\/\/elections.sbcounty.gov\/es\/wp-json\/wp\/v2\/pages\/80495\/revisions"}],"predecessor-version":[{"id":87643,"href":"https:\/\/elections.sbcounty.gov\/es\/wp-json\/wp\/v2\/pages\/80495\/revisions\/87643"}],"up":[{"embeddable":true,"href":"https:\/\/elections.sbcounty.gov\/es\/wp-json\/wp\/v2\/pages\/138"}],"wp:featuredmedia":[{"embeddable":true,"href":"https:\/\/elections.sbcounty.gov\/es\/wp-json\/wp\/v2\/media\/37382"}],"wp:attachment":[{"href":"https:\/\/elections.sbcounty.gov\/es\/wp-json\/wp\/v2\/media?parent=80495"}],"curies":[{"name":"wp","href":"https:\/\/api.w.org\/{rel}","templated":true}]}}