{"id":78383,"date":"2023-10-03T16:20:39","date_gmt":"2023-10-03T23:20:39","guid":{"rendered":"https:\/\/elections.sbcounty.gov\/es\/?page_id=78383"},"modified":"2026-02-24T09:12:47","modified_gmt":"2026-02-24T17:12:47","slug":"deadlines","status":"publish","type":"page","link":"https:\/\/elections.sbcounty.gov\/es\/elections\/2024\/0305\/deadlines\/","title":{"rendered":"5 de marzo de 2024 Elecciones Primarias Presidenciales Fechas L\u00edmites de las Medidas"},"content":{"rendered":"  <section data-isd-block-id=\"rov-content-blockblock_1451bf98dbb5b175c86575dfe8192746\"\n\t\t\t\t\t\t\t\t\t\t \t\t\t\t\t\t\t\t\t\t\t class=\"card-style main-content-wrapper rov-card-style mb-4\">\n\n\t<h2 class=\"block-subtitle blue\">Fechas L\u00edmites de las Medidas Locales<\/h2>\n\n\t<div class=\"ctnr-block-content\"><table>\n<tbody>\n<tr>\n<th style=\"padding: 5px;border: 2px solid #595959;text-align: center;color: #0c0c0c;vertical-align: middle;background-color: #bfbfbf\" role=\"presentation\" colspan=\"5\">5 de marzo de 2024 Fechas L\u00edmites de las Medidas de las Elecciones Primarias Presidenciales<\/th>\n<\/tr>\n<tr>\n<td style=\"padding: 5px;border: 2px solid #595959;color: #0c0c0c;vertical-align: middle;background-color: #bfbfbf;text-align: center\"><span style=\"color: #ffffff\"><strong><span style=\"color: #3f3f3f;background-color: #bfbfbf\">Event<\/span><\/strong><\/span><\/td>\n<td style=\"padding: 5px;border: 2px solid #595959;color: #0c0c0c;vertical-align: middle;background-color: #bfbfbf;text-align: center\" role=\"presentation\" colspan=\"2\"><span style=\"color: #ffffff\"><strong><span style=\"color: #3f3f3f;background-color: #bfbfbf\">Resoluci\u00f3n recibida el 10 de n<\/span><\/strong><\/span><span style=\"color: #ffffff\"><span style=\"color: #ffffff\"><strong><span style=\"color: #3f3f3f;background-color: #bfbfbf\">oviembre de 2023 o antes<\/span><\/strong><\/span><\/span><span style=\"color: #ffffff\"><strong><span style=\"color: #3f3f3f;background-color: #bfbfbf\"><br \/>\n<\/span><\/strong><\/span><\/td>\n<td style=\"padding: 5px;border: 2px solid #595959;color: #0c0c0c;vertical-align: middle;background-color: #bfbfbf;text-align: center\" role=\"presentation\" colspan=\"2\"><span style=\"color: #ffffff\"><strong><span style=\"color: #3f3f3f;background-color: #bfbfbf\">Resoluci\u00f3n recibida a trav\u00e9s el 11 de noviembre hasta el 8 de diciembre del 2023<\/span><\/strong><\/span><\/td>\n<\/tr>\n<tr>\n<td style=\"padding: 5px;border: 2px solid #595959;text-align: left;vertical-align: middle;background-color: #ffffff\" width=\"320\">Fecha l\u00edmite de presentaci\u00f3n del An\u00e1lisis Imparcial<\/td>\n<td style=\"padding: 5px;border: 2px solid #595959;text-align: left;vertical-align: middle;background-color: #ffffff\" width=\"80\">E-106<\/td>\n<td style=\"padding: 5px;border: 2px solid #595959;text-align: left;vertical-align: middle;background-color: #ffffff\" width=\"320\">20 de noviembre del 2023 a las 5 p.m.<\/td>\n<td style=\"padding: 5px;border: 2px solid #595959;text-align: left;vertical-align: middle;background-color: #ffffff\" width=\"80\">E-78<\/td>\n<td style=\"padding: 5px;border: 2px solid #595959;text-align: left;vertical-align: middle;background-color: #ffffff\" width=\"320\">18 de diciembre del 2023 a las 5 p.m.<\/td>\n<\/tr>\n<tr>\n<td style=\"padding: 5px;border: 2px solid #595959;text-align: left;vertical-align: middle;background-color: #fdeada\" width=\"320\">Fecha l\u00edmite de presentaci\u00f3n de argumentos<\/td>\n<td style=\"padding: 5px;border: 2px solid #595959;text-align: left;vertical-align: middle;background-color: #fdeada\" width=\"80\">E-106<\/td>\n<td style=\"padding: 5px;border: 2px solid #595959;text-align: left;vertical-align: middle;background-color: #fdeada\" width=\"320\">20 de noviembre del 2023 a mediod\u00eda<\/td>\n<td style=\"padding: 5px;border: 2px solid #595959;text-align: left;vertical-align: middle;background-color: #fdeada\" width=\"80\">E-78<\/td>\n<td style=\"padding: 5px;border: 2px solid #595959;text-align: left;vertical-align: middle;background-color: #fdeada\" width=\"320\">18 de diciembre del 2023 a mediod\u00eda<\/td>\n<\/tr>\n<tr>\n<td style=\"padding: 5px;border: 2px solid #595959;text-align: left;vertical-align: middle;background-color: #fdeada\" width=\"320\">Fecha l\u00edmite para la presentaci\u00f3n de refutaciones<\/td>\n<td style=\"padding: 5px;border: 2px solid #595959;text-align: left;vertical-align: middle;background-color: #fdeada\" width=\"80\">*E-99<\/td>\n<td style=\"padding: 5px;border: 2px solid #595959;text-align: left;vertical-align: middle;background-color: #fdeada\" width=\"320\">27 de noviembre del 2023 a las 5 p.m.<\/td>\n<td style=\"padding: 5px;border: 2px solid #595959;text-align: left;vertical-align: middle;background-color: #fdeada\" width=\"80\">*E-69<\/td>\n<td style=\"padding: 5px;border: 2px solid #595959;text-align: left;vertical-align: middle;background-color: #fdeada\" width=\"320\">27 de diciembre del 2023 a las 5 p.m.<\/td>\n<\/tr>\n<tr>\n<td style=\"padding: 5px;border: 2px solid #595959;text-align: left;vertical-align: middle;background-color: #ffffff\" width=\"320\">Fin del periodo de 10 d\u00edas de\u00a0examen p\u00fablico de los Argumentos<\/td>\n<td style=\"padding: 5px;border: 2px solid #595959;text-align: left;vertical-align: middle;background-color: #ffffff\" width=\"80\">E-96<\/td>\n<td style=\"padding: 5px;border: 2px solid #595959;text-align: left;vertical-align: middle;background-color: #ffffff\" width=\"320\">30 de noviembre del 2023 a mediod\u00eda<\/td>\n<td style=\"padding: 5px;border: 2px solid #595959;text-align: left;vertical-align: middle;background-color: #ffffff\" width=\"80\">E-68<\/td>\n<td style=\"padding: 5px;border: 2px solid #595959;text-align: left;vertical-align: middle;background-color: #ffffff\" width=\"320\">28 de diciembre del 2023 a mediod\u00eda<\/td>\n<\/tr>\n<tr>\n<td style=\"padding: 5px;border: 2px solid #595959;text-align: left;vertical-align: middle;background-color: #ffffff\" width=\"320\">Fin del periodo de 10 d\u00edas de\u00a0examen p\u00fablico de las Refutaciones<\/td>\n<td style=\"padding: 5px;border: 2px solid #595959;text-align: left;vertical-align: middle;background-color: #ffffff\" width=\"80\">*E-89<\/td>\n<td style=\"padding: 5px;border: 2px solid #595959;text-align: left;vertical-align: middle;background-color: #ffffff\" width=\"320\">7 de diciembre del 2023 a las 5 p.m.<\/td>\n<td style=\"padding: 5px;border: 2px solid #595959;text-align: left;vertical-align: middle;background-color: #ffffff\" width=\"80\">*E-59<\/td>\n<td style=\"padding: 5px;border: 2px solid #595959;text-align: left;vertical-align: middle;background-color: #ffffff\" width=\"320\">6 de enero del 2024 a las 5 p.m.<\/td>\n<\/tr>\n<tr>\n<td style=\"padding: 5px;border: 2px solid #595959;text-align: left;vertical-align: middle;background-color: #f2dcdb\" width=\"320\">Asignaci\u00f3n de las letras de las medidas<\/td>\n<td style=\"padding: 5px;border: 2px solid #595959;text-align: left;vertical-align: middle;background-color: #f2dcdb\" width=\"80\">E-85<\/td>\n<td style=\"padding: 5px;border: 2px solid #595959;text-align: left;vertical-align: middle;background-color: #f2dcdb\" colspan=\"3\" width=\"720\">11 de diciembre del 2023 a las 11 a.m.<\/td>\n<\/tr>\n<tr>\n<td style=\"padding: 5px;border: 2px solid #595959;text-align: left;vertical-align: middle;background-color: #f2dcdb\" width=\"320\">Fecha l\u00edmite para retirar una medida<\/td>\n<td style=\"padding: 5px;border: 2px solid #595959;text-align: left;vertical-align: middle;background-color: #f2dcdb\" width=\"80\">E-83<\/td>\n<td style=\"padding: 5px;border: 2px solid #595959;text-align: left;vertical-align: middle;background-color: #f2dcdb\" colspan=\"3\" width=\"720\">13 de diciembre del 2023 a las 5 p.m.<\/td>\n<\/tr>\n<\/tbody>\n<\/table>\n<p>&nbsp;<\/p>\n<p>*Fecha sujeta a cambios por vacaciones<\/p>\n<\/div>\n\n  <\/section>\n\n\t","protected":false},"excerpt":{"rendered":"<p>Fechas L\u00edmites de las Medidas Locales 5 de marzo de 2024 Fechas L\u00edmites de las Medidas de las Elecciones Primarias Presidenciales Event Resoluci\u00f3n recibida el 10 de noviembre de 2023 o antes Resoluci\u00f3n recibida a trav\u00e9s el 11 de noviembre hasta el 8 de diciembre del 2023 Fecha l\u00edmite de<span class=\"ellipsis\">&#8230;<\/span><\/p>\n","protected":false},"author":51,"featured_media":37382,"parent":74820,"menu_order":0,"comment_status":"closed","ping_status":"closed","template":"templates\/rov-left-sidebar-no-title-template.php","meta":{"_acf_changed":false,"footnotes":""},"class_list":["post-78383","page","type-page","status-publish","has-post-thumbnail","hentry"],"acf":[],"_links":{"self":[{"href":"https:\/\/elections.sbcounty.gov\/es\/wp-json\/wp\/v2\/pages\/78383","targetHints":{"allow":["GET"]}}],"collection":[{"href":"https:\/\/elections.sbcounty.gov\/es\/wp-json\/wp\/v2\/pages"}],"about":[{"href":"https:\/\/elections.sbcounty.gov\/es\/wp-json\/wp\/v2\/types\/page"}],"author":[{"embeddable":true,"href":"https:\/\/elections.sbcounty.gov\/es\/wp-json\/wp\/v2\/users\/51"}],"replies":[{"embeddable":true,"href":"https:\/\/elections.sbcounty.gov\/es\/wp-json\/wp\/v2\/comments?post=78383"}],"version-history":[{"count":3,"href":"https:\/\/elections.sbcounty.gov\/es\/wp-json\/wp\/v2\/pages\/78383\/revisions"}],"predecessor-version":[{"id":93237,"href":"https:\/\/elections.sbcounty.gov\/es\/wp-json\/wp\/v2\/pages\/78383\/revisions\/93237"}],"up":[{"embeddable":true,"href":"https:\/\/elections.sbcounty.gov\/es\/wp-json\/wp\/v2\/pages\/74820"}],"wp:featuredmedia":[{"embeddable":true,"href":"https:\/\/elections.sbcounty.gov\/es\/wp-json\/wp\/v2\/media\/37382"}],"wp:attachment":[{"href":"https:\/\/elections.sbcounty.gov\/es\/wp-json\/wp\/v2\/media?parent=78383"}],"curies":[{"name":"wp","href":"https:\/\/api.w.org\/{rel}","templated":true}]}}