{"id":7769,"date":"2019-04-18T18:38:25","date_gmt":"2019-04-18T18:38:25","guid":{"rendered":"https:\/\/www.elections.sbcounty.gov\/?page_id=7769"},"modified":"2026-02-20T18:53:57","modified_gmt":"2026-02-21T02:53:57","slug":"ppl","status":"publish","type":"page","link":"https:\/\/elections.sbcounty.gov\/es\/voting\/ppl\/","title":{"rendered":"Herramienta de B\u00fasqueda de Casillas Electorales"},"content":{"rendered":"  <section data-isd-block-id=\"rov-content-blockblock_0b260a757b872e4f7c383f67405c68cd\"\n\t\t\t\t\t\t\t\t\t\t \t\t\t\t\t\t\t\t\t\t\t class=\"card-style main-content-wrapper rov-card-style mb-4\">\n\n\t<h2 class=\"block-subtitle blue\">Herramienta de B\u00fasqueda de Casillas Electorales<\/h2>\n\n\t<div class=\"ctnr-block-content\"><p>Utilice la\u00a0herramienta de B\u00fasqueda de Casillas Electorales\u00a0en l\u00ednea para encontrar su Casilla Electoral asignada:<\/p>\n<ul>\n<li>Consulte la herramienta de <a href=\"https:\/\/elections.sbcounty.gov\/es\/voting\/ppl\/2026\/0324\/\">B\u00fasqueda de Casillas Electorales<\/a> para las Elecci\u00f3n Especial de la Ciudad de Ontario del 24 de marzo de 2026.<\/li>\n<li>Consulte la herramienta de B\u00fasqueda de Casillas Electorales [pr\u00f3ximamente disponible] para las Elecciones Primarias Directas a Nivel Estatal del 2 de junio de 2026.<\/li>\n<\/ul>\n<p>Para recibir m\u00e1s informaci\u00f3n sobre sus opciones de voto, visite la p\u00e1gina <a href=\"https:\/\/elections.sbcounty.gov\/es\/Voting\/\">Opciones para Votar<\/a>.<\/p>\n<\/div>\n\n  <\/section>\n\n\t","protected":false},"excerpt":{"rendered":"<p>Herramienta de B\u00fasqueda de Casillas Electorales Utilice la\u00a0herramienta de B\u00fasqueda de Casillas Electorales\u00a0en l\u00ednea para encontrar su Casilla Electoral asignada: Consulte la herramienta de B\u00fasqueda de Casillas Electorales para las Elecci\u00f3n Especial de la Ciudad de Ontario del 24 de marzo de 2026. Consulte la herramienta de B\u00fasqueda de Casillas<span class=\"ellipsis\">&#8230;<\/span><\/p>\n","protected":false},"author":19,"featured_media":37382,"parent":114,"menu_order":0,"comment_status":"closed","ping_status":"closed","template":"templates\/rov-left-sidebar-no-title-template.php","meta":{"_acf_changed":false,"footnotes":""},"class_list":["post-7769","page","type-page","status-publish","has-post-thumbnail","hentry"],"acf":[],"_links":{"self":[{"href":"https:\/\/elections.sbcounty.gov\/es\/wp-json\/wp\/v2\/pages\/7769","targetHints":{"allow":["GET"]}}],"collection":[{"href":"https:\/\/elections.sbcounty.gov\/es\/wp-json\/wp\/v2\/pages"}],"about":[{"href":"https:\/\/elections.sbcounty.gov\/es\/wp-json\/wp\/v2\/types\/page"}],"author":[{"embeddable":true,"href":"https:\/\/elections.sbcounty.gov\/es\/wp-json\/wp\/v2\/users\/19"}],"replies":[{"embeddable":true,"href":"https:\/\/elections.sbcounty.gov\/es\/wp-json\/wp\/v2\/comments?post=7769"}],"version-history":[{"count":15,"href":"https:\/\/elections.sbcounty.gov\/es\/wp-json\/wp\/v2\/pages\/7769\/revisions"}],"predecessor-version":[{"id":93189,"href":"https:\/\/elections.sbcounty.gov\/es\/wp-json\/wp\/v2\/pages\/7769\/revisions\/93189"}],"up":[{"embeddable":true,"href":"https:\/\/elections.sbcounty.gov\/es\/wp-json\/wp\/v2\/pages\/114"}],"wp:featuredmedia":[{"embeddable":true,"href":"https:\/\/elections.sbcounty.gov\/es\/wp-json\/wp\/v2\/media\/37382"}],"wp:attachment":[{"href":"https:\/\/elections.sbcounty.gov\/es\/wp-json\/wp\/v2\/media?parent=7769"}],"curies":[{"name":"wp","href":"https:\/\/api.w.org\/{rel}","templated":true}]}}