{"id":7580,"date":"2019-04-18T16:33:17","date_gmt":"2019-04-18T16:33:17","guid":{"rendered":"https:\/\/www.elections.sbcounty.gov\/?page_id=7580"},"modified":"2025-12-16T18:21:02","modified_gmt":"2025-12-17T02:21:02","slug":"when","status":"publish","type":"page","link":"https:\/\/elections.sbcounty.gov\/es\/voterregistration\/when\/","title":{"rendered":"Cu\u00e1ndo Registrarse"},"content":{"rendered":"  <section data-isd-block-id=\"rov-content-blockblock_752402289afd7056f7e4b2b75db1f05d\"\n\t\t\t\t\t\t\t\t\t\t \t\t\t\t\t\t\t\t\t\t\t class=\"card-style main-content-wrapper rov-card-style mb-4\">\n\n\t<h2 class=\"block-subtitle blue\">Cu\u00e1ndo Registrarse<\/h2>\n\n\t<div class=\"ctnr-block-content\"><p>Debe registrarse o volver a registrarse para votar cuando:<\/p>\n<ul>\n<li>Es la primera vez que se registra<\/li>\n<li>Se muda a una nueva residencia<\/li>\n<li>Se cambia el nombre<\/li>\n<li>Cambia de partido pol\u00edtico<\/li>\n<\/ul>\n<\/div>\n\n  <\/section>\n\n\t\n\n  <section data-isd-block-id=\"rov-content-blockblock_8321dbd4235013612c9e7845d821c880\"\n\t\t\t\t\t\t\t\t\t\t \t\t\t\t\t\t\t\t\t\t\t\tid=\"CVR\"\n\t\t\t\t\t\t\t\t\t\t\t\t\t\t\t   \t\t\t\t\t\t\t\t\t\t\t class=\"card-style main-content-wrapper rov-card-style mb-4\">\n\n\t<h2 class=\"block-subtitle blue\">Fechas L\u00edmite de Registro<\/h2>\n\n\t<div class=\"ctnr-block-content\"><p>Si desea votar por correo, debe estar registrado para votar al menos 15 d\u00edas antes del D\u00eda de las\u00a0Elecciones.<\/p>\n<p><strong><em><u>Registro de Votantes Condicional<\/u><\/em><\/strong><\/p>\n<p>La ley de California permite a los ciudadanos registrarse y votar despu\u00e9s de la fecha l\u00edmite de registro. Para calificar, la solicitud de registro de votante debe ser presentada en persona en el Registro de Votantes o en una casilla para Voto Anticipado el D\u00eda de las Elecciones o antes, o en una casilla electoral el D\u00eda de las Elecciones.\u00a0Despu\u00e9s de llenar una solicitud de registro de votante, el votante recibir\u00e1 una boleta provisional.<\/p>\n<ul>\n<li>Consulte la <a href=\"https:\/\/elections.sbcounty.gov\/es\/Voting\/Early\/\">p\u00e1gina de Voto Anticipado<\/a> para conocer las casillas para Voto Anticipado.<\/li>\n<li>Consulte la herramienta de B\u00fasqueda de Casillas Electorales [pr\u00f3ximamente disponible] para las Elecciones Primarias Directas a Nivel Estatal del 2 de junio de 2026.<\/li>\n<\/ul>\n<\/div>\n\n  <\/section>\n\n\t","protected":false},"excerpt":{"rendered":"<p>Cu\u00e1ndo Registrarse Debe registrarse o volver a registrarse para votar cuando: Es la primera vez que se registra Se muda a una nueva residencia Se cambia el nombre Cambia de partido pol\u00edtico Fechas L\u00edmite de Registro Si desea votar por correo, debe estar registrado para votar al menos 15 d\u00edas<span class=\"ellipsis\">&#8230;<\/span><\/p>\n","protected":false},"author":19,"featured_media":37382,"parent":105,"menu_order":0,"comment_status":"closed","ping_status":"closed","template":"templates\/rov-left-sidebar-no-title-template.php","meta":{"_acf_changed":false,"footnotes":""},"class_list":["post-7580","page","type-page","status-publish","has-post-thumbnail","hentry"],"acf":[],"_links":{"self":[{"href":"https:\/\/elections.sbcounty.gov\/es\/wp-json\/wp\/v2\/pages\/7580","targetHints":{"allow":["GET"]}}],"collection":[{"href":"https:\/\/elections.sbcounty.gov\/es\/wp-json\/wp\/v2\/pages"}],"about":[{"href":"https:\/\/elections.sbcounty.gov\/es\/wp-json\/wp\/v2\/types\/page"}],"author":[{"embeddable":true,"href":"https:\/\/elections.sbcounty.gov\/es\/wp-json\/wp\/v2\/users\/19"}],"replies":[{"embeddable":true,"href":"https:\/\/elections.sbcounty.gov\/es\/wp-json\/wp\/v2\/comments?post=7580"}],"version-history":[{"count":9,"href":"https:\/\/elections.sbcounty.gov\/es\/wp-json\/wp\/v2\/pages\/7580\/revisions"}],"predecessor-version":[{"id":92281,"href":"https:\/\/elections.sbcounty.gov\/es\/wp-json\/wp\/v2\/pages\/7580\/revisions\/92281"}],"up":[{"embeddable":true,"href":"https:\/\/elections.sbcounty.gov\/es\/wp-json\/wp\/v2\/pages\/105"}],"wp:featuredmedia":[{"embeddable":true,"href":"https:\/\/elections.sbcounty.gov\/es\/wp-json\/wp\/v2\/media\/37382"}],"wp:attachment":[{"href":"https:\/\/elections.sbcounty.gov\/es\/wp-json\/wp\/v2\/media?parent=7580"}],"curies":[{"name":"wp","href":"https:\/\/api.w.org\/{rel}","templated":true}]}}