{"id":7562,"date":"2019-04-18T16:31:00","date_gmt":"2019-04-18T16:31:00","guid":{"rendered":"https:\/\/www.elections.sbcounty.gov\/?page_id=7562"},"modified":"2025-09-04T17:51:05","modified_gmt":"2025-09-05T00:51:05","slug":"voterregistrationandlistmaintenance","status":"publish","type":"page","link":"https:\/\/elections.sbcounty.gov\/es\/voterregistration\/voterregistrationandlistmaintenance\/","title":{"rendered":"Mantenimiento de Registros y Archivos del Registro de\u00a0Votantes"},"content":{"rendered":"  <section data-isd-block-id=\"rov-content-blockblock_85b1e2139233fb6e3b26de92ad7c0ad4\"\n\t\t\t\t\t\t\t\t\t\t \t\t\t\t\t\t\t\t\t\t\t class=\"card-style main-content-wrapper rov-card-style mb-4\">\n\n\t<h2 class=\"block-subtitle blue\">Bases de Datos del Registro de Votantes<\/h2>\n\n\t<div class=\"ctnr-block-content\"><p>Actualmente en California, cada uno de los 58 condados del estado controla y da mantenimiento a sus propias bases de datos locales de registro de votantes, y la Secretaria de Estado de California da mantenimiento a otra base de datos de registro de votantes que consta de todos los registros recopilados de cada uno de los condados de todo el estado. En el Condado de San Bernardino, cuando una persona se registra para votar, su informaci\u00f3n del registro de votantes, que incluye su nombre, domicilio residencial y postal, y preferencia de partido pol\u00edtico, se introduce manualmente en una base de datos local de registro de votantes.<\/p>\n<p>En todas las bases de datos, los registros de votantes se clasifican en cuatro categor\u00edas de votantes:<\/p>\n<p style=\"padding-left: 40px\"><strong>1. Registros Activos:<\/strong>\u00a0 Esta categor\u00eda consiste en registros de votantes en los que la informaci\u00f3n de registro ha sido cotejada con la base de datos del Estado. Los registros de votantes activos se incluyen en las listas de correo para todos los materiales electorales para todas las elecciones en las que el votante es elegible para votar, y estos registros se incluyen en la Lista de Votantes que est\u00e1 disponible en la casilla electoral asignada el D\u00eda de las Elecciones. El material electoral puede incluir Gu\u00edas de Informaci\u00f3n para el Votante, Boletas de Voto por Correo Oficiales y Tarjetas de Aviso al Votante.<\/p>\n<p style=\"padding-left: 40px\"><strong>2. Registros Inactivos:<\/strong>\u00a0 Esta categor\u00eda consiste en registros de votantes en los que la informaci\u00f3n de registro se ha verificado previamente contra la base de datos del Estado, pero se ha recibido nueva informaci\u00f3n que a\u00fan no se ha verificado con el votante. Los registros de votantes inactivos no se incluyen en ninguna lista de correo para materiales electorales; sin embargo, el votante sigue estando calificado para votar en las elecciones correspondientes. Los registros de votantes inactivos tambi\u00e9n se incluyen en la Lista de Votantes que est\u00e1 disponible en la casilla electoral asignada el D\u00eda de las Elecciones.<\/p>\n<p style=\"padding-left: 40px\"><strong>3. Registros Pendientes:<\/strong>\u00a0 Esta categor\u00eda consiste en registros de votantes cuya informaci\u00f3n de registro no se ha podido cotejar con la base de datos del Estado. Normalmente, los registros de votantes pendientes no se pueden cotejar con la base de datos del Estado porque falta informaci\u00f3n, que debe ser facilitada por el votante. Cuando se reciba nueva informaci\u00f3n del votante y dicha informaci\u00f3n se coteje con la base de datos del Estado, ese registro de votante pasar\u00e1 a la categor\u00eda activa. Los registros de votantes pendientes no se incluyen en ninguna lista de correo para materiales electorales y no se incluyen en la Lista de Votantes.<\/p>\n<p style=\"padding-left: 40px\"><strong>4. Registros Cancelados:<\/strong>\u00a0 Esta categor\u00eda consta de registros de votantes en los que la informaci\u00f3n de registro ya no es v\u00e1lida. Por lo general, los registros de votantes se cancelan porque se ha recibido informaci\u00f3n fiable que confirma que el votante ya no es elegible para votar en el Condado. Los registros de votantes cancelados no se incluyen en ninguna lista de correo para materiales electorales y no se incluyen en la Lista de Votantes.<\/p>\n<\/div>\n\n  <\/section>\n\n\t\n\n  <section data-isd-block-id=\"rov-content-blockblock_2d82df282be0910b173595b95f30fc0a\"\n\t\t\t\t\t\t\t\t\t\t \t\t\t\t\t\t\t\t\t\t\t class=\"card-style main-content-wrapper rov-card-style mb-4\">\n\n\t<h2 class=\"block-subtitle blue\">Divulgaci\u00f3n del Registro de Votantes<\/h2>\n\n\t<div class=\"ctnr-block-content\"><p>El Registro de Votantes acepta Tarjetas de Registraci\u00f3n de Votantes completadas de ciudadanos individuales y de varias organizaciones p\u00fablicas incluyendo el Departamento de Veh\u00edculos Motorizados de California (DMV), agencias de asistencia p\u00fablica, y otras agencias financiadas por el estado.\u00a0Adem\u00e1s de aceptar las Tarjetas de Registraci\u00f3n de Votantes completadas, el Registro de Votantes se involucra en la difusi\u00f3n del registro de votantes alentando a los ciudadanos elegibles a registrarse para votar en el Condado de San Bernardino. Las actividades de difusi\u00f3n del registro de votantes incluyen:<\/p>\n<ul>\n<li>Promover la opci\u00f3n de Registro de Votantes en L\u00ednea de California y proporcionar un enlace en el sitio web del Registro de Votantes.<\/li>\n<li>Promover las Semanas de Educaci\u00f3n para el Votante en Escuelas Preparatorias.<\/li>\n<li>Promover el D\u00eda Nacional del Registro de Votantes.<\/li>\n<li>Promover la Semana Nacional de la Educaci\u00f3n del Votante.<\/li>\n<li>Proporcionar material para la difusi\u00f3n del registro de votantes en eventos locales.<\/li>\n<li>Proporcionar capacitaci\u00f3n al p\u00fablico para las organizaciones interesadas en llevar a cabo campa\u00f1as de registro de votantes.<\/li>\n<li>Proporcionar capacitaci\u00f3n a las agencias de asistencia p\u00fablica en relaci\u00f3n con sus responsabilidades de cumplimiento de la Ley Nacional de Registro de Votantes (NVRA) junto con la Oficina de la Secretaria de\u00a0Estado.<\/li>\n<\/ul>\n<\/div>\n\n  <\/section>\n\n\t\n\n  <section data-isd-block-id=\"rov-content-blockblock_5fcd822ec6a031c0af224b1134c4714c\"\n\t\t\t\t\t\t\t\t\t\t \t\t\t\t\t\t\t\t\t\t\t class=\"card-style main-content-wrapper rov-card-style mb-4\">\n\n\t<h2 class=\"block-subtitle blue\">Mantenimiento de Archivos de Votantes<\/h2>\n\n\t<div class=\"ctnr-block-content\"><p>El mantenimiento de los archivos de votantes es el proceso que usan los funcionarios electorales del condado para garantizar que sus listas de registro de votantes sean precisas.\u00a0El C\u00f3digo Electoral de California exige procedimientos espec\u00edficos para el mantenimiento de los archivos para conservar actualizados los registros de votantes. El\u00a0Registro de Votantes no solo lleva a cabo los procedimientos exigidos por el Estado, sino que tambi\u00e9n realiza una serie de auditor\u00edas internas opcionales diarias, semanales y mensuales para identificar posibles registros duplicados e informaci\u00f3n de registro no\u00a0v\u00e1lida.<\/p>\n<p><strong><em>Actividades para el Mantenimiento de Archivos Exigidas por el Estado:<\/em><\/strong><\/p>\n<p>El Registro de Votantes lleva a cabo una serie de actividades para el mantenimiento de archivos exigidas por el estado que implican la actualizaci\u00f3n de los registros bas\u00e1ndose en correspondencia recibida de otras agencias gubernamentales.\u00a0La lista de votantes registrados del Condado se coteja usando los datos de las siguientes agencias:<\/p>\n<ul>\n<li>Informaci\u00f3n del Servicio Postal de Estados Unidos sobre Cambios de Direcci\u00f3n Nacional\u00a0(National Change of Address, NCOA), que se recibe y procesa mensualmente<\/li>\n<li>Informaci\u00f3n del Departamento de Veh\u00edculos Motorizados sobre Cambio de Direcci\u00f3n (Department of Motor Vehicles Change of Address, DMVCOA), que se recibe y procesa semanalmente<\/li>\n<li>Las Boletas de Voto por Correo Oficiales del Registro de Votantes del Condado de San Bernardino, las Gu\u00edas de Informaci\u00f3n para el Votante y otra correspondencia devuelta por el Servicio Postal de Estados Unidos como &#8220;imposible de entregar&#8221;<\/li>\n<li>El Departamento de Salud P\u00fablica del Condado de San Bernardino y la Secretaria de Estado en relaci\u00f3n con personas fallecidas<\/li>\n<li>Otros condados de California en los casos en los que los votantes se han vuelto a registrar en su condado<\/li>\n<li>La Secretaria de Estado durante las revisiones de duplicados de registros de votantes de todo el estado, que se reciben y procesan<\/li>\n<\/ul>\n<h5><strong><em>Actividades Opcionales para el Mantenimiento de Archivos:<\/em><\/strong><\/h5>\n<p>Adem\u00e1s de las actividades de mantenimiento de archivos exigidas por el estado, el\u00a0Registro de Votantes realiza diversas auditor\u00edas internas.<\/p>\n<ul>\n<li>Auditor\u00eda de Registros Duplicados &#8211; Esta auditor\u00eda identifica posibles registros duplicados.\u00a0Aplicando diversos criterios, el Registro de Votantes elabora reportes que identifican posibles registros duplicados.\u00a0Cuando se confirman las coincidencias, los registros de votantes duplicados se fusionan.<\/li>\n<li>Auditor\u00eda de Estandarizaci\u00f3n de Direcciones &#8211; Esta auditor\u00eda identifica las direcciones postales que no siguen los est\u00e1ndares sobre direcciones del Servicio Postal de Estados Unidos.\u00a0Los votantes se benefician de esta auditor\u00eda porque es probable que el correo electoral con direcciones estandarizadas del Servicio Postal de Estados Unidos (United States Postal Service, USPS) llegue antes.<\/li>\n<li>Auditor\u00eda de Informaci\u00f3n No V\u00e1lida &#8211; Esta auditor\u00eda busca informaci\u00f3n de registro no v\u00e1lida, incluyendo n\u00fameros de licencia de conducir, c\u00f3digos postales o n\u00fameros de tel\u00e9fono.\u00a0Esta informaci\u00f3n se compara con las im\u00e1genes de la tarjeta de registraci\u00f3n de votante para determinar si existe un error tipogr\u00e1fico.\u00a0Los registros de votantes se corrigen o se elimina la informaci\u00f3n no v\u00e1lida.<\/li>\n<\/ul>\n<\/div>\n\n  <\/section>\n\n\t\n\n  <section data-isd-block-id=\"rov-content-blockblock_5cffb1d02d7e859d481bc77c49a23002\"\n\t\t\t\t\t\t\t\t\t\t \t\t\t\t\t\t\t\t\t\t\t class=\"card-style main-content-wrapper rov-card-style mb-4\">\n\n\t<h2 class=\"block-subtitle blue\">Estad\u00edsticas de Votantes del Condado<\/h2>\n\n\t<div class=\"ctnr-block-content\"><p>El Registro de Votantes da mantenimiento a una base de datos de registro de votantes de aproximadamente un mill\u00f3n de registros activos. De los ciudadanos elegibles del Condado, el 83% est\u00e1n registrados para votar. En el Condado de San Bernardino vive aproximadamente el 5% de los votantes registrados de todo el estado.<\/p>\n<p>Las cifras de registro de votantes del Condado de San Bernardino, incluido el desglose de partidos pol\u00edticos por distrito, se actualizan regularmente en el sitio web del Registro de Votantes y pueden consultarse en el <a href=\"https:\/\/uploads.rov.sbcounty.gov\/ROV\/DistrictSummary.pdf\" target=\"_blank\" rel=\"noopener\">Reporte Semanal de Registro<\/a>.\u00a0Los datos de registro de votantes de todo el estado se pueden encontrar en el sitio web <a href=\"https:\/\/www.sos.ca.gov\/elections\/voter-registration\/voter-registration-statistics\" target=\"_blank\" rel=\"noopener\">Estad\u00edsticas del Registro de Votantes de la Secretaria de Estado<\/a>.<\/p>\n<\/div>\n\n  <\/section>\n\n\t","protected":false},"excerpt":{"rendered":"<p>Bases de Datos del Registro de Votantes Actualmente en California, cada uno de los 58 condados del estado controla y da mantenimiento a sus propias bases de datos locales de registro de votantes, y la Secretaria de Estado de California da mantenimiento a otra base de datos de registro de<span class=\"ellipsis\">&#8230;<\/span><\/p>\n","protected":false},"author":19,"featured_media":37382,"parent":105,"menu_order":0,"comment_status":"closed","ping_status":"closed","template":"templates\/rov-left-sidebar-template.php","meta":{"_acf_changed":false,"footnotes":""},"class_list":["post-7562","page","type-page","status-publish","has-post-thumbnail","hentry"],"acf":[],"_links":{"self":[{"href":"https:\/\/elections.sbcounty.gov\/es\/wp-json\/wp\/v2\/pages\/7562","targetHints":{"allow":["GET"]}}],"collection":[{"href":"https:\/\/elections.sbcounty.gov\/es\/wp-json\/wp\/v2\/pages"}],"about":[{"href":"https:\/\/elections.sbcounty.gov\/es\/wp-json\/wp\/v2\/types\/page"}],"author":[{"embeddable":true,"href":"https:\/\/elections.sbcounty.gov\/es\/wp-json\/wp\/v2\/users\/19"}],"replies":[{"embeddable":true,"href":"https:\/\/elections.sbcounty.gov\/es\/wp-json\/wp\/v2\/comments?post=7562"}],"version-history":[{"count":4,"href":"https:\/\/elections.sbcounty.gov\/es\/wp-json\/wp\/v2\/pages\/7562\/revisions"}],"predecessor-version":[{"id":90768,"href":"https:\/\/elections.sbcounty.gov\/es\/wp-json\/wp\/v2\/pages\/7562\/revisions\/90768"}],"up":[{"embeddable":true,"href":"https:\/\/elections.sbcounty.gov\/es\/wp-json\/wp\/v2\/pages\/105"}],"wp:featuredmedia":[{"embeddable":true,"href":"https:\/\/elections.sbcounty.gov\/es\/wp-json\/wp\/v2\/media\/37382"}],"wp:attachment":[{"href":"https:\/\/elections.sbcounty.gov\/es\/wp-json\/wp\/v2\/media?parent=7562"}],"curies":[{"name":"wp","href":"https:\/\/api.w.org\/{rel}","templated":true}]}}