{"id":68453,"date":"2023-05-19T16:15:08","date_gmt":"2023-05-19T23:15:08","guid":{"rendered":"https:\/\/elections.sbcounty.gov\/es\/?page_id=68453"},"modified":"2024-06-06T10:54:35","modified_gmt":"2024-06-06T17:54:35","slug":"0827","status":"publish","type":"page","link":"https:\/\/elections.sbcounty.gov\/es\/elections\/2013\/0827\/","title":{"rendered":"Archivo de Elecciones Consolidadas con Boletas por Correo del 27\u00a0de agosto de 2013"},"content":{"rendered":"  <section data-isd-block-id=\"rov-content-blockblock_123f9998a2c962e1f57383f021ff30c8\"\n\t\t\t\t\t\t\t\t\t\t \t\t\t\t\t\t\t\t\t\t\t class=\"card-style main-content-wrapper rov-card-style mb-4\">\n\n\t<h2 class=\"block-subtitle blue\">Publicaciones Electorales<\/h2>\n\n\t<div class=\"ctnr-block-content\"><ul>\n<li>La\u00a0<a href=\"https:\/\/www.sbcounty.gov\/uploads\/ROV\/Elections\/2013\/0827\/Combined_English_Aug-27-2013.pdf\" target=\"_blank\" rel=\"noopener\">Gu\u00eda de Informaci\u00f3n para el Votante<\/a>\u00a0es un manual que se env\u00eda a todos los votantes donde se describe lo que hay en la boleta y las opciones de voto.<\/li>\n<li><a href=\"https:\/\/elections.sbcounty.gov\/es\/News\/2013\/\"><strong>Comunicados de Prensa y Avisos P\u00fablicos<\/strong><\/a><\/li>\n<\/ul>\n<\/div>\n\n  <\/section>\n\n\t\n\n  <section data-isd-block-id=\"rov-content-blockblock_568b51152ceb9b9d765c1a012844b2c9\"\n\t\t\t\t\t\t\t\t\t\t \t\t\t\t\t\t\t\t\t\t\t class=\"card-style main-content-wrapper rov-card-style mb-4\">\n\n\t<h2 class=\"block-subtitle blue\">Fechas Clave y Fechas L\u00edmite<\/h2>\n\n\t<div class=\"ctnr-block-content\"><table class=\"table table-striped\" style=\"width: 99%\">\n<colgroup>\n<col \/>\n<col \/><\/colgroup>\n<thead>\n<tr style=\"text-align: center;font-weight: bold\">\n<th>\n<p align=\"left\"><strong>Fecha<\/strong><\/p>\n<\/th>\n<th>\n<p align=\"left\"><strong>Acci\u00f3n<\/strong><\/p>\n<\/th>\n<\/tr>\n<\/thead>\n<tbody>\n<tr>\n<td>6 de mayo de 2013<\/td>\n<td>Comienza la presentaci\u00f3n de candidatos<\/td>\n<\/tr>\n<tr>\n<td>31 de mayo de 2013<\/td>\n<td>Fecha l\u00edmite de presentaci\u00f3n de candidatos<\/td>\n<\/tr>\n<tr>\n<td>29 de julio de 2013<\/td>\n<td>Comienza el voto anticipado<\/td>\n<\/tr>\n<tr>\n<td>2 de agosto de 2013<\/td>\n<td>Las boletas por correo se env\u00edan a los votantes<\/td>\n<\/tr>\n<tr>\n<td>12 de agosto de 2013<\/td>\n<td>Fecha l\u00edmite para el registro de votantes<\/td>\n<\/tr>\n<tr>\n<td><strong>27 de agosto de 2013<\/strong><\/td>\n<td><strong>D\u00eda de las Elecciones \u2013 Elecciones Consolidadas con Boletas por Correo de 2013<\/strong><\/td>\n<\/tr>\n<tr>\n<td>28 de agosto de 2013<\/td>\n<td>Comienza el Escrutinio de las Elecciones<\/td>\n<\/tr>\n<tr>\n<td>24 de septiembre de 2013<\/td>\n<td>Fecha l\u00edmite para que la Oficina de Elecciones complete el escrutinio y certifique los resultados<\/td>\n<\/tr>\n<\/tbody>\n<\/table>\n<\/div>\n\n  <\/section>\n\n\t\n\n  <section data-isd-block-id=\"rov-content-blockblock_62211028310c8d000a85fb29cb932f3a\"\n\t\t\t\t\t\t\t\t\t\t \t\t\t\t\t\t\t\t\t\t\t class=\"card-style main-content-wrapper rov-card-style mb-4\">\n\n\t<h2 class=\"block-subtitle blue\">Informaci\u00f3n de los Cargos y Candidatos<\/h2>\n\n\t<div class=\"ctnr-block-content\"><p><strong>Cargos a Elegir:<\/strong><\/p>\n<ul>\n<li>Consulte\u00a0<a href=\"https:\/\/www.sbcounty.gov\/uploads\/ROV\/OfficialsandCandidates\/Calendar_Offices_Up_for_Election_2013-05-23.pdf\" target=\"_blank\" rel=\"noopener\">Todos los Cargos a Elegir<\/a> [pdf] para 2013.<\/li>\n<\/ul>\n<p><strong>Presentaci\u00f3n de Candidatos:<\/strong><\/p>\n<p>La presentaci\u00f3n de candidatos comienza\u00a0el 6 de mayo de 2013 y termina el 31 de mayo de 2013. Visite nuestra p\u00e1gina de\u00a0<a href=\"https:\/\/elections.sbcounty.gov\/es\/Elected-Officials-Candidates\/\">Funcionarios Electos y Candidatos<\/a>\u00a0para obtener la informaci\u00f3n completa e instrucciones.<\/p>\n<ul>\n<li><a href=\"https:\/\/www.sbcounty.gov\/uploads\/ROV\/OfficialsandCandidates\/Candidate_Filing_Seminar_Information.pdf\" target=\"_blank\" rel=\"noopener\">Informaci\u00f3n sobre el Seminario de Presentaci\u00f3n de Candidatos<\/a>\u00a0[pdf]<\/li>\n<li><a href=\"https:\/\/www.sbcounty.gov\/uploads\/ROV\/OfficialsandCandidates\/Candidate_Filing_Schedule.pdf\" target=\"_blank\" rel=\"noopener\">Calendario de Presentaci\u00f3n de Candidatos<\/a>\u00a0[pdf]<\/li>\n<li><a href=\"https:\/\/www.sbcounty.gov\/uploads\/ROV\/Elections\/2013\/0827\/Candidate_Filing_Guide_Special%20Districts.pdf\" target=\"_blank\" rel=\"noopener\">Gu\u00eda de Presentaci\u00f3n de Candidatos<\/a>\u00a0[pdf]<\/li>\n<\/ul>\n<\/div>\n\n  <\/section>\n\n\t\n\n  <section data-isd-block-id=\"rov-content-blockblock_d7b2a4e0a352c6d0b7d1a3dc479eea5b\"\n\t\t\t\t\t\t\t\t\t\t \t\t\t\t\t\t\t\t\t\t\t class=\"card-style main-content-wrapper rov-card-style mb-4\">\n\n\t<h2 class=\"block-subtitle blue\">Registro de Votantes<\/h2>\n\n\t<div class=\"ctnr-block-content\"><p>Su solicitud del registro de votante debe tener un sello postal a m\u00e1s tardar el\u00a0<strong>12 de agosto de 2013<\/strong>\u00a0para ser elegible para votar en las Elecciones Consolidadas con Boletas por Correo de 2013.\u00a0Visite nuestra\u00a0<a href=\"https:\/\/elections.sbcounty.gov\/es\/VoterRegistration\/when\/\">p\u00e1gina del Registro de Votantes<\/a>\u00a0para obtener la informaci\u00f3n completa e instrucciones.<\/p>\n<ul>\n<li>Consulte el\u00a0<a href=\"https:\/\/www.sbcounty.gov\/uploads\/ROV\/Elections\/2013\/0827\/15%20Day%20Close%20of%20Registration%20Summary.pdf\" target=\"_blank\" rel=\"noopener\">Resumen del Registro de Votantes Calificados<\/a><\/li>\n<\/ul>\n<\/div>\n\n  <\/section>\n\n\t\n\n  <section data-isd-block-id=\"rov-content-blockblock_fb263606aaf185edd279736ce1bc9860\"\n\t\t\t\t\t\t\t\t\t\t \t\t\t\t\t\t\t\t\t\t\t class=\"card-style main-content-wrapper rov-card-style mb-4\">\n\n\t<h2 class=\"block-subtitle blue\">Opciones de Voto<\/h2>\n\n\t<div class=\"ctnr-block-content\"><ul>\n<li>Vote de manera anticipada en la Oficina de Elecciones a partir del 29\u00a0de julio de 2013.<\/li>\n<li>Encuentre un Lugar para Depositar las Boletas por Correo [ya no est\u00e1 disponible].<\/li>\n<\/ul>\n<p>Visite nuestra\u00a0<a href=\"https:\/\/elections.sbcounty.gov\/es\/Voting\/\">p\u00e1gina de Opciones de Voto<\/a>\u00a0para obtener la informaci\u00f3n completa e instrucciones.<\/p>\n<p><strong>Votantes Militares y en el Extranjero:<\/strong><\/p>\n<p>Los ciudadanos Uniformados y en el Extranjero pueden obtener una\u00a0Gu\u00eda de Informaci\u00f3n para el Votante y Boleta de Muestra\u00a0[el enlace ya no est\u00e1 disponible], as\u00ed como una Boleta\u00a0[el enlace ya no est\u00e1 disponible] para estas elecciones. Para obtener la informaci\u00f3n completa, visite nuestra\u00a0<a href=\"https:\/\/www.sos.ca.gov\/elections\/voter-registration\/military-overseas-voters\" target=\"_blank\" rel=\"noopener\">p\u00e1gina de Votantes Militares y en el Extranjero<\/a>.<\/p>\n<\/div>\n\n  <\/section>\n\n\t\n\n  <section data-isd-block-id=\"rov-content-blockblock_ab4e90e4d0f15fa7d945b24d875e48bb\"\n\t\t\t\t\t\t\t\t\t\t \t\t\t\t\t\t\t\t\t\t\t class=\"card-style main-content-wrapper rov-card-style mb-4\">\n\n\t<h2 class=\"block-subtitle blue\">Elecciones<\/h2>\n\n\t<div class=\"ctnr-block-content\"><ul>\n<li><a href=\"https:\/\/results.rov.sbcounty.gov\/results\/20130827\/default.html\" target=\"_blank\" rel=\"noopener\">Resultados de las Elecciones<\/a><\/li>\n<li><a href=\"https:\/\/www.sbcounty.gov\/uploads\/ROV\/Elections\/2013\/0827\/SOVBook.pdf\" target=\"_blank\" rel=\"noopener\">Declaraci\u00f3n de Votos Emitidos<\/a><\/li>\n<\/ul>\n<\/div>\n\n  <\/section>\n\n\t","protected":false},"excerpt":{"rendered":"<p>Publicaciones Electorales La\u00a0Gu\u00eda de Informaci\u00f3n para el Votante\u00a0es un manual que se env\u00eda a todos los votantes donde se describe lo que hay en la boleta y las opciones de voto. Comunicados de Prensa y Avisos P\u00fablicos Fechas Clave y Fechas L\u00edmite Fecha Acci\u00f3n 6 de mayo de 2013 Comienza<span class=\"ellipsis\">&#8230;<\/span><\/p>\n","protected":false},"author":13,"featured_media":37382,"parent":38190,"menu_order":0,"comment_status":"closed","ping_status":"closed","template":"templates\/rov-left-sidebar-template.php","meta":{"_acf_changed":false,"footnotes":""},"class_list":["post-68453","page","type-page","status-publish","has-post-thumbnail","hentry"],"acf":[],"_links":{"self":[{"href":"https:\/\/elections.sbcounty.gov\/es\/wp-json\/wp\/v2\/pages\/68453","targetHints":{"allow":["GET"]}}],"collection":[{"href":"https:\/\/elections.sbcounty.gov\/es\/wp-json\/wp\/v2\/pages"}],"about":[{"href":"https:\/\/elections.sbcounty.gov\/es\/wp-json\/wp\/v2\/types\/page"}],"author":[{"embeddable":true,"href":"https:\/\/elections.sbcounty.gov\/es\/wp-json\/wp\/v2\/users\/13"}],"replies":[{"embeddable":true,"href":"https:\/\/elections.sbcounty.gov\/es\/wp-json\/wp\/v2\/comments?post=68453"}],"version-history":[{"count":4,"href":"https:\/\/elections.sbcounty.gov\/es\/wp-json\/wp\/v2\/pages\/68453\/revisions"}],"predecessor-version":[{"id":84091,"href":"https:\/\/elections.sbcounty.gov\/es\/wp-json\/wp\/v2\/pages\/68453\/revisions\/84091"}],"up":[{"embeddable":true,"href":"https:\/\/elections.sbcounty.gov\/es\/wp-json\/wp\/v2\/pages\/38190"}],"wp:featuredmedia":[{"embeddable":true,"href":"https:\/\/elections.sbcounty.gov\/es\/wp-json\/wp\/v2\/media\/37382"}],"wp:attachment":[{"href":"https:\/\/elections.sbcounty.gov\/es\/wp-json\/wp\/v2\/media?parent=68453"}],"curies":[{"name":"wp","href":"https:\/\/api.w.org\/{rel}","templated":true}]}}