{"id":68243,"date":"2023-05-18T19:15:13","date_gmt":"2023-05-19T02:15:13","guid":{"rendered":"https:\/\/elections.sbcounty.gov\/es\/?page_id=68243"},"modified":"2024-06-05T15:59:50","modified_gmt":"2024-06-05T22:59:50","slug":"0829","status":"publish","type":"page","link":"https:\/\/elections.sbcounty.gov\/es\/elections\/2023\/0829\/","title":{"rendered":"Archivo de Elecciones Consolidadas con Boletas por Correo de 2023"},"content":{"rendered":"  <section data-isd-block-id=\"rov-content-blockblock_2d6ef20afd8864c5a5bd69ed42176e8c\"\n\t\t\t\t\t\t\t\t\t\t \t\t\t\t\t\t\t\t\t\t\t class=\"card-style main-content-wrapper rov-card-style mb-4\">\n\n\t<h2 class=\"block-subtitle blue\">Fechas Clave y Fechas L\u00edmite<\/h2>\n\n\t<div class=\"ctnr-block-content\"><table class=\"table table-striped\" style=\"width: 99%\">\n<colgroup>\n<col \/>\n<col \/><\/colgroup>\n<thead>\n<tr style=\"text-align: center;font-weight: bold\">\n<th>\n<p align=\"left\"><strong>Fecha<\/strong><\/p>\n<\/th>\n<th>\n<p align=\"left\"><strong>Acci\u00f3n<\/strong><\/p>\n<\/th>\n<\/tr>\n<\/thead>\n<tbody>\n<tr>\n<td width=\"190\">8 de mayo de 2023<\/td>\n<td width=\"387\">Comienza la presentaci\u00f3n de candidatos<\/td>\n<\/tr>\n<tr>\n<td width=\"190\">2 de junio de 2023<\/td>\n<td width=\"387\">Fecha l\u00edmite de presentaci\u00f3n de candidatos<\/td>\n<\/tr>\n<tr>\n<td width=\"190\">31 de julio de 2023<\/td>\n<td width=\"387\">Comienza el voto anticipado<\/td>\n<\/tr>\n<tr>\n<td width=\"190\">31 de julio de 2023<\/td>\n<td width=\"387\">Gu\u00edas de Informaci\u00f3n para el Votante y Boletas de Voto por Correo entregadas en la Oficina Postal de los EE. UU.<\/td>\n<\/tr>\n<tr>\n<td width=\"190\">14 de agosto de 2023<\/td>\n<td width=\"387\">Fecha l\u00edmite para el registro de votantes<\/td>\n<\/tr>\n<tr>\n<td width=\"190\"><strong>29 de agosto de 2023<\/strong><\/td>\n<td width=\"387\"><strong>D\u00eda de las Elecciones \u2013 Elecciones Consolidadas con Boletas por Correo de 2023<\/strong><\/td>\n<\/tr>\n<tr>\n<td width=\"190\">30 de agosto de 2023<\/td>\n<td width=\"387\">Comienza el Escrutinio de las Elecciones<\/td>\n<\/tr>\n<tr>\n<td width=\"190\">28 de septiembre de 2023<\/td>\n<td width=\"387\">Fecha l\u00edmite para completar el escrutinio oficial y certificar los resultados<\/td>\n<\/tr>\n<\/tbody>\n<\/table>\n<\/div>\n\n  <\/section>\n\n\t\n\n  <section data-isd-block-id=\"rov-content-blockblock_93e2a209d413714ae613f3156ad269f4\"\n\t\t\t\t\t\t\t\t\t\t \t\t\t\t\t\t\t\t\t\t\t class=\"card-style main-content-wrapper rov-card-style mb-4\">\n\n\t<h2 class=\"block-subtitle blue\">Publicaciones Electorales<\/h2>\n\n\t<div class=\"ctnr-block-content\"><p><strong>Gu\u00eda de Informaci\u00f3n para el Votante del Condado de San Bernardino<\/strong><\/p>\n<ul>\n<li>La<strong>\u00a0<a href=\"https:\/\/uploads.rov.sbcounty.gov\/ROV\/es\/Elections\/2023\/0829\/VIG-CMBSP.pdf\" target=\"_blank\" rel=\"noopener\">Gu\u00eda de Informaci\u00f3n para el Votante<\/a><\/strong> [pdf] es un folleto publicado por el Registro de Votantes del Condado de San Bernardino que incluye informaci\u00f3n sobre la votaci\u00f3n, los candidatos, y las medidas.<\/li>\n<li>La <strong>Gu\u00eda de Informaci\u00f3n para el Votante de formato accesible<\/strong> [ya no esta disponible] proporciona informaci\u00f3n electoral personalizada para los votantes que utilizan software de lectura de pantalla.<\/li>\n<\/ul>\n<p><a href=\"https:\/\/elections.sbcounty.gov\/es\/news\/2023\/\"><strong>Comunicados de Prensa y Avisos P\u00fablicos<\/strong><\/a><\/p>\n<\/div>\n\n  <\/section>\n\n\t\n\n  <section data-isd-block-id=\"rov-content-blockblock_ca2f89214a50e2aab9a1370b86ada09c\"\n\t\t\t\t\t\t\t\t\t\t \t\t\t\t\t\t\t\t\t\t\t class=\"card-style main-content-wrapper rov-card-style mb-4\">\n\n\t<h2 class=\"block-subtitle blue\">Registro de Votantes<\/h2>\n\n\t<div class=\"ctnr-block-content\"><p>Si usted necesita registrarse o volver a registrarse, la solicitud de registro de votantes debe tener un matasellos o presentarse\u00a0<a href=\"https:\/\/registertovote.ca.gov\/es-mx\" target=\"_blank\" rel=\"noopener\">en l\u00ednea<\/a>\u00a0a m\u00e1s tardar a las 11:59 p.m. el\u00a0<strong>14 de agosto de 2023,<\/strong>\u00a0para las Elecciones Consolidadas con Boletas por\u00a0Correo de 2023.<\/p>\n<p><strong>Si ya pas\u00f3 la fecha l\u00edmite de registro de votantes,\u00a0<\/strong>a\u00fan puede registrarse y votar personalmente en la\u00a0oficina del Registro de Votantes.<\/p>\n<ul>\n<li>Visite nuestra\u00a0<a href=\"https:\/\/elections.sbcounty.gov\/es\/VoterRegistration\/\">p\u00e1gina del Registro de Votantes<\/a>\u00a0para obtener la informaci\u00f3n completa y las instrucciones sobre el registro para votar.<\/li>\n<li>Consulte el <a href=\"https:\/\/uploads.rov.sbcounty.gov\/ROV\/es\/Elections\/2023\/0829\/Report_CloseOfRegistration.pdf\" target=\"_blank\" rel=\"noopener\">Resumen del Registro de Votantes Calificados<\/a> [pdf] para estas elecciones.<\/li>\n<\/ul>\n<p><strong>A partir del 15 de agosto de 2023, hasta las 8 p.m. del D\u00eda de las Elecciones, todos los votantes a\u00fan pueden actualizar su domicilio residencial o partido pol\u00edtico de preferencia.<\/strong><\/p>\n<p>El 13 de febrero de 2020, se capitul\u00f3 la legislaci\u00f3n de urgencia del <a href=\"https:\/\/www.sbcounty.gov\/uploads\/ROV\/VoterRegistration\/Senate%20Bill%20207%20Chaptered%202020-02-13.pdf?_=1582657309229\" target=\"_blank\" rel=\"noopener\">Proyecto de Ley del Senado 207<\/a> [pdf] que permite a los votantes actualizar su domicilio residencial o partido pol\u00edtico de preferencia despu\u00e9s de la fecha l\u00edmite de registro para unas elecciones sin exigir a los votantes que vuelvan a registrarse. Basta con presentar una solicitud por escrito al Registro de Votantes.<\/p>\n<p>Para obtener m\u00e1s informaci\u00f3n, consulte las instrucciones y el Formulario de Cambio de Direcci\u00f3n \/ Partido Pol\u00edtico [disponible pr\u00f3ximamente].<\/p>\n<\/div>\n\n  <\/section>\n\n\t\n\n  <section data-isd-block-id=\"rov-content-blockblock_a2a16fc90879bc5556a122e5ad3db4e3\"\n\t\t\t\t\t\t\t\t\t\t \t\t\t\t\t\t\t\t\t\t\t class=\"card-style main-content-wrapper rov-card-style mb-4\">\n\n\t<h2 class=\"block-subtitle blue\">Opciones de Voto<\/h2>\n\n\t<div class=\"ctnr-block-content\"><p><strong>Opciones de Voto para las Elecciones Consolidadas con Boletas por Correo del 29 de agosto de 2023:<\/strong><\/p>\n<ul>\n<li>Vote en una Boleta de Voto por Correo.\n<ul>\n<li>No es necesario presentar una solicitud para estas elecciones. Todos los votantes elegibles recibir\u00e1n una boleta por correo.\n<ul>\n<li>Llame al Registro de Votantes al (909) 387-8300\u00a0si necesita una boleta de reemplazo.<\/li>\n<\/ul>\n<\/li>\n<li>La Boleta por Correo se puede entregar\u00a0en:\n<ul>\n<li>Buz\u00f3n para depositar las boletas por correo y oficina del Registro de Votantes\n<ul>\n<li>777 E. Rialto Avenue, San Bernardino<\/li>\n<li>El buzones para depositar boletas por correo es disponibles las 24 horas del d\u00eda, los siete d\u00edas de la semana<\/li>\n<\/ul>\n<\/li>\n<li>Las boletas deben entregarse antes de las 8 p.m. del martes, 29 de agosto de 2023<\/li>\n<\/ul>\n<\/li>\n<\/ul>\n<\/li>\n<\/ul>\n<ul>\n<li>Vote con anticipaci\u00f3n en la oficina de Registro de Votantes a partir del 31 de julio de 2023.<\/li>\n<\/ul>\n<p><strong>Votantes con discapacidad:<\/strong><\/p>\n<p>Los votantes con\u00a0discapacidad\u00a0pueden votar de manera independiente:<\/p>\n<ul>\n<li>Use su computadora para marcar una\u00a0boleta accesible [ya no esta disponible]<\/li>\n<\/ul>\n<p>Visite nuestra p\u00e1gina de <a href=\"https:\/\/elections.sbcounty.gov\/es\/Voting\/\">Opciones de Voto<\/a> para obtener la informaci\u00f3n completa y las instrucciones.<\/p>\n<p><strong>Votantes Militares y en el Extranjero:<\/strong><\/p>\n<p>Los ciudadanos Uniformados y en el Extranjero pueden obtener una\u00a0Gu\u00eda de Informaci\u00f3n para el Votante y Boleta de Muestra,\u00a0as\u00ed como una\u00a0Boleta [ya no esta disponible] para estas elecciones. Para obtener la informaci\u00f3n completa, visite el sitio web para los <a href=\"https:\/\/www.sos.ca.gov\/elections\/voter-registration\/military-overseas-voters\" target=\"_blank\" rel=\"noopener\">Votantes Militares y en el Extranjero<\/a> de la Secretaria de Estado.<\/p>\n<\/div>\n\n  <\/section>\n\n\t\n\n  <section data-isd-block-id=\"rov-content-blockblock_fb41373465a93a50a7cc8e41b34a9787\"\n\t\t\t\t\t\t\t\t\t\t \t\t\t\t\t\t\t\t\t\t\t class=\"card-style main-content-wrapper rov-card-style mb-4\">\n\n\t<h2 class=\"block-subtitle blue\">C\u00f3mo Se Resuelven los Sobre de Identificaci\u00f3n sin Firmar<\/h2>\n\n\t<div class=\"ctnr-block-content\"><p>Cuando el Registro de Votantes recibe una boleta de voto por correo sin la firma del votante en el sobre de devoluci\u00f3n, el Registro de Votantes no puede contar esa boleta.\u00a0\u00a0Sin embargo, la ley de California permite a los votantes otra oportunidad para corregir su boleta de voto por correo hasta dos d\u00edas antes de que se certifiquen los resultados de las elecciones.\u00a0A estos votantes se les notifica por correo que pueden:<\/p>\n<ul>\n<li>Ir al Registro de Votantes para firmar personalmente el sobre de devoluci\u00f3n de la boleta de voto por correo, o<\/li>\n<li>Completar y devolver una Declaraci\u00f3n del Sobre de Identificaci\u00f3n sin Firmar.<\/li>\n<\/ul>\n<p>Si recibe una carta del Registro de Votantes que indica que su sobre de devoluci\u00f3n de la boleta por correo no estaba firmado, vaya al Registro de Votantes para firmar su sobre, o complete y devuelva una Declaraci\u00f3n del Sobre de Identificaci\u00f3n sin Firmar.<\/p>\n<p><strong><em>Para las boletas por correo:<\/em><\/strong><\/p>\n<ul>\n<li><a href=\"https:\/\/uploads.rov.sbcounty.gov\/ROV\/es\/Elections\/2023\/0829\/Form_UnsignedEnvelopeStatement.pdf\" target=\"_blank\" rel=\"noopener\">Declaraci\u00f3n del Sobre de Identificaci\u00f3n sin Firmar \u2013 29 de agosto de 2023 Elecciones Consolidadas con Boletas por Correo<\/a> [pdf]<\/li>\n<\/ul>\n<\/div>\n\n  <\/section>\n\n\t\n\n  <section data-isd-block-id=\"rov-content-blockblock_fe1d3a9db2366c0a0e3fd8ea96009d21\"\n\t\t\t\t\t\t\t\t\t\t \t\t\t\t\t\t\t\t\t\t\t class=\"card-style main-content-wrapper rov-card-style mb-4\">\n\n\t<h2 class=\"block-subtitle blue\">C\u00f3mo Se Resuelven las Firmas que No Coinciden en las Boletas por Correo<\/h2>\n\n\t<div class=\"ctnr-block-content\"><p>Cuando el Registro de Votantes\u00a0recibe una boleta de voto por correo\u00a0pero no puede cotejar la firma del votante en el sobre de devoluci\u00f3n con la firma que aparece en su registro de votante, el Registro de Votantes no puede contar esa boleta. Sin embargo, la ley de California permite a los votantes otra oportunidad para corregir su boleta de voto por correo hasta dos d\u00edas antes de que se certifiquen los resultados de las elecciones. A estos votantes se les notifica por correo que pueden:<\/p>\n<ul>\n<li>Ir al Registro de Votantes para firmar personalmente la Declaraci\u00f3n de Verificaci\u00f3n de Firma.<\/li>\n<li>Llenar y devolver una Declaraci\u00f3n de Verificaci\u00f3n de Firma.<\/li>\n<\/ul>\n<p>Si recibe una carta del Registro de Votantes\u00a0que indica que su firma en su sobre de devoluci\u00f3n de la boleta por correo no coincide con su firma registrada, complete y devuelva inmediatamente una\u00a0Declaraci\u00f3n de Verificaci\u00f3n de Firma.<\/p>\n<p><strong><em>Para las boletas por correo:<\/em><\/strong><\/p>\n<ul>\n<li><a href=\"https:\/\/uploads.rov.sbcounty.gov\/ROV\/es\/Elections\/2023\/0829\/Form_SignatureVerificationStatement.pdf\" target=\"_blank\" rel=\"noopener\">Declaraci\u00f3n de Verificaci\u00f3n de Firma \u2013 29 de agosto de 2023 Elecciones Consolidadas con Boletas por Correo<\/a> [pdf]<\/li>\n<\/ul>\n<\/div>\n\n  <\/section>\n\n\t\n\n  <section data-isd-block-id=\"rov-content-blockblock_ca8854c94cfc62d10496a9cb1d205d69\"\n\t\t\t\t\t\t\t\t\t\t \t\t\t\t\t\t\t\t\t\t\t class=\"card-style main-content-wrapper rov-card-style mb-4\">\n\n\t<h2 class=\"block-subtitle blue\">Informaci\u00f3n de los Cargos y Candidatos<\/h2>\n\n\t<div class=\"ctnr-block-content\"><p><strong>Cargos a Elegir:<\/strong><\/p>\n<ul>\n<li>Consulte los\u00a0<a href=\"https:\/\/uploads.rov.sbcounty.gov\/rov\/es\/Elections\/2023\/0829\/Report_OfficesUpForElection.pdf\" target=\"_blank\" rel=\"noopener\">Cargos a Elegir<\/a> [pdf] para las Elecciones Consolidadas con Boletas por Correo<\/li>\n<\/ul>\n<p><strong>Presentaci\u00f3n de Candidaturas:<\/strong><\/p>\n<p>La presentaci\u00f3n de candidaturas comienza el 8 de mayo de 2023 y finaliza el 2 de junio de 2023.<\/p>\n<ul>\n<li><a href=\"https:\/\/uploads.rov.sbcounty.gov\/ROV\/es\/Elections\/2023\/0829\/Guide_CandidateFiling.pdf\" target=\"_blank\" rel=\"noopener\">Consulte la Gu\u00eda de Presentaci\u00f3n de Candidaturas<\/a> [pdf]<\/li>\n<li>Programe una cita para la presentaci\u00f3n de candidaturas en persona [ya no est\u00e1 disponible]<\/li>\n<\/ul>\n<p><strong>Declaraciones de los Candidatos:<\/strong><\/p>\n<ul>\n<li>Consulte los <a href=\"https:\/\/uploads.rov.sbcounty.gov\/ROV\/es\/Elections\/2023\/0829\/Report_CandidateStatementEstimates.pdf\" target=\"_blank\" rel=\"noopener\">Costos Estimados de la Declaraci\u00f3n de los Candidatos<\/a> [pdf] para las Elecciones Consolidadas con Boletas por Correo.\n<ul>\n<li>Los candidatos deben pagar los costos estimados de imprimir su declaraci\u00f3n de candidato en la Gu\u00eda de Informaci\u00f3n para el Votante al momento de registrarse.<\/li>\n<\/ul>\n<\/li>\n<li>Para presentar una declaraci\u00f3n de candidato, llene el Formulario de Declaraci\u00f3n del Candidato [ya no est\u00e1 disponible]<\/li>\n<\/ul>\n<p><strong>Lista de Candidatos:<\/strong><\/p>\n<ul>\n<li>Consulte la <a href=\"https:\/\/uploads.rov.sbcounty.gov\/rov\/es\/Elections\/2023\/0829\/Report_CandidateList.pdf\" target=\"_blank\" rel=\"noopener\">Lista Oficial de Candidatos Final<\/a> [pdf].<\/li>\n<li>Consulte la <a href=\"https:\/\/uploads.rov.sbcounty.gov\/ROV\/es\/News\/2023\/0829\/PublicNotice_AppointmentsInLieuSpecials.pdf\" target=\"_blank\" rel=\"noopener\">Designaciones en Lugar de Elecciones<\/a> [pdf].<\/li>\n<\/ul>\n<\/div>\n\n  <\/section>\n\n\t\n\n  <section data-isd-block-id=\"rov-content-blockblock_16687b3ceeb3238d85db3048392161a8\"\n\t\t\t\t\t\t\t\t\t\t \t\t\t\t\t\t\t\t\t\t\t class=\"card-style main-content-wrapper rov-card-style mb-4\">\n\n\t<h2 class=\"block-subtitle blue\">Estad\u00edsticas de Devoluci\u00f3n de Boletas por Correo<\/h2>\n\n\t<div class=\"ctnr-block-content\"><p>El Informe de Estad\u00edsticas de Devoluci\u00f3n de Boletas por Correo muestra el n\u00famero de boletas por correo que se han emitido y devuelto en las elecciones, as\u00ed como las estad\u00edsticas hist\u00f3ricas de las elecciones anteriores. Los datos presentados en este informe se actualizan diariamente y pueden fluctuar a medida que se reciban m\u00e1s solicitudes de boletas por correo y se procesen las boletas por correo marcadas.<\/p>\n<ul>\n<li>Consulte el\u00a0<a href=\"https:\/\/uploads.rov.sbcounty.gov\/ROV\/es\/Elections\/2023\/0829\/Report_MailBallotStats.pdf\" target=\"_blank\" rel=\"noopener\">Informe de Estad\u00edsticas de Devoluci\u00f3n de Boletas por Correo<\/a> [pdf] de estas elecciones.<\/li>\n<\/ul>\n<\/div>\n\n  <\/section>\n\n\t\n\n  <section data-isd-block-id=\"rov-content-blockblock_5b5a7baf9672f2ab21be9aa510796fce\"\n\t\t\t\t\t\t\t\t\t\t \t\t\t\t\t\t\t\t\t\t\t class=\"card-style main-content-wrapper rov-card-style mb-4\">\n\n\t<h2 class=\"block-subtitle blue\">Resultados de las Elecciones<\/h2>\n\n\t<div class=\"ctnr-block-content\"><ul>\n<li><a href=\"https:\/\/elections.sbcounty.gov\/es\/elections\/2023\/0829\/results\/\" target=\"_blank\" rel=\"noopener\">Resultados Finales Certificados de las Elecciones<\/a><\/li>\n<li><a href=\"https:\/\/elections.sbcounty.gov\/es\/elections\/2023\/0829\/resultschedule\/\">Calendario de Publicaci\u00f3n de los Resultados de las Elecciones<\/a><\/li>\n<li><a href=\"https:\/\/uploads.rov.sbcounty.gov\/ROV\/es\/Elections\/2023\/0829\/Results\/SOV-ForWebsiteWithCountingGroupsWithPrivacy.pdf\" target=\"_blank\" rel=\"noopener\">Declaraci\u00f3n de Votos Emitidos por los Distritos Electorales<\/a> [pdf]<\/li>\n<li><a href=\"https:\/\/uploads.rov.sbcounty.gov\/ROV\/es\/Elections\/2023\/0829\/Results\/SOV-ForWebsiteWithCountingGroupsWithPrivacy.xlsx\">Declaraci\u00f3n de Votos Emitidos por los Distritos Electorales<\/a>\u00a0[xlsx]<\/li>\n<li><a href=\"https:\/\/uploads.rov.sbcounty.gov\/ROV\/es\/Elections\/2023\/0829\/Results\/DistrictTotalCanvass.pdf\" target=\"_blank\" rel=\"noopener\">Declaraci\u00f3n de Votos Emitidos por los Distritos que Reportan<\/a>\u00a0[pdf]<\/li>\n<li><a href=\"https:\/\/uploads.rov.sbcounty.gov\/ROV\/es\/Elections\/2023\/0829\/Results\/DistrictTotalCanvass.xlsx\" target=\"_blank\" rel=\"noopener\">Declaraci\u00f3n de Votos Emitidos por los Distritos que Reportan<\/a> [xlsx]<\/li>\n<\/ul>\n<\/div>\n\n  <\/section>\n\n\t","protected":false},"excerpt":{"rendered":"<p>Fechas Clave y Fechas L\u00edmite Fecha Acci\u00f3n 8 de mayo de 2023 Comienza la presentaci\u00f3n de candidatos 2 de junio de 2023 Fecha l\u00edmite de presentaci\u00f3n de candidatos 31 de julio de 2023 Comienza el voto anticipado 31 de julio de 2023 Gu\u00edas de Informaci\u00f3n para el Votante y Boletas<span class=\"ellipsis\">&#8230;<\/span><\/p>\n","protected":false},"author":13,"featured_media":37382,"parent":61171,"menu_order":0,"comment_status":"closed","ping_status":"closed","template":"templates\/rov-left-sidebar-template.php","meta":{"_acf_changed":false,"footnotes":""},"class_list":["post-68243","page","type-page","status-publish","has-post-thumbnail","hentry"],"acf":[],"_links":{"self":[{"href":"https:\/\/elections.sbcounty.gov\/es\/wp-json\/wp\/v2\/pages\/68243","targetHints":{"allow":["GET"]}}],"collection":[{"href":"https:\/\/elections.sbcounty.gov\/es\/wp-json\/wp\/v2\/pages"}],"about":[{"href":"https:\/\/elections.sbcounty.gov\/es\/wp-json\/wp\/v2\/types\/page"}],"author":[{"embeddable":true,"href":"https:\/\/elections.sbcounty.gov\/es\/wp-json\/wp\/v2\/users\/13"}],"replies":[{"embeddable":true,"href":"https:\/\/elections.sbcounty.gov\/es\/wp-json\/wp\/v2\/comments?post=68243"}],"version-history":[{"count":10,"href":"https:\/\/elections.sbcounty.gov\/es\/wp-json\/wp\/v2\/pages\/68243\/revisions"}],"predecessor-version":[{"id":89388,"href":"https:\/\/elections.sbcounty.gov\/es\/wp-json\/wp\/v2\/pages\/68243\/revisions\/89388"}],"up":[{"embeddable":true,"href":"https:\/\/elections.sbcounty.gov\/es\/wp-json\/wp\/v2\/pages\/61171"}],"wp:featuredmedia":[{"embeddable":true,"href":"https:\/\/elections.sbcounty.gov\/es\/wp-json\/wp\/v2\/media\/37382"}],"wp:attachment":[{"href":"https:\/\/elections.sbcounty.gov\/es\/wp-json\/wp\/v2\/media?parent=68243"}],"curies":[{"name":"wp","href":"https:\/\/api.w.org\/{rel}","templated":true}]}}