{"id":64565,"date":"2023-04-19T08:53:39","date_gmt":"2023-04-19T15:53:39","guid":{"rendered":"https:\/\/elections.sbcounty.gov\/es\/?page_id=64565"},"modified":"2024-06-05T15:55:16","modified_gmt":"2024-06-05T22:55:16","slug":"0919","status":"publish","type":"page","link":"https:\/\/elections.sbcounty.gov\/es\/elections\/2023\/0919\/","title":{"rendered":"Archivo de Elecci\u00f3n 2023 de Vacante Especial de la Asociaci\u00f3n para la Jubilaci\u00f3n de los Empleados del Condado de San Bernardino"},"content":{"rendered":"  <section data-isd-block-id=\"rov-content-blockblock_ab46a9709fe6ed60603de8796aeeb0f7\"\n\t\t\t\t\t\t\t\t\t\t \t\t\t\t\t\t\t\t\t\t\t class=\"card-style main-content-wrapper rov-card-style mb-4\">\n\n\t<h2 class=\"block-subtitle blue\">Fechas Clave y Fechas L\u00edmite<\/h2>\n\n\t<div class=\"ctnr-block-content\"><table class=\"table table-striped\">\n<tbody>\n<tr>\n<th>Date<\/th>\n<th>Action<\/th>\n<\/tr>\n<tr>\n<td>30 de mayo de 2023<\/td>\n<td>Comienza la presentaci\u00f3n de candidatos<\/td>\n<\/tr>\n<tr>\n<td>23 de junio de 2023<\/td>\n<td>Fecha l\u00edmite de presentaci\u00f3n de candidatos<\/td>\n<\/tr>\n<tr>\n<td>21 de agosto de 2023<\/td>\n<td>Comienza el voto anticipado<\/td>\n<\/tr>\n<tr>\n<td>21 de agosto de 2023<\/td>\n<td>Gu\u00edas de Informaci\u00f3n para el Votante y Boletas de Voto por Correo entregadas en la Oficina Postal de los EE. UU.<\/td>\n<\/tr>\n<tr>\n<td>19 de septiembre de 2023<\/td>\n<td>D\u00eda de la Elecci\u00f3n \u2013 Elecci\u00f3n de Vacante Especial de la Asociaci\u00f3n para la Jubilaci\u00f3n de los Empleados del Condado de San Bernardino<\/td>\n<\/tr>\n<\/tbody>\n<\/table>\n<\/div>\n\n  <\/section>\n\n\t\n\n  <section data-isd-block-id=\"rov-content-blockblock_048e6af0d7cf7726c046ba98af5aec66\"\n\t\t\t\t\t\t\t\t\t\t \t\t\t\t\t\t\t\t\t\t\t class=\"card-style main-content-wrapper rov-card-style mb-4\">\n\n\t<h2 class=\"block-subtitle blue\">Informaci\u00f3n de los Cargos y Candidatos<\/h2>\n\n\t<div class=\"ctnr-block-content\"><p><strong>Cargos a Elegir:<\/strong><\/p>\n<ul>\n<li>Vea los <a href=\"https:\/\/uploads.rov.sbcounty.gov\/rov\/es\/elections\/2023\/0919\/Notice_SBCERA-Election.pdf\" target=\"_blank\" rel=\"noopener\">Cargos a Elegir<\/a> [pdf].<\/li>\n<\/ul>\n<p><strong>Presentaci\u00f3n de Candidaturas:<\/strong><\/p>\n<ul>\n<li>La presentaci\u00f3n de candidatos comienza el 30 de mayo de 2023 y finaliza el 23 de junio de 2023.<\/li>\n<\/ul>\n<p><strong>Declaraciones de los Candidatos:<\/strong><\/p>\n<ul>\n<li>Los candidatos deben pagar los costos estimados de imprimir su declaraci\u00f3n de candidato en la Gu\u00eda de Informaci\u00f3n para el Votante al momento de registrarse.<\/li>\n<\/ul>\n<p><strong>Lista de los Candidatos:<\/strong><\/p>\n<ul>\n<li>Consulte la <a href=\"https:\/\/uploads.rov.sbcounty.gov\/ROV\/es\/Elections\/2023\/0919\/Report_CandidateList.pdf\" target=\"_blank\" rel=\"noopener\">Lista Oficial de Candidatos Final<\/a> [pdf]<\/li>\n<\/ul>\n<\/div>\n\n  <\/section>\n\n\t\n\n  <section data-isd-block-id=\"rov-content-blockblock_787f717b585a3bbb0a62b5c4dbc5a02d\"\n\t\t\t\t\t\t\t\t\t\t \t\t\t\t\t\t\t\t\t\t\t class=\"card-style main-content-wrapper rov-card-style mb-4\">\n\n\t<h2 class=\"block-subtitle blue\">Publicaciones Electorales<\/h2>\n\n\t<div class=\"ctnr-block-content\"><ul>\n<li>La\u00a0<strong>Gu\u00eda de Informaci\u00f3n para el Votante<\/strong>\u00a0es un folleto publicado por el Registro de Votantes del Condado de San Bernardino que incluye informaci\u00f3n sobre la votaci\u00f3n y los candidatos.<\/li>\n<li>Consulte la Gu\u00eda de Informaci\u00f3n para el Votante para Miembros Generales de la SBCERA [pr\u00f3ximamente disponible].<\/li>\n<\/ul>\n<p><a href=\"https:\/\/elections.sbcounty.gov\/es\/news\/2023\/\"><strong>Comunicados de Prensa y Avisos P\u00fablicos<\/strong><\/a><\/p>\n<\/div>\n\n  <\/section>\n\n\t\n\n  <section data-isd-block-id=\"rov-content-blockblock_6fc3f99a4a4c3821e2a20b2df67b3b21\"\n\t\t\t\t\t\t\t\t\t\t \t\t\t\t\t\t\t\t\t\t\t class=\"card-style main-content-wrapper rov-card-style mb-4\">\n\n\t<h2 class=\"block-subtitle blue\">Opciones de Voto<\/h2>\n\n\t<div class=\"ctnr-block-content\"><ul>\n<li>Vote con anticipaci\u00f3n en la oficina del Registro de Votantes a partir del 21 de agosto de 2023.<\/li>\n<li>Solicite un reemplazo de boleta enviando el Formulario de Solicitud de Reemplazo de Boleta Electoral de Votaci\u00f3n por Correo Postal de California [pr\u00f3ximamente disponible] o llamando al Registro de Votantes al (909) 387-8300.\n<ul>\n<li>El reemplazo de las boletas de voto por correo debe solicitarse antes del martes 12 de septiembre de 2023.<\/li>\n<li>Despu\u00e9s del 12 de septiembre de 2023, los votantes que necesiten el reemplazo de una boleta deber\u00e1n hacerlo en persona en el Registro de Votantes.<\/li>\n<\/ul>\n<\/li>\n<\/ul>\n<\/div>\n\n  <\/section>\n\n\t\n\n  <section data-isd-block-id=\"rov-content-blockblock_8f338ecbe1b0d4f5e6887e09ba2df93d\"\n\t\t\t\t\t\t\t\t\t\t \t\t\t\t\t\t\t\t\t\t\t class=\"card-style main-content-wrapper rov-card-style mb-4\">\n\n\t<h2 class=\"block-subtitle blue\">Resultados de las Elecciones<\/h2>\n\n\t<div class=\"ctnr-block-content\"><ul>\n<li>Resultados No Oficiales de la Noche de las Elecciones [pr\u00f3ximamente disponible]<\/li>\n<li>Declaraci\u00f3n de Certificaci\u00f3n de los Resultados de las Elecciones [pr\u00f3ximamente disponible]<\/li>\n<\/ul>\n<\/div>\n\n  <\/section>\n\n\t","protected":false},"excerpt":{"rendered":"<p>Fechas Clave y Fechas L\u00edmite Date Action 30 de mayo de 2023 Comienza la presentaci\u00f3n de candidatos 23 de junio de 2023 Fecha l\u00edmite de presentaci\u00f3n de candidatos 21 de agosto de 2023 Comienza el voto anticipado 21 de agosto de 2023 Gu\u00edas de Informaci\u00f3n para el Votante y Boletas<span class=\"ellipsis\">&#8230;<\/span><\/p>\n","protected":false},"author":13,"featured_media":37382,"parent":61171,"menu_order":0,"comment_status":"closed","ping_status":"closed","template":"templates\/rov-left-sidebar-template.php","meta":{"_acf_changed":false,"footnotes":""},"class_list":["post-64565","page","type-page","status-publish","has-post-thumbnail","hentry"],"acf":[],"_links":{"self":[{"href":"https:\/\/elections.sbcounty.gov\/es\/wp-json\/wp\/v2\/pages\/64565","targetHints":{"allow":["GET"]}}],"collection":[{"href":"https:\/\/elections.sbcounty.gov\/es\/wp-json\/wp\/v2\/pages"}],"about":[{"href":"https:\/\/elections.sbcounty.gov\/es\/wp-json\/wp\/v2\/types\/page"}],"author":[{"embeddable":true,"href":"https:\/\/elections.sbcounty.gov\/es\/wp-json\/wp\/v2\/users\/13"}],"replies":[{"embeddable":true,"href":"https:\/\/elections.sbcounty.gov\/es\/wp-json\/wp\/v2\/comments?post=64565"}],"version-history":[{"count":4,"href":"https:\/\/elections.sbcounty.gov\/es\/wp-json\/wp\/v2\/pages\/64565\/revisions"}],"predecessor-version":[{"id":83935,"href":"https:\/\/elections.sbcounty.gov\/es\/wp-json\/wp\/v2\/pages\/64565\/revisions\/83935"}],"up":[{"embeddable":true,"href":"https:\/\/elections.sbcounty.gov\/es\/wp-json\/wp\/v2\/pages\/61171"}],"wp:featuredmedia":[{"embeddable":true,"href":"https:\/\/elections.sbcounty.gov\/es\/wp-json\/wp\/v2\/media\/37382"}],"wp:attachment":[{"href":"https:\/\/elections.sbcounty.gov\/es\/wp-json\/wp\/v2\/media?parent=64565"}],"curies":[{"name":"wp","href":"https:\/\/api.w.org\/{rel}","templated":true}]}}