{"id":61180,"date":"2023-02-16T18:18:33","date_gmt":"2023-02-17T02:18:33","guid":{"rendered":"https:\/\/elections.sbcounty.gov\/?page_id=61180"},"modified":"2024-02-22T10:22:35","modified_gmt":"2024-02-22T18:22:35","slug":"2022","status":"publish","type":"page","link":"https:\/\/elections.sbcounty.gov\/es\/news\/2022\/","title":{"rendered":"Comunicados de Prensa y Avisos P\u00fablicos Archivados\u00a0de\u00a02022"},"content":{"rendered":"  <section data-isd-block-id=\"rov-content-blockblock_5782353c518c9b1ce905b8fee5230625\"\n\t\t\t\t\t\t\t\t\t\t \t\t\t\t\t\t\t\t\t\t\t class=\"card-style main-content-wrapper rov-card-style mb-4\">\n\n\t<h2 class=\"block-subtitle blue\">Elecciones de la Asociaci\u00f3n para la Jubilaci\u00f3n de los Empleados del Condado de San Bernardino \u2013 6 de diciembre de 2022<\/h2>\n\n\t<div class=\"ctnr-block-content\"><p>07-12-2022\u00a0 <a href=\"https:\/\/uploads.rov.sbcounty.gov\/rov\/News\/2022\/1206\/Certification_ElectionResults.pdf\" target=\"_blank\" rel=\"noopener\">Certificaci\u00f3n de los Resultados de las Elecciones de 2022 de la Asociaci\u00f3n para la Jubilaci\u00f3n de los Empleados del Condado de San Bernardino<\/a><\/p>\n<p>15-09-2022\u00a0 <a href=\"https:\/\/uploads.rov.sbcounty.gov\/rov\/News\/2022\/1206\/PublicNotice_RandomizedAlphabetDrawing.pdf\" target=\"_blank\" rel=\"noopener\">Aviso P\u00fablico \u2013 Sorteo para Orden Aleatorizado de las Letras del Alfabeto<\/a><\/p>\n<p>02-08-2022\u00a0 <a href=\"https:\/\/uploads.rov.sbcounty.gov\/rov\/Elections\/2022\/1206\/Notice_2022SBCERAElection.pdf\" target=\"_blank\" rel=\"noopener\">Aviso de Elecciones<\/a><\/p>\n<\/div>\n\n  <\/section>\n\n\t\n\n  <section data-isd-block-id=\"rov-content-blockblock_201a3055109e481cf880f93306aca433\"\n\t\t\t\t\t\t\t\t\t\t \t\t\t\t\t\t\t\t\t\t\t class=\"card-style main-content-wrapper rov-card-style mb-4\">\n\n\t<h2 class=\"block-subtitle blue\">Elecciones Generales \u2013 8 de noviembre de 2022<\/h2>\n\n\t<div class=\"ctnr-block-content\"><p>14-12-2022\u00a0 <a href=\"https:\/\/uploads.rov.sbcounty.gov\/rov\/News\/2022\/1108\/PublicNotice_PostElectionLogicAndAccuracyTest.pdf\" target=\"_blank\" rel=\"noopener\">Aviso P\u00fablico \u2013 Pruebas de L\u00f3gica y Precisi\u00f3n Posteriores a las Elecciones<\/a><\/p>\n<p>08-12-2022\u00a0 <a href=\"https:\/\/uploads.rov.sbcounty.gov\/rov\/News\/2022\/1108\/Certification_ElectionResults.pdf\" target=\"_blank\" rel=\"noopener\">Certificaci\u00f3n de los Resultados de las Elecciones Generales de 2022<\/a><\/p>\n<p>05-12-2022\u00a0 <a href=\"https:\/\/uploads.rov.sbcounty.gov\/rov\/News\/2022\/1108\/Report_PollWorkersWorked.pdf\" target=\"_blank\" rel=\"noopener\">Aviso P\u00fablico \u2013 Trabajadores de Casillas Electorales que Trabajaron<\/a><\/p>\n<p>30-11-2022\u00a0 <a href=\"https:\/\/uploads.rov.sbcounty.gov\/rov\/News\/2022\/1108\/PublicNotice_AppointmentsInLieuSpecials.pdf\" target=\"_blank\" rel=\"noopener\">Aviso P\u00fablico \u2013 Designaciones a Distritos Especiales en Lugar de Elecciones<\/a><\/p>\n<p>17-11-2022\u00a0 <a href=\"https:\/\/uploads.rov.sbcounty.gov\/rov\/News\/2022\/1108\/PublicNotice_OnePercentRandomSelectionOfPrecincts-AddedPrecincts.pdf\" target=\"_blank\" rel=\"noopener\">Aviso P\u00fablico \u2013 Selecci\u00f3n Aleatoria de Distritos Electorales para el Proceso de Recuento Manual del 1% \u2013 ACTUALIZADO<\/a><\/p>\n<p>16-11-2022\u00a0 <a href=\"https:\/\/uploads.rov.sbcounty.gov\/rov\/es\/News\/2022\/1108\/PublicNotice_OnePercentRandomBatchSelection.pdf\" target=\"_blank\" rel=\"noopener\">Aviso P\u00fablico \u2013 Selecci\u00f3n Aleatoria de Lotes de las Boletas de Voto por Correo para el Proceso de Recuento Manual del 1%<\/a><\/p>\n<p>11-11-2022\u00a0\u00a0<a href=\"https:\/\/uploads.rov.sbcounty.gov\/ROV\/es\/News\/2022\/1108\/PublicNotice_AppointmentsInLieuSchools.pdf\" target=\"_blank\" rel=\"noopener\">Aviso P\u00fablico \u2013 Designaciones a Distritos Escolares en Lugar de Elecciones<\/a><\/p>\n<p>10-11-2022\u00a0 <a href=\"https:\/\/uploads.rov.sbcounty.gov\/rov\/es\/News\/2022\/1108\/PublicNotice_OnePercentRandomSelectionOfPrecincts.pdf\" target=\"_blank\" rel=\"noopener\">Aviso P\u00fablico \u2013 Selecci\u00f3n Aleatoria de Distritos Electorales para el Proceso de Recuento Manual del 1%<\/a><\/p>\n<p>08-11-2022\u00a0 <a href=\"https:\/\/uploads.rov.sbcounty.gov\/rov\/es\/News\/2022\/1108\/PressRelease_MandatoryEvac_2022-11-08.pdf\" target=\"_blank\" rel=\"noopener\">Aviso P\u00fablico \u2013 Casilla electoral bajo evacuaci\u00f3n obligatoria<\/a><\/p>\n<p>31-10-2022\u00a0 <a href=\"https:\/\/uploads.rov.sbcounty.gov\/rov\/es\/Elections\/2022\/1108\/List_QualifiedWriteIns.pdf\" target=\"_blank\" rel=\"noopener\">Lista de Candidatos Incluidos por Escrito Calificados<\/a><\/p>\n<p>30-10-2022\u00a0 <a href=\"https:\/\/uploads.rov.sbcounty.gov\/ROV\/es\/News\/2022\/1108\/PressRelease-AdditionalEarlyVoteSites.pdf\" target=\"_blank\" rel=\"noopener\">Comunicado de Prensa \u2013 Se abren cuatro Casillas para Voto Anticipado adicionales para las Elecciones Generales de 2022<\/a><\/p>\n<p>29-10-2022\u00a0 <a href=\"https:\/\/uploads.rov.sbcounty.gov\/rov\/News\/2022\/1108\/Report_PollWorkersAssigned.pdf\" target=\"_blank\" rel=\"noopener\">Aviso P\u00fablico \u2013 Trabajadores de Casillas Electorales Asignados<\/a><\/p>\n<p>18-10-2022\u00a0 <a href=\"https:\/\/uploads.rov.sbcounty.gov\/rov\/es\/News\/2022\/1108\/PressRelease-EarlyVote-MB-VIG.pdf\" target=\"_blank\" rel=\"noopener\">Comunicado de Prensa \u2013 Voto anticipado en curso para las Elecciones Generales del 8 de noviembre de 2022<\/a><\/p>\n<p>10-10-2022\u00a0 <a href=\"https:\/\/uploads.rov.sbcounty.gov\/rov\/es\/News\/2022\/1108\/PublicNotice_PollingPlaceCentralCount.pdf\" target=\"_blank\" rel=\"noopener\">Aviso P\u00fablico \u2013 Aviso sobre las Casillas Electorales y el Lugar de Conteo Central \u2013 ACTUALIZADO<\/a><\/p>\n<p>06-10-2022\u00a0 <a href=\"https:\/\/uploads.rov.sbcounty.gov\/rov\/News\/2022\/1108\/Certification_L&amp;ATest.pdf\" target=\"_blank\" rel=\"noopener\">Certificaci\u00f3n por parte de la Junta de L\u00f3gica y Precisi\u00f3n<\/a><\/p>\n<p>28-09-2022\u00a0 <a href=\"https:\/\/uploads.rov.sbcounty.gov\/rov\/es\/News\/2022\/1108\/PublicNotice_ObservationSchedule.pdf\" target=\"_blank\" rel=\"noopener\">Aviso P\u00fablico \u2013 Calendario de Observaci\u00f3n<\/a><\/p>\n<p>27-09-2022\u00a0 <a href=\"https:\/\/uploads.rov.sbcounty.gov\/rov\/es\/News\/2022\/1108\/PublicNotice_PollingPlaceCentralCount.pdf\" target=\"_blank\" rel=\"noopener\">Aviso P\u00fablico \u2013 Aviso sobre las Casillas Electorales y el Lugar de Conteo Central<\/a><\/p>\n<p>23-09-2022\u00a0 <a href=\"https:\/\/uploads.rov.sbcounty.gov\/rov\/es\/News\/2022\/1108\/PublicNotice_MailBallot_DropOffLocations.pdf\" target=\"_blank\" rel=\"noopener\">Aviso P\u00fablico \u2013 Lugares para Depositar las Boletas por Correo<\/a><\/p>\n<p>01-09-2022\u00a0 <a href=\"https:\/\/uploads.rov.sbcounty.gov\/ROV\/es\/News\/2022\/1108\/PublicNotice_MeasureLetterAssignment.pdf\" target=\"_blank\" rel=\"noopener\">Aviso P\u00fablico \u2013 Asignaci\u00f3n de Letras de Medida ACTUALIZADO<\/a><\/p>\n<p>18-08-2022\u00a0 <a href=\"https:\/\/uploads.rov.sbcounty.gov\/rov\/News\/2022\/1108\/SOSRandomAlpha.pdf\" target=\"_blank\" rel=\"noopener\">Sorteo para Orden Aleatorizado de las Letras del Alfabeto de la Secretaria de Estado<\/a><\/p>\n<p>18-08-2022\u00a0 <a href=\"https:\/\/uploads.rov.sbcounty.gov\/rov\/News\/2022\/1108\/ROVRandomAlpha.pdf\" target=\"_blank\" rel=\"noopener\">Sorteo para Orden Aleatorizado de las Letras del Alfabeto del Condado de San Bernardino<\/a><\/p>\n<p>16-08-2022\u00a0 <a href=\"https:\/\/uploads.rov.sbcounty.gov\/rov\/News\/2022\/1108\/PublicNotice_RandomizedAlphabetDraw.pdf\" target=\"_blank\" rel=\"noopener\">Aviso P\u00fablico \u2013 Invitaci\u00f3n para Observar el Sorteo para Orden Aleatorizado de las Letras del Alfabeto del Condado<\/a><\/p>\n<p>15-08-2022\u00a0 <a href=\"https:\/\/uploads.rov.sbcounty.gov\/rov\/News\/2022\/1108\/PublicNotice_MeasureLetterAssignmentsNov2022.pdf\" target=\"_blank\" rel=\"noopener\">Aviso P\u00fablico \u2013 Asignaci\u00f3n de Letras de Medidas<\/a><\/p>\n<p>12-08-2022\u00a0 <a href=\"https:\/\/uploads.rov.sbcounty.gov\/ROV\/es\/News\/2022\/1108\/PublicNotice_CandidateFilingExtensions.pdf\" target=\"_blank\" rel=\"noopener\">Aviso P\u00fablico \u2013 Pr\u00f3rrogas de la Fecha L\u00edmite de Presentaci\u00f3n de Candidatos para Cargos Locales<\/a><\/p>\n<p>11-08-2022\u00a0 <a href=\"https:\/\/uploads.rov.sbcounty.gov\/ROV\/es\/News\/2022\/1108\/PublicNotice_AssignmentofMeasureLetters.pdf\" target=\"_blank\" rel=\"noopener\">Aviso P\u00fablico \u2013 Invitaci\u00f3n para Observar la Asignaci\u00f3n de Letras de Medidas Locales<\/a><\/p>\n<p>25-07-2022\u00a0 <a href=\"https:\/\/uploads.rov.sbcounty.gov\/rov\/es\/News\/2022\/1108\/PressRelease_CandidateFilingUnderway.pdf\" target=\"_blank\" rel=\"noopener\">Comunicado de Prensa \u2013 Presentaci\u00f3n de candidatos en curso<\/a><\/p>\n<p>13-06-2022\u00a0 <a href=\"https:\/\/www.sbcounty.gov\/uploads\/ROV\/News\/2022\/1108\/Proclamation_GeneralElection.pdf\" target=\"_blank\" rel=\"noopener\">Proclamaci\u00f3n del Gobernador: Elecciones Generales<\/a><\/p>\n<\/div>\n\n  <\/section>\n\n\t\n\n  <section data-isd-block-id=\"rov-content-blockblock_51003e0d441319684942560898260a1c\"\n\t\t\t\t\t\t\t\t\t\t \t\t\t\t\t\t\t\t\t\t\t class=\"card-style main-content-wrapper rov-card-style mb-4\">\n\n\t<h2 class=\"block-subtitle blue\">Elecciones Primarias Directas a Nivel Estatal \u2013 7 de junio de 2022<\/h2>\n\n\t<div class=\"ctnr-block-content\"><p>06-07-2022\u00a0 <a href=\"https:\/\/www.sbcounty.gov\/uploads\/ROV\/News\/2022\/0607\/PublicNotice_PostElectionLogicAndAccuracyTest.pdf\" target=\"_blank\" rel=\"noopener\">Aviso P\u00fablico \u2013 Prueba de L\u00f3gica y Precisi\u00f3n Posterior a las Elecciones<\/a><\/p>\n<p>05-07-2022\u00a0 <a href=\"https:\/\/www.sbcounty.gov\/uploads\/ROV\/News\/2022\/0607\/Certification_ElectionResults_2022-07-05.pdf\" target=\"_blank\" rel=\"noopener\">Certificaci\u00f3n de los Resultados de las Elecciones Primarias Directas a Nivel Estatal de 2022<\/a><\/p>\n<p>24-06-2022\u00a0 <a href=\"https:\/\/www.sbcounty.gov\/uploads\/ROV\/News\/2022\/0607\/Report_PollWorkersWorked.pdf\" target=\"_blank\" rel=\"noopener\">Aviso P\u00fablico \u2013 Trabajadores de Casillas Electorales que Trabajaron<\/a><\/p>\n<p>15-06-2022\u00a0 <a href=\"https:\/\/www.sbcounty.gov\/uploads\/ROV\/News\/2022\/0607\/PublicNotice_OnePercentRandomSelectionOfMailBallots.pdf\" target=\"_blank\" rel=\"noopener\">Aviso P\u00fablico \u2013 Selecci\u00f3n Aleatoria de Lotes de Boletas de Voto por Correo para el Proceso de Recuento Manual del 1%<\/a><\/p>\n<p>13-06-2022\u00a0 <a href=\"https:\/\/www.sbcounty.gov\/uploads\/ROV\/News\/2022\/0607\/PublicNotice_OnePercentRandomSelectionOfPrecincts-UPDATED.pdf\" target=\"_blank\" rel=\"noopener\">Aviso P\u00fablico \u2013 Selecci\u00f3n Aleatoria de Distritos Electorales para el Proceso de Recuento Manual del 1% \u2013 ACTUALIZADO<\/a><\/p>\n<p>09-06-2022\u00a0 <a href=\"https:\/\/www.sbcounty.gov\/uploads\/ROV\/News\/2022\/0607\/PublicNotice_OnePercentRandomSelectionOfPrecincts.pdf\" target=\"_blank\" rel=\"noopener\">Aviso P\u00fablico \u2013 Selecci\u00f3n Aleatoria de Distritos Electorales para el Proceso de Recuento Manual del 1%<\/a><\/p>\n<p>28-05-2022\u00a0 <a href=\"https:\/\/uploads.rov.sbcounty.gov\/ROV\/es\/News\/2022\/0607\/List_QualifiedWriteIns.pdf\" target=\"_blank\" rel=\"noopener\">Lista de Candidatos Incluidos por Escrito Calificados<\/a><\/p>\n<p>28-05-2022\u00a0 <a href=\"https:\/\/www.sbcounty.gov\/uploads\/ROV\/Elections\/2022\/0607\/PublicNotice_PollingPlaceCentralCount-updated.pdf\" target=\"_blank\" rel=\"noopener\">Aviso P\u00fablico \u2013 Aviso sobre las Casillas Electorales y el Lugar de Conteo Central \u2013 ACTUALIZADO<\/a><\/p>\n<p>07-05-2022\u00a0 <a href=\"https:\/\/uploads.rov.sbcounty.gov\/ROV\/es\/News\/2022\/0607\/PublicNotice_PollingPlaceCentralCount.pdf\" target=\"_blank\" rel=\"noopener\">Aviso P\u00fablico \u2013 Aviso sobre las Casillas Electorales y el Lugar de Conteo Central<\/a><\/p>\n<p>05-05-2022\u00a0\u00a0<a href=\"https:\/\/uploads.rov.sbcounty.gov\/ROV\/es\/News\/2022\/0607\/PressRelease_EarlyVoteBegins.pdf\" target=\"_blank\" rel=\"noopener\">Comunicado de Prensa \u2013 El voto anticipado comenzar\u00e1 pr\u00f3ximamente<\/a><\/p>\n<p>04-05-2022\u00a0 <a href=\"https:\/\/uploads.rov.sbcounty.gov\/ROV\/es\/News\/2022\/0607\/PublicNotice_MailBallot_DropOffLocations.pdf\" target=\"_blank\" rel=\"noopener\">Aviso P\u00fablico \u2013 Lugares para Depositar las Boletas por Correo<\/a><\/p>\n<p>30-04-2022\u00a0 <a href=\"https:\/\/www.sbcounty.gov\/uploads\/ROV\/News\/2022\/0607\/PublicNotice_ObservationSchedule.pdf\" target=\"_blank\" rel=\"noopener\">Aviso P\u00fablico \u2013 Calendario de Observaci\u00f3n<\/a><\/p>\n<p>07-04-2022\u00a0 <a href=\"https:\/\/uploads.rov.sbcounty.gov\/ROV\/es\/News\/2022\/0607\/Notice_AppointmentsInLieu.pdf\" target=\"_blank\" rel=\"noopener\">Aviso P\u00fablico \u2013 Designaciones en Lugar de Elecciones<\/a><\/p>\n<p>17-03-2022\u00a0 <a href=\"https:\/\/www.sbcounty.gov\/uploads\/ROV\/News\/2022\/0607\/SOSRandomAlpha.pdf\" target=\"_blank\" rel=\"noopener\">Sorteo para Orden Aleatorizado de las Letras del Alfabeto de la Secretaria de Estado<\/a><\/p>\n<p>17-03-2022\u00a0 <a href=\"https:\/\/www.sbcounty.gov\/uploads\/ROV\/News\/2022\/0607\/ROVRandomAlpha.pdf\" target=\"_blank\" rel=\"noopener\">Sorteo para Orden Aleatorizado de las Letras del Alfabeto del Condado de San Bernardino<\/a><\/p>\n<p>14-03-2022\u00a0 <a href=\"https:\/\/uploads.rov.sbcounty.gov\/ROV\/es\/News\/2022\/0607\/PublicNotice_MeasureLetterAssignment.pdf\" target=\"_blank\" rel=\"noopener\">Aviso P\u00fablico \u2013 Asignaci\u00f3n de Letras de Medidas<\/a><\/p>\n<p>12-03-2022\u00a0 <a href=\"https:\/\/www.sbcounty.gov\/uploads\/ROV\/News\/2022\/0607\/SOS-NominationPeriodFilingExtension.pdf\" target=\"_blank\" rel=\"noopener\">Aviso sobre Pr\u00f3rroga para la Presentaci\u00f3n durante el Periodo de Nominaci\u00f3n de la Secretaria de Estado<\/a><\/p>\n<p>11-03-2022\u00a0 <a href=\"https:\/\/uploads.rov.sbcounty.gov\/ROV\/es\/News\/2022\/0607\/PublicNotice_RandomAlphabetDrawing.pdf\" target=\"_blank\" rel=\"noopener\">Aviso P\u00fablico \u2013 Observaci\u00f3n del Sorteo para Orden Aleatorizado de las Letras del Alfabeto del Condado<\/a><\/p>\n<p>10-02-2022\u00a0 <a href=\"https:\/\/uploads.rov.sbcounty.gov\/ROV\/es\/Elections\/2022\/0607\/PublicNotice_CandidateStatementEstimates.pdf\" target=\"_blank\" rel=\"noopener\">Aviso P\u00fablico \u2013 Costos Estimados de la Declaraci\u00f3n de Candidatos<\/a><\/p>\n<p>10-02-2022\u00a0 <a href=\"https:\/\/www.sbcounty.gov\/uploads\/ROV\/Elections\/2022\/0607\/List_OfficesUpForElection.pdf\" target=\"_blank\" rel=\"noopener\">Aviso P\u00fablico \u2013 Cargos Incluidos en las Elecciones<\/a>\u00a0\u2013 ACTUALIZADO<\/p>\n<p>04-02-2022\u00a0 <a href=\"https:\/\/uploads.rov.sbcounty.gov\/ROV\/es\/News\/2022\/0607\/PressRelease_MyCandidacy-CandidateFiling.pdf\" target=\"_blank\" rel=\"noopener\">Comunicado de Prensa \u2013 El Registro de Votantes (ROV) ofrece servicios sin contacto a los candidatos<\/a><\/p>\n<p>29-12-2021\u00a0 <a href=\"https:\/\/www.sbcounty.gov\/uploads\/ROV\/Elections\/2022\/0607\/List_CandidateFilingFees_County.pdf?ver=2021-12-29-201043-673\" target=\"_blank\" rel=\"noopener\">Aviso P\u00fablico \u2013 Cuotas de Presentaci\u00f3n de Candidatos a los Cargos del Condado<\/a><\/p>\n<p>29-12-2021\u00a0 <a href=\"https:\/\/www.sbcounty.gov\/uploads\/ROV\/Elections\/2022\/0607\/List_CandidateFilingFees_State.pdf?ver=2021-12-29-201043-687\" target=\"_blank\" rel=\"noopener\">Aviso P\u00fablico \u2013 Cuotas de Presentaci\u00f3n de Candidatos para Cargos Estatales y Federales<\/a><\/p>\n<p>29-12-2021\u00a0 <a href=\"https:\/\/www.sbcounty.gov\/uploads\/ROV\/Elections\/2022\/0607\/List_OfficesUpForElection.pdf?ver=2021-12-29-093806-153\" target=\"_blank\" rel=\"noopener\">Aviso P\u00fablico \u2013 Cargos Incluidos en las Elecciones<\/a><\/p>\n<p>29-12-2021\u00a0 <a href=\"https:\/\/elections.cdn.sos.ca.gov\/statewide-elections\/2022-primary\/primary-election-calendar.pdf\" target=\"_blank\" rel=\"noopener\">Calendario de las Elecciones Primarias Directas a Nivel Estatal de 2022 de la Secretaria de Estado<\/a><\/p>\n<p>29-12-2021\u00a0 <a href=\"https:\/\/www.sos.ca.gov\/elections\/prior-elections\/statewide-election-results\/primary-election-june-7-2022\/2022-california-election-guide\" target=\"_blank\" rel=\"noopener\">Gu\u00eda Electoral de California 2022 de la Secretaria de Estado<\/a><\/p>\n<\/div>\n\n  <\/section>\n\n\t","protected":false},"excerpt":{"rendered":"<p>Elecciones de la Asociaci\u00f3n para la Jubilaci\u00f3n de los Empleados del Condado de San Bernardino \u2013 6 de diciembre de 2022 07-12-2022\u00a0 Certificaci\u00f3n de los Resultados de las Elecciones de 2022 de la Asociaci\u00f3n para la Jubilaci\u00f3n de los Empleados del Condado de San Bernardino 15-09-2022\u00a0 Aviso P\u00fablico \u2013 Sorteo<span class=\"ellipsis\">&#8230;<\/span><\/p>\n","protected":false},"author":13,"featured_media":37382,"parent":138,"menu_order":0,"comment_status":"closed","ping_status":"closed","template":"templates\/rov-left-sidebar-template.php","meta":{"_acf_changed":false,"footnotes":""},"class_list":["post-61180","page","type-page","status-publish","has-post-thumbnail","hentry"],"acf":[],"_links":{"self":[{"href":"https:\/\/elections.sbcounty.gov\/es\/wp-json\/wp\/v2\/pages\/61180","targetHints":{"allow":["GET"]}}],"collection":[{"href":"https:\/\/elections.sbcounty.gov\/es\/wp-json\/wp\/v2\/pages"}],"about":[{"href":"https:\/\/elections.sbcounty.gov\/es\/wp-json\/wp\/v2\/types\/page"}],"author":[{"embeddable":true,"href":"https:\/\/elections.sbcounty.gov\/es\/wp-json\/wp\/v2\/users\/13"}],"replies":[{"embeddable":true,"href":"https:\/\/elections.sbcounty.gov\/es\/wp-json\/wp\/v2\/comments?post=61180"}],"version-history":[{"count":5,"href":"https:\/\/elections.sbcounty.gov\/es\/wp-json\/wp\/v2\/pages\/61180\/revisions"}],"predecessor-version":[{"id":81593,"href":"https:\/\/elections.sbcounty.gov\/es\/wp-json\/wp\/v2\/pages\/61180\/revisions\/81593"}],"up":[{"embeddable":true,"href":"https:\/\/elections.sbcounty.gov\/es\/wp-json\/wp\/v2\/pages\/138"}],"wp:featuredmedia":[{"embeddable":true,"href":"https:\/\/elections.sbcounty.gov\/es\/wp-json\/wp\/v2\/media\/37382"}],"wp:attachment":[{"href":"https:\/\/elections.sbcounty.gov\/es\/wp-json\/wp\/v2\/media?parent=61180"}],"curies":[{"name":"wp","href":"https:\/\/api.w.org\/{rel}","templated":true}]}}