{"id":55849,"date":"2022-08-09T18:16:20","date_gmt":"2022-08-10T01:16:20","guid":{"rendered":"https:\/\/elections.sbcounty.gov\/?page_id=55849"},"modified":"2024-06-05T16:01:32","modified_gmt":"2024-06-05T23:01:32","slug":"1206","status":"publish","type":"page","link":"https:\/\/elections.sbcounty.gov\/es\/elections\/2022\/1206\/","title":{"rendered":"Archivo de Elecciones 2022 de la Asociaci\u00f3n para la Jubilaci\u00f3n de los Empleados del Condado de San Bernardino"},"content":{"rendered":"  <section data-isd-block-id=\"rov-content-blockblock_78799a657b0b0a9ab51d1756a0f7f2b1\"\n\t\t\t\t\t\t\t\t\t\t \t\t\t\t\t\t\t\t\t\t\t class=\"card-style main-content-wrapper rov-card-style mb-4\">\n\n\t<h2 class=\"block-subtitle blue\">Fechas Clave y Fechas L\u00edmite<\/h2>\n\n\t<div class=\"ctnr-block-content\"><table class=\"table table-striped\">\n<tbody>\n<tr>\n<th><strong>Fecha<\/strong><\/th>\n<th><strong>Acci\u00f3n<\/strong><\/th>\n<\/tr>\n<tr>\n<td>15 de agosto de 2022<\/td>\n<td>Comienza la presentaci\u00f3n de candidatos<\/td>\n<\/tr>\n<tr>\n<td>9 de septiembre de 2022<\/td>\n<td>Fecha l\u00edmite de presentaci\u00f3n de candidatos<\/td>\n<\/tr>\n<tr>\n<td>10 de septiembre de 2022<\/td>\n<td>Comienza la pr\u00f3rroga para la presentaci\u00f3n de candidatos<\/td>\n<\/tr>\n<tr>\n<td>14 de septiembre de 2022<\/td>\n<td>Fecha l\u00edmite para la pr\u00f3rroga de presentaci\u00f3n de candidatos<\/td>\n<\/tr>\n<tr>\n<td>7 de noviembre de 2022<\/td>\n<td>Comienza el voto anticipado<\/td>\n<\/tr>\n<tr>\n<td>7 de noviembre de 2022<\/td>\n<td>Gu\u00edas de Informaci\u00f3n para el Votante y Boletas de Voto por Correo entregadas en la Oficina Postal de los EE. UU.<\/td>\n<\/tr>\n<tr>\n<td>6 de diciembre de 2022<\/td>\n<td>D\u00eda de las Elecciones \u2013 Elecciones de la Asociaci\u00f3n para la Jubilaci\u00f3n de los Empleados del Condado de San Bernardino<\/td>\n<\/tr>\n<\/tbody>\n<\/table>\n<\/div>\n\n  <\/section>\n\n\t\n\n  <section data-isd-block-id=\"rov-content-blockblock_c4f9c5fbe2542193d221dae20f5ce7fc\"\n\t\t\t\t\t\t\t\t\t\t \t\t\t\t\t\t\t\t\t\t\t class=\"card-style main-content-wrapper rov-card-style mb-4\">\n\n\t<h2 class=\"block-subtitle blue\">Informaci\u00f3n de los Cargos y Candidatos<\/h2>\n\n\t<div class=\"ctnr-block-content\"><p><strong>Cargos a Elegir:<\/strong><\/p>\n<ul>\n<li>Vea los <a href=\"https:\/\/uploads.rov.sbcounty.gov\/rov\/Elections\/2022\/1206\/Notice_2022SBCERAElection.pdf\" target=\"_blank\" rel=\"noopener\">Cargos a Elegir<\/a>\u00a0[pdf].<\/li>\n<\/ul>\n<p><strong>Presentaci\u00f3n de Candidaturas:<\/strong><\/p>\n<ul>\n<li>La presentaci\u00f3n de candidatos comienza el 15 de agosto de 2022 y finaliza el 9\u00a0de\u00a0septiembre de 2022.<\/li>\n<\/ul>\n<p><strong>Declaraciones de los Candidatos:<\/strong><\/p>\n<ul>\n<li>Los candidatos deben pagar los costos estimados de imprimir su declaraci\u00f3n de candidato en la Gu\u00eda de Informaci\u00f3n para el Votante al momento de registrarse.<\/li>\n<\/ul>\n<p><strong>Lista de los Candidatos:<\/strong><\/p>\n<ul>\n<li>Consulte la\u00a0<a href=\"https:\/\/uploads.rov.sbcounty.gov\/rov\/Elections\/2022\/1206\/Report_CandidateList.pdf\" target=\"_blank\" rel=\"noopener\">Lista de Candidatos Oficiales<\/a>\u00a0[pdf]<\/li>\n<\/ul>\n<\/div>\n\n  <\/section>\n\n\t\n\n  <section data-isd-block-id=\"rov-content-blockblock_36605f664f1ab1fa76bf1b314d9a0902\"\n\t\t\t\t\t\t\t\t\t\t \t\t\t\t\t\t\t\t\t\t\t class=\"card-style main-content-wrapper rov-card-style mb-4\">\n\n\t<h2 class=\"block-subtitle blue\">Publicaciones Electorales<\/h2>\n\n\t<div class=\"ctnr-block-content\"><ul>\n<li>La\u00a0<strong>Gu\u00eda de Informaci\u00f3n para el Votante<\/strong>\u00a0es un folleto publicado por el Registro de Votantes del Condado de San Bernardino que incluye informaci\u00f3n sobre la votaci\u00f3n y los candidatos.<\/li>\n<li>Consulte la <a href=\"https:\/\/uploads.rov.sbcounty.gov\/rov\/Elections\/2022\/1206\/VIG_BT1_Retired.pdf\" target=\"_blank\" rel=\"noopener\">Gu\u00eda de Informaci\u00f3n para el Votante para Miembros Jubilados de la SBCERA<\/a> [pdf]<\/li>\n<\/ul>\n<p><a href=\"https:\/\/elections.sbcounty.gov\/es\/News\/2022\/\"><strong>Comunicados de Prensa y Avisos P\u00fablicos<\/strong><\/a><\/p>\n<ul>\n<li style=\"list-style-type: none\"><\/li>\n<\/ul>\n<\/div>\n\n  <\/section>\n\n\t\n\n  <section data-isd-block-id=\"rov-content-blockblock_75dac23c1a58cd2401ce8115c722eec5\"\n\t\t\t\t\t\t\t\t\t\t \t\t\t\t\t\t\t\t\t\t\t class=\"card-style main-content-wrapper rov-card-style mb-4\">\n\n\t<h2 class=\"block-subtitle blue\">Opciones de Voto<\/h2>\n\n\t<div class=\"ctnr-block-content\"><ul>\n<li>Vote con anticipaci\u00f3n en la oficina del Registro de Votantes a partir del 7 de noviembre de 2022.<\/li>\n<li>Solicite un reemplazo de boleta enviando el <a href=\"https:\/\/uploads.rov.sbcounty.gov\/rov\/Elections\/2022\/1206\/Form_SBCERA_MailBallotRequest.pdf\" target=\"_blank\" rel=\"noopener\">Formulario de Solicitud de Reemplazo de Boleta Electoral de Votaci\u00f3n por Correo Postal de California<\/a> [pdf] o llamando al Registro de Votantes al (909) 387-8300.\n<ul>\n<li>El reemplazo de las boletas de voto por correo debe solicitarse antes del martes 29 de noviembre de 2022.<\/li>\n<li>Despu\u00e9s del 29 de noviembre de 2022, los votantes que necesiten el reemplazo de una boleta deber\u00e1n hacerlo en persona en el Registro de Votantes.<\/li>\n<\/ul>\n<\/li>\n<\/ul>\n<\/div>\n\n  <\/section>\n\n\t\n\n  <section data-isd-block-id=\"rov-content-blockblock_7227a327830661f356cef5980e429993\"\n\t\t\t\t\t\t\t\t\t\t \t\t\t\t\t\t\t\t\t\t\t class=\"card-style main-content-wrapper rov-card-style mb-4\">\n\n\t<h2 class=\"block-subtitle blue\">Resultados de las Elecciones<\/h2>\n\n\t<div class=\"ctnr-block-content\"><ul>\n<li><a href=\"https:\/\/uploads.rov.sbcounty.gov\/rov\/Elections\/2022\/1206\/FinalCertifiedElectionResults.pdf\" target=\"_blank\" rel=\"noopener\">Resultados Finales Certificados de las Elecciones<\/a>\u00a0[pdf]<\/li>\n<li><a href=\"https:\/\/uploads.rov.sbcounty.gov\/rov\/Elections\/2022\/1206\/Statement_CertificationOfElectionResults_2022-12-07.pdf\" target=\"_blank\" rel=\"noopener\">Declaraci\u00f3n de Certificaci\u00f3n de los Resultados de las Elecciones<\/a>\u00a0[pdf]<\/li>\n<\/ul>\n<\/div>\n\n  <\/section>\n\n\t","protected":false},"excerpt":{"rendered":"<p>Fechas Clave y Fechas L\u00edmite Fecha Acci\u00f3n 15 de agosto de 2022 Comienza la presentaci\u00f3n de candidatos 9 de septiembre de 2022 Fecha l\u00edmite de presentaci\u00f3n de candidatos 10 de septiembre de 2022 Comienza la pr\u00f3rroga para la presentaci\u00f3n de candidatos 14 de septiembre de 2022 Fecha l\u00edmite para la<span class=\"ellipsis\">&#8230;<\/span><\/p>\n","protected":false},"author":13,"featured_media":37382,"parent":45154,"menu_order":0,"comment_status":"closed","ping_status":"closed","template":"templates\/rov-left-sidebar-template.php","meta":{"_acf_changed":false,"footnotes":""},"class_list":["post-55849","page","type-page","status-publish","has-post-thumbnail","hentry"],"acf":[],"_links":{"self":[{"href":"https:\/\/elections.sbcounty.gov\/es\/wp-json\/wp\/v2\/pages\/55849","targetHints":{"allow":["GET"]}}],"collection":[{"href":"https:\/\/elections.sbcounty.gov\/es\/wp-json\/wp\/v2\/pages"}],"about":[{"href":"https:\/\/elections.sbcounty.gov\/es\/wp-json\/wp\/v2\/types\/page"}],"author":[{"embeddable":true,"href":"https:\/\/elections.sbcounty.gov\/es\/wp-json\/wp\/v2\/users\/13"}],"replies":[{"embeddable":true,"href":"https:\/\/elections.sbcounty.gov\/es\/wp-json\/wp\/v2\/comments?post=55849"}],"version-history":[{"count":4,"href":"https:\/\/elections.sbcounty.gov\/es\/wp-json\/wp\/v2\/pages\/55849\/revisions"}],"predecessor-version":[{"id":83944,"href":"https:\/\/elections.sbcounty.gov\/es\/wp-json\/wp\/v2\/pages\/55849\/revisions\/83944"}],"up":[{"embeddable":true,"href":"https:\/\/elections.sbcounty.gov\/es\/wp-json\/wp\/v2\/pages\/45154"}],"wp:featuredmedia":[{"embeddable":true,"href":"https:\/\/elections.sbcounty.gov\/es\/wp-json\/wp\/v2\/media\/37382"}],"wp:attachment":[{"href":"https:\/\/elections.sbcounty.gov\/es\/wp-json\/wp\/v2\/media?parent=55849"}],"curies":[{"name":"wp","href":"https:\/\/api.w.org\/{rel}","templated":true}]}}