{"id":55249,"date":"2022-07-26T16:28:28","date_gmt":"2022-07-26T23:28:28","guid":{"rendered":"https:\/\/elections.sbcounty.gov\/?page_id=55249"},"modified":"2023-11-13T17:02:37","modified_gmt":"2023-11-14T01:02:37","slug":"measures","status":"publish","type":"page","link":"https:\/\/elections.sbcounty.gov\/es\/elections\/2022\/1108\/measures\/","title":{"rendered":"Elecciones Generales del 8 de noviembre de 2022 \u2013 Medidas Locales"},"content":{"rendered":"  <section data-isd-block-id=\"rov-content-blockblock_e2d31e83b06cc5620612d5f4e906c22f\"\n\t\t\t\t\t\t\t\t\t\t \t\t\t\t\t\t\t\t\t\t\t class=\"card-style main-content-wrapper rov-card-style mb-4\">\n\n\t<h2 class=\"block-subtitle blue\">Elecciones Generales del 8 de noviembre de 2022 \u2013 Medidas Locales<\/h2>\n\n\t<div class=\"ctnr-block-content\"><table class=\"table striped\" style=\"border-collapse: collapse\" border=\"1\">\n<tbody>\n<tr>\n<th><strong>Letra<\/strong><\/th>\n<th><strong>Jurisdicci\u00f3n<\/strong><\/th>\n<th><strong>Descripci\u00f3n de la Medida<\/strong><\/th>\n<th><strong>An\u00e1lisis<\/strong><\/th>\n<th><strong>Argumentos<\/strong><\/th>\n<th><strong>Porcentaje<br \/>\npara ser Aprobada<\/strong><\/th>\n<\/tr>\n<tr>\n<td style=\"text-align: center\"><a href=\"https:\/\/uploads.rov.sbcounty.gov\/rov\/Elections\/2022\/1108\/Measures\/RialtoUSD\/RUSD-Notice.pdf\" target=\"_blank\" rel=\"noopener\">A<\/a><\/td>\n<td><a href=\"https:\/\/uploads.rov.sbcounty.gov\/rov\/Elections\/2022\/1108\/Measures\/RialtoUSD\/RUSD-Resolution22-23-02.pdf\" target=\"_blank\" rel=\"noopener\">Distrito Escolar Unificado de Rialto<\/a><\/td>\n<td><a href=\"https:\/\/uploads.rov.sbcounty.gov\/rov\/Elections\/2022\/1108\/Measures\/RialtoUSD\/RUSD-FullText.pdf\" target=\"_blank\" rel=\"noopener\">Propuesta de Bonos<\/a><\/td>\n<td><a href=\"https:\/\/uploads.rov.sbcounty.gov\/rov\/Elections\/2022\/1108\/Measures\/RialtoUSD\/RUSD-Impartial.pdf\" target=\"_blank\" rel=\"noopener\">Imparcial<\/a>\n<p>&nbsp;<\/p>\n<p><a href=\"https:\/\/uploads.rov.sbcounty.gov\/rov\/Elections\/2022\/1108\/Measures\/RialtoUSD\/RUSD-TaxRate.pdf\" target=\"_blank\" rel=\"noopener\">Declaraci\u00f3n sobre la Tasa de Impuestos<\/a><\/p><\/td>\n<td>\n<ul>\n<li><a href=\"https:\/\/uploads.rov.sbcounty.gov\/rov\/Elections\/2022\/1108\/Measures\/RialtoUSD\/RUSD-AIF.pdf\" target=\"_blank\" rel=\"noopener\">Argumento a Favor<\/a><\/li>\n<li>No se ha presentado ninguna Refutaci\u00f3n del Argumento a Favor<\/li>\n<li><a href=\"https:\/\/uploads.rov.sbcounty.gov\/rov\/Elections\/2022\/1108\/Measures\/RialtoUSD\/RUSD-AA.pdf\" target=\"_blank\" rel=\"noopener\">Argumento en Contra<\/a><\/li>\n<li><a href=\"https:\/\/uploads.rov.sbcounty.gov\/rov\/Elections\/2022\/1108\/Measures\/RialtoUSD\/RUSD-RAA.pdf\" target=\"_blank\" rel=\"noopener\">Refutaci\u00f3n del Argumento en Contra<\/a><\/li>\n<\/ul>\n<\/td>\n<td style=\"text-align: center\">55%<\/td>\n<\/tr>\n<tr>\n<td style=\"text-align: center\"><a href=\"https:\/\/uploads.rov.sbcounty.gov\/rov\/Elections\/2022\/1108\/Measures\/County\/SBC-Notice-CharterAmendment.pdf\" target=\"_blank\" rel=\"noopener\">D<\/a><\/td>\n<td><a href=\"https:\/\/uploads.rov.sbcounty.gov\/rov\/Elections\/2022\/1108\/Measures\/County\/SBC-Ordinance-CharterAmendment.pdf\" target=\"_blank\" rel=\"noopener\">Condado de San Bernardino<\/a><\/td>\n<td><a href=\"https:\/\/uploads.rov.sbcounty.gov\/rov\/Elections\/2022\/1108\/Measures\/County\/SBC-FullText-CharterAmendment.pdf\" target=\"_blank\" rel=\"noopener\">Enmienda a la Carta Org\u00e1nica<\/a><\/td>\n<td><a href=\"https:\/\/uploads.rov.sbcounty.gov\/rov\/Elections\/2022\/1108\/Measures\/County\/SBC-Impartial-CharterAmendment.pdf\" target=\"_blank\" rel=\"noopener\">Imparcial<\/a><\/td>\n<td>\n<ul>\n<li><a href=\"https:\/\/uploads.rov.sbcounty.gov\/rov\/Elections\/2022\/1108\/Measures\/County\/SBC-AIF-CharterAmendment.pdf\" target=\"_blank\" rel=\"noopener\">Argumento a Favor<\/a><\/li>\n<li><a href=\"https:\/\/uploads.rov.sbcounty.gov\/rov\/Elections\/2022\/1108\/Measures\/County\/SBC-RAIF-CharterAmendment.pdf\" target=\"_blank\" rel=\"noopener\">Refutaci\u00f3n del Argumento a Favor<\/a><\/li>\n<li><a href=\"https:\/\/uploads.rov.sbcounty.gov\/rov\/Elections\/2022\/1108\/Measures\/County\/SBC-AA2-CharterAmendment.pdf\" target=\"_blank\" rel=\"noopener\">Argumento en Contra<\/a><\/li>\n<li><a href=\"https:\/\/uploads.rov.sbcounty.gov\/rov\/Elections\/2022\/1108\/Measures\/County\/SBC-RAA-CharterAmendment.pdf\" target=\"_blank\" rel=\"noopener\">Refutaci\u00f3n del Argumento en Contra<\/a><\/li>\n<\/ul>\n<\/td>\n<td style=\"text-align: center\">50% + 1<\/td>\n<\/tr>\n<tr>\n<td style=\"text-align: center\"><a href=\"https:\/\/uploads.rov.sbcounty.gov\/rov\/Elections\/2022\/1108\/Measures\/County\/SBC-Notice-Advisory.pdf\" target=\"_blank\" rel=\"noopener\">EE<\/a><\/td>\n<td><a href=\"https:\/\/uploads.rov.sbcounty.gov\/rov\/Elections\/2022\/1108\/Measures\/County\/SBC-Ordinance-Advisory.pdf\" target=\"_blank\" rel=\"noopener\">Condado de San Bernardino<\/a><\/td>\n<td>Medida consultiva<\/td>\n<td><a href=\"https:\/\/uploads.rov.sbcounty.gov\/rov\/Elections\/2022\/1108\/Measures\/County\/SBC-Impartial-Advisory.pdf\" target=\"_blank\" rel=\"noopener\">Imparcial<\/a><\/td>\n<td>\n<ul>\n<li>No se presentaron Argumentos a Favor ni en Contra de la medida<\/li>\n<\/ul>\n<\/td>\n<td style=\"text-align: center\">Voto Consultivo \u00danicamente<\/td>\n<\/tr>\n<tr>\n<td style=\"text-align: center\">F<\/td>\n<td><a href=\"https:\/\/uploads.rov.sbcounty.gov\/rov\/Elections\/2022\/1108\/Measures\/Redlands\/RED-Resolution8378.pdf\" target=\"_blank\" rel=\"noopener\">Ciudad de Redlands<\/a><\/td>\n<td><a href=\"https:\/\/uploads.rov.sbcounty.gov\/rov\/Elections\/2022\/1108\/Measures\/Redlands\/RED-Ordinance8378.pdf\" target=\"_blank\" rel=\"noopener\">Enmiendas al Plan General<\/a><\/td>\n<td><a href=\"https:\/\/uploads.rov.sbcounty.gov\/rov\/Elections\/2022\/1108\/Measures\/Redlands\/RED-Impartial8378.pdf\" target=\"_blank\" rel=\"noopener\">Imparcial<\/a><\/td>\n<td>\n<ul>\n<li><a href=\"https:\/\/uploads.rov.sbcounty.gov\/rov\/Elections\/2022\/1108\/Measures\/Redlands\/RED-AIF8378.pdf\" target=\"_blank\" rel=\"noopener\">Argumento a Favor<\/a><\/li>\n<li><a href=\"https:\/\/uploads.rov.sbcounty.gov\/rov\/Elections\/2022\/1108\/Measures\/Redlands\/RED-RAIF8378.pdf\" target=\"_blank\" rel=\"noopener\">Refutaci\u00f3n del Argumento a Favor<\/a><\/li>\n<li><a href=\"https:\/\/uploads.rov.sbcounty.gov\/rov\/Elections\/2022\/1108\/Measures\/Redlands\/RED-AA8378.pdf\" target=\"_blank\" rel=\"noopener\">Argumento en Contra<\/a><\/li>\n<li><a href=\"https:\/\/uploads.rov.sbcounty.gov\/rov\/Elections\/2022\/1108\/Measures\/Redlands\/RED-RAA8378.pdf\" target=\"_blank\" rel=\"noopener\">Refutaci\u00f3n del Argumento en Contra<\/a><\/li>\n<\/ul>\n<\/td>\n<td style=\"text-align: center\">Comun\u00edquese con el Secretario Municipal<\/td>\n<\/tr>\n<tr>\n<td style=\"text-align: center\">H<\/td>\n<td><a href=\"https:\/\/uploads.rov.sbcounty.gov\/rov\/Elections\/2022\/1108\/Measures\/Barstow\/BAR-Resolution5083-2022.pdf\" target=\"_blank\" rel=\"noopener\">Ciudad de Barstow<\/a><\/td>\n<td>Reorganizaci\u00f3n de las Elecciones para Concejo \/ Alcalde<\/td>\n<td><a href=\"https:\/\/uploads.rov.sbcounty.gov\/rov\/Elections\/2022\/1108\/Measures\/Barstow\/BAR-Impartial.pdf\" target=\"_blank\" rel=\"noopener\">Imparcial<\/a><\/td>\n<td>\n<ul>\n<li>No se presentaron Argumentos a Favor ni en Contra de la medida<\/li>\n<\/ul>\n<\/td>\n<td style=\"text-align: center\">50% + 1<\/td>\n<\/tr>\n<tr>\n<td style=\"text-align: center\">II<\/td>\n<td><a href=\"https:\/\/uploads.rov.sbcounty.gov\/rov\/Elections\/2022\/1108\/Measures\/Montclair\/MONT-Resolution22-3375.pdf\" target=\"_blank\" rel=\"noopener\">Ciudad de Montclair<\/a><\/td>\n<td>Medida consultiva<\/td>\n<td><a href=\"https:\/\/uploads.rov.sbcounty.gov\/rov\/Elections\/2022\/1108\/Measures\/Montclair\/MONT-Impartial22-3375.pdf\" target=\"_blank\" rel=\"noopener\">Imparcial<\/a><\/td>\n<td>\n<ul>\n<li>No se presentaron Argumentos a Favor ni en Contra de la medida<\/li>\n<\/ul>\n<\/td>\n<td style=\"text-align: center\">Voto Consultivo \u00danicamente<\/td>\n<\/tr>\n<tr>\n<td style=\"text-align: center\">J<\/td>\n<td><a href=\"https:\/\/uploads.rov.sbcounty.gov\/rov\/Elections\/2022\/1108\/Measures\/Redlands\/RED-Resolution8364.pdf\" target=\"_blank\" rel=\"noopener\">Ciudad de Redlands<\/a><\/td>\n<td><a href=\"https:\/\/uploads.rov.sbcounty.gov\/rov\/Elections\/2022\/1108\/Measures\/Redlands\/RED-Ordinance8364.pdf\" target=\"_blank\" rel=\"noopener\">Medida consultiva Tasas de los Impuestos sobre Licencias Comerciales para Centros de Distribuci\u00f3n<\/a><\/td>\n<td><a href=\"https:\/\/uploads.rov.sbcounty.gov\/rov\/Elections\/2022\/1108\/Measures\/Redlands\/RED-Impartial8364.pdf\" target=\"_blank\" rel=\"noopener\">Imparcial<\/a><\/td>\n<td>\n<ul>\n<li><a href=\"https:\/\/uploads.rov.sbcounty.gov\/rov\/Elections\/2022\/1108\/Measures\/Redlands\/RED-AIF8364.pdf\" target=\"_blank\" rel=\"noopener\">Argumento a Favor<\/a><\/li>\n<li>No se present\u00f3 ning\u00fan Argumento en Contra de la medida<\/li>\n<\/ul>\n<\/td>\n<td style=\"text-align: center\">50% + 1<\/td>\n<\/tr>\n<tr>\n<td style=\"text-align: center\">K<\/td>\n<td><a href=\"https:\/\/uploads.rov.sbcounty.gov\/rov\/Elections\/2022\/1108\/Measures\/YuccaValley\/YV-Resolution.pdf\" target=\"_blank\" rel=\"noopener\">Pueblo de Yucca Valley<\/a><\/td>\n<td><a href=\"https:\/\/uploads.rov.sbcounty.gov\/rov\/Elections\/2022\/1108\/Measures\/YuccaValley\/YV-Ordinance.pdf\" target=\"_blank\" rel=\"noopener\">Impuesto de Estancia Transitoria<\/a><\/td>\n<td><a href=\"https:\/\/uploads.rov.sbcounty.gov\/rov\/Elections\/2022\/1108\/Measures\/YuccaValley\/YV-Impartial.pdf\" target=\"_blank\" rel=\"noopener\">Imparcial<\/a><\/td>\n<td>\n<ul>\n<li><a href=\"https:\/\/uploads.rov.sbcounty.gov\/rov\/Elections\/2022\/1108\/Measures\/YuccaValley\/YV-AIF.pdf\" target=\"_blank\" rel=\"noopener\">Argumento a Favor<\/a><\/li>\n<li>No se present\u00f3 ning\u00fan Argumento en Contra de la medida<\/li>\n<\/ul>\n<\/td>\n<td style=\"text-align: center\">50% + 1<\/td>\n<\/tr>\n<tr>\n<td style=\"text-align: center\">L<\/td>\n<td><a href=\"https:\/\/uploads.rov.sbcounty.gov\/rov\/Elections\/2022\/1108\/Measures\/Upland\/UPL-Resolution6684.pdf\" target=\"_blank\" rel=\"noopener\">Ciudad de Upland<\/a><\/td>\n<td><a href=\"https:\/\/uploads.rov.sbcounty.gov\/rov\/Elections\/2022\/1108\/Measures\/Upland\/UPL-Ordinance1966.pdf\" target=\"_blank\" rel=\"noopener\">Impuesto sobre Transacciones y Uso<\/a><\/td>\n<td><a href=\"https:\/\/uploads.rov.sbcounty.gov\/rov\/Elections\/2022\/1108\/Measures\/Upland\/UPL-Impartial.pdf\" target=\"_blank\" rel=\"noopener\">Imparcial<\/a><\/td>\n<td>\n<ul>\n<li><a href=\"https:\/\/uploads.rov.sbcounty.gov\/rov\/Elections\/2022\/1108\/Measures\/Upland\/UPL-AIF.pdf\" target=\"_blank\" rel=\"noopener\">Argumento a Favor<\/a><\/li>\n<li><a href=\"https:\/\/uploads.rov.sbcounty.gov\/rov\/Elections\/2022\/1108\/Measures\/Upland\/UPL_RAIF.pdf\" target=\"_blank\" rel=\"noopener\">Refutaci\u00f3n del Argumento a Favor<\/a><\/li>\n<li><a href=\"https:\/\/uploads.rov.sbcounty.gov\/rov\/Elections\/2022\/1108\/Measures\/Upland\/UPL-AA.pdf\" target=\"_blank\" rel=\"noopener\">Argumento en Contra<\/a><\/li>\n<li><a href=\"https:\/\/uploads.rov.sbcounty.gov\/rov\/Elections\/2022\/1108\/Measures\/Upland\/UPL-RAA.pdf\" target=\"_blank\" rel=\"noopener\">Refutaci\u00f3n del Argumento en Contra<\/a><\/li>\n<\/ul>\n<\/td>\n<td style=\"text-align: center\">50% + 1<\/td>\n<\/tr>\n<tr>\n<td style=\"text-align: center\">M<\/td>\n<td><a href=\"https:\/\/uploads.rov.sbcounty.gov\/rov\/Elections\/2022\/1108\/Measures\/GrandTerrace\/GT-Resolution2022-30.pdf\" target=\"_blank\" rel=\"noopener\">Ciudad de Grand Terrace<\/a><\/td>\n<td><a href=\"https:\/\/uploads.rov.sbcounty.gov\/rov\/Elections\/2022\/1108\/Measures\/GrandTerrace\/GT-Ordinance.pdf\" target=\"_blank\" rel=\"noopener\">Impuesto de Estancia Transitoria<\/a><\/td>\n<td><a href=\"https:\/\/uploads.rov.sbcounty.gov\/rov\/Elections\/2022\/1108\/Measures\/GrandTerrace\/GT-Impartial.pdf\" target=\"_blank\" rel=\"noopener\">Imparcial<\/a><\/td>\n<td>\n<ul>\n<li>No se presentaron Argumentos a Favor ni en Contra de la medida<\/li>\n<\/ul>\n<\/td>\n<td style=\"text-align: center\">50% + 1<\/td>\n<\/tr>\n<tr>\n<td style=\"text-align: center\">N<\/td>\n<td><a href=\"https:\/\/uploads.rov.sbcounty.gov\/rov\/Elections\/2022\/1108\/Measures\/Needles\/NDL-Resolution2022-50-51.pdf\" target=\"_blank\" rel=\"noopener\">Ciudad de Needles<\/a><\/td>\n<td><a href=\"https:\/\/uploads.rov.sbcounty.gov\/rov\/Elections\/2022\/1108\/Measures\/Needles\/NDL-Ordinance.pdf\" target=\"_blank\" rel=\"noopener\">Impuesto de Estancia Transitoria<\/a><\/td>\n<td><a href=\"https:\/\/uploads.rov.sbcounty.gov\/rov\/Elections\/2022\/1108\/Measures\/Needles\/NDL-Impartial.pdf\" target=\"_blank\" rel=\"noopener\">Imparcial<\/a><\/td>\n<td>\n<ul>\n<li><a href=\"https:\/\/uploads.rov.sbcounty.gov\/rov\/Elections\/2022\/1108\/Measures\/Needles\/NDL-AIF.pdf\" target=\"_blank\" rel=\"noopener\">Argumento a Favor<\/a><\/li>\n<li>No se present\u00f3 ning\u00fan Argumento en Contra de la medida<\/li>\n<\/ul>\n<\/td>\n<td style=\"text-align: center\">50% + 1<\/td>\n<\/tr>\n<tr>\n<td style=\"text-align: center\">O<\/td>\n<td><a href=\"https:\/\/uploads.rov.sbcounty.gov\/rov\/Elections\/2022\/1108\/Measures\/BigBearLake\/BBL-Resolution2022-69.pdf\" target=\"_blank\" rel=\"noopener\">Ciudad de Big Bear Lake<\/a><\/td>\n<td><a href=\"https:\/\/uploads.rov.sbcounty.gov\/rov\/Elections\/2022\/1108\/Measures\/BigBearLake\/BBL-Ordinance-VR.pdf\" target=\"_blank\" rel=\"noopener\">L\u00edmites de los Alquileres Vacacionales<\/a><\/td>\n<td><a href=\"https:\/\/uploads.rov.sbcounty.gov\/rov\/Elections\/2022\/1108\/Measures\/BigBearLake\/BBL-Impartial-VR.pdf\" target=\"_blank\" rel=\"noopener\">Imparcial<\/a><\/td>\n<td>\n<ul>\n<li><a href=\"https:\/\/uploads.rov.sbcounty.gov\/rov\/Elections\/2022\/1108\/Measures\/BigBearLake\/BBL-AIF-VR.pdf\" target=\"_blank\" rel=\"noopener\">Argumento a Favor<\/a><\/li>\n<li><a href=\"https:\/\/uploads.rov.sbcounty.gov\/rov\/Elections\/2022\/1108\/Measures\/BigBearLake\/BBL-RebuttalToAIF-VR.pdf\" target=\"_blank\" rel=\"noopener\">Refutaci\u00f3n del Argumento a Favor<\/a><\/li>\n<li><a href=\"https:\/\/uploads.rov.sbcounty.gov\/rov\/Elections\/2022\/1108\/Measures\/BigBearLake\/BBL-AA-VR.pdf\" target=\"_blank\" rel=\"noopener\">Argumento en Contra<\/a><\/li>\n<li><a href=\"https:\/\/uploads.rov.sbcounty.gov\/rov\/Elections\/2022\/1108\/Measures\/BigBearLake\/BBL-RebuttalToAA-VR.pdf\" target=\"_blank\" rel=\"noopener\">Refutaci\u00f3n del Argumento en Contra<\/a><\/li>\n<\/ul>\n<\/td>\n<td style=\"text-align: center\">50% + 1<\/td>\n<\/tr>\n<tr>\n<td style=\"text-align: center\">P<\/td>\n<td><a href=\"https:\/\/uploads.rov.sbcounty.gov\/rov\/Elections\/2022\/1108\/Measures\/BigBearLake\/BBL-Resolution2022-70.pdf\" target=\"_blank\" rel=\"noopener\">Ciudad de Big Bear Lake<\/a><\/td>\n<td><a href=\"https:\/\/uploads.rov.sbcounty.gov\/rov\/Elections\/2022\/1108\/Measures\/BigBearLake\/BBL-Ordinance-TOT.pdf\" target=\"_blank\" rel=\"noopener\">Impuesto de Estancia Transitoria<\/a><\/td>\n<td><a href=\"https:\/\/uploads.rov.sbcounty.gov\/rov\/Elections\/2022\/1108\/Measures\/BigBearLake\/BBL-Impartial-TOT.pdf\" target=\"_blank\" rel=\"noopener\">Imparcial<\/a><\/td>\n<td>\n<ul>\n<li><a href=\"https:\/\/uploads.rov.sbcounty.gov\/rov\/Elections\/2022\/1108\/Measures\/BigBearLake\/BBL-AIF-TOT.pdf\" target=\"_blank\" rel=\"noopener\">Argumento a Favor<\/a><\/li>\n<li>No se present\u00f3 ning\u00fan Argumento en Contra de la medida<\/li>\n<\/ul>\n<\/td>\n<td style=\"text-align: center\">50% + 1<\/td>\n<\/tr>\n<tr>\n<td style=\"text-align: center\">Q<\/td>\n<td><a href=\"https:\/\/uploads.rov.sbcounty.gov\/rov\/Elections\/2022\/1108\/Measures\/Ontario\/ONT-Resolution2022-125.pdf\" target=\"_blank\" rel=\"noopener\">Ciudad de Ontario<\/a><\/td>\n<td><a href=\"https:\/\/uploads.rov.sbcounty.gov\/rov\/Elections\/2022\/1108\/Measures\/Ontario\/ONT-Ordinance.pdf\" target=\"_blank\" rel=\"noopener\">Impuesto sobre Transacciones y Uso<\/a><\/td>\n<td><a href=\"https:\/\/uploads.rov.sbcounty.gov\/rov\/Elections\/2022\/1108\/Measures\/Ontario\/ONT-Impartial.pdf\" target=\"_blank\" rel=\"noopener\">Imparcial<\/a><\/td>\n<td>\n<ul>\n<li><a href=\"https:\/\/uploads.rov.sbcounty.gov\/rov\/Elections\/2022\/1108\/Measures\/Ontario\/ONT-AIF.pdf\" target=\"_blank\" rel=\"noopener\">Argumento a Favor<\/a><\/li>\n<li><a href=\"https:\/\/uploads.rov.sbcounty.gov\/rov\/Elections\/2022\/1108\/Measures\/Ontario\/ONT-RAIF.pdf\" target=\"_blank\" rel=\"noopener\">Refutaci\u00f3n del Argumento a Favor<\/a><\/li>\n<li><a href=\"https:\/\/uploads.rov.sbcounty.gov\/rov\/Elections\/2022\/1108\/Measures\/Ontario\/ONT-AA.pdf\" target=\"_blank\" rel=\"noopener\">Argumento en Contra<\/a><\/li>\n<li><a href=\"https:\/\/uploads.rov.sbcounty.gov\/rov\/Elections\/2022\/1108\/Measures\/Ontario\/ONT-RAA.pdf\" target=\"_blank\" rel=\"noopener\">Refutaci\u00f3n del Argumento en Contra<\/a><\/li>\n<\/ul>\n<\/td>\n<td style=\"text-align: center\">50% + 1<\/td>\n<\/tr>\n<tr>\n<td style=\"text-align: center\">R<\/td>\n<td><a href=\"https:\/\/uploads.rov.sbcounty.gov\/rov\/Elections\/2022\/1108\/Measures\/Montclair\/MONT-Resolution22-3374.pdf\" target=\"_blank\" rel=\"noopener\">Ciudad de Montclair<\/a><\/td>\n<td><a href=\"https:\/\/uploads.rov.sbcounty.gov\/rov\/Elections\/2022\/1108\/Measures\/Montclair\/MONT-Ordinance22-3374.pdf\" target=\"_blank\" rel=\"noopener\">Impuesto sobre los Negocios de Cannabis<\/a><\/td>\n<td><a href=\"https:\/\/uploads.rov.sbcounty.gov\/rov\/Elections\/2022\/1108\/Measures\/Montclair\/MONT-Impartial22-3374.pdf\" target=\"_blank\" rel=\"noopener\">Imparcial<\/a><\/td>\n<td>\n<ul>\n<li><a href=\"https:\/\/uploads.rov.sbcounty.gov\/rov\/Elections\/2022\/1108\/Measures\/Montclair\/MONT-AIF22-3374.pdf\" target=\"_blank\" rel=\"noopener\">Argumento a Favor<\/a><\/li>\n<li>No se present\u00f3 ning\u00fan Argumento en Contra de la medida<\/li>\n<\/ul>\n<\/td>\n<td style=\"text-align: center\">50% + 1<\/td>\n<\/tr>\n<tr>\n<td style=\"text-align: center\">S*<\/td>\n<td><a href=\"https:\/\/uploads.rov.sbcounty.gov\/rov\/Elections\/2022\/1108\/Measures\/Colton\/CLT-ResolutionR-31-22.pdf\" target=\"_blank\" rel=\"noopener\">Ciudad de Colton<\/a><\/td>\n<td><a href=\"https:\/\/uploads.rov.sbcounty.gov\/rov\/Elections\/2022\/1108\/Measures\/Colton\/CLT-Ordinance.pdf\" target=\"_blank\" rel=\"noopener\">Impuesto sobre Transacciones y Uso<\/a><\/td>\n<td><a href=\"https:\/\/uploads.rov.sbcounty.gov\/rov\/Elections\/2022\/1108\/Measures\/Colton\/CLT-Impartial.pdf\" target=\"_blank\" rel=\"noopener\">Imparcial<\/a><\/td>\n<td>\n<ul>\n<li><a href=\"https:\/\/uploads.rov.sbcounty.gov\/rov\/Elections\/2022\/1108\/Measures\/Colton\/CLT-AIF.pdf\" target=\"_blank\" rel=\"noopener\">Argumento a Favor<\/a><\/li>\n<li>No se present\u00f3 ning\u00fan Argumento en Contra de la medida<\/li>\n<\/ul>\n<\/td>\n<td style=\"text-align: center\">50% + 1<\/td>\n<\/tr>\n<tr>\n<td style=\"text-align: center\"><\/td>\n<td><\/td>\n<td><\/td>\n<td><\/td>\n<td><\/td>\n<td style=\"text-align: center\"><\/td>\n<\/tr>\n<\/tbody>\n<\/table>\n<p>*Con apego a una orden de la corte<\/p>\n<p><strong>Avisos P\u00fablicos y Formularios relacionados:<\/strong><\/p>\n<ul>\n<li><a href=\"https:\/\/uploads.rov.sbcounty.gov\/rov\/News\/2022\/1108\/PublicNotice_MeasureLetterAssignmentsNov2022.pdf\" target=\"_blank\" rel=\"noopener\">Aviso P\u00fablico \u2013 Asignaci\u00f3n de Letras de Medidas<\/a>\u00a0[pdf]<\/li>\n<li><a href=\"https:\/\/uploads.rov.sbcounty.gov\/rov\/Elections\/2022\/1108\/Measures\/Form_9600StatementByProponents.pdf\" target=\"_blank\" rel=\"noopener\">Declaraci\u00f3n de los Proponentes \/ Autores de Argumentos (Formulario 9600)<\/a> [pdf]<\/li>\n<li><a href=\"https:\/\/elections.sbcounty.gov\/es\/Elections\/Measures\/\">Informaci\u00f3n General sobre las Medidas<\/a><\/li>\n<li style=\"list-style-type: none\"><\/li>\n<\/ul>\n<\/div>\n\n  <\/section>\n\n\t","protected":false},"excerpt":{"rendered":"<p>Elecciones Generales del 8 de noviembre de 2022 \u2013 Medidas Locales Letra Jurisdicci\u00f3n Descripci\u00f3n de la Medida An\u00e1lisis Argumentos Porcentaje para ser Aprobada A Distrito Escolar Unificado de Rialto Propuesta de Bonos Imparcial &nbsp; Declaraci\u00f3n sobre la Tasa de Impuestos Argumento a Favor No se ha presentado ninguna Refutaci\u00f3n del<span class=\"ellipsis\">&#8230;<\/span><\/p>\n","protected":false},"author":13,"featured_media":37382,"parent":53911,"menu_order":0,"comment_status":"closed","ping_status":"closed","template":"templates\/rov-full-width-no-title-template.php","meta":{"_acf_changed":false,"footnotes":""},"class_list":["post-55249","page","type-page","status-publish","has-post-thumbnail","hentry"],"acf":[],"_links":{"self":[{"href":"https:\/\/elections.sbcounty.gov\/es\/wp-json\/wp\/v2\/pages\/55249","targetHints":{"allow":["GET"]}}],"collection":[{"href":"https:\/\/elections.sbcounty.gov\/es\/wp-json\/wp\/v2\/pages"}],"about":[{"href":"https:\/\/elections.sbcounty.gov\/es\/wp-json\/wp\/v2\/types\/page"}],"author":[{"embeddable":true,"href":"https:\/\/elections.sbcounty.gov\/es\/wp-json\/wp\/v2\/users\/13"}],"replies":[{"embeddable":true,"href":"https:\/\/elections.sbcounty.gov\/es\/wp-json\/wp\/v2\/comments?post=55249"}],"version-history":[{"count":2,"href":"https:\/\/elections.sbcounty.gov\/es\/wp-json\/wp\/v2\/pages\/55249\/revisions"}],"predecessor-version":[{"id":80576,"href":"https:\/\/elections.sbcounty.gov\/es\/wp-json\/wp\/v2\/pages\/55249\/revisions\/80576"}],"up":[{"embeddable":true,"href":"https:\/\/elections.sbcounty.gov\/es\/wp-json\/wp\/v2\/pages\/53911"}],"wp:featuredmedia":[{"embeddable":true,"href":"https:\/\/elections.sbcounty.gov\/es\/wp-json\/wp\/v2\/media\/37382"}],"wp:attachment":[{"href":"https:\/\/elections.sbcounty.gov\/es\/wp-json\/wp\/v2\/media?parent=55249"}],"curies":[{"name":"wp","href":"https:\/\/api.w.org\/{rel}","templated":true}]}}