{"id":552,"date":"2019-04-02T17:53:21","date_gmt":"2019-04-02T17:53:21","guid":{"rendered":"https:\/\/www.elections.sbcounty.gov\/?page_id=552"},"modified":"2026-04-25T10:00:25","modified_gmt":"2026-04-25T17:00:25","slug":"vig","status":"publish","type":"page","link":"https:\/\/elections.sbcounty.gov\/es\/voting\/vig\/","title":{"rendered":"Gu\u00eda de Informaci\u00f3n para el Votante"},"content":{"rendered":"  <section data-isd-block-id=\"rov-content-blockblock_a178a49c898eed377ce571f77825f5b7\"\n\t\t\t\t\t\t\t\t\t\t \t\t\t\t\t\t\t\t\t\t\t class=\"card-style main-content-wrapper rov-card-style mb-4\">\n\n\t<h2 class=\"block-subtitle blue\">24 de marzo de 2026, Elecci\u00f3n Especial de la Ciudad de Ontario <\/h2>\n\n\t<div class=\"ctnr-block-content\"><p><strong>Gu\u00eda de Informaci\u00f3n para el Votante del Condado de San Bernardino<\/strong><\/p>\n<ul>\n<li>La\u00a0<a href=\"https:\/\/uploads.rov.sbcounty.gov\/ROV\/es\/Elections\/2026\/0324\/VIG.pdf\" target=\"_blank\" rel=\"noopener\"><strong>Gu\u00eda de Informaci\u00f3n para el Votante<\/strong><\/a> [pdf] es un folleto publicado por el Registro de Votantes del Condado de San Bernardino que incluye informaci\u00f3n sobre la votaci\u00f3n, las medidas, una boleta de muestra e informaci\u00f3n de las casillas electorales.<\/li>\n<li>La\u00a0<strong>Gu\u00eda de Informaci\u00f3n para el Votante en formato accesible<\/strong> [ya no esta disponible] proporciona informaci\u00f3n electoral personalizada para los votantes que utilizan programas de lectura de pantalla.<\/li>\n<\/ul>\n<\/div>\n\n  <\/section>\n\n\t\n\n  <section data-isd-block-id=\"rov-content-blockblock_d6fd377ecbe3fcba795bf16a27b5f422\"\n\t\t\t\t\t\t\t\t\t\t \t\t\t\t\t\t\t\t\t\t\t class=\"card-style main-content-wrapper rov-card-style mb-4\">\n\n\t<h2 class=\"block-subtitle blue\">2 de junio de 2026, Elecciones Primarias Directas Estatales<\/h2>\n\n\t<div class=\"ctnr-block-content\"><p><strong>Gu\u00eda de Informaci\u00f3n para el Votante del Condado de San Bernardino<\/strong><\/p>\n<ul>\n<li>La\u00a0<strong>Gu\u00eda de Informaci\u00f3n para el Votante<\/strong> es un folleto publicado por el Registro de Votantes del Condado de San Bernardino que incluye informaci\u00f3n sobre la votaci\u00f3n, los candidatos y las medidas, una boleta de muestra e informaci\u00f3n de las casillas electorales.<\/li>\n<li>La\u00a0<a href=\"https:\/\/uploads.rov.sbcounty.gov\/ROV\/es\/Elections\/2026\/0602\/VIG.pdf\"><strong>Gu\u00eda de Informaci\u00f3n para el Votante completa<\/strong><\/a> [pdf] contiene informaci\u00f3n de todos los cargos incluidos en las elecciones en el Condado de San Bernardino.<\/li>\n<li>La\u00a0<strong>Gu\u00eda de Informaci\u00f3n para el Votante espec\u00edfica de cada distrito electoral<\/strong> contiene informaci\u00f3n de los cargos incluidos en las elecciones de cada distrito electoral. \u00a0Puede consultar las Gu\u00edas de Informaci\u00f3n para el Votante espec\u00edficas de cada distrito electoral con la herramienta de\u00a0<strong>B\u00fasqueda de Casillas Electorales y de Gu\u00edas de Informaci\u00f3n para el Votante <\/strong>[pr\u00f3ximamente disponible].<\/li>\n<li>La\u00a0<a href=\"https:\/\/gcc02.safelinks.protection.outlook.com\/?url=https%3A%2F%2Fca.omniballot.us%2Fsites%2F06071%2FSanBernardino_ASB%2Fapp%2Fhome&amp;data=05%7C02%7CThalia.Amador%40rov.sbcounty.gov%7Cabdcd5bcf8ca4fa12e5b08dea076b43c%7C31399e536a9349aa8caec929f9d4a91d%7C1%7C0%7C639124628861878464%7CUnknown%7CTWFpbGZsb3d8eyJFbXB0eU1hcGkiOnRydWUsIlYiOiIwLjAuMDAwMCIsIlAiOiJXaW4zMiIsIkFOIjoiTWFpbCIsIldUIjoyfQ%3D%3D%7C0%7C%7C%7C&amp;sdata=gJv4Fy3LexflAO3kPCcJ92%2BpSSSqn%2BGcNgd2qVQb8OM%3D&amp;reserved=0\"><strong>Gu\u00eda de Informaci\u00f3n para el Votante en formato accesible<\/strong><\/a>\u00a0proporciona informaci\u00f3n electoral personalizada para los votantes que utilizan programas de lectura de pantalla.<\/li>\n<\/ul>\n<p><strong>Gu\u00eda de Informaci\u00f3n para el Votante del Estado de California<\/strong><\/p>\n<ul>\n<li>La Secretaria de Estado de California tambi\u00e9n public\u00f3 una \u00a0<a class=\"docaccess-activated\" href=\"https:\/\/vig.cdn.sos.ca.gov\/2026\/primary\/es\/pdf\/complete-vig.pdf\" data-docaccess-url=\"https:\/\/vig.cdn.sos.ca.gov\/2026\/primary\/es\/pdf\/complete-vig.pdf\" data-url-hash=\"717497f1331e76657b06227e7e3f64e3\" data-url-status=\"disabled\"><strong>Gu\u00eda de Informaci\u00f3n para el Votante del Estado<\/strong><\/a> [pdf], que incluye informaci\u00f3n sobre los candidatos para cargos estatales e informaci\u00f3n sobre las propuestas estatales.<\/li>\n<\/ul>\n<\/div>\n\n  <\/section>\n\n\t\n\n  <section data-isd-block-id=\"rov-content-blockblock_c687bf7d35c6cc12168123b050be67e1\"\n\t\t\t\t\t\t\t\t\t\t \t\t\t\t\t\t\t\t\t\t\t class=\"card-style main-content-wrapper rov-card-style mb-4\">\n\n\t<h2 class=\"block-subtitle blue\">Gu\u00eda de Informaci\u00f3n para el Votante en L\u00ednea<\/h2>\n\n\t<div class=\"ctnr-block-content\"><p>Los votantes pueden <strong>Apoyar al Medio Ambiente<\/strong> optando por recibir su Gu\u00eda de Informaci\u00f3n para el Votante en formato electr\u00f3nico.\u00a0<a href=\"https:\/\/ca.omniballot.us\/sites\/06071\/SanBernardino_OPT_OUT\/app\/home\" target=\"_blank\" rel=\"noopener\">Solic\u00edtela aqu\u00ed<\/a>.<\/p>\n<p><a href=\"https:\/\/ca.omniballot.us\/sites\/06071\/SanBernardino_OPT_OUT\/app\/home\" target=\"_blank\" rel=\"noopener\"><img decoding=\"async\" class=\"aligncenter wp-image-336 size-full\" src=\"https:\/\/elections.sbcounty.gov\/es\/wp-content\/uploads\/sites\/4\/2019\/04\/vig-online-2015-1.jpg\" alt=\"Apply to receive your voter information guide online\" width=\"760\" height=\"225\" srcset=\"https:\/\/elections.sbcounty.gov\/es\/wp-content\/uploads\/sites\/4\/2019\/04\/vig-online-2015-1.jpg 760w, https:\/\/elections.sbcounty.gov\/es\/wp-content\/uploads\/sites\/4\/2019\/04\/vig-online-2015-1-300x89.jpg 300w\" sizes=\"(max-width: 760px) 100vw, 760px\" \/><\/a><\/p>\n<\/div>\n\n  <\/section>\n\n\t\n\n\n\n","protected":false},"excerpt":{"rendered":"<p>24 de marzo de 2026, Elecci\u00f3n Especial de la Ciudad de Ontario Gu\u00eda de Informaci\u00f3n para el Votante del Condado de San Bernardino La\u00a0Gu\u00eda de Informaci\u00f3n para el Votante [pdf] es un folleto publicado por el Registro de Votantes del Condado de San Bernardino que incluye informaci\u00f3n sobre la votaci\u00f3n,<span class=\"ellipsis\">&#8230;<\/span><\/p>\n","protected":false},"author":19,"featured_media":37382,"parent":114,"menu_order":0,"comment_status":"closed","ping_status":"closed","template":"templates\/rov-left-sidebar-template.php","meta":{"_acf_changed":false,"footnotes":""},"class_list":["post-552","page","type-page","status-publish","has-post-thumbnail","hentry"],"acf":[],"_links":{"self":[{"href":"https:\/\/elections.sbcounty.gov\/es\/wp-json\/wp\/v2\/pages\/552","targetHints":{"allow":["GET"]}}],"collection":[{"href":"https:\/\/elections.sbcounty.gov\/es\/wp-json\/wp\/v2\/pages"}],"about":[{"href":"https:\/\/elections.sbcounty.gov\/es\/wp-json\/wp\/v2\/types\/page"}],"author":[{"embeddable":true,"href":"https:\/\/elections.sbcounty.gov\/es\/wp-json\/wp\/v2\/users\/19"}],"replies":[{"embeddable":true,"href":"https:\/\/elections.sbcounty.gov\/es\/wp-json\/wp\/v2\/comments?post=552"}],"version-history":[{"count":36,"href":"https:\/\/elections.sbcounty.gov\/es\/wp-json\/wp\/v2\/pages\/552\/revisions"}],"predecessor-version":[{"id":94173,"href":"https:\/\/elections.sbcounty.gov\/es\/wp-json\/wp\/v2\/pages\/552\/revisions\/94173"}],"up":[{"embeddable":true,"href":"https:\/\/elections.sbcounty.gov\/es\/wp-json\/wp\/v2\/pages\/114"}],"wp:featuredmedia":[{"embeddable":true,"href":"https:\/\/elections.sbcounty.gov\/es\/wp-json\/wp\/v2\/media\/37382"}],"wp:attachment":[{"href":"https:\/\/elections.sbcounty.gov\/es\/wp-json\/wp\/v2\/media?parent=552"}],"curies":[{"name":"wp","href":"https:\/\/api.w.org\/{rel}","templated":true}]}}