{"id":54430,"date":"2022-06-30T12:07:31","date_gmt":"2022-06-30T19:07:31","guid":{"rendered":"https:\/\/elections.sbcounty.gov\/?page_id=54430"},"modified":"2024-06-26T15:27:33","modified_gmt":"2024-06-26T22:27:33","slug":"sov","status":"publish","type":"page","link":"https:\/\/elections.sbcounty.gov\/es\/elections\/2022\/0607\/sov\/","title":{"rendered":"Archivo de Declaraci\u00f3n de Votos Emitidos por Distrito Electoral \u2013 Elecciones Primarias Directas a Nivel Estatal de 2022"},"content":{"rendered":"\n<h2 class=\"block-subtitle blue\">Archivo de Declaraci\u00f3n de Votos Emitidos por Distrito Electoral \u2013 Elecciones Primarias Directas a Nivel Estatal de 2022<\/h2>\n<div class=\"ctnr-block-content\">\n<table class=\"sovTable\">\n<thead>\n<tr class=\"sovHeader\">\n<th>Contienda<\/th>\n<th>N\u00famero de P\u00e1gina<\/th>\n<\/tr>\n<\/thead>\n<tbody>\n<tr class=\"sovRow\">\n<td><a href=\"https:\/\/uploads.rov.sbcounty.gov\/rov\/Elections\/2022\/0607\/sov\/1Voter_Turnout_by_Precinct.pdf\" target=\"_blank\" rel=\"noopener\">Participaci\u00f3n de los Votantes por Distrito Electoral<\/a> [pdf]<\/td>\n<td>1<\/td>\n<\/tr>\n<tr class=\"sovRow\">\n<td><a href=\"https:\/\/uploads.rov.sbcounty.gov\/rov\/Elections\/2022\/0607\/sov\/382State_of_California_Governor_(Vote_for_1).pdf\" target=\"_blank\" rel=\"noopener\">Gobernador del Estado de California (Vote por 1)<\/a> [pdf]<\/td>\n<td>382<\/td>\n<\/tr>\n<tr class=\"sovRow\">\n<td><a href=\"https:\/\/uploads.rov.sbcounty.gov\/rov\/Elections\/2022\/0607\/sov\/3034State_of_California_Lieutenant_Governor_(Vote_for_1).pdf\" target=\"_blank\" rel=\"noopener\">Vicegobernador del Estado de California (Vote por 1)<\/a> [pdf]<\/td>\n<td>3034<\/td>\n<\/tr>\n<tr class=\"sovRow\">\n<td><a href=\"https:\/\/uploads.rov.sbcounty.gov\/rov\/Elections\/2022\/0607\/sov\/4360State_of_California_Secretary_of_State_(Vote_for_1).pdf\" target=\"_blank\" rel=\"noopener\">Secretario de Estado del Estado de California (Vote por 1)<\/a> [pdf]<\/td>\n<td>4360<\/td>\n<\/tr>\n<tr class=\"sovRow\">\n<td><a href=\"https:\/\/uploads.rov.sbcounty.gov\/rov\/Elections\/2022\/0607\/sov\/5686State_of_California_Controller_(Vote_for_1).pdf\" target=\"_blank\" rel=\"noopener\">Contralor del Estado de California (Vote por 1)<\/a> [pdf]<\/td>\n<td>5686<\/td>\n<\/tr>\n<tr class=\"sovRow\">\n<td><a href=\"https:\/\/uploads.rov.sbcounty.gov\/rov\/Elections\/2022\/0607\/sov\/6570State_of_California_Treasurer_(Vote_for_1).pdf\" target=\"_blank\" rel=\"noopener\">Tesorero del Estado de California (Vote por 1)<\/a> [pdf]<\/td>\n<td>6570<\/td>\n<\/tr>\n<tr class=\"sovRow\">\n<td><a href=\"https:\/\/uploads.rov.sbcounty.gov\/rov\/Elections\/2022\/0607\/sov\/7454State_of_California_Attorney_General_(Vote_for_1).pdf\" target=\"_blank\" rel=\"noopener\">Procurador General del Estado de California (Vote por 1)<\/a> [pdf]<\/td>\n<td>7454<\/td>\n<\/tr>\n<tr class=\"sovRow\">\n<td><a href=\"https:\/\/uploads.rov.sbcounty.gov\/rov\/Elections\/2022\/0607\/sov\/8338State_of_California_Insurance_Commissioner_(Vote_for_1).pdf\" target=\"_blank\" rel=\"noopener\">Comisionado de Seguros del Estado de California (Vote por 1)<\/a> [pdf]<\/td>\n<td>8338<\/td>\n<\/tr>\n<tr class=\"sovRow\">\n<td><a href=\"https:\/\/uploads.rov.sbcounty.gov\/rov\/Elections\/2022\/0607\/sov\/9664State_of_California_Member_State_Board_of_Equalization_District_1_(Vote_for_1).pdf\" target=\"_blank\" rel=\"noopener\">Miembro, Junta Directiva Estatal de Impuestos sobre Ventas del Distrito 1 del Estado de California (Vote por 1)<\/a> [pdf]<\/td>\n<td>9664<\/td>\n<\/tr>\n<tr class=\"sovRow\">\n<td><a href=\"https:\/\/uploads.rov.sbcounty.gov\/rov\/Elections\/2022\/0607\/sov\/10372State_of_California_Member_State_Board_of_Equalization_District_4_(Vote_for_1).pdf\" target=\"_blank\" rel=\"noopener\">Miembro, Junta Directiva Estatal de Impuestos sobre Ventas del Distrito 4 del Estado de California (Vote por 1)<\/a> [pdf]<\/td>\n<td>10372<\/td>\n<\/tr>\n<tr class=\"sovRow\">\n<td><a href=\"https:\/\/uploads.rov.sbcounty.gov\/rov\/Elections\/2022\/0607\/sov\/10642United_States_Senator_(Full_Term)_(Vote_for_1).pdf\" target=\"_blank\" rel=\"noopener\">Senador de Estados Unidos (Termino Completo) (Vote por 1)<\/a> [pdf]<\/td>\n<td>10642<\/td>\n<\/tr>\n<tr class=\"sovRow\">\n<td><a href=\"https:\/\/uploads.rov.sbcounty.gov\/rov\/Elections\/2022\/0607\/sov\/12852United_States_Senator_(Short Term)_(Vote_for_1).pdf\" target=\"_blank\" rel=\"noopener\">Senador de Estados Unidos (Termino Corto) (Vote por 1)<\/a> [pdf]<\/td>\n<td>12852<\/td>\n<\/tr>\n<tr class=\"sovRow\">\n<td><a href=\"https:\/\/uploads.rov.sbcounty.gov\/rov\/Elections\/2022\/0607\/sov\/14178United_States_Representative_District_23_(Vote_for_1).pdf\" target=\"_blank\" rel=\"noopener\">Representante de Estados Unidos Distrito 23 (Vote por 1)<\/a> [pdf]\n\n&nbsp;<\/td>\n<td>14178<\/td>\n<\/tr>\n<tr class=\"sovRow\">\n<td><a href=\"https:\/\/uploads.rov.sbcounty.gov\/rov\/Elections\/2022\/0607\/sov\/14624United_States_Representative_District_25_(Vote_for_1).pdf\" target=\"_blank\" rel=\"noopener\">Representante de Estados Unidos Distrito 25 (Vote por 1)<\/a> [pdf]\n\n&nbsp;<\/td>\n<td>14624<\/td>\n<\/tr>\n<tr class=\"sovRow\">\n<td><a href=\"https:\/\/uploads.rov.sbcounty.gov\/rov\/Elections\/2022\/0607\/sov\/14633United_States_Representative_District_28_(Vote_for_1).pdf\" target=\"_blank\" rel=\"noopener\">Representante de Estados Unidos Distrito 28 (Vote por 1)<\/a> [pdf]\n\n&nbsp;<\/td>\n<td>14633<\/td>\n<\/tr>\n<tr class=\"sovRow\">\n<td><a href=\"https:\/\/uploads.rov.sbcounty.gov\/rov\/Elections\/2022\/0607\/sov\/14697United_States_Representative_District_33_(Vote_for_1).pdf\" target=\"_blank\" rel=\"noopener\">Representante de Estados Unidos Distrito 33 (Vote por 1)<\/a> [pdf]\n\n&nbsp;<\/td>\n<td>14697<\/td>\n<\/tr>\n<tr class=\"sovRow\">\n<td><a href=\"https:\/\/uploads.rov.sbcounty.gov\/rov\/Elections\/2022\/0607\/sov\/14925United_States_Representative_District_35_(Vote_for_1).pdf\" target=\"_blank\" rel=\"noopener\">Representante de Estados Unidos Distrito 35 (Vote por 1)<\/a> [pdf]\n\n&nbsp;<\/td>\n<td>14925<\/td>\n<\/tr>\n<tr class=\"sovRow\">\n<td><a href=\"https:\/\/uploads.rov.sbcounty.gov\/rov\/Elections\/2022\/0607\/sov\/15063United_States_Representative_District_40_(Vote_for_1).pdf\" target=\"_blank\" rel=\"noopener\">Representante de Estados Unidos Distrito 40 (Vote por 1)<\/a> [pdf]\n\n&nbsp;<\/td>\n<td>15063<\/td>\n<\/tr>\n<tr class=\"sovRow\">\n<td><a href=\"https:\/\/uploads.rov.sbcounty.gov\/rov\/Elections\/2022\/0607\/sov\/15075State_of_California_State_Senator_District_18_(Vote_for_1).pdf\" target=\"_blank\" rel=\"noopener\">Senador Estatal del Estado de California Distrito 18 (Vote por 1)<\/a> [pdf]<\/td>\n<td>15075<\/td>\n<\/tr>\n<tr class=\"sovRow\">\n<td><a href=\"https:\/\/uploads.rov.sbcounty.gov\/rov\/Elections\/2022\/0607\/sov\/15081State_of_California_State_Senator_District_22_(Vote_for_1).pdf\" target=\"_blank\" rel=\"noopener\">Senador Estatal del Estado de California Distrito 22 (Vote por 1)<\/a> [pdf]<\/td>\n<td>15081<\/td>\n<\/tr>\n<tr class=\"sovRow\">\n<td><a href=\"https:\/\/uploads.rov.sbcounty.gov\/rov\/Elections\/2022\/0607\/sov\/15161State_of_California_State_Senator_District_32_(Vote_for_1).pdf\" target=\"_blank\" rel=\"noopener\">Senador Estatal del Estado de California Distrito 32 (Vote por 1)<\/a> [pdf]<\/td>\n<td>15161<\/td>\n<\/tr>\n<tr class=\"sovRow\">\n<td><a href=\"https:\/\/uploads.rov.sbcounty.gov\/rov\/Elections\/2022\/0607\/sov\/15179State_of_California_Member_of_the_State_Assembly_District_34_(Vote_for_1).pdf\" target=\"_blank\" rel=\"noopener\">Miembro de la Asamblea del Estado del Estado de California Distrito 34 (Vote por 1)<\/a> [pdf]<\/td>\n<td>15179<\/td>\n<\/tr>\n<tr class=\"sovRow\">\n<td><a href=\"https:\/\/uploads.rov.sbcounty.gov\/rov\/Elections\/2022\/0607\/sov\/15477State_of_California_Member_of_the_State_Assembly_District_36_(Vote_for_1).pdf\" target=\"_blank\" rel=\"noopener\">Miembro de la Asamblea del Estado del Estado de California Distrito 36 (Vote por 1)<\/a> [pdf]<\/td>\n<td>15477<\/td>\n<\/tr>\n<tr class=\"sovRow\">\n<td><a href=\"https:\/\/uploads.rov.sbcounty.gov\/rov\/Elections\/2022\/0607\/sov\/15483State_of_California_Member_of_the_State_Assembly_District_39_(Vote_for_1).pdf\" target=\"_blank\" rel=\"noopener\">Miembro de la Asamblea del Estado del Estado de California Distrito 39 (Vote por 1)<\/a> [pdf]<\/td>\n<td>15483<\/td>\n<\/tr>\n<tr class=\"sovRow\">\n<td><a href=\"https:\/\/uploads.rov.sbcounty.gov\/rov\/Elections\/2022\/0607\/sov\/15523State_of_California_Member_of_the_State_Assembly_District_41_(Vote_for_1).pdf\" target=\"_blank\" rel=\"noopener\">Miembro de la Asamblea del Estado del Estado de California Distrito 41 (Vote por 1)<\/a> [pdf]<\/td>\n<td>15523<\/td>\n<\/tr>\n<tr class=\"sovRow\">\n<td><a href=\"https:\/\/uploads.rov.sbcounty.gov\/rov\/Elections\/2022\/0607\/sov\/15593State_of_California_Member_of_the_State_Assembly_District_45_(Vote_for_1).pdf\" target=\"_blank\" rel=\"noopener\">Miembro de la Asamblea del Estado del Estado de California Distrito 45 (Vote por 1)<\/a> [pdf]<\/td>\n<td>15593<\/td>\n<\/tr>\n<tr class=\"sovRow\">\n<td><a href=\"https:\/\/uploads.rov.sbcounty.gov\/rov\/Elections\/2022\/0607\/sov\/15769State_of_California_Member_of_the_State_Assembly_District_47_(Vote_for_1).pdf\" target=\"_blank\" rel=\"noopener\">Miembro de la Asamblea del Estado del Estado de California Distrito 47 (Vote por 1)<\/a> [pdf]<\/td>\n<td>15769<\/td>\n<\/tr>\n<tr class=\"sovRow\">\n<td><a href=\"https:\/\/uploads.rov.sbcounty.gov\/rov\/Elections\/2022\/0607\/sov\/15851State_of_California_Member_of_the_State_Assembly_District_50_(Vote_for_1).pdf\" target=\"_blank\" rel=\"noopener\">Miembro de la Asamblea del Estado del Estado de California Distrito 50 (Vote por 1)<\/a> [pdf]<\/td>\n<td>15851<\/td>\n<\/tr>\n<tr class=\"sovRow\">\n<td><a href=\"https:\/\/uploads.rov.sbcounty.gov\/rov\/Elections\/2022\/0607\/sov\/15979State_of_California_Member_of_the_State_Assembly_District53_(Vote_for_1).pdf\" target=\"_blank\" rel=\"noopener\">Miembro de la Asamblea del Estado del Estado de California Distrito 53 (Vote por 1)<\/a> [pdf]<\/td>\n<td>15979<\/td>\n<\/tr>\n<tr class=\"sovRow\">\n<td><a href=\"https:\/\/uploads.rov.sbcounty.gov\/rov\/Elections\/2022\/0607\/sov\/16049State_of_California_Member_of_the_State_Assembly_District_58_(Vote_for_1).pdf\" target=\"_blank\" rel=\"noopener\">Miembro de la Asamblea del Estado del Estado de California Distrito 58 (Vote por 1)<\/a> [pdf]<\/td>\n<td>16049<\/td>\n<\/tr>\n<tr class=\"sovRow\">\n<td><a href=\"https:\/\/uploads.rov.sbcounty.gov\/rov\/Elections\/2022\/0607\/sov\/16053State_of_California_Member_of_the_State_Assembly_District_59_(Vote_for_1).pdf\" target=\"_blank\" rel=\"noopener\">Miembro de la Asamblea del Estado del Estado de California Distrito 59 (Vote por 1)<\/a> [pdf]<\/td>\n<td>16053<\/td>\n<\/tr>\n<tr class=\"sovRow\">\n<td><a href=\"https:\/\/uploads.rov.sbcounty.gov\/rov\/Elections\/2022\/0607\/sov\/16077San_Bernardino_County_Judge_of_The_Superior_Court_Office_7_(Vote_for_1).pdf\" target=\"_blank\" rel=\"noopener\">Juez de la Corte Superior del Condado de San Bernardino, Oficina 7 (Vote por 1)<\/a> [pdf]<\/td>\n<td>16077<\/td>\n<\/tr>\n<tr class=\"sovRow\">\n<td><a href=\"https:\/\/uploads.rov.sbcounty.gov\/rov\/Elections\/2022\/0607\/sov\/16961San_Bernardino_County_Judge_of_The_Superior_Court_Office_17_(Vote_for_1).pdf\" target=\"_blank\" rel=\"noopener\">Juez de la Corte Superior del Condado de San Bernardino, Oficina 17 (Vote por 1)<\/a> [pdf]<\/td>\n<td>16961<\/td>\n<\/tr>\n<tr class=\"sovRow\">\n<td><a href=\"https:\/\/uploads.rov.sbcounty.gov\/rov\/Elections\/2022\/0607\/sov\/17845State_of_California_Superintendent_of_Public_Instruction_(Vote_for_1).pdf\" target=\"_blank\" rel=\"noopener\">Superintendente de Instrucci\u00f3n P\u00fablica del Estado de California (Vote por 1)<\/a> [pdf]<\/td>\n<td>17845<\/td>\n<\/tr>\n<tr class=\"sovRow\">\n<td><a href=\"https:\/\/uploads.rov.sbcounty.gov\/rov\/Elections\/2022\/0607\/sov\/19171San_Bernardino_County_County_Superintendent_of_Schools_(Vote_for_1).pdf\" target=\"_blank\" rel=\"noopener\">Superintendente de Escuelas del Condado, Condado de San Bernardino (Vote por 1)<\/a> [pdf]<\/td>\n<td>19171<\/td>\n<\/tr>\n<tr class=\"sovRow\">\n<td><a href=\"https:\/\/uploads.rov.sbcounty.gov\/rov\/Elections\/2022\/0607\/sov\/20055San_Bernardino_County_Member_Board_of_Supervisors_District_2_(Vote_for_1).pdf\" target=\"_blank\" rel=\"noopener\">Miembro de la Junta de Supervisores del Condado de San Bernardino, Distrito 2 (Vote por 1)<\/a> [pdf]<\/td>\n<td>20055<\/td>\n<\/tr>\n<tr class=\"sovRow\">\n<td><a href=\"https:\/\/uploads.rov.sbcounty.gov\/rov\/Elections\/2022\/0607\/sov\/20183San_Bernardino_County_Member_Board_of_Supervisors_District_4_(Vote_for_1).pdf\" target=\"_blank\" rel=\"noopener\">Miembro de la Junta de Supervisores del Condado de San Bernardino, Distrito 4 (Vote por 1)<\/a> [pdf]<\/td>\n<td>20183<\/td>\n<\/tr>\n<tr class=\"sovRow\">\n<td><a href=\"https:\/\/uploads.rov.sbcounty.gov\/rov\/Elections\/2022\/0607\/sov\/20291San_Bernardino_County_Assessor_Recorder_(Vote_for_1).pdf\" target=\"_blank\" rel=\"noopener\">Tasador del Condado \/ Funcionario del Registro P\u00fablico del Condado de San Bernardino (Vote por 1)<\/a> [pdf]<\/td>\n<td>20291<\/td>\n<\/tr>\n<tr class=\"sovRow\">\n<td><a href=\"https:\/\/uploads.rov.sbcounty.gov\/rov\/Elections\/2022\/0607\/sov\/21175San_Bernardino_County_Auditor_Controller_Treasurer_Tax_Collector_(Vote_for_1).pdf\" target=\"_blank\" rel=\"noopener\">Auditor-Contralor \/ Tesorero \/ Recaudador de Impuestos del Condado de San Bernardino (Vote por 1)<\/a> [pdf]<\/td>\n<td>21175<\/td>\n<\/tr>\n<tr class=\"sovRow\">\n<td><a href=\"https:\/\/uploads.rov.sbcounty.gov\/rov\/Elections\/2022\/0607\/sov\/22059San_Bernardino_County_District_Attorney_(Vote_for_1).pdf\" target=\"_blank\" rel=\"noopener\">Abogado de Distrito del Condado de San Bernardino (Vote por 1)<\/a> [pdf]<\/td>\n<td>22059<\/td>\n<\/tr>\n<tr class=\"sovRow\">\n<td><a href=\"https:\/\/uploads.rov.sbcounty.gov\/rov\/Elections\/2022\/0607\/sov\/22943San_Bernardino_County_Sheriff_Coroner_Public_Administrator_(Vote_for_1).pdf\" target=\"_blank\" rel=\"noopener\">Alguacil \/ Forense \/ Administrador P\u00fablico del Condado de San Bernardino (Vote por 1)<\/a> [pdf]<\/td>\n<td>22943<\/td>\n<\/tr>\n<tr class=\"sovRow\">\n<td><a href=\"https:\/\/uploads.rov.sbcounty.gov\/rov\/Elections\/2022\/0607\/sov\/23827City_of_Loma_Linda_Member_City_Council_(Vote_for_2).pdf\" target=\"_blank\" rel=\"noopener\">Ciudad de Loma Linda, Concejo Municipal (Vote por 2)<\/a> [pdf]<\/td>\n<td>23827<\/td>\n<\/tr>\n<tr class=\"sovRow\">\n<td><a href=\"https:\/\/uploads.rov.sbcounty.gov\/rov\/Elections\/2022\/0607\/sov\/23835City_of_San_Bernardino_Mayor_(Vote_for_1).pdf\" target=\"_blank\" rel=\"noopener\">Alcalde de la Ciudad de San Bernardino (Vote por 1)<\/a> [pdf]<\/td>\n<td>23835<\/td>\n<\/tr>\n<tr class=\"sovRow\">\n<td><a href=\"https:\/\/uploads.rov.sbcounty.gov\/rov\/Elections\/2022\/0607\/sov\/23961City_of_San_Bernardino_Member_City_Council_Ward_1_(Vote_for_1).pdf\" target=\"_blank\" rel=\"noopener\">Miembro, Concejo Municipal de la Ciudad de San Bernardino, Distrito Electoral 1 (Vote por 1)<\/a> [pdf]<\/td>\n<td>23961<\/td>\n<\/tr>\n<tr class=\"sovRow\">\n<td><a href=\"https:\/\/uploads.rov.sbcounty.gov\/rov\/Elections\/2022\/0607\/sov\/23977City_of_San_Bernardino_Member_City_Council_Ward_2_(Vote_for_1).pdf\" target=\"_blank\" rel=\"noopener\">Miembro, Concejo Municipal de la Ciudad de San Bernardino, Distrito Electoral 2 (Vote por 1)<\/a> [pdf]<\/td>\n<td>23977<\/td>\n<\/tr>\n<tr class=\"sovRow\">\n<td><a href=\"https:\/\/uploads.rov.sbcounty.gov\/rov\/Elections\/2022\/0607\/sov\/23985City_of_San_Bernardino_Member_City_Council_Ward_4_(Vote_for_1).pdf\" target=\"_blank\" rel=\"noopener\">Miembro, Concejo Municipal de la Ciudad de San Bernardino, Distrito Electoral 4 (Vote por 1)<\/a> [pdf]<\/td>\n<td>23985<\/td>\n<\/tr>\n<tr class=\"sovRow\">\n<td><a href=\"https:\/\/uploads.rov.sbcounty.gov\/rov\/Elections\/2022\/0607\/sov\/24007City_of_Chino_MEASURE_Y_(Vote_for_1).pdf\" target=\"_blank\" rel=\"noopener\">Medida Y de la Ciudad de Chino (Vote por 1)<\/a> [pdf]<\/td>\n<td>24007<\/td>\n<\/tr>\n<tr class=\"sovRow\">\n<td><a href=\"https:\/\/uploads.rov.sbcounty.gov\/rov\/Elections\/2022\/0607\/sov\/24031Sierra_Sands_Unified_School_District_MEASURE_C_(Vote_for_1).pdf\" target=\"_blank\" rel=\"noopener\">MEDIDA C del Distrito Escolar Unificado Sierra Sands (Vote por 1)<\/a> [pdf]<\/td>\n<td>24031<\/td>\n<\/tr>\n<tr class=\"sovRow\">\n<td><a href=\"https:\/\/uploads.rov.sbcounty.gov\/rov\/Elections\/2022\/0607\/sov\/24035Muroc_Joint_Unified_School_District_MEASURE_B_(Vote_for_1).pdf\" target=\"_blank\" rel=\"noopener\">Medida B del Distrito Escolar Unificado Conjunto Muroc (Vote por 1)<\/a> [pdf]<\/td>\n<td>24035<\/td>\n<\/tr>\n<tr class=\"sovRow\">\n<td><a href=\"https:\/\/uploads.rov.sbcounty.gov\/rov\/Elections\/2022\/0607\/sov\/24037San_Bernardino_County_Fire_Protection_District_MEASURE_Z_(Vote_for_1).pdf\" target=\"_blank\" rel=\"noopener\">Medida Z del Distrito de Protecci\u00f3n contra Incendios del Condado de San Bernardino (Vote por 1)<\/a> [pdf]<\/td>\n<td>24037<\/td>\n<\/tr>\n<\/tbody>\n<\/table>\n&nbsp;\n\n<\/div>\n","protected":false},"excerpt":{"rendered":"<p>Archivo de Declaraci\u00f3n de Votos Emitidos por Distrito Electoral \u2013 Elecciones Primarias Directas a Nivel Estatal de 2022 Contienda N\u00famero de P\u00e1gina Participaci\u00f3n de los Votantes por Distrito Electoral [pdf] 1 Gobernador del Estado de California (Vote por 1) [pdf] 382 Vicegobernador del Estado de California (Vote por 1) [pdf]<span class=\"ellipsis\">&#8230;<\/span><\/p>\n","protected":false},"author":13,"featured_media":37382,"parent":45151,"menu_order":0,"comment_status":"closed","ping_status":"closed","template":"templates\/rov-left-sidebar-no-title-template.php","meta":{"_acf_changed":false,"footnotes":""},"class_list":["post-54430","page","type-page","status-publish","has-post-thumbnail","hentry"],"acf":[],"_links":{"self":[{"href":"https:\/\/elections.sbcounty.gov\/es\/wp-json\/wp\/v2\/pages\/54430","targetHints":{"allow":["GET"]}}],"collection":[{"href":"https:\/\/elections.sbcounty.gov\/es\/wp-json\/wp\/v2\/pages"}],"about":[{"href":"https:\/\/elections.sbcounty.gov\/es\/wp-json\/wp\/v2\/types\/page"}],"author":[{"embeddable":true,"href":"https:\/\/elections.sbcounty.gov\/es\/wp-json\/wp\/v2\/users\/13"}],"replies":[{"embeddable":true,"href":"https:\/\/elections.sbcounty.gov\/es\/wp-json\/wp\/v2\/comments?post=54430"}],"version-history":[{"count":3,"href":"https:\/\/elections.sbcounty.gov\/es\/wp-json\/wp\/v2\/pages\/54430\/revisions"}],"predecessor-version":[{"id":84406,"href":"https:\/\/elections.sbcounty.gov\/es\/wp-json\/wp\/v2\/pages\/54430\/revisions\/84406"}],"up":[{"embeddable":true,"href":"https:\/\/elections.sbcounty.gov\/es\/wp-json\/wp\/v2\/pages\/45151"}],"wp:featuredmedia":[{"embeddable":true,"href":"https:\/\/elections.sbcounty.gov\/es\/wp-json\/wp\/v2\/media\/37382"}],"wp:attachment":[{"href":"https:\/\/elections.sbcounty.gov\/es\/wp-json\/wp\/v2\/media?parent=54430"}],"curies":[{"name":"wp","href":"https:\/\/api.w.org\/{rel}","templated":true}]}}