{"id":49338,"date":"2022-04-07T04:09:32","date_gmt":"2022-04-07T04:09:32","guid":{"rendered":"https:\/\/www.elections.sbcounty.gov\/?page_id=49338"},"modified":"2022-04-07T04:09:32","modified_gmt":"2022-04-07T04:09:32","slug":"measures","status":"publish","type":"page","link":"https:\/\/elections.sbcounty.gov\/es\/elections\/2022\/0607\/measures\/","title":{"rendered":"Elecciones Primarias Directas a Nivel Estatal de 2022 \u2013 Medidas"},"content":{"rendered":"  <section data-isd-block-id=\"rov-content-blockblock_f2442fdab15d714d1daf89ab816fe8f5\"\n\t\t\t\t\t\t\t\t\t\t \t\t\t\t\t\t\t\t\t\t\t class=\"card-style main-content-wrapper rov-card-style mb-4\">\n\n\t<h2 class=\"block-subtitle blue\">Elecciones Primarias Directas a Nivel Estatal de 2022 \u2013 Medidas<\/h2>\n\n\t<div class=\"ctnr-block-content\"><table class=\"table striped\" style=\"border-collapse: collapse\" border=\"1\">\n<tbody>\n<tr>\n<th>Letter<\/th>\n<th>Jurisdiction<\/th>\n<th>Measure Description<\/th>\n<th>Analysis<\/th>\n<th>Arguments<\/th>\n<th>Percentage<br \/>\nto Pass<\/th>\n<\/tr>\n<tr>\n<td style=\"text-align: center\"><span style=\"font-family: 'MS Sans Serif'\">B<\/span><\/td>\n<td><a href=\"https:\/\/www.sbcounty.gov\/uploads\/ROV\/Elections\/2022\/0607\/Measures\/MurocJUSD\/Resolution_MurocJUSD.pdf\" target=\"_blank\" rel=\"noopener\">Distrito Escolar Unificado Conjunto Muroc<\/a><\/td>\n<td><a href=\"https:\/\/www.sbcounty.gov\/uploads\/ROV\/Elections\/2022\/0607\/Measures\/MurocJUSD\/FullText_MurocJUSD.pdf\" target=\"_blank\" rel=\"noopener\">Medida de Bonos<\/a><\/td>\n<td><a href=\"https:\/\/www.sbcounty.gov\/uploads\/ROV\/Elections\/2022\/0607\/Measures\/MurocJUSD\/IA_MurocJUSD.pdf\" target=\"_blank\" rel=\"noopener\">Imparcial<\/a>\n<p><a href=\"https:\/\/www.sbcounty.gov\/uploads\/ROV\/Elections\/2022\/0607\/Measures\/MurocJUSD\/TaxRateStatement_MurocJUSD.pdf\" target=\"_blank\" rel=\"noopener\">Declaraci\u00f3n sobre la Tasa de Impuestos<\/a><\/p><\/td>\n<td>&#8211; No se present\u00f3 ning\u00fan Argumento a Favor o en Contra de la medida<\/td>\n<td style=\"text-align: center\">55%<\/td>\n<\/tr>\n<tr>\n<td style=\"text-align: center\">C<\/td>\n<td><a href=\"https:\/\/www.sbcounty.gov\/uploads\/ROV\/Elections\/2022\/0607\/Measures\/SierraSandsUSD\/Resolution_SierraSandsUSD.pdf\" target=\"_blank\" rel=\"noopener\">Distrito Escolar Unificado Sierra Sands<\/a><\/td>\n<td><a href=\"https:\/\/www.sbcounty.gov\/uploads\/ROV\/Elections\/2022\/0607\/Measures\/SierraSandsUSD\/FullText_SierraSandsUSD.pdf\" target=\"_blank\" rel=\"noopener\">Medida de Bonos<\/a><\/td>\n<td><a href=\"https:\/\/www.sbcounty.gov\/uploads\/ROV\/Elections\/2022\/0607\/Measures\/SierraSandsUSD\/IA_SierraSandsUSD.pdf\" target=\"_blank\" rel=\"noopener\">Imparcial<\/a>\n<p><a href=\"https:\/\/www.sbcounty.gov\/uploads\/ROV\/Elections\/2022\/0607\/Measures\/SierraSandsUSD\/TaxRateStatement_SierraSandsUSD.pdf\" target=\"_blank\" rel=\"noopener\">Declaraci\u00f3n sobre la Tasa de Impuestos<\/a><\/p><\/td>\n<td>&#8211; <a href=\"https:\/\/www.sbcounty.gov\/uploads\/ROV\/Elections\/2022\/0607\/Measures\/SierraSandsUSD\/AF_SierraSandsUSD.pdf\" target=\"_blank\" rel=\"noopener\">Argumento a Favor<\/a><br \/>\n&#8211; No se present\u00f3 ning\u00fan Argumento en Contra de la medida<\/td>\n<td style=\"text-align: center\">55%<\/td>\n<\/tr>\n<tr>\n<td style=\"text-align: center\">Y<\/td>\n<td><a href=\"https:\/\/www.sbcounty.gov\/uploads\/ROV\/Elections\/2022\/0607\/Measures\/CityOfChino\/Resolution_Chino.pdf\" target=\"_blank\" rel=\"noopener\">Ciudad de Chino<\/a><\/td>\n<td><a href=\"https:\/\/www.sbcounty.gov\/uploads\/ROV\/Elections\/2022\/0607\/Measures\/CityOfChino\/Ordinanace_Chino.pdf\" target=\"_blank\" rel=\"noopener\">Actualizaci\u00f3n del Elemento Vivienda<\/a>\n<p><a href=\"https:\/\/www.sbcounty.gov\/uploads\/ROV\/Elections\/2022\/0607\/Measures\/CityOfChino\/Maps_Chino.pdf\" target=\"_blank\" rel=\"noopener\">Mapa<\/a><\/p><\/td>\n<td><a href=\"https:\/\/www.sbcounty.gov\/uploads\/ROV\/Elections\/2022\/0607\/Measures\/CityOfChino\/Impartial_Chino.pdf\" target=\"_blank\" rel=\"noopener\">Imparcial<\/a><\/td>\n<td>&#8211; <a href=\"https:\/\/www.sbcounty.gov\/uploads\/ROV\/Elections\/2022\/0607\/Measures\/CityOfChino\/AIF_Chino.pdf\" target=\"_blank\" rel=\"noopener\">Argumento a Favor<\/a><br \/>\n&#8211; No se present\u00f3 ning\u00fan Argumento en Contra de la medida<\/td>\n<td style=\"text-align: center\">50% + 1<\/td>\n<\/tr>\n<tr>\n<td style=\"text-align: center\"><a href=\"https:\/\/www.sbcounty.gov\/uploads\/ROV\/Elections\/2022\/0607\/Measures\/SBCFPD\/Publication_SBCFPD.pdf\" target=\"_blank\" rel=\"noopener\">Z<\/a><\/td>\n<td><a href=\"https:\/\/www.sbcounty.gov\/uploads\/ROV\/Elections\/2022\/0607\/Measures\/SBCFPD\/Resolution_SBCFPD.pdf\" target=\"_blank\" rel=\"noopener\">Distrito de Protecci\u00f3n contra Incendios del Condado de San Bernardino<\/a><\/td>\n<td><a href=\"https:\/\/www.sbcounty.gov\/uploads\/ROV\/Elections\/2022\/0607\/Measures\/SBCFPD\/FullText_SBCFPD.pdf\" target=\"_blank\" rel=\"noopener\">Revocaci\u00f3n del Impuesto Especial<\/a><\/td>\n<td><a href=\"https:\/\/www.sbcounty.gov\/uploads\/ROV\/Elections\/2022\/0607\/Measures\/SBCFPD\/IA_SBCFPD.pdf\" target=\"_blank\" rel=\"noopener\">Imparcial<\/a><\/td>\n<td>&#8211; <a href=\"https:\/\/www.sbcounty.gov\/uploads\/ROV\/Elections\/2022\/0607\/Measures\/SBCFPD\/AIF_SBCFPD.pdf\" target=\"_blank\" rel=\"noopener\">Argumento a Favor<\/a><br \/>\n&#8211; <a href=\"https:\/\/www.sbcounty.gov\/uploads\/ROV\/Elections\/2022\/0607\/Measures\/SBCFPD\/RebuttalToAIF_SBCFPD.pdf\" target=\"_blank\" rel=\"noopener\">Refutaci\u00f3n del Argumento a Favor<\/a><br \/>\n&#8211; <a href=\"https:\/\/www.sbcounty.gov\/uploads\/ROV\/Elections\/2022\/0607\/Measures\/SBCFPD\/AA_SBCFPD.pdf\" target=\"_blank\" rel=\"noopener\">Argumento en Contra<\/a><br \/>\n&#8211; <a href=\"https:\/\/www.sbcounty.gov\/uploads\/ROV\/Elections\/2022\/0607\/Measures\/SBCFPD\/RebuttalToAA_SBCFPD.pdf\" target=\"_blank\" rel=\"noopener\">Refutaci\u00f3n del Argumento en Contra<\/a><\/td>\n<td style=\"text-align: center\">50% + 1<\/td>\n<\/tr>\n<\/tbody>\n<\/table>\n<p><strong>Avisos P\u00fablicos y Formularios Relacionados:<\/strong><\/p>\n<ul>\n<li><a href=\"https:\/\/www.sbcounty.gov\/uploads\/ROV\/News\/2022\/0607\/PublicNotice_MeasureLetterAssignment.pdf\" target=\"_blank\" rel=\"noopener\">Aviso P\u00fablico &#8211; Asignaci\u00f3n de Letras de Medidas<\/a>\u00a0[pdf]<\/li>\n<li><a href=\"https:\/\/www.sbcounty.gov\/uploads\/ROV\/Elections\/2020\/1103\/Measures\/Form_9600StatementByProponents.pdf\" target=\"_blank\" rel=\"noopener\">Declaraci\u00f3n de los Proponentes \/ Autores de los Argumentos (Formulario 9600)<\/a> [pdf]<\/li>\n<li><a href=\"https:\/\/elections.sbcounty.gov\/Elections\/Measures\/\">Informaci\u00f3n General sobre las Medidas<\/a><\/li>\n<\/ul>\n<\/div>\n\n  <\/section>\n\n\t","protected":false},"excerpt":{"rendered":"<p>Elecciones Primarias Directas a Nivel Estatal de 2022 \u2013 Medidas Letter Jurisdiction Measure Description Analysis Arguments Percentage to Pass B Distrito Escolar Unificado Conjunto Muroc Medida de Bonos Imparcial Declaraci\u00f3n sobre la Tasa de Impuestos &#8211; No se present\u00f3 ning\u00fan Argumento a Favor o en Contra de la medida 55%<span class=\"ellipsis\">&#8230;<\/span><\/p>\n","protected":false},"author":19,"featured_media":37382,"parent":45151,"menu_order":0,"comment_status":"closed","ping_status":"closed","template":"templates\/rov-full-width-no-title-template.php","meta":{"_acf_changed":false,"footnotes":""},"class_list":["post-49338","page","type-page","status-publish","has-post-thumbnail","hentry"],"acf":[],"_links":{"self":[{"href":"https:\/\/elections.sbcounty.gov\/es\/wp-json\/wp\/v2\/pages\/49338","targetHints":{"allow":["GET"]}}],"collection":[{"href":"https:\/\/elections.sbcounty.gov\/es\/wp-json\/wp\/v2\/pages"}],"about":[{"href":"https:\/\/elections.sbcounty.gov\/es\/wp-json\/wp\/v2\/types\/page"}],"author":[{"embeddable":true,"href":"https:\/\/elections.sbcounty.gov\/es\/wp-json\/wp\/v2\/users\/19"}],"replies":[{"embeddable":true,"href":"https:\/\/elections.sbcounty.gov\/es\/wp-json\/wp\/v2\/comments?post=49338"}],"version-history":[{"count":0,"href":"https:\/\/elections.sbcounty.gov\/es\/wp-json\/wp\/v2\/pages\/49338\/revisions"}],"up":[{"embeddable":true,"href":"https:\/\/elections.sbcounty.gov\/es\/wp-json\/wp\/v2\/pages\/45151"}],"wp:featuredmedia":[{"embeddable":true,"href":"https:\/\/elections.sbcounty.gov\/es\/wp-json\/wp\/v2\/media\/37382"}],"wp:attachment":[{"href":"https:\/\/elections.sbcounty.gov\/es\/wp-json\/wp\/v2\/media?parent=49338"}],"curies":[{"name":"wp","href":"https:\/\/api.w.org\/{rel}","templated":true}]}}