{"id":48,"date":"2019-03-27T19:05:59","date_gmt":"2019-03-27T19:05:59","guid":{"rendered":"https:\/\/www.elections.sbcounty.gov\/?page_id=48"},"modified":"2025-02-07T17:41:50","modified_gmt":"2025-02-08T01:41:50","slug":"about-us","status":"publish","type":"page","link":"https:\/\/elections.sbcounty.gov\/es\/about-us\/","title":{"rendered":"Sobre el Registro de Votantes del Condado de San\u00a0Bernardino"},"content":{"rendered":"  <section data-isd-block-id=\"rov-content-blockblock_dcca3f87719c0684c6b7e1c01157b0c0\"\n\t\t\t\t\t\t\t\t\t\t \t\t\t\t\t\t\t\t\t\t\t class=\"card-style main-content-wrapper rov-card-style mb-4\">\n\n\t<h2 class=\"block-subtitle blue\">El Condado<\/h2>\n\n\t<div class=\"ctnr-block-content\"><p>El Condado de San Bernardino es el mayor condado continental de los Estados Unidos en t\u00e9rminos de superficie, lo que lo hace m\u00e1s grande que cualquiera de los nueve estados m\u00e1s peque\u00f1os de los Estados Unidos. \u00a0El Condado tiene 24 ciudades incorporadas y m\u00e1s de 65 comunidades no incorporadas. \u00a0Y con una poblaci\u00f3n de m\u00e1s de 2 millones de habitantes, el Condado tiene de 1.2 millones de votantes registrados.<\/p>\n<\/div>\n\n  <\/section>\n\n\t\n\n  <section data-isd-block-id=\"rov-content-blockblock_af28354ff7392ea06161a6244db77fdd\"\n\t\t\t\t\t\t\t\t\t\t \t\t\t\t\t\t\t\t\t\t\t class=\"card-style main-content-wrapper rov-card-style mb-4\">\n\n\t<h2 class=\"block-subtitle blue\">Declaraci\u00f3n de Misi\u00f3n<\/h2>\n\n\t<div class=\"ctnr-block-content\"><p>La misi\u00f3n del Registro de Votantes es llevar a cabo las elecciones del Condado de manera justa, accesible, segura, transparente y eficiente, manteniendo el m\u00e1s alto nivel de est\u00e1ndares y precisi\u00f3n electorales, y proporcionando siempre un excelente servicio al cliente tanto a nuestro equipo como a la diversa poblaci\u00f3n a la que servimos.<\/p>\n<\/div>\n\n  <\/section>\n\n\t\n\n  <section data-isd-block-id=\"rov-content-blockblock_66874a1ee0513bacd76ebb1b7fa5efac\"\n\t\t\t\t\t\t\t\t\t\t \t\t\t\t\t\t\t\t\t\t\t class=\"card-style main-content-wrapper rov-card-style mb-4\">\n\n\t<h2 class=\"block-subtitle blue\">El Registro de Votantes<\/h2>\n\n\t<div class=\"ctnr-block-content\"><p>El Registro de Votantes del Condado de San\u00a0Bernardino es responsable de todos los aspectos del proceso de las elecciones para los residentes del condado. \u00a0El Registro de Votantes administra todas las elecciones locales, estatales y federales del Condado de San\u00a0Bernardino, incluidos la administraci\u00f3n de los sistemas de votaci\u00f3n, el empleo y la capacitaci\u00f3n de los trabajadores de casillas electorales, el procesamiento de las boletas electorales y el recuento de votos.<\/p>\n<p>El Registro de Votantes tambi\u00e9n realiza todas las funciones de registro de votantes, incluidos el almacenamiento y el mantenimiento de los archivos del registro de votantes. \u00a0Y el Registro de Votantes proporciona a los votantes servicios relacionados con el voto, funcionarios electos, campa\u00f1as y otros grupos de inter\u00e9s con respecto al voto.<\/p>\n<\/div>\n\n  <\/section>\n\n\t\n\n  <section data-isd-block-id=\"rov-content-blockblock_50d113296f6ac6222f4d52951d6a9d12\"\n\t\t\t\t\t\t\t\t\t\t \t\t\t\t\t\t\t\t\t\t\t class=\"card-style main-content-wrapper rov-card-style mb-4\">\n\n\t<h2 class=\"block-subtitle blue\">El Personal<\/h2>\n\n\t<div class=\"ctnr-block-content\"><p>El Registro de Votantes del Condado de San Bernardino est\u00e1 dirigido por la Registradora de Votantes Joani Finwall. \u00a0El Registro de Votantes trabaja todo el a\u00f1o con un personal peque\u00f1o, de alrededor de 50 empleados. \u00a0Pero antes de las elecciones, ese n\u00famero puede aumentar hasta 300 empleados temporales y 3,000 trabajadores de casillas electorales.<\/p>\n<\/div>\n\n  <\/section>\n\n\t\n\n  <section data-isd-block-id=\"rov-content-blockblock_50f84f7888dd05430504e185187f2d70\"\n\t\t\t\t\t\t\t\t\t\t \t\t\t\t\t\t\t\t\t\t\t class=\"card-style main-content-wrapper rov-card-style mb-4\">\n\n\t<h2 class=\"block-subtitle blue\">Servicios<\/h2>\n\n\t<div class=\"ctnr-block-content\"><p>El Registro de Votantes ofrece una amplia gama de productos y servicios para los candidatos y el p\u00fablico en general, incluyendo certificaci\u00f3n, reportes, mapas y alquiler de equipos. \u00a0Vea nuestros <a href=\"https:\/\/uploads.rov.sbcounty.gov\/ROV\/es\/AboutUs\/ProductsAndServices\/List_ProductsAndServices.pdf\" target=\"_blank\" rel=\"noopener\">Productos y Servicios con Precios<\/a> [pdf] o adquiera productos y servicios usando nuestro <a href=\"https:\/\/uploads.rov.sbcounty.gov\/rov\/VoterRegistration\/Form_AutomatedReportAndMapRequest.pdf\" target=\"_blank\" rel=\"noopener\">Formulario de Solicitud de Reportes y Mapas Automatizados<\/a> [pdf].<\/p>\n<\/div>\n\n  <\/section>\n\n\t","protected":false},"excerpt":{"rendered":"<p>El Condado El Condado de San Bernardino es el mayor condado continental de los Estados Unidos en t\u00e9rminos de superficie, lo que lo hace m\u00e1s grande que cualquiera de los nueve estados m\u00e1s peque\u00f1os de los Estados Unidos. \u00a0El Condado tiene 24 ciudades incorporadas y m\u00e1s de 65 comunidades no<span class=\"ellipsis\">&#8230;<\/span><\/p>\n","protected":false},"author":19,"featured_media":37382,"parent":0,"menu_order":0,"comment_status":"closed","ping_status":"closed","template":"templates\/rov-left-sidebar-template.php","meta":{"_acf_changed":false,"footnotes":""},"class_list":["post-48","page","type-page","status-publish","has-post-thumbnail","hentry"],"acf":[],"_links":{"self":[{"href":"https:\/\/elections.sbcounty.gov\/es\/wp-json\/wp\/v2\/pages\/48","targetHints":{"allow":["GET"]}}],"collection":[{"href":"https:\/\/elections.sbcounty.gov\/es\/wp-json\/wp\/v2\/pages"}],"about":[{"href":"https:\/\/elections.sbcounty.gov\/es\/wp-json\/wp\/v2\/types\/page"}],"author":[{"embeddable":true,"href":"https:\/\/elections.sbcounty.gov\/es\/wp-json\/wp\/v2\/users\/19"}],"replies":[{"embeddable":true,"href":"https:\/\/elections.sbcounty.gov\/es\/wp-json\/wp\/v2\/comments?post=48"}],"version-history":[{"count":7,"href":"https:\/\/elections.sbcounty.gov\/es\/wp-json\/wp\/v2\/pages\/48\/revisions"}],"predecessor-version":[{"id":88027,"href":"https:\/\/elections.sbcounty.gov\/es\/wp-json\/wp\/v2\/pages\/48\/revisions\/88027"}],"wp:featuredmedia":[{"embeddable":true,"href":"https:\/\/elections.sbcounty.gov\/es\/wp-json\/wp\/v2\/media\/37382"}],"wp:attachment":[{"href":"https:\/\/elections.sbcounty.gov\/es\/wp-json\/wp\/v2\/media?parent=48"}],"curies":[{"name":"wp","href":"https:\/\/api.w.org\/{rel}","templated":true}]}}