{"id":45493,"date":"2022-01-18T20:37:21","date_gmt":"2022-01-18T20:37:21","guid":{"rendered":"https:\/\/www.elections.sbcounty.gov\/?page_id=45493"},"modified":"2024-08-09T18:08:11","modified_gmt":"2024-08-10T01:08:11","slug":"electiondatechanges","status":"publish","type":"page","link":"https:\/\/elections.sbcounty.gov\/es\/elections\/electiondatechanges\/","title":{"rendered":"Cambios de las Fechas de las Elecciones Jurisdiccionales"},"content":{"rendered":"  <section data-isd-block-id=\"rov-content-blockblock_aee157db3ce513dd83e156685a912d1f\"\n\t\t\t\t\t\t\t\t\t\t \t\t\t\t\t\t\t\t\t\t\t class=\"card-style main-content-wrapper rov-card-style mb-4\">\n\n\t<h2 class=\"block-subtitle blue\">Cambios de las Fechas de las Elecciones Jurisdiccionales<\/h2>\n\n\t<div class=\"ctnr-block-content\"><table class=\"table table-striped\" style=\"width: 99%\">\n<colgroup>\n<col \/>\n<col \/>\n<col \/>\n<col \/><\/colgroup>\n<thead>\n<tr>\n<th><strong>Fecha<\/strong><\/th>\n<th><strong>Jurisdicci\u00f3n<\/strong><\/th>\n<th><strong>Documentos<\/strong><\/th>\n<\/tr>\n<\/thead>\n<tbody>\n<tr>\n<td width=\"180\">11 de junio de 2024<\/td>\n<td width=\"240\"><strong><a href=\"https:\/\/uploads.rov.sbcounty.gov\/ROV\/Elections\/ElectionDateChanges\/MarianaRanchosCWD\/District_Resolutions_2024-04-19.pdf\" target=\"_blank\" rel=\"noopener\">Distrito de Aguas del Condado Mariana Ranchos<\/a><\/strong><\/td>\n<td width=\"150\">\n<p style=\"font-style: normal;font-weight: 400\"><a href=\"https:\/\/uploads.rov.sbcounty.gov\/ROV\/Elections\/ElectionDateChanges\/MarianaRanchosCWD\/AgendaItem85_2024-06-11.pdf\" target=\"_blank\" rel=\"noopener\">Punto de la Agenda de la Junta<\/a><\/p>\n<p><a href=\"https:\/\/uploads.rov.sbcounty.gov\/rov\/es\/elections\/electiondatechanges\/marianaranchoscwd\/RES_ChangeOfElectionDates_2024-06-11.pdf\" target=\"_blank\" rel=\"noopener\">Resoluci\u00f3n<\/a><\/p>\n<p><a href=\"https:\/\/uploads.rov.sbcounty.gov\/ROV\/Elections\/ElectionDateChanges\/MarianaRanchosCWD\/Postcard_MRCWD_2024-06-11.pdf\" target=\"_blank\" rel=\"noopener\">Aviso<\/a><\/p><\/td>\n<\/tr>\n<tr>\n<td width=\"180\">26 de julio de 2022<\/td>\n<td width=\"240\"><strong><a href=\"https:\/\/uploads.rov.sbcounty.gov\/ROV\/Elections\/ElectionDateChanges\/WestValleyWD\/Resolution-WVWD.pdf\" target=\"_blank\" rel=\"noopener\">Distrito de Aguas West Valley<\/a><\/strong><\/td>\n<td width=\"150\">\n<p style=\"font-style: normal;font-weight: 400\"><a href=\"https:\/\/uploads.rov.sbcounty.gov\/ROV\/Elections\/ElectionDateChanges\/WestValleyWD\/AgendaItem49_2022-07-26.pdf\" target=\"_blank\" rel=\"noopener\">Punto de la Agenda de la Junta<\/a><\/p>\n<p><a href=\"https:\/\/uploads.rov.sbcounty.gov\/ROV\/Elections\/ElectionDateChanges\/WestValleyWD\/Resolution2022-159.pdf\" target=\"_blank\" rel=\"noopener\">Resoluci\u00f3n<\/a><\/p>\n<p><a href=\"https:\/\/uploads.rov.sbcounty.gov\/ROV\/Elections\/ElectionDateChanges\/WestValleyWD\/Postcard_WVWD_2022-08-12.pdf\" target=\"_blank\" rel=\"noopener\">Aviso<\/a><\/p><\/td>\n<\/tr>\n<tr>\n<td width=\"180\">24 de agosto de 2021<\/td>\n<td width=\"240\"><strong><a href=\"https:\/\/www.sbcounty.gov\/uploads\/ROV\/Elections\/ElectionDateChanges\/ChaffeyCCD\/ResolutionNo62421.pdf?ver=2021-09-21-190639-700\" target=\"_blank\" rel=\"noopener\">Distrito de Colegios Comunitarios Chaffey<\/a><\/strong><\/td>\n<td width=\"150\">\n<p style=\"font-style: normal;font-weight: 400\"><a href=\"https:\/\/www.sbcounty.gov\/uploads\/ROV\/Elections\/ElectionDateChanges\/ChaffeyCCD\/BAI-ChangeOfElectionDate_2021-08-24.pdf?ver=2021-09-21-190639-683\" target=\"_blank\" rel=\"noopener\">Punto de la Agenda de la Junta<\/a><\/p>\n<p><a href=\"https:\/\/www.sbcounty.gov\/uploads\/ROV\/Elections\/ElectionDateChanges\/ChaffeyCCD\/Resolution-ChangeOfElectionDate_2021-08-24.pdf?ver=2021-09-21-190639-700\" target=\"_blank\" rel=\"noopener\">Resoluci\u00f3n<\/a><\/p>\n<p><a href=\"https:\/\/www.sbcounty.gov\/uploads\/ROV\/Elections\/ElectionDateChanges\/ChaffeyCCD\/NoticeOfChangeOfElectionDates.pdf?ver=2021-09-21-190639-683\" target=\"_blank\" rel=\"noopener\">Aviso<\/a><\/p><\/td>\n<\/tr>\n<tr>\n<td width=\"180\">13 de julio de 2021<\/td>\n<td width=\"240\"><strong><a href=\"https:\/\/www.sbcounty.gov\/uploads\/ROV\/Elections\/ElectionDateChanges\/BakerValleyUSD\/Resolution051321.pdf?ver=2021-07-13-210755-673\" target=\"_blank\" rel=\"noopener\">Distrito Escolar Unificado Baker Valley<\/a><\/strong><\/td>\n<td width=\"150\">\n<p style=\"font-style: normal;font-weight: 400\"><a href=\"https:\/\/www.sbcounty.gov\/uploads\/ROV\/Elections\/ElectionDateChanges\/BakerValleyUSD\/BAI-ChangeOfElectionDate_2021-07-13.pdf?ver=2021-07-13-210755-657\" target=\"_blank\" rel=\"noopener\">Punto de la Agenda de la Junta<\/a><\/p>\n<p><a href=\"https:\/\/www.sbcounty.gov\/uploads\/ROV\/Elections\/ElectionDateChanges\/BakerValleyUSD\/Resolution-ChangeOfElectionDate_2021-07-13.pdf?ver=2021-07-13-210755-657\" target=\"_blank\" rel=\"noopener\">Resoluci\u00f3n<\/a><\/p>\n<p><a href=\"https:\/\/www.sbcounty.gov\/uploads\/ROV\/Elections\/ElectionDateChanges\/BakerValleyUSD\/NoticeOfChangeOfElectionDates.pdf?ver=2021-07-30-173732-857\" target=\"_blank\" rel=\"noopener\">Aviso<\/a><\/p><\/td>\n<\/tr>\n<tr>\n<td width=\"180\">5 de enero de 2021<\/td>\n<td width=\"240\"><strong><a href=\"https:\/\/www.sbcounty.gov\/uploads\/ROV\/Elections\/ElectionDateChanges\/CucamongaValleyWD\/Resolution2020-1-2.pdf?ver=2021-07-13-210818-870\" target=\"_blank\" rel=\"noopener\">Distrito de Aguas Cucamonga Valley<\/a><\/strong><\/td>\n<td width=\"150\">\n<p style=\"font-style: normal;font-weight: 400\"><a href=\"https:\/\/www.sbcounty.gov\/uploads\/ROV\/Elections\/ElectionDateChanges\/CucamongaValleyWD\/BAI_ChangeOfElectionDates_2021-01-05.pdf?ver=2021-07-13-210818-870\" target=\"_blank\" rel=\"noopener\">Punto de la Agenda de la Junta<\/a><\/p>\n<p><a href=\"https:\/\/www.sbcounty.gov\/uploads\/ROV\/Elections\/ElectionDateChanges\/CucamongaValleyWD\/RES_ChangeOfElectionDates_2021-01-05.pdf?ver=2021-07-13-210818-823\" target=\"_blank\" rel=\"noopener\">Resoluci\u00f3n<\/a><\/p>\n<p style=\"font-style: normal;font-weight: 400\"><a href=\"https:\/\/www.sbcounty.gov\/uploads\/ROV\/Elections\/ElectionDateChanges\/CucamongaValleyWD\/IA_ChangeOfElectionDates_2021-01-05.pdf?ver=2021-07-13-210818-870\" target=\"_blank\" rel=\"noopener\">An\u00e1lisis de Impacto<\/a><\/p>\n<p><a href=\"https:\/\/www.sbcounty.gov\/uploads\/ROV\/Elections\/ElectionDateChanges\/CucamongaValleyWD\/NoticeOfChangeOfElectionDates.pdf?ver=2021-07-13-211741-670\" target=\"_blank\" rel=\"noopener\">Aviso<\/a><\/p><\/td>\n<\/tr>\n<tr>\n<td width=\"180\">5 de enero de 2021<\/td>\n<td width=\"240\"><strong><a href=\"https:\/\/www.sbcounty.gov\/uploads\/ROV\/Elections\/ElectionDateChanges\/TwentyninePalmsWD\/Resolutions19-13-14.pdf?ver=2021-07-13-210837-183\" target=\"_blank\" rel=\"noopener\">Distrito de Aguas Twentynine Palms<\/a><\/strong><\/td>\n<td width=\"150\">\n<p style=\"font-style: normal;font-weight: 400\"><a href=\"https:\/\/www.sbcounty.gov\/uploads\/ROV\/Elections\/ElectionDateChanges\/TwentyninePalmsWD\/BAI_ChangeOfElectionDates_2021-01-05.pdf?ver=2021-07-13-210837-213\" target=\"_blank\" rel=\"noopener\">Punto de la Agenda de la Junta<\/a><\/p>\n<p style=\"font-style: normal;font-weight: 400\"><a href=\"https:\/\/www.sbcounty.gov\/uploads\/ROV\/Elections\/ElectionDateChanges\/TwentyninePalmsWD\/RES_ChangeOfElectionDates_2021-01-05.pdf?ver=2021-07-13-210837-213\" target=\"_blank\" rel=\"noopener\">Resoluci\u00f3n<\/a><\/p>\n<p style=\"font-style: normal;font-weight: 400\"><a href=\"https:\/\/www.sbcounty.gov\/uploads\/ROV\/Elections\/ElectionDateChanges\/TwentyninePalmsWD\/IA_ChangeOfElectionDates_2021-01-05.pdf?ver=2021-07-13-210837-247\" target=\"_blank\" rel=\"noopener\">An\u00e1lisis de Impacto<\/a><\/p>\n<p><a href=\"https:\/\/www.sbcounty.gov\/uploads\/ROV\/Elections\/ElectionDateChanges\/TwentyninePalmsWD\/NoticeOfChangeOfElectionDates.pdf?ver=2021-07-13-211448-370\" target=\"_blank\" rel=\"noopener\">Aviso<\/a><\/p><\/td>\n<\/tr>\n<tr>\n<td width=\"180\"><\/td>\n<td width=\"240\"><\/td>\n<td width=\"150\"><\/td>\n<\/tr>\n<\/tbody>\n<\/table>\n<p>&nbsp;<\/p>\n<\/div>\n\n  <\/section>\n\n\t","protected":false},"excerpt":{"rendered":"<p>Cambios de las Fechas de las Elecciones Jurisdiccionales Fecha Jurisdicci\u00f3n Documentos 11 de junio de 2024 Distrito de Aguas del Condado Mariana Ranchos Punto de la Agenda de la Junta Resoluci\u00f3n Aviso 26 de julio de 2022 Distrito de Aguas West Valley Punto de la Agenda de la Junta Resoluci\u00f3n<span class=\"ellipsis\">&#8230;<\/span><\/p>\n","protected":false},"author":19,"featured_media":37382,"parent":120,"menu_order":0,"comment_status":"closed","ping_status":"closed","template":"templates\/rov-full-width-no-title-template.php","meta":{"_acf_changed":false,"footnotes":""},"class_list":["post-45493","page","type-page","status-publish","has-post-thumbnail","hentry"],"acf":[],"_links":{"self":[{"href":"https:\/\/elections.sbcounty.gov\/es\/wp-json\/wp\/v2\/pages\/45493","targetHints":{"allow":["GET"]}}],"collection":[{"href":"https:\/\/elections.sbcounty.gov\/es\/wp-json\/wp\/v2\/pages"}],"about":[{"href":"https:\/\/elections.sbcounty.gov\/es\/wp-json\/wp\/v2\/types\/page"}],"author":[{"embeddable":true,"href":"https:\/\/elections.sbcounty.gov\/es\/wp-json\/wp\/v2\/users\/19"}],"replies":[{"embeddable":true,"href":"https:\/\/elections.sbcounty.gov\/es\/wp-json\/wp\/v2\/comments?post=45493"}],"version-history":[{"count":2,"href":"https:\/\/elections.sbcounty.gov\/es\/wp-json\/wp\/v2\/pages\/45493\/revisions"}],"predecessor-version":[{"id":85199,"href":"https:\/\/elections.sbcounty.gov\/es\/wp-json\/wp\/v2\/pages\/45493\/revisions\/85199"}],"up":[{"embeddable":true,"href":"https:\/\/elections.sbcounty.gov\/es\/wp-json\/wp\/v2\/pages\/120"}],"wp:featuredmedia":[{"embeddable":true,"href":"https:\/\/elections.sbcounty.gov\/es\/wp-json\/wp\/v2\/media\/37382"}],"wp:attachment":[{"href":"https:\/\/elections.sbcounty.gov\/es\/wp-json\/wp\/v2\/media?parent=45493"}],"curies":[{"name":"wp","href":"https:\/\/api.w.org\/{rel}","templated":true}]}}