{"id":45451,"date":"2022-01-14T18:44:47","date_gmt":"2022-01-14T18:44:47","guid":{"rendered":"https:\/\/www.elections.sbcounty.gov\/?page_id=45451"},"modified":"2026-02-25T15:46:34","modified_gmt":"2026-02-25T23:46:34","slug":"districtlookuptools","status":"publish","type":"page","link":"https:\/\/elections.sbcounty.gov\/es\/voterregistration\/districtlookuptools\/","title":{"rendered":"Herramientas de B\u00fasqueda de Distritos"},"content":{"rendered":"  <section data-isd-block-id=\"rov-content-blockblock_da6aa642e0204faa8f0c31ffc38f1eb8\"\n\t\t\t\t\t\t\t\t\t\t \t\t\t\t\t\t\t\t\t\t\t class=\"card-style main-content-wrapper rov-card-style mb-4\">\n\n\t<h2 class=\"block-subtitle blue\">Herramientas de B\u00fasqueda de Distritos<\/h2>\n\n\t<div class=\"ctnr-block-content\"><p>Debido a la aprobaci\u00f3n de la Proposici\u00f3n 50, es posible que su distrito del congreso est\u00e9 cambiando. Las herramientas de B\u00fasqueda de Distritos ahora reflejan los l\u00edmites recientemente redefinidos de los distritos del congreso en los que se elegir\u00e1 a los candidatos en las pr\u00f3ximas elecciones de 2026.<\/p>\n<ul>\n<li>Para encontrar el distrito del congreso espec\u00edfico en el que votar\u00e1 en las elecciones de 2026, use la\u00a0<a href=\"https:\/\/elections.sbcounty.gov\/voterregistration\/districtlookuptools\/addresslookup\/\">herramienta de B\u00fasqueda de Distritos por Direcci\u00f3n<\/a>.<\/li>\n<li>Para encontrar su Representante de EE.\u00a0UU. actual, visite el\u00a0<a href=\"https:\/\/www.house.gov\/\">sitio web de la C\u00e1mara de Representantes de los Estados Unidos<\/a>.<\/li>\n<\/ul>\n<p><a href=\"https:\/\/experience.arcgis.com\/experience\/b5629ee05a7c48a2b371a1fa0a89629d\/\" target=\"_blank\" rel=\"noopener\">B\u00fasqueda de Distritos<\/a>\u00a0[mapa]<\/p>\n<ul>\n<li>Esta herramienta muestra los Datos\/Mapas de Distritos tal como los distritos existen actualmente despu\u00e9s de aplicar ajustes de agencia para cumplir con los requisitos de reordenaci\u00f3n de los distritos despu\u00e9s del Censo de 2020.<\/li>\n<\/ul>\n<p><a href=\"https:\/\/elections.sbcounty.gov\/voterregistration\/districtlookuptools\/addresslookup\/\">B\u00fasqueda de Distritos por Direcci\u00f3n<\/a><\/p>\n<ul>\n<li>Busque una direcci\u00f3n para encontrar los distritos relacionados.<\/li>\n<\/ul>\n<\/div>\n\n  <\/section>\n\n\t","protected":false},"excerpt":{"rendered":"<p>Herramientas de B\u00fasqueda de Distritos Debido a la aprobaci\u00f3n de la Proposici\u00f3n 50, es posible que su distrito del congreso est\u00e9 cambiando. Las herramientas de B\u00fasqueda de Distritos ahora reflejan los l\u00edmites recientemente redefinidos de los distritos del congreso en los que se elegir\u00e1 a los candidatos en las pr\u00f3ximas<span class=\"ellipsis\">&#8230;<\/span><\/p>\n","protected":false},"author":13,"featured_media":37382,"parent":105,"menu_order":0,"comment_status":"closed","ping_status":"closed","template":"templates\/rov-full-width-no-title-template.php","meta":{"_acf_changed":false,"footnotes":""},"class_list":["post-45451","page","type-page","status-publish","has-post-thumbnail","hentry"],"acf":[],"_links":{"self":[{"href":"https:\/\/elections.sbcounty.gov\/es\/wp-json\/wp\/v2\/pages\/45451","targetHints":{"allow":["GET"]}}],"collection":[{"href":"https:\/\/elections.sbcounty.gov\/es\/wp-json\/wp\/v2\/pages"}],"about":[{"href":"https:\/\/elections.sbcounty.gov\/es\/wp-json\/wp\/v2\/types\/page"}],"author":[{"embeddable":true,"href":"https:\/\/elections.sbcounty.gov\/es\/wp-json\/wp\/v2\/users\/13"}],"replies":[{"embeddable":true,"href":"https:\/\/elections.sbcounty.gov\/es\/wp-json\/wp\/v2\/comments?post=45451"}],"version-history":[{"count":2,"href":"https:\/\/elections.sbcounty.gov\/es\/wp-json\/wp\/v2\/pages\/45451\/revisions"}],"predecessor-version":[{"id":93267,"href":"https:\/\/elections.sbcounty.gov\/es\/wp-json\/wp\/v2\/pages\/45451\/revisions\/93267"}],"up":[{"embeddable":true,"href":"https:\/\/elections.sbcounty.gov\/es\/wp-json\/wp\/v2\/pages\/105"}],"wp:featuredmedia":[{"embeddable":true,"href":"https:\/\/elections.sbcounty.gov\/es\/wp-json\/wp\/v2\/media\/37382"}],"wp:attachment":[{"href":"https:\/\/elections.sbcounty.gov\/es\/wp-json\/wp\/v2\/media?parent=45451"}],"curies":[{"name":"wp","href":"https:\/\/api.w.org\/{rel}","templated":true}]}}