{"id":45187,"date":"2022-01-12T19:51:55","date_gmt":"2022-01-12T19:51:55","guid":{"rendered":"https:\/\/www.elections.sbcounty.gov\/?page_id=45187"},"modified":"2024-02-22T10:23:14","modified_gmt":"2024-02-22T18:23:14","slug":"2021","status":"publish","type":"page","link":"https:\/\/elections.sbcounty.gov\/es\/news\/2021\/","title":{"rendered":"Comunicados de Prensa y Avisos P\u00fablicos Archivados\u00a0de\u00a02021"},"content":{"rendered":"  <section data-isd-block-id=\"rov-content-blockblock_0fcf6458f05175ffa30a7cce74c18d09\"\n\t\t\t\t\t\t\t\t\t\t \t\t\t\t\t\t\t\t\t\t\t class=\"card-style main-content-wrapper rov-card-style mb-4\">\n\n\t<h2 class=\"block-subtitle blue\">Elecciones de la Asociaci\u00f3n para la Jubilaci\u00f3n de los Empleados del Condado de San Bernardino \u2013 7 de diciembre de 2021<\/h2>\n\n\t<div class=\"ctnr-block-content\"><p>16-09-2021\u00a0 <a href=\"https:\/\/www.sbcounty.gov\/uploads\/ROV\/News\/2021\/1207\/ROV_RandomDraw.pdf?ver=2021-09-16-185332-317\" target=\"_blank\" rel=\"noopener\">Aviso P\u00fablico \u2013 Sorteo para Orden Aleatorizado de las Letras del Alfabeto<\/a><\/p>\n<p>04-08-2021\u00a0 <a href=\"https:\/\/www.sbcounty.gov\/uploads\/ROV\/News\/2021\/1207\/NoticeOfElection-RetirementBoard.pdf?ver=2021-08-04-102239-860\" target=\"_blank\" rel=\"noopener\"> Aviso P\u00fablico \u2013 Aviso de Elecciones<\/a><\/p>\n<\/div>\n\n  <\/section>\n\n\t\n\n  <section data-isd-block-id=\"rov-content-blockblock_6aec7ea567f24fa57a21127f360e1c37\"\n\t\t\t\t\t\t\t\t\t\t \t\t\t\t\t\t\t\t\t\t\t class=\"card-style main-content-wrapper rov-card-style mb-4\">\n\n\t<h2 class=\"block-subtitle blue\">Elecciones de Remoci\u00f3n del Gobernador de California \u2013 14 de septiembre de 2021<\/h2>\n\n\t<div class=\"ctnr-block-content\"><p>15-10-2021\u00a0 <a href=\"https:\/\/www.sbcounty.gov\/uploads\/ROV\/News\/2021\/0914\/PublicNotice_PostLogicAndAccuracyTest.pdf?ver=2021-10-15-153301-877\" target=\"_blank\" rel=\"noopener\">Aviso P\u00fablico \u2013 Prueba de L\u00f3gica y Precisi\u00f3n Posterior<\/a><\/p>\n<p>14-10-2021\u00a0 <a href=\"https:\/\/www.sbcounty.gov\/uploads\/ROV\/News\/2021\/0914\/Certification_ElectionResults.pdf\" target=\"_blank\" rel=\"noopener\">Declaraci\u00f3n de Certificaci\u00f3n de los Resultados de las Elecciones<\/a><\/p>\n<p>24-09-2021\u00a0 <a href=\"https:\/\/www.sbcounty.gov\/uploads\/ROV\/News\/2021\/0914\/Report_PollWorkersWorked.pdf?ver=2021-09-24-153600-900\" target=\"_blank\" rel=\"noopener\">Aviso P\u00fablico \u2013 Trabajadores de Casillas Electorales que Trabajaron<\/a><\/p>\n<p>16-09-2021\u00a0 <a href=\"https:\/\/www.sbcounty.gov\/uploads\/ROV\/News\/2021\/0914\/PublicNotice_OnePercentRandomSelectionOfPrecincts.pdf?ver=2021-09-16-121339-733\" target=\"_blank\" rel=\"noopener\">Aviso P\u00fablico \u2013 Selecci\u00f3n Aleatoria de Distritos Electorales para el Proceso de Recuento Manual del 1%<\/a><\/p>\n<p>09-09-2021\u00a0\u00a0<a href=\"https:\/\/www.sbcounty.gov\/uploads\/ROV\/News\/2021\/0914\/Notice_ObservationSchedule.pdf?ver=2021-09-09-225254-367\" target=\"_blank\" rel=\"noopener\">Aviso P\u00fablico \u2013 Calendario de Observaci\u00f3n \u2013 ACTUALIZADO<\/a><\/p>\n<p>09-09-2021\u00a0\u00a0<a href=\"https:\/\/www.sbcounty.gov\/uploads\/ROV\/News\/2021\/0914\/Report_WorkersAssigned.pdf?ver=2021-09-09-224225-857\" target=\"_blank\" rel=\"noopener\">Aviso P\u00fablico \u2013 Trabajadores de Casillas Electorales Asignados<\/a><\/p>\n<p>08-09-2021\u00a0 <a href=\"https:\/\/www.sbcounty.gov\/uploads\/ROV\/News\/2021\/0914\/PressRelease-AdditionalEarlyVoteSites.pdf?ver=2021-09-09-224401-783\" target=\"_blank\" rel=\"noopener\">Comunicado de Prensa \u2013 Abiertas Cinco Casillas para Voto Anticipado Adicionales<\/a><\/p>\n<p>02-09-2021\u00a0 <a href=\"https:\/\/www.sbcounty.gov\/uploads\/ROV\/News\/2021\/0914\/PublicNotice_PollingPlaceCentralCount.pdf?ver=2021-09-02-191236-670\" target=\"_blank\" rel=\"noopener\">Aviso P\u00fablico \u2013 Aviso sobre las Casillas Electorales y el Lugar de Conteo Central \u2013 ACTUALIZADO<\/a><\/p>\n<p>02-09-2021\u00a0 <a href=\"https:\/\/www.sbcounty.gov\/uploads\/ROV\/News\/2021\/0914\/PublicNotice_MailBallotDropOffLocations.pdf?ver=2021-09-02-184531-240\" target=\"_blank\" rel=\"noopener\">Aviso P\u00fablico \u2013 Lugares para Depositar las Boletas por Correo \u2013 ACTUALIZADO<\/a><\/p>\n<p>24-08-2021\u00a0 <a href=\"https:\/\/www.sbcounty.gov\/uploads\/ROV\/News\/2021\/0914\/PressRelease_MessageFromTheRegistrar.pdf?ver=2021-08-25-204023-940\" target=\"_blank\" rel=\"noopener\">Comunicado de Prensa \u2013 Mensaje del Registro<\/a><\/p>\n<p>21-08-2021\u00a0 <a href=\"https:\/\/www.sbcounty.gov\/uploads\/ROV\/News\/2021\/0914\/PublicNotice_MailBallotDropOffLocations.pdf\" target=\"_blank\" rel=\"noopener\">Aviso P\u00fablico \u2013 Lugares para Depositar las Boletas por Correo \u2013 ACTUALIZADO<\/a><\/p>\n<p>18-08-2021\u00a0 <a href=\"https:\/\/www.sbcounty.gov\/uploads\/ROV\/News\/2021\/0914\/PublicNotice_PollingPlaceCentralCount.pdf?ver=2021-08-18-134222-683\" target=\"_blank\" rel=\"noopener\">Aviso P\u00fablico \u2013 Aviso sobre las Casillas Electorales y el Lugar de Conteo Central<\/a><\/p>\n<p>16-08-2021\u00a0 <a href=\"https:\/\/www.sbcounty.gov\/uploads\/ROV\/News\/2021\/0914\/Press%20Release-EarlyVotingOpensFor2021Recall.pdf?ver=2021-08-18-134410-633\" target=\"_blank\" rel=\"noopener\">Comunicado de Prensa \u2013 Se abre el voto anticipado para las Elecciones de Remoci\u00f3n de California de 2021<\/a><\/p>\n<p>12-08-2021\u00a0 <a href=\"http:\/\/www.sbcounty.gov\/uploads\/ROV\/News\/2021\/0914\/CertificationOfL&amp;A.pdf\" target=\"_blank\" rel=\"noopener\">Certificaci\u00f3n de la Prueba de L\u00f3gica y Precisi\u00f3n<\/a><\/p>\n<p>10-08-2021\u00a0 <a href=\"https:\/\/www.sbcounty.gov\/uploads\/ROV\/News\/2021\/0914\/PublicNotice_MailBallotDropOffLocations.pdf?ver=2021-08-10-220030-350\" target=\"_blank\" rel=\"noopener\">Aviso P\u00fablico \u2013 Lugares para Depositar las Boletas por Correo<\/a><\/p>\n<p>09-08-2021\u00a0 <a href=\"https:\/\/www.sbcounty.gov\/uploads\/ROV\/News\/2021\/0914\/Notice_ObservationSchedule.pdf?ver=2021-08-09-192549-693\" target=\"_blank\" rel=\"noopener\">Aviso P\u00fablico \u2013 Calendario de Observaci\u00f3n<\/a><\/p>\n<p>21-07-2021\u00a0 <a href=\"https:\/\/www.sbcounty.gov\/uploads\/ROV\/Elections\/2021\/0914\/SOSCandidateList.pdf?ver=2021-07-22-114505-817\" target=\"_blank\" rel=\"noopener\">Lista Certificada de Candidatos del Secretario de Estado<\/a><\/p>\n<p>19-07-2021\u00a0 <a href=\"https:\/\/www.sbcounty.gov\/uploads\/ROV\/News\/2021\/0914\/SOSRandomAlpha.pdf?ver=2021-07-28-173037-000\" target=\"_blank\" rel=\"noopener\">Sorteo para Orden Aleatorizado de las Letras del Alfabeto del Secretario de Estado<\/a><\/p>\n<p>01-07-2021\u00a0 <a href=\"https:\/\/elections.cdn.sos.ca.gov\/statewide-elections\/2021-recall\/proclamation.pdf?_=1625196152544\" target=\"_blank\" rel=\"noopener\">Proclamaci\u00f3n del Vicegobernador para Convocar a las Elecciones de Remoci\u00f3n del Gobernador<\/a><\/p>\n<\/div>\n\n  <\/section>\n\n\t\n\n  <section data-isd-block-id=\"rov-content-blockblock_ec5f29bb85377aad9d797a0dd2857d3e\"\n\t\t\t\t\t\t\t\t\t\t \t\t\t\t\t\t\t\t\t\t\t class=\"card-style main-content-wrapper rov-card-style mb-4\">\n\n\t<h2 class=\"block-subtitle blue\">Elecciones Consolidadas con Boleta por Correo \u2013 31 de agosto de 2021<\/h2>\n\n\t<div class=\"ctnr-block-content\"><p>10-09-2021\u00a0\u00a0<a href=\"https:\/\/www.sbcounty.gov\/uploads\/ROV\/Elections\/2021\/0831\/Statement_CertificationOfElectionResults_2021-09-10.pdf?ver=2021-09-12-125806-613\" target=\"_blank\" rel=\"noopener\">Declaraci\u00f3n de Certificaci\u00f3n de los Resultados de las Elecciones<\/a><\/p>\n<p>24-08-2021\u00a0 <a href=\"https:\/\/www.sbcounty.gov\/uploads\/ROV\/News\/2021\/0831\/PublicNotice_AppointmentsInLieu.pdf?ver=2021-08-26-121429-503\" target=\"_blank\" rel=\"noopener\">Aviso P\u00fablico \u2013 Designaciones en Lugar de Elecciones<\/a><\/p>\n<p>30-07-2021\u00a0 <a href=\"https:\/\/www.sbcounty.gov\/uploads\/ROV\/News\/2021\/0831\/PublicNotice_MailBallotDropOffLocations.pdf?ver=2021-07-30-172617-050\" target=\"_blank\" rel=\"noopener\">Aviso P\u00fablico \u2013 Lugares para Depositar las Boletas por Correo<\/a><\/p>\n<p>28-07-2021\u00a0 <a href=\"https:\/\/www.sbcounty.gov\/uploads\/ROV\/News\/2021\/0831\/PublicNotice_ObservationSchedule.pdf?ver=2021-07-28-084036-650\" target=\"_blank\" rel=\"noopener\">Aviso P\u00fablico \u2013 Calendario de Observaci\u00f3n<\/a><\/p>\n<p>10-06-2021\u00a0 <a href=\"https:\/\/www.sbcounty.gov\/uploads\/ROV\/News\/2021\/0831\/PublicNotice_ContestsOffBallot.pdf?ver=2021-06-10-202324-550\" target=\"_blank\" rel=\"noopener\">Aviso P\u00fablico \u2013 Lista de los Cargos que No Aparecer\u00e1n en la Boleta<\/a><\/p>\n<p>08-06-2021\u00a0 <a href=\"https:\/\/www.sbcounty.gov\/uploads\/ROV\/News\/2021\/0831\/PublicNotice_LocalMeasureLetterAssignment.pdf?ver=2021-06-08-152222-670\" target=\"_blank\" rel=\"noopener\">Aviso P\u00fablico \u2013 Asignaci\u00f3n de Letras de Medidas<\/a><\/p>\n<p>04-06-2021\u00a0 <a href=\"https:\/\/www.sbcounty.gov\/uploads\/ROV\/News\/2021\/0831\/PublicNotice_CandidateFilingExtension.pdf?ver=2021-06-04-173158-177\" target=\"_blank\" rel=\"noopener\">Aviso P\u00fablico \u2013 Pr\u00f3rrogas de la Fecha L\u00edmite de Presentaci\u00f3n de Candidatos<\/a><\/p>\n<p>10-05-2021\u00a0 <a href=\"https:\/\/www.sbcounty.gov\/uploads\/ROV\/News\/2021\/0831\/PressRelease_CandidateFiling.pdf?ver=2021-05-10-105601-063\" target=\"_blank\" rel=\"noopener\">Comunicado de Prensa \u2013 Presentaci\u00f3n de candidatos sin contacto para las Elecciones Consolidadas con Boletas por Correo de 2021<\/a><\/p>\n<p>09-04-2021\u00a0 <a href=\"https:\/\/www.sbcounty.gov\/uploads\/ROV\/Elections\/2021\/0831\/List_OfficesUpForElection.pdf\" target=\"_blank\" rel=\"noopener\">Aviso P\u00fablico \u2013 Cargos Incluidos en las Elecciones<\/a><\/p>\n<\/div>\n\n  <\/section>\n\n\t","protected":false},"excerpt":{"rendered":"<p>Elecciones de la Asociaci\u00f3n para la Jubilaci\u00f3n de los Empleados del Condado de San Bernardino \u2013 7 de diciembre de 2021 16-09-2021\u00a0 Aviso P\u00fablico \u2013 Sorteo para Orden Aleatorizado de las Letras del Alfabeto 04-08-2021\u00a0 Aviso P\u00fablico \u2013 Aviso de Elecciones Elecciones de Remoci\u00f3n del Gobernador de California \u2013 14<span class=\"ellipsis\">&#8230;<\/span><\/p>\n","protected":false},"author":19,"featured_media":37382,"parent":138,"menu_order":0,"comment_status":"closed","ping_status":"closed","template":"templates\/rov-left-sidebar-template.php","meta":{"_acf_changed":false,"footnotes":""},"class_list":["post-45187","page","type-page","status-publish","has-post-thumbnail","hentry"],"acf":[],"_links":{"self":[{"href":"https:\/\/elections.sbcounty.gov\/es\/wp-json\/wp\/v2\/pages\/45187","targetHints":{"allow":["GET"]}}],"collection":[{"href":"https:\/\/elections.sbcounty.gov\/es\/wp-json\/wp\/v2\/pages"}],"about":[{"href":"https:\/\/elections.sbcounty.gov\/es\/wp-json\/wp\/v2\/types\/page"}],"author":[{"embeddable":true,"href":"https:\/\/elections.sbcounty.gov\/es\/wp-json\/wp\/v2\/users\/19"}],"replies":[{"embeddable":true,"href":"https:\/\/elections.sbcounty.gov\/es\/wp-json\/wp\/v2\/comments?post=45187"}],"version-history":[{"count":3,"href":"https:\/\/elections.sbcounty.gov\/es\/wp-json\/wp\/v2\/pages\/45187\/revisions"}],"predecessor-version":[{"id":81599,"href":"https:\/\/elections.sbcounty.gov\/es\/wp-json\/wp\/v2\/pages\/45187\/revisions\/81599"}],"up":[{"embeddable":true,"href":"https:\/\/elections.sbcounty.gov\/es\/wp-json\/wp\/v2\/pages\/138"}],"wp:featuredmedia":[{"embeddable":true,"href":"https:\/\/elections.sbcounty.gov\/es\/wp-json\/wp\/v2\/media\/37382"}],"wp:attachment":[{"href":"https:\/\/elections.sbcounty.gov\/es\/wp-json\/wp\/v2\/media?parent=45187"}],"curies":[{"name":"wp","href":"https:\/\/api.w.org\/{rel}","templated":true}]}}