{"id":43965,"date":"2022-01-06T20:06:02","date_gmt":"2022-01-06T20:06:02","guid":{"rendered":"https:\/\/www.elections.sbcounty.gov\/?page_id=43965"},"modified":"2022-01-06T20:06:02","modified_gmt":"2022-01-06T20:06:02","slug":"resultexplanation","status":"publish","type":"page","link":"https:\/\/elections.sbcounty.gov\/es\/elections\/2021\/0914\/resultexplanation\/","title":{"rendered":"Explicaci\u00f3n de los Resultados de la Noche de las Elecciones"},"content":{"rendered":"  <section data-isd-block-id=\"rov-content-blockblock_b68308ff2c7c2ec45dc3568f6979530e\"\n\t\t\t\t\t\t\t\t\t\t \t\t\t\t\t\t\t\t\t\t\t class=\"card-style main-content-wrapper rov-card-style mb-4\">\n\n\t<h2 class=\"block-subtitle blue\">Explicaci\u00f3n de los Resultados de la Noche de las Elecciones<\/h2>\n\n\t<div class=\"ctnr-block-content\"><p>La Noche de las Elecciones, el Registro de Votantes del Condado de San Bernardino publica resultados no oficiales de las boletas votadas recibidas de las casillas electorales de todo el Condado y de las boletas de voto por correo recibidas antes del D\u00eda de las Elecciones.<\/p>\n<p>Estos resultados son acumulativos y se publican actualizaciones durante toda la noche.\u00a0 Los primeros resultados se publicar\u00e1n a las 8:30 p.m. la Noche de las Elecciones.\u00a0\u00a0Las publicaciones de la Noche de las Elecciones incluyen los resultados de la mayor\u00eda de las boletas de voto por correo recibidas de la Oficina Postal de EE. UU. antes del D\u00eda de las Elecciones, de los lugares para depositar las boletas antes del D\u00eda de las Elecciones y de las boletas emitidas en las casillas electorales el D\u00eda de las Elecciones.<\/p>\n<p>Los resultados de las boletas emitidas en las casillas electorales el D\u00eda de las Elecciones se suman cada dos horas de ah\u00ed en adelante. El conteo de las boletas contin\u00faa la Noche de las Elecciones hasta que todas las boletas regulares emitidas en las casillas electorales se hayan contado.\u00a0 Aunque el conteo de boletas pueda haberse completado por la noche, el Registro de Votantes seguir\u00e1 procesando y contando las boletas adicionales en las semanas posteriores a las elecciones.\u00a0 El n\u00famero estimado de boletas restantes para ser procesadas se proporciona al p\u00fablico poco despu\u00e9s de la \u00faltima publicaci\u00f3n de los resultados no oficiales de la Noche de las Elecciones y con cada publicaci\u00f3n subsecuente de resultados hasta que se publiquen los Resultados Finales Certificados de las Elecciones.<\/p>\n<p>Las boletas restantes que quedar\u00e1n por procesar incluyen las boletas da\u00f1adas, las boletas contadas a trav\u00e9s de los esc\u00e1neres de boletas de alta velocidad y que requieren revisi\u00f3n adicional, las boletas de voto por correo recibidas el D\u00eda de las Elecciones, las boletas con matasellos del D\u00eda de las Elecciones y recibidas en un plazo de siete d\u00edas despu\u00e9s del D\u00eda de las Elecciones, las boletas de voto por correo que requieren una revisi\u00f3n adicional de la firma, las boletas provisionales, y las boletas provisionales de votantes con registro provisional.<\/p>\n<p>La Noche de las Elecciones, las boletas se escanean mediante esc\u00e1neres de boletas de alta velocidad. Para producir los resultados de la noche de las elecciones de manera eficiente, los votos en un espacio para las opciones por escrito no se revisar\u00e1n en la noche de las elecciones. Estos votos se cuentan como Opciones por Escrito No Resueltas.\u00a0El recuento de las Opciones por Escrito No Resueltas puede incluir:<\/p>\n<ul>\n<li>Votos por candidatos calificados cuyos nombres aparecen en la boleta<\/li>\n<li>Votos para candidatos por escrito calificados<\/li>\n<li>Nombres de las personas que no presentaron documentos de candidatura<\/li>\n<li>Marcas imprecisas<\/li>\n<\/ul>\n<p>El recuento de las Opciones por Escrito No Resueltas se incluye en el Total de Votos para todos los candidatos en una contienda y afecta al porcentaje no oficial de votos para cada candidato.<\/p>\n<p>A continuaci\u00f3n, se presenta un ejemplo de c\u00f3mo las Opciones por Escrito No Resueltas pueden afectar una contienda:<\/p>\n<p><strong>Senador Estatal, Distrito 23<\/strong><\/p>\n<p>Precintos Reportados: 240 de 240\u00a0 (100.00\u00a0%)<\/p>\n<table class=\"results-small-table\">\n<tbody>\n<tr>\n<th><strong>Candidato<\/strong><\/th>\n<th><strong>Boletas de Voto por Correo<\/strong><\/th>\n<th><strong>Boletas de Voto por Correo<br \/>\nDesignadas<\/strong><\/th>\n<th><strong>Casilla Electoral<\/strong><\/th>\n<th><strong>Provisionales<br \/>\n<\/strong><\/th>\n<th colspan=\"2\"><strong>Total<\/strong><\/th>\n<\/tr>\n<tr>\n<td>Candidato 1<\/td>\n<td>100<\/td>\n<td>0<\/td>\n<td><span style=\"background-color: #ffff00\">975<\/span><\/td>\n<td>0<\/td>\n<td><span style=\"background-color: #ffff00\">1075\u00a0<\/span><\/td>\n<td><span style=\"background-color: #ffff00\">39.1%<\/span><\/td>\n<\/tr>\n<tr>\n<td>Candidato 2<\/td>\n<td>150<\/td>\n<td>0<\/td>\n<td><span style=\"background-color: #ffff00\">1475<\/span><\/td>\n<td>0<\/td>\n<td><span style=\"background-color: #ffff00\">1625<\/span><\/td>\n<td><span style=\"background-color: #ffff00\">59.1%<\/span><\/td>\n<\/tr>\n<tr>\n<td>Total de Votos<\/td>\n<td>250<\/td>\n<td>0<\/td>\n<td><span style=\"background-color: #ffff00\">2500<\/span><\/td>\n<td>0<\/td>\n<td><span style=\"background-color: #ffff00\">2750<\/span><\/td>\n<td><\/td>\n<\/tr>\n<\/tbody>\n<\/table>\n<table class=\"results-small-table\">\n<tbody>\n<tr>\n<th><strong>\u00a0 <\/strong><\/th>\n<th><strong>Boletas de Voto por Correo<\/strong><\/th>\n<th><strong>Boletas de Voto por Correo<br \/>\nDesignadas<\/strong><\/th>\n<th><strong>Casilla Electoral<\/strong><\/th>\n<th><strong>Provisionales<br \/>\n<\/strong><\/th>\n<th colspan=\"2\"><strong>Total<\/strong><\/th>\n<\/tr>\n<tr>\n<td>Opciones por Escrito No Resueltas<\/td>\n<td>0<\/td>\n<td>0<\/td>\n<td><span style=\"background-color: #ffff00\">50<\/span><\/td>\n<td>0<\/td>\n<td><span style=\"background-color: #ffff00\">50<\/span><\/td>\n<td><\/td>\n<\/tr>\n<\/tbody>\n<\/table>\n<p>El porcentaje de los votos por los candidatos no sumar\u00e1 el 100% hasta que todas las Opciones por Escrito No Resueltas se hayan revisado. Las Opciones por Escrito No Resueltas se revisan durante el escrutinio y todos los votos por candidatos calificados se sumar\u00e1n a los resultados de las elecciones tras completar esta revisi\u00f3n.<\/p>\n<\/div>\n\n  <\/section>\n\n\t\n\n  <section data-isd-block-id=\"rov-content-blockblock_58146a9c29195cfda5e1490e28c88792\"\n\t\t\t\t\t\t\t\t\t\t \t\t\t\t\t\t\t\t\t\t\t class=\"card-style main-content-wrapper rov-card-style mb-4\">\n\n\t<h2 class=\"block-subtitle blue\">Elecciones de Remoci\u00f3n del Gobernador de California de 2021 \u2013 Contiendas y Estad\u00edsticas Correspondientes de los Distritos Electorales<\/h2>\n\n\t<div class=\"ctnr-block-content\"><table class=\"results-small-table\">\n<tbody>\n<tr>\n<th>Jurisdicci\u00f3n<\/th>\n<th>Oficina<\/th>\n<th>Distrito<\/th>\n<th>Total de Votantes<\/th>\n<th>Total de Distritos Electorales<\/th>\n<th>Distritos Electorales sin Votantes<\/th>\n<th>Distritos Electorales de Boletas de Voto por Correo<\/th>\n<th><strong>Distritos Electorales de Boletas de Voto por Correo sin<br \/>\nVotantes<br \/>\n<\/strong><\/th>\n<\/tr>\n<tr>\n<td>Estado de California<\/td>\n<td>Governor<\/td>\n<td><\/td>\n<td>1,133,110<\/td>\n<td>1,749<\/td>\n<td>665<\/td>\n<td>659<\/td>\n<td>496<\/td>\n<\/tr>\n<tr>\n<td>Estado de California<\/td>\n<td>Recall Question<\/td>\n<td><\/td>\n<td>1,133,110<\/td>\n<td>1,749<\/td>\n<td>665<\/td>\n<td>659<\/td>\n<td>496<\/td>\n<\/tr>\n<\/tbody>\n<\/table>\n<\/div>\n\n  <\/section>\n\n\t","protected":false},"excerpt":{"rendered":"<p>Explicaci\u00f3n de los Resultados de la Noche de las Elecciones La Noche de las Elecciones, el Registro de Votantes del Condado de San Bernardino publica resultados no oficiales de las boletas votadas recibidas de las casillas electorales de todo el Condado y de las boletas de voto por correo recibidas<span class=\"ellipsis\">&#8230;<\/span><\/p>\n","protected":false},"author":19,"featured_media":37382,"parent":40194,"menu_order":0,"comment_status":"closed","ping_status":"closed","template":"templates\/rov-full-width-no-title-template.php","meta":{"_acf_changed":false,"footnotes":""},"class_list":["post-43965","page","type-page","status-publish","has-post-thumbnail","hentry"],"acf":[],"_links":{"self":[{"href":"https:\/\/elections.sbcounty.gov\/es\/wp-json\/wp\/v2\/pages\/43965","targetHints":{"allow":["GET"]}}],"collection":[{"href":"https:\/\/elections.sbcounty.gov\/es\/wp-json\/wp\/v2\/pages"}],"about":[{"href":"https:\/\/elections.sbcounty.gov\/es\/wp-json\/wp\/v2\/types\/page"}],"author":[{"embeddable":true,"href":"https:\/\/elections.sbcounty.gov\/es\/wp-json\/wp\/v2\/users\/19"}],"replies":[{"embeddable":true,"href":"https:\/\/elections.sbcounty.gov\/es\/wp-json\/wp\/v2\/comments?post=43965"}],"version-history":[{"count":0,"href":"https:\/\/elections.sbcounty.gov\/es\/wp-json\/wp\/v2\/pages\/43965\/revisions"}],"up":[{"embeddable":true,"href":"https:\/\/elections.sbcounty.gov\/es\/wp-json\/wp\/v2\/pages\/40194"}],"wp:featuredmedia":[{"embeddable":true,"href":"https:\/\/elections.sbcounty.gov\/es\/wp-json\/wp\/v2\/media\/37382"}],"wp:attachment":[{"href":"https:\/\/elections.sbcounty.gov\/es\/wp-json\/wp\/v2\/media?parent=43965"}],"curies":[{"name":"wp","href":"https:\/\/api.w.org\/{rel}","templated":true}]}}