{"id":43926,"date":"2022-01-06T19:24:45","date_gmt":"2022-01-06T19:24:45","guid":{"rendered":"https:\/\/www.elections.sbcounty.gov\/?page_id=43926"},"modified":"2022-01-06T19:24:45","modified_gmt":"2022-01-06T19:24:45","slug":"resultschedule","status":"publish","type":"page","link":"https:\/\/elections.sbcounty.gov\/es\/elections\/2021\/1207\/resultschedule\/","title":{"rendered":"1207 Programa de los Resultados"},"content":{"rendered":"  <section data-isd-block-id=\"rov-content-blockblock_ce627008f2341aa1ac97147b3644594a\"\n\t\t\t\t\t\t\t\t\t\t \t\t\t\t\t\t\t\t\t\t\t class=\"card-style main-content-wrapper rov-card-style mb-4\">\n\n\t<h2 class=\"block-subtitle blue\">Calendario de Publicaci\u00f3n de Resultados y Boletas Restantes para ser Procesadas \u2013 7 de diciembre de 2021 Elecciones de la Asociaci\u00f3n para la Jubilaci\u00f3n de los Empleados del Condado de San Bernardino<\/h2>\n\n\t<div class=\"ctnr-block-content\"><p><strong>Martes 7 de diciembre de 2021<\/strong><\/p>\n<ul>\n<li>Publicaci\u00f3n de los Resultados Finales No Oficiales de la Noche de las Elecciones.<\/li>\n<\/ul>\n<p><strong>Mi\u00e9rcoles 8 de diciembre de 2021<\/strong><\/p>\n<ul>\n<li>Publicaci\u00f3n de los Resultados Finales Certificados de las Elecciones.<\/li>\n<\/ul>\n<\/div>\n\n  <\/section>\n\n\t","protected":false},"excerpt":{"rendered":"<p>Calendario de Publicaci\u00f3n de Resultados y Boletas Restantes para ser Procesadas \u2013 7 de diciembre de 2021 Elecciones de la Asociaci\u00f3n para la Jubilaci\u00f3n de los Empleados del Condado de San Bernardino Martes 7 de diciembre de 2021 Publicaci\u00f3n de los Resultados Finales No Oficiales de la Noche de las<span class=\"ellipsis\">&#8230;<\/span><\/p>\n","protected":false},"author":19,"featured_media":37382,"parent":43902,"menu_order":0,"comment_status":"closed","ping_status":"closed","template":"templates\/rov-full-width-no-title-template.php","meta":{"_acf_changed":false,"footnotes":""},"class_list":["post-43926","page","type-page","status-publish","has-post-thumbnail","hentry"],"acf":[],"_links":{"self":[{"href":"https:\/\/elections.sbcounty.gov\/es\/wp-json\/wp\/v2\/pages\/43926","targetHints":{"allow":["GET"]}}],"collection":[{"href":"https:\/\/elections.sbcounty.gov\/es\/wp-json\/wp\/v2\/pages"}],"about":[{"href":"https:\/\/elections.sbcounty.gov\/es\/wp-json\/wp\/v2\/types\/page"}],"author":[{"embeddable":true,"href":"https:\/\/elections.sbcounty.gov\/es\/wp-json\/wp\/v2\/users\/19"}],"replies":[{"embeddable":true,"href":"https:\/\/elections.sbcounty.gov\/es\/wp-json\/wp\/v2\/comments?post=43926"}],"version-history":[{"count":0,"href":"https:\/\/elections.sbcounty.gov\/es\/wp-json\/wp\/v2\/pages\/43926\/revisions"}],"up":[{"embeddable":true,"href":"https:\/\/elections.sbcounty.gov\/es\/wp-json\/wp\/v2\/pages\/43902"}],"wp:featuredmedia":[{"embeddable":true,"href":"https:\/\/elections.sbcounty.gov\/es\/wp-json\/wp\/v2\/media\/37382"}],"wp:attachment":[{"href":"https:\/\/elections.sbcounty.gov\/es\/wp-json\/wp\/v2\/media?parent=43926"}],"curies":[{"name":"wp","href":"https:\/\/api.w.org\/{rel}","templated":true}]}}