{"id":43902,"date":"2022-01-06T19:15:58","date_gmt":"2022-01-06T19:15:58","guid":{"rendered":"https:\/\/www.elections.sbcounty.gov\/?page_id=43902"},"modified":"2024-06-05T16:06:25","modified_gmt":"2024-06-05T23:06:25","slug":"1207","status":"publish","type":"page","link":"https:\/\/elections.sbcounty.gov\/es\/elections\/2021\/1207\/","title":{"rendered":"Archivo de Elecciones 2021 de la Asociaci\u00f3n para la Jubilaci\u00f3n de los Empleados del Condado de San Bernardino"},"content":{"rendered":"\n\n\n\n  <section data-isd-block-id=\"rov-content-blockblock_4ff0cbdaf5abc44731934806aaba7eb5\"\n\t\t\t\t\t\t\t\t\t\t \t\t\t\t\t\t\t\t\t\t\t class=\"card-style main-content-wrapper rov-card-style mb-4\">\n\n\t<h2 class=\"block-subtitle blue\">Publicaciones Electorales<\/h2>\n\n\t<div class=\"ctnr-block-content\"><ul>\n<li>La\u00a0<strong>Gu\u00eda de Informaci\u00f3n para el Votante<\/strong>\u00a0es un folleto publicado por el Registro de Votantes del Condado de San Bernardino\u00a0que incluye informaci\u00f3n sobre la votaci\u00f3n y\u00a0los candidatos.<\/li>\n<li>Consulte la\u00a0<a href=\"https:\/\/www.sbcounty.gov\/uploads\/ROV\/News\/2021\/1207\/VIG_BT1_GeneralMembers.pdf?ver=2021-11-08-135425-257\" target=\"_blank\" rel=\"noopener\">Gu\u00eda de Informaci\u00f3n para el Votante para Miembros Generales de la SBCERA<\/a>\u00a0[pdf]<\/li>\n<li>Consulte la\u00a0<a href=\"https:\/\/www.sbcounty.gov\/uploads\/ROV\/News\/2021\/1207\/VIG_BT2_SafetyMembers.pdf?ver=2021-11-08-135425-273\" target=\"_blank\" rel=\"noopener\">Gu\u00eda de Informaci\u00f3n para el Votante para Miembros de\u00a0Seguridad de la SBCERA<\/a>\u00a0[pdf]<\/li>\n<\/ul>\n<p><a href=\"https:\/\/elections.sbcounty.gov\/es\/News\/2021\/\"><strong>Comunicados de Prensa y Avisos P\u00fablicos<\/strong><\/a><\/p>\n<\/div>\n\n  <\/section>\n\n\t\n\n  <section data-isd-block-id=\"rov-content-blockblock_9385f80cf01f33c79db93f10ca321de6\"\n\t\t\t\t\t\t\t\t\t\t \t\t\t\t\t\t\t\t\t\t\t class=\"card-style main-content-wrapper rov-card-style mb-4\">\n\n\t<h2 class=\"block-subtitle blue\">Fechas Clave y Fechas L\u00edmite<\/h2>\n\n\t<div class=\"ctnr-block-content\"><table class=\"table table-striped\">\n<tbody>\n<tr>\n<th><strong>Fecha<\/strong><\/th>\n<th><strong>Acci\u00f3n<\/strong><\/th>\n<\/tr>\n<tr>\n<td>16 de agosto de 2021<\/td>\n<td>Comienza la presentaci\u00f3n de candidatos<\/td>\n<\/tr>\n<tr>\n<td>10 de septiembre de 2021<\/td>\n<td>Fecha l\u00edmite de presentaci\u00f3n de candidatos<\/td>\n<\/tr>\n<tr>\n<td>11 de septiembre de 2021<\/td>\n<td>Comienza la pr\u00f3rroga para la presentaci\u00f3n de candidatos<\/td>\n<\/tr>\n<tr>\n<td>15 de septiembre de 2021<\/td>\n<td>Fecha l\u00edmite para la pr\u00f3rroga de presentaci\u00f3n de candidatos<\/td>\n<\/tr>\n<tr>\n<td>8 de noviembre de 2021<\/td>\n<td>Comienza el voto anticipado<\/td>\n<\/tr>\n<tr>\n<td>8 de noviembre de 2021<\/td>\n<td>Gu\u00edas de Informaci\u00f3n para el Votante y Boletas por Correo entregadas en la Oficina Postal de los EE. UU.<\/td>\n<\/tr>\n<tr>\n<td>7 de diciembre de 2021<\/td>\n<td>D\u00eda de las Elecciones &#8211; Elecciones de la Asociaci\u00f3n para la Jubilaci\u00f3n de los Empleados del Condado de San Bernardino<\/td>\n<\/tr>\n<\/tbody>\n<\/table>\n<\/div>\n\n  <\/section>\n\n\t\n\n  <section data-isd-block-id=\"rov-content-blockblock_e1e0ba6f39f28bcdab27ce21b53b893a\"\n\t\t\t\t\t\t\t\t\t\t \t\t\t\t\t\t\t\t\t\t\t class=\"card-style main-content-wrapper rov-card-style mb-4\">\n\n\t<h2 class=\"block-subtitle blue\">Las Opciones de Voto<\/h2>\n\n\t<div class=\"ctnr-block-content\"><ul>\n<li>Vote con anticipaci\u00f3n en la oficina del Registro de Votantes a partir del\u00a08 de noviembre de 2021.<\/li>\n<li>Solicite un\u00a0reemplazo de boleta enviando el\u00a0<a href=\"https:\/\/www.sbcounty.gov\/uploads\/ROV\/News\/2021\/1207\/Form_MailBallotReplacement.pdf\" target=\"_blank\" rel=\"noopener\">Formulario de Solicitud de Reemplazo de Boleta por Correo<\/a>\u00a0o llamando al Registro de Votantes al (909) 387-8300.\n<ul>\n<li>El reemplazo de las\u00a0boletas\u00a0por correo debe solicitarse\u00a0antes del martes 30 de noviembre de\u00a02021.<\/li>\n<li>Despu\u00e9s del\u00a030 de noviembre de 2021, los votantes\u00a0que necesiten el reemplazo de una boleta deber\u00e1n hacerlo en persona en el Registro de\u00a0Votantes.<\/li>\n<\/ul>\n<\/li>\n<\/ul>\n<\/div>\n\n  <\/section>\n\n\t\n\n  <section data-isd-block-id=\"rov-content-blockblock_22b6381ad46d4316e482fb9e200540eb\"\n\t\t\t\t\t\t\t\t\t\t \t\t\t\t\t\t\t\t\t\t\t class=\"card-style main-content-wrapper rov-card-style mb-4\">\n\n\t<h2 class=\"block-subtitle blue\">Informaci\u00f3n de los Cargos y Candidatos<\/h2>\n\n\t<div class=\"ctnr-block-content\"><p><strong>Cargos a Elegir:<\/strong><\/p>\n<ul>\n<li>Vea los <a href=\"https:\/\/www.sbcounty.gov\/uploads\/ROV\/Elections\/2021\/1207\/NoticeOfElection-RetirementBoard.pdf?ver=2021-08-16-200814-100\" target=\"_blank\" rel=\"noopener\">Cargos a Elegir<\/a>\u00a0[pdf].<\/li>\n<\/ul>\n<p><strong>Presentaci\u00f3n de Candidatos:<\/strong><\/p>\n<ul>\n<li>La presentaci\u00f3n de candidatos comienza el 16 de agosto de 2021\u00a0y finaliza el 10 de septiembre de 2021.<\/li>\n<\/ul>\n<p><strong>Declaraciones de los Candidatos:<\/strong><\/p>\n<ul>\n<li>Los candidatos deben pagar los costos estimados de imprimir su declaraci\u00f3n de candidato en la Gu\u00eda de Informaci\u00f3n para el Votante al momento de registrarse.<\/li>\n<\/ul>\n<p><strong>Lista de Candidatos:<\/strong><\/p>\n<ul>\n<li>Consulte la\u00a0<a href=\"https:\/\/www.sbcounty.gov\/uploads\/ROV\/Elections\/2021\/1207\/Notice_ListOfCandidates.pdf?ver=2021-08-16-200603-670\" target=\"_blank\" rel=\"noopener\">Lista de Candidatos<\/a>\u00a0[pdf].<\/li>\n<\/ul>\n<\/div>\n\n  <\/section>\n\n\t\n\n  <section data-isd-block-id=\"rov-content-blockblock_bcc2f300c3b4da488faafb63d078ced1\"\n\t\t\t\t\t\t\t\t\t\t \t\t\t\t\t\t\t\t\t\t\t class=\"card-style main-content-wrapper rov-card-style mb-4\">\n\n\t<h2 class=\"block-subtitle blue\">Resultados de las Elecciones<\/h2>\n\n\t<div class=\"ctnr-block-content\"><ul>\n<li><a href=\"https:\/\/www.sbcounty.gov\/uploads\/ROV\/Elections\/2021\/1207\/Results\/SBCERA_Final_Results.pdf?ver=2021-12-08-1624\" target=\"_blank\" rel=\"noopener\">Resumen de los Resultados Certificados de las Elecciones<\/a>\u00a0[pdf]<\/li>\n<li><a href=\"https:\/\/www.sbcounty.gov\/uploads\/ROV\/Elections\/2021\/1207\/Results\/Certification_2021SBCERA_2021-12-08.pdf?ver=2021-12-08-1624\" target=\"_blank\" rel=\"noopener\">Declaraci\u00f3n de Certificaci\u00f3n de los Resultados de las Elecciones<\/a>\u00a0[pdf]<\/li>\n<li><a href=\"https:\/\/elections.sbcounty.gov\/es\/Elections\/2021\/1207\/ResultSchedule\/\">Calendario de Publicaci\u00f3n de Resultados y Boletas Pendientes de\u00a0Procesar<\/a><\/li>\n<\/ul>\n<\/div>\n\n  <\/section>\n\n\t","protected":false},"excerpt":{"rendered":"<p>Publicaciones Electorales La\u00a0Gu\u00eda de Informaci\u00f3n para el Votante\u00a0es un folleto publicado por el Registro de Votantes del Condado de San Bernardino\u00a0que incluye informaci\u00f3n sobre la votaci\u00f3n y\u00a0los candidatos. Consulte la\u00a0Gu\u00eda de Informaci\u00f3n para el Votante para Miembros Generales de la SBCERA\u00a0[pdf] Consulte la\u00a0Gu\u00eda de Informaci\u00f3n para el Votante para Miembros<span class=\"ellipsis\">&#8230;<\/span><\/p>\n","protected":false},"author":19,"featured_media":37382,"parent":34742,"menu_order":0,"comment_status":"closed","ping_status":"closed","template":"templates\/rov-left-sidebar-template.php","meta":{"_acf_changed":false,"footnotes":""},"class_list":["post-43902","page","type-page","status-publish","has-post-thumbnail","hentry"],"acf":[],"_links":{"self":[{"href":"https:\/\/elections.sbcounty.gov\/es\/wp-json\/wp\/v2\/pages\/43902","targetHints":{"allow":["GET"]}}],"collection":[{"href":"https:\/\/elections.sbcounty.gov\/es\/wp-json\/wp\/v2\/pages"}],"about":[{"href":"https:\/\/elections.sbcounty.gov\/es\/wp-json\/wp\/v2\/types\/page"}],"author":[{"embeddable":true,"href":"https:\/\/elections.sbcounty.gov\/es\/wp-json\/wp\/v2\/users\/19"}],"replies":[{"embeddable":true,"href":"https:\/\/elections.sbcounty.gov\/es\/wp-json\/wp\/v2\/comments?post=43902"}],"version-history":[{"count":4,"href":"https:\/\/elections.sbcounty.gov\/es\/wp-json\/wp\/v2\/pages\/43902\/revisions"}],"predecessor-version":[{"id":83953,"href":"https:\/\/elections.sbcounty.gov\/es\/wp-json\/wp\/v2\/pages\/43902\/revisions\/83953"}],"up":[{"embeddable":true,"href":"https:\/\/elections.sbcounty.gov\/es\/wp-json\/wp\/v2\/pages\/34742"}],"wp:featuredmedia":[{"embeddable":true,"href":"https:\/\/elections.sbcounty.gov\/es\/wp-json\/wp\/v2\/media\/37382"}],"wp:attachment":[{"href":"https:\/\/elections.sbcounty.gov\/es\/wp-json\/wp\/v2\/media?parent=43902"}],"curies":[{"name":"wp","href":"https:\/\/api.w.org\/{rel}","templated":true}]}}