{"id":43428,"date":"2022-01-05T21:44:49","date_gmt":"2022-01-05T21:44:49","guid":{"rendered":"https:\/\/www.elections.sbcounty.gov\/?page_id=43428"},"modified":"2026-04-02T14:47:44","modified_gmt":"2026-04-02T21:47:44","slug":"bymail","status":"publish","type":"page","link":"https:\/\/elections.sbcounty.gov\/es\/voting\/bymail\/","title":{"rendered":"Vote por Correo"},"content":{"rendered":"  <section data-isd-block-id=\"rov-content-blockblock_af5b38fbd0602be138f00106b3115abb\"\n\t\t\t\t\t\t\t\t\t\t \t\t\t\t\t\t\t\t\t\t\t class=\"card-style main-content-wrapper rov-card-style mb-4\">\n\n\t<h2 class=\"block-subtitle blue\">Reemplazo de Boletas para el 24 de marzo de 2026, Elecci\u00f3n Especial de la Ciudad de Ontario de 2026<\/h2>\n\n\t<div class=\"ctnr-block-content\"><p>En California, todos los votantes registrados activos reciben por correo una boleta antes de cada una de las elecciones.<\/p>\n<ul>\n<li>Las boletas de voto por correo para la Elecci\u00f3n Especial de la Ciudad de Ontario de 24 de marzo de 2026 se entregar\u00e1n al Servicio Postal de Estados Unidos el 23 de febrero de 2026.<\/li>\n<\/ul>\n<p>Si pierde, da\u00f1a o marca mal su boleta, puede solicitar un reemplazo al:<\/p>\n<ul>\n<li>Env\u00ede una\u00a0<a href=\"https:\/\/uploads.rov.sbcounty.gov\/ROV\/es\/Elections\/2025\/0624\/Application_MBReplacement.pdf\">Solicitud de Boleta por Correo de Reemplazo<\/a>\u00a0[pdf]\n<ul>\n<li>Esta solicitud debe entregarse en persona o por correo<\/li>\n<li>Las boletas oficiales pueden recogerse a partir del lunes 23 de febrero<\/li>\n<\/ul>\n<\/li>\n<li>Visitar la oficina del Registro de Votantes, del 23 de febrero al 24 de marzo\n<ul>\n<li>Lunes a viernes, de 8 a.m. a 5 p.m.<\/li>\n<li>D\u00eda de las Elecciones, martes, 24 de marzo, de 7 a.m. a 8 p.m.<\/li>\n<\/ul>\n<\/li>\n<li>Visitar una casilla para\u00a0<a href=\"https:\/\/elections.sbcounty.gov\/es\/Voting\/Early\/#0624\">Voto Anticipado<\/a><\/li>\n<li>Autorizar a otra persona para que recoja su boleta por correo con una\u00a0<a href=\"https:\/\/uploads.rov.sbcounty.gov\/rov\/es\/Elections\/2024\/1105\/Application_VotersRepresentative.pdf\">Solicitud para Entregar una Boleta por Correo a un Representante<\/a>\u00a0[pdf]\n<ul>\n<li>Las boletas oficiales pueden recogerse a partir del lunes 23 de febrero.<\/li>\n<\/ul>\n<\/li>\n<\/ul>\n<\/div>\n\n  <\/section>\n\n\t\n\n  <section data-isd-block-id=\"rov-content-blockblock_20810257908e7d928cbd7da3678ce485\"\n\t\t\t\t\t\t\t\t\t\t \t\t\t\t\t\t\t\t\t\t\t\tid=\"Replacement\"\n\t\t\t\t\t\t\t\t\t\t\t\t\t\t\t   \t\t\t\t\t\t\t\t\t\t\t class=\"card-style main-content-wrapper rov-card-style mb-4\">\n\n\t<h2 class=\"block-subtitle blue\">Reemplazo de Boletas el 2 de junio de 2026, Elecciones Primarias Directas Estatales 2026<\/h2>\n\n\t<div class=\"ctnr-block-content\"><p>En California, todos los votantes registrados activos reciben por correo una boleta antes de cada una de las elecciones.<\/p>\n<ul>\n<li>Las boletas de voto por correo para las Elecciones Primarias Directas Estatales de 2 de junio de 2026 se entregar\u00e1n al Servicio Postal de Estados Unidos el 4 de mayo de 2026.<\/li>\n<\/ul>\n<p>Si pierde, da\u00f1a o marca mal su boleta, puede solicitar un reemplazo al:<\/p>\n<ul>\n<li>Env\u00ede una\u00a0<a href=\"https:\/\/uploads.rov.sbcounty.gov\/ROV\/es\/Elections\/2026\/0602\/Application_MBReplacement.pdf\">Solicitud de Boleta por Correo de Reemplazo<\/a>\u00a0[pdf]\n<ul>\n<li>Esta solicitud debe entregarse en persona o por correo<\/li>\n<li>Las boletas oficiales pueden recogerse a partir del lunes 4 de mayo<\/li>\n<\/ul>\n<\/li>\n<li>Visitar la oficina del Registro de Votantes, del 4 de mayo al 2 de junio\n<ul>\n<li>Lunes a viernes, de 8 a.m. a 5 p.m.<\/li>\n<li>D\u00eda de las Elecciones, martes, 2 de junio, de 7 a.m. a 8 p.m.<\/li>\n<\/ul>\n<\/li>\n<li>Visitar una casilla para\u00a0<a href=\"https:\/\/elections.sbcounty.gov\/es\/Voting\/Early\/#0624\">Voto Anticipado<\/a><\/li>\n<li>Autorizar a otra persona para que recoja su boleta por correo con una\u00a0<a href=\"https:\/\/uploads.rov.sbcounty.gov\/rov\/es\/Elections\/2024\/1105\/Application_VotersRepresentative.pdf\">Solicitud para Entregar una Boleta por Correo a un Representante<\/a>\u00a0[pdf]\n<ul>\n<li>Las boletas oficiales pueden recogerse a partir del lunes 4 de mayo.<\/li>\n<\/ul>\n<\/li>\n<\/ul>\n<\/div>\n\n  <\/section>\n\n\t\n\n  <section data-isd-block-id=\"rov-content-blockblock_a5dd836000bb194b6168304dec5796c1\"\n\t\t\t\t\t\t\t\t\t\t \t\t\t\t\t\t\t\t\t\t\t class=\"card-style main-content-wrapper rov-card-style mb-4\">\n\n\t<h2 class=\"block-subtitle blue\">Entrega de Boletas<\/h2>\n\n\t<div class=\"ctnr-block-content\"><p>Se entregan las Boletas de Voto por Correo a la Oficina Postal de los EE. UU.:<\/p>\n<ul>\n<li>23 de febrero para la Elecci\u00f3n Especial de la Ciudad de Ontario de 24 de marzo de 2026<\/li>\n<li>4 de mayo para las Elecciones Primarias Directas Estatales de 2 de junio de 2026<\/li>\n<\/ul>\n<\/div>\n\n  <\/section>\n\n\t\n\n  <section data-isd-block-id=\"rov-content-blockblock_4d96f86bed62d35d5f6a3bb7beff158d\"\n\t\t\t\t\t\t\t\t\t\t \t\t\t\t\t\t\t\t\t\t\t class=\"card-style main-content-wrapper rov-card-style mb-4\">\n\n\t<h2 class=\"block-subtitle blue\">Vote con una Boleta Accesible<\/h2>\n\n\t<div class=\"ctnr-block-content\"><p>Los votantes con discapacidades pueden votar independientemente, usando su computadora, para marcar una boleta accesible.<\/p>\n<ul>\n<li>Vote en una <a href=\"https:\/\/ca.omniballot.us\/sites\/06071\/SanBernardino_RAVBM\/app\/home\">boleta accesible<\/a> para la Elecci\u00f3n Especial de la Ciudad de Ontario de 24 de marzo de 2026<\/li>\n<li>Vote en una boleta accesible [pr\u00f3ximamente disponible] para las Elecciones Primarias Directas Estatales de 2 de junio de 2026<\/li>\n<\/ul>\n<\/div>\n\n  <\/section>\n\n\t\n\n  <section data-isd-block-id=\"rov-content-blockblock_e7fe417f1a025ed8057e643ca91c4d47\"\n\t\t\t\t\t\t\t\t\t\t \t\t\t\t\t\t\t\t\t\t\t\tid=\"translatedballotrequest\"\n\t\t\t\t\t\t\t\t\t\t\t\t\t\t\t   \t\t\t\t\t\t\t\t\t\t\t class=\"card-style main-content-wrapper rov-card-style mb-4\">\n\n\t<h2 class=\"block-subtitle blue\">Solicite una Boleta de Muestra Traducida<\/h2>\n\n\t<div class=\"ctnr-block-content\"><p>Solicite que se le envi\u00e9 por correo una boleta de muestra traducida para la <strong>Elecci\u00f3n Especial de la Ciudad de Ontario de 24 de marzo de 2026:<\/strong><\/p>\n<ul>\n<li><a href=\"https:\/\/uploads.rov.sbcounty.gov\/ROV\/Elections\/2026\/0324\/Form_TranslatedBallotRequest_CH.pdf\" target=\"_blank\" rel=\"noopener\">\u7d22\u53d6\u7ffb\u8b6f\u6210\u7e41\u9ad4\u4e2d\u6587\u7684\u9078\u7968\u6a23\u672c<\/a><\/li>\n<li><a href=\"https:\/\/uploads.rov.sbcounty.gov\/ROV\/Elections\/2026\/0324\/Form_TranslatedBallotRequest_TA.pdf\" target=\"_blank\" rel=\"noopener\">Kahilingan para sa Nakasaling Halimbawang Balota na nasa Tagalog<\/a><\/li>\n<li><a href=\"https:\/\/uploads.rov.sbcounty.gov\/ROV\/Elections\/2026\/0324\/Form_TranslatedBallotRequest_VI.pdf\" target=\"_blank\" rel=\"noopener\">Y\u00eau C\u1ea7u L\u00e1 Phi\u1ebfu M\u1eabu \u0110\u01b0\u1ee3c D\u1ecbch sang Ti\u1ebfng Vi\u1ec7t<\/a><\/li>\n<\/ul>\n<p>Solicite que se le envi\u00e9 por correo una boleta de muestra traducida para las<strong> Elecciones Primarias Directas Estatales de 2 de junio de 2026:<\/strong><\/p>\n<ul>\n<li>\u8981\u6c42\u4e2d\u6587\u9078\u7968\u7ffb\u8b6f\u6a23\u672c<\/li>\n<li>Permohonan Untuk Surat Suara Sampel Yang Diterjemahkan Dalam Bahasa Indonesia<\/li>\n<li>\ud55c\uad6d\uc5b4\ub85c \ubc88\uc5ed\ub41c \uacac\ubcf8 \ud22c\ud45c\uc9c0 \uc2e0\uccad\uc11c<\/li>\n<li>Kahilingan para sa Sampol na Balota na Nasalin sa Tagalog<\/li>\n<li>\u0e04\u0e33\u0e02\u0e2d\u0e23\u0e31\u0e1a\u0e1a\u0e31\u0e15\u0e23\u0e25\u0e07\u0e04\u0e30\u0e41\u0e19\u0e19\u0e15\u0e31\u0e27\u0e2d\u0e22\u0e48\u0e33\u0e07\u0e20\u0e33\u0e29\u0e33\u0e41\u0e1b\u0e25\u0e40\u0e1b\u0e47\u0e19\u0e20\u0e33\u0e29\u0e33\u0e44\u0e17\u0e22<\/li>\n<li>Y\u00eau c\u1ea7u G\u1eedi M\u1eabu phi\u1ebfu B\u1ea7u c\u1eed \u0110\u00e3 \u0111\u01b0\u1ee3c d\u1ecbch sang Ti\u1ebfng Vi\u1ec7t<\/li>\n<\/ul>\n<\/div>\n\n  <\/section>\n\n\t\n\n  <section data-isd-block-id=\"rov-content-blockblock_645a01a69f76e8b56de04b4d24d93944\"\n\t\t\t\t\t\t\t\t\t\t \t\t\t\t\t\t\t\t\t\t\t\tid=\"TranslatedSB\"\n\t\t\t\t\t\t\t\t\t\t\t\t\t\t\t   \t\t\t\t\t\t\t\t\t\t\t class=\"card-style main-content-wrapper rov-card-style mb-4\">\n\n\t<h2 class=\"block-subtitle blue\">Boletas de Muestra Traducidas<\/h2>\n\n\t<div class=\"ctnr-block-content\"><p>Puede ver boletas de muestra traducidas [pr\u00f3ximamente disponible] con todas las contiendas de las <strong>Elecci\u00f3n Especial de la Ciudad de Ontario de 24 de marzo de 2026<\/strong><strong>:<\/strong><\/p>\n<ul>\n<li><a class=\"docaccess-activated\" href=\"https:\/\/uploads.rov.sbcounty.gov\/ROV\/Elections\/2026\/0324\/Ballot-AllContests_CH.pdf\" target=\"_blank\" rel=\"noopener\" data-docaccess-source-url=\"https:\/\/uploads.rov.sbcounty.gov\/ROV\/Elections\/2026\/0324\/Ballot-AllContests_CH.pdf\" data-url-hash=\"f674a08c3319e69095103689af14a4e328d930776fea77240946dcef52f9e705\" data-url-status=\"disabled\">\u70ba\u5e6b\u52a9\u9078\u6c11\u4f7f\u7528\u5b98\u65b9\u9078\u7968\u9032\u884c\u6295\u7968\uff0c\u9019\u4efd\u8aaa\u660e\u5305\u542b\u4e2d\u6587\u7248\u7684\u9078\u7968\u6a23\u672c<\/a>\u3002<\/li>\n<li><a class=\"docaccess-activated\" href=\"https:\/\/uploads.rov.sbcounty.gov\/ROV\/Elections\/2026\/0324\/Ballot-AllContests_TA.pdf\" target=\"_blank\" rel=\"noopener\" data-docaccess-source-url=\"https:\/\/uploads.rov.sbcounty.gov\/ROV\/Elections\/2026\/0324\/Ballot-AllContests_TA.pdf\" data-url-hash=\"7431f9e361a64810f5208d5c3e947431aca8f61f53d3c58a509d7a192c57b5df\" data-url-status=\"disabled\">Para matulungan ang mga botante sa pagboto sa Opisyal na Balota, naglalaman ang gabay na ito ng mga pahina ng sample na balota na nakasalin sa Tagalog<\/a>.<\/li>\n<li><a class=\"docaccess-activated\" href=\"https:\/\/uploads.rov.sbcounty.gov\/ROV\/Elections\/2026\/0324\/Ballot-AllContests_VI.pdf\" target=\"_blank\" rel=\"noopener\" data-docaccess-source-url=\"https:\/\/uploads.rov.sbcounty.gov\/ROV\/Elections\/2026\/0324\/Ballot-AllContests_VI.pdf\" data-url-hash=\"f387b9935ce837cac335fc5496af8972811b1c74e1a2e971d8674d1a0dde240f\" data-url-status=\"disabled\">\u0110\u1ec3 h\u1ed7 tr\u1ee3 c\u00e1c c\u1eed tri trong vi\u1ec7c b\u1ea7u L\u00e1 Phi\u1ebfu Ch\u00ednh Th\u1ee9c, h\u01b0\u1edbng d\u1eabn n\u00e0y bao g\u1ed3m c\u00e1c trang l\u00e1 phi\u1ebfu m\u1eabu \u0111\u01b0\u1ee3c d\u1ecbch sang ti\u1ebfng Vi\u1ec7t<\/a>.<\/li>\n<\/ul>\n<p>Puede ver boletas de muestra traducidas [pr\u00f3ximamente disponible] con todas las contiendas de las <strong>Elecciones Primarias Directas Estatales de 2 de junio de 2026:<\/strong><\/p>\n<ul>\n<li>\u70ba\u5e6b\u52a9\u9078\u6c11\u4f7f\u7528\u5b98\u65b9\u9078\u7968\u9032\u884c\u6295\u7968\uff0c\u9019\u4efd\u8aaa\u660e\u5305\u542b\u4e2d\u6587\u7248\u7684\u9078\u7968\u6a23\u672c\u3002<\/li>\n<li>Untuk membantu pemilih dalam memilih Surat Suara Resmi, panduan ini berisi contoh halaman surat suara yang diterjemahkan ke dalam Bahasa Indonesia.<\/li>\n<li>\uc720\uad8c\uc790\uac00 \uacf5\uc2dd \ud22c\ud45c \uc6a9\uc9c0\ub85c \ud22c\ud45c\ud558\ub294 \uac83\uc744 \ub3d5\uae30 \uc704\ud574 \ubcf8 \uc548\ub0b4\uc11c\uc5d0\ub294 \ud55c\uad6d\uc5b4\ub85c \ubc88\uc5ed\ub41c \uc0d8\ud50c \ud22c\ud45c \uc6a9\uc9c0 \ud398\uc774\uc9c0\uac00 \ud3ec\ud568\ub418\uc5b4 \uc788\uc2b5\ub2c8\ub2e4.<\/li>\n<li>Para matulungan ang mga botante sa pagboto sa Opisyal na Balota, naglalaman ang gabay na ito ng mga pahina ng sample na balota na nakasalin sa Tagalog.<\/li>\n<li>\u0e40\u0e1e\u0e37\u0e48\u0e2d\u0e0a\u0e48\u0e27\u0e22\u0e40\u0e2b\u0e25\u0e37\u0e2d\u0e1c\u0e39\u0e49\u0e25\u0e07\u0e04\u0e30\u0e41\u0e19\u0e19\u0e43\u0e19\u0e01\u0e32\u0e23\u0e25\u0e07\u0e04\u0e30\u0e41\u0e19\u0e19\u0e40\u0e2a\u0e35\u0e22\u0e07\u0e1a\u0e31\u0e15\u0e23\u0e40\u0e25\u0e37\u0e2d\u0e01\u0e15\u0e31\u0e49\u0e07\u0e02\u0e2d\u0e07\u0e17\u0e32\u0e07\u0e01\u0e32\u0e23 \u0e04\u0e39\u0e48\u0e21\u0e37\u0e2d\u0e19\u0e35\u0e49\u0e21\u0e35\u0e15\u0e31\u0e27\u0e2d\u0e22\u0e48\u0e32\u0e07\u0e2b\u0e19\u0e49\u0e32\u0e1a\u0e31\u0e15\u0e23\u0e25\u0e07\u0e04\u0e30\u0e41\u0e19\u0e19\u0e17\u0e35\u0e48\u0e41\u0e1b\u0e25 \u0e40\u0e1b\u0e47\u0e19\u0e20\u0e32\u0e29\u0e32\u0e44\u0e17\u0e22<\/li>\n<li>\u0110\u1ec3 h\u1ed7 tr\u1ee3 c\u00e1c c\u1eed tri trong vi\u1ec7c b\u1ea7u L\u00e1 Phi\u1ebfu Ch\u00ednh Th\u1ee9c, h\u01b0\u1edbng d\u1eabn n\u00e0y bao g\u1ed3m c\u00e1c trang l\u00e1 phi\u1ebfu m\u1eabu \u0111\u01b0\u1ee3c d\u1ecbch sang ti\u1ebfng Vi\u1ec7t.<\/li>\n<\/ul>\n<\/div>\n\n  <\/section>\n\n\t\n\n  <section data-isd-block-id=\"rov-content-blockblock_f1c1d4d008ff6f632f668bc8d9881450\"\n\t\t\t\t\t\t\t\t\t\t \t\t\t\t\t\t\t\t\t\t\t class=\"card-style main-content-wrapper rov-card-style mb-4\">\n\n\t<h2 class=\"block-subtitle blue\">Devuelva una Boleta de Voto por Correo<\/h2>\n\n\t<div class=\"ctnr-block-content\"><p><strong>Devuelva una boleta de voto por correo para la Elecci\u00f3n Especial de la Ciudad de Ontario de 24 de marzo de 2026:<\/strong><\/p>\n<ul>\n<li>En un Lugar para Depositar las Boletas por Correo\n<ul>\n<li>Consulte la lista de los\u00a0<a href=\"https:\/\/uploads.rov.sbcounty.gov\/ROV\/es\/News\/2026\/0324\/PublicNotice_MailBallot_DropOffLocations.pdf\">Lugares para Depositar las Boletas por Correo<\/a> [pdf].<\/li>\n<li>Las boletas deben entregarse antes de las 8 p.m. del martes 24 de marzo de 2026<\/li>\n<\/ul>\n<\/li>\n<li>Por correo a trav\u00e9s del Servicio Postal de los EE. UU.\n<ul>\n<li>No se requiere franqueo postal<\/li>\n<li>Las boletas deben tener un matasellos del martes, 24 de marzo o de una fecha anterior, y el Registro de Votantes debe recibirlas en un plazo de siete d\u00edas despu\u00e9s de las elecciones.<\/li>\n<\/ul>\n<\/li>\n<li>Depos\u00edtela en\u00a0una casilla para\u00a0<a href=\"https:\/\/elections.sbcounty.gov\/es\/Voting\/Early\/\">Voto Anticipado<\/a><\/li>\n<li>Depos\u00edtela en cualquier\u00a0<a href=\"https:\/\/uploads.rov.sbcounty.gov\/rov\/es\/News\/2026\/0324\/PublicNotice_PollingPlaceCentralCount.pdf\">Casilla Electoral<\/a> [pdf] el D\u00eda de las Elecciones<\/li>\n<\/ul>\n<p><strong>Devuelva una boleta de voto por correo para las Elecciones Primarias Directas Estatales de 2 de junio de 2026:<\/strong><\/p>\n<ul>\n<li>En un Lugar para Depositar las Boletas por Correo\n<ul>\n<li>Consulte la lista de los\u00a0Lugares para Depositar las Boletas por Correo\u00a0[pr\u00f3ximamente disponible].<\/li>\n<li>Consulte un mapa de los\u00a0Lugares para Depositar las Boletas por Correo [pr\u00f3ximamente disponible].<\/li>\n<li>Las boletas deben entregarse antes de las 8 p.m. del martes 2 de junio de 2026<\/li>\n<\/ul>\n<\/li>\n<li>Por correo a trav\u00e9s del Servicio Postal de los EE. UU.\n<ul>\n<li>No se requiere franqueo postal<\/li>\n<li>Las boletas deben tener un matasellos del martes, 2 de junio o de una fecha anterior, y el Registro de Votantes debe recibirlas en un plazo de siete d\u00edas despu\u00e9s de las elecciones.<\/li>\n<\/ul>\n<\/li>\n<li>Depos\u00edtela en\u00a0una casilla para\u00a0<a href=\"https:\/\/elections.sbcounty.gov\/es\/Voting\/Early\/\">Voto Anticipado<\/a><\/li>\n<li>Depos\u00edtela en cualquier\u00a0Casilla Electoral [pr\u00f3ximamente disponible]\u00a0el D\u00eda de las Elecciones<\/li>\n<\/ul>\n<\/div>\n\n  <\/section>\n\n\t\n\n  <section data-isd-block-id=\"rov-content-blockblock_df308eebb72112cbe14cde859fcf34cb\"\n\t\t\t\t\t\t\t\t\t\t \t\t\t\t\t\t\t\t\t\t\t class=\"card-style main-content-wrapper rov-card-style mb-4\">\n\n\t<h2 class=\"block-subtitle blue\">Revise el Estado de su Boleta de Voto por Correo<\/h2>\n\n\t<div class=\"ctnr-block-content\"><p><a href=\"https:\/\/elections.sbcounty.gov\/es\/voterregistration\/myelectiongatewayinfo\/\">Revise el estado de su Boleta de Voto por Correo marcada<\/a> usando la herramienta Estado de Boleta de Voto por Correo a trav\u00e9s de My Elections Gateway.<\/p>\n<p>Reg\u00edstrese en <a href=\"https:\/\/california.ballottrax.net\/voter\/\" target=\"_blank\" rel=\"noopener\">Where\u2019s My Ballot? (\u00bfD\u00f3nde est\u00e1 mi boleta?)<\/a> para recibir notificaciones por correo electr\u00f3nico, mensaje de texto o llamada de voz, y hacer un seguimiento de su boleta.<\/p>\n<\/div>\n\n  <\/section>\n\n\t\n\n  <section data-isd-block-id=\"rov-content-blockblock_f2e367b4aa588f1fbda55f4405dc6013\"\n\t\t\t\t\t\t\t\t\t\t \t\t\t\t\t\t\t\t\t\t\t class=\"card-style main-content-wrapper rov-card-style mb-4\">\n\n\t<h2 class=\"block-subtitle blue\">C\u00f3mo Se Resuelven Firmas no Firmadas, las Firmas que No Coinciden, para las Boletas por Correo y Boletas Provisionales<\/h2>\n\n\t<div class=\"ctnr-block-content\"><p>Cuando el Registro de Votantes recibe una boleta de voto por correo o una boleta provisional sin la firma del votante en el sobre de identificaci\u00f3n o no puede cotejar la firma del votante en el sobre de devoluci\u00f3n con la firma que aparece en su registro de votante, el Registro de Votantes no puede contar esa boleta. Sin embargo, la ley de California permite a los votantes otra oportunidad para corregir su boleta por correo o boleta provisional hasta dos d\u00edas antes de que se certifiquen los resultados de las elecciones. A estos votantes se les notifica por correo que pueden:<\/p>\n<ul>\n<li>Ir al Registro de Votantes para firmar personalmente el sobre de identificaci\u00f3n de la boleta por correo o la boleta provisional, o firmar la Verificaci\u00f3n de Firma y Declaraci\u00f3n del Sobre de Identificaci\u00f3n Sin firmar;<\/li>\n<li>Completar y devolver una Verificaci\u00f3n de Firma y Declaraci\u00f3n del Sobre de Identificaci\u00f3n Sin firmar<\/li>\n<li>Solucionar la firma <a href=\"https:\/\/ca.omniballot.us\/sites\/06071\/SanBernardino_CURE\/app\/home\" target=\"_blank\" rel=\"noopener\">en\u00a0l\u00ednea<\/a> su sobre de identificaci\u00f3n en su boleta.<\/li>\n<\/ul>\n<p>Si recibe una carta del Registro de Votantes que indica que su firma en su sobre de devoluci\u00f3n de la boleta por correo o boleta provisional no coincide con su firma registrada, complete y devuelva inmediatamente una Verificaci\u00f3n de Firma y Declaraci\u00f3n del Sobre de Identificaci\u00f3n Sin firmar.<\/p>\n<p><strong><em>Para las boletas por correo:<\/em><\/strong><\/p>\n<ul>\n<li><a class=\"docaccess-activated\" href=\"https:\/\/uploads.rov.sbcounty.gov\/ROV\/es\/elections\/2026\/0324\/Form_UBS-SVS-MB.pdf\" data-docaccess-source-url=\"https:\/\/uploads.rov.sbcounty.gov\/ROV\/es\/elections\/2026\/0324\/Form_UBS-SVS-MB.pdf\" data-url-hash=\"archived\" data-url-status=\"archived\">Verificaci\u00f3n de Firma y Declaraci\u00f3n del Sobre de Identificaci\u00f3n Sin firmar<\/a> \u2013 \u00a0Elecci\u00f3n Especial de la Ciudad de Ontario de 2026<\/li>\n<li>Verificaci\u00f3n de Firma y Declaraci\u00f3n del Sobre de Identificaci\u00f3n Sin firmar \u2013 \u00a0Elecciones Primarias Directas Estatales de 2026 [pr\u00f3ximamente disponible]<\/li>\n<\/ul>\n<p><strong><em>Para las boletas provisionales:<\/em><\/strong><\/p>\n<ul>\n<li><a class=\"docaccess-activated\" href=\"https:\/\/uploads.rov.sbcounty.gov\/ROV\/es\/elections\/2026\/0324\/Form_UBS-SVS-Provisional.pdf\" target=\"_blank\" rel=\"noopener\" data-docaccess-source-url=\"https:\/\/uploads.rov.sbcounty.gov\/ROV\/es\/elections\/2026\/0324\/Form_UBS-SVS-Provisional.pdf\" data-url-hash=\"e3b6727f59c1811fbfe01646050881f0504a43eed294d306ae27730b6a5142f6\" data-url-status=\"disabled\">Verificaci\u00f3n de Firma y Declaraci\u00f3n del Sobre de Identificaci\u00f3n Sin firmar<\/a> \u2013 \u00a0Elecci\u00f3n Especial de la Ciudad de Ontario de 2026<\/li>\n<li>Verificaci\u00f3n de Firma y Declaraci\u00f3n del Sobre de Identificaci\u00f3n Sin firmar \u2013 \u00a0Elecciones Primarias Directas Estatales de 2026 [pr\u00f3ximamente disponible]<\/li>\n<\/ul>\n<\/div>\n\n  <\/section>\n\n\t","protected":false},"excerpt":{"rendered":"<p>Reemplazo de Boletas para el 24 de marzo de 2026, Elecci\u00f3n Especial de la Ciudad de Ontario de 2026 En California, todos los votantes registrados activos reciben por correo una boleta antes de cada una de las elecciones. Las boletas de voto por correo para la Elecci\u00f3n Especial de la<span class=\"ellipsis\">&#8230;<\/span><\/p>\n","protected":false},"author":19,"featured_media":37382,"parent":114,"menu_order":0,"comment_status":"closed","ping_status":"closed","template":"templates\/rov-left-sidebar-template.php","meta":{"_acf_changed":false,"footnotes":""},"class_list":["post-43428","page","type-page","status-publish","has-post-thumbnail","hentry"],"acf":[],"_links":{"self":[{"href":"https:\/\/elections.sbcounty.gov\/es\/wp-json\/wp\/v2\/pages\/43428","targetHints":{"allow":["GET"]}}],"collection":[{"href":"https:\/\/elections.sbcounty.gov\/es\/wp-json\/wp\/v2\/pages"}],"about":[{"href":"https:\/\/elections.sbcounty.gov\/es\/wp-json\/wp\/v2\/types\/page"}],"author":[{"embeddable":true,"href":"https:\/\/elections.sbcounty.gov\/es\/wp-json\/wp\/v2\/users\/19"}],"replies":[{"embeddable":true,"href":"https:\/\/elections.sbcounty.gov\/es\/wp-json\/wp\/v2\/comments?post=43428"}],"version-history":[{"count":96,"href":"https:\/\/elections.sbcounty.gov\/es\/wp-json\/wp\/v2\/pages\/43428\/revisions"}],"predecessor-version":[{"id":93944,"href":"https:\/\/elections.sbcounty.gov\/es\/wp-json\/wp\/v2\/pages\/43428\/revisions\/93944"}],"up":[{"embeddable":true,"href":"https:\/\/elections.sbcounty.gov\/es\/wp-json\/wp\/v2\/pages\/114"}],"wp:featuredmedia":[{"embeddable":true,"href":"https:\/\/elections.sbcounty.gov\/es\/wp-json\/wp\/v2\/media\/37382"}],"wp:attachment":[{"href":"https:\/\/elections.sbcounty.gov\/es\/wp-json\/wp\/v2\/media?parent=43428"}],"curies":[{"name":"wp","href":"https:\/\/api.w.org\/{rel}","templated":true}]}}