{"id":43413,"date":"2022-01-05T21:20:48","date_gmt":"2022-01-05T21:20:48","guid":{"rendered":"https:\/\/www.elections.sbcounty.gov\/?page_id=43413"},"modified":"2024-07-22T10:18:36","modified_gmt":"2024-07-22T17:18:36","slug":"records","status":"publish","type":"page","link":"https:\/\/elections.sbcounty.gov\/es\/voterregistration\/records\/","title":{"rendered":"Acceso P\u00fablico a los Archivos del Registro de Votantes"},"content":{"rendered":"  <section data-isd-block-id=\"rov-content-blockblock_4e028e19fc5eb55ccf3d923cbd545a62\"\n\t\t\t\t\t\t\t\t\t\t \t\t\t\t\t\t\t\t\t\t\t\tid=\"Weekly-Report-of-Registration\"\n\t\t\t\t\t\t\t\t\t\t\t\t\t\t\t   \t\t\t\t\t\t\t\t\t\t\t class=\"card-style main-content-wrapper rov-card-style mb-4\">\n\n\t<h2 class=\"block-subtitle blue\">Informe Semanal de Registro<\/h2>\n\n\t<div class=\"ctnr-block-content\"><p>Todos los domingos, el Registro de Votantes publica un\u00a0<a href=\"https:\/\/uploads.rov.sbcounty.gov\/ROV\/DistrictSummary.pdf\" target=\"_blank\" rel=\"noopener\">Informe Semanal de Registro<\/a>\u00a0[pdf].\u00a0Este informe indica el n\u00famero de votantes de cada partido para todas las jurisdicciones pol\u00edticas del Condado.<\/p>\n<\/div>\n\n  <\/section>\n\n\t\n\n  <section data-isd-block-id=\"rov-content-blockblock_27408effa4fd00fcc306b4921d24c663\"\n\t\t\t\t\t\t\t\t\t\t \t\t\t\t\t\t\t\t\t\t\t\tid=\"Certified-Copy-of-Voter-Registration\"\n\t\t\t\t\t\t\t\t\t\t\t\t\t\t\t   \t\t\t\t\t\t\t\t\t\t\t class=\"card-style main-content-wrapper rov-card-style mb-4\">\n\n\t<h2 class=\"block-subtitle blue\">Copia Certificada del Registro de Votantes<\/h2>\n\n\t<div class=\"ctnr-block-content\"><p>Los votantes pueden comprar:<\/p>\n<ul>\n<li>Una copia certificada de su solicitud de registro de votante (tiene informaci\u00f3n confidencial)<\/li>\n<li>Una carta certificada que confirme su registro actual o anterior (sin informaci\u00f3n confidencial)<\/li>\n<\/ul>\n<p>Los votantes pueden obtener cualquiera de estos documentos en persona en la\u00a0<a href=\"https:\/\/elections.sbcounty.gov\/es\/Contact-Us\/\">oficina del\u00a0Registro de Votantes<\/a>.\u00a0 El solicitante deber\u00e1 completar una solicitud, presentar una identificaci\u00f3n v\u00e1lida con foto emitida por el gobierno y pagar $1.50 por cada copia o carta certificada.<\/p>\n<p>El Registro de Votantes no cumplir\u00e1 solicitudes de copias certificadas de informaci\u00f3n confidencial de otro votante.<\/p>\n<\/div>\n\n  <\/section>\n\n\t\n\n  <section data-isd-block-id=\"rov-content-blockblock_a5ac998a315d45ff701df4ac94e456c7\"\n\t\t\t\t\t\t\t\t\t\t \t\t\t\t\t\t\t\t\t\t\t\tid=\"Purchasing-Voter-Files-&amp;-Custom-Reports\"\n\t\t\t\t\t\t\t\t\t\t\t\t\t\t\t   \t\t\t\t\t\t\t\t\t\t\t class=\"card-style main-content-wrapper rov-card-style mb-4\">\n\n\t<h2 class=\"block-subtitle blue\">Compra de Archivos de Votantes e Informes Personalizados<\/h2>\n\n\t<div class=\"ctnr-block-content\"><p>El archivo de votantes del Condado se puede comprar con fines electorales, acad\u00e9micos, period\u00edsticos, pol\u00edticos o gubernamentales mediante una <a href=\"https:\/\/uploads.rov.sbcounty.gov\/ROV\/VoterRegistration\/Form_ApplicationForVoterRegistrationInformation.pdf\" target=\"_blank\" rel=\"noopener\">Solicitud de Informaci\u00f3n de Registro de Votantes<\/a> [pdf]. Las solicitudes deben ser llenadas por completo y entregadas en persona o por correo con la firma original del solicitante (tambi\u00e9n conocida como firma manuscrita). Tambi\u00e9n se encuentran disponibles informes y mapas personalizados. <a href=\"https:\/\/uploads.rov.sbcounty.gov\/ROV\/es\/AboutUs\/ProductsandServices\/List_ProductsAndServices.pdf\" target=\"_blank\" rel=\"noopener\">Consulte la lista de precios del Registro de Votantes<\/a> [pdf]. El pago se puede realizar en efectivo, cheque, orden de pago, cheque de caja o tarjeta de cr\u00e9dito.<\/p>\n<\/div>\n\n  <\/section>\n\n\t\n\n\n\n","protected":false},"excerpt":{"rendered":"<p>Informe Semanal de Registro Todos los domingos, el Registro de Votantes publica un\u00a0Informe Semanal de Registro\u00a0[pdf].\u00a0Este informe indica el n\u00famero de votantes de cada partido para todas las jurisdicciones pol\u00edticas del Condado. Copia Certificada del Registro de Votantes Los votantes pueden comprar: Una copia certificada de su solicitud de registro<span class=\"ellipsis\">&#8230;<\/span><\/p>\n","protected":false},"author":19,"featured_media":37382,"parent":105,"menu_order":0,"comment_status":"closed","ping_status":"closed","template":"templates\/rov-left-sidebar-template.php","meta":{"_acf_changed":false,"footnotes":""},"class_list":["post-43413","page","type-page","status-publish","has-post-thumbnail","hentry"],"acf":[],"_links":{"self":[{"href":"https:\/\/elections.sbcounty.gov\/es\/wp-json\/wp\/v2\/pages\/43413","targetHints":{"allow":["GET"]}}],"collection":[{"href":"https:\/\/elections.sbcounty.gov\/es\/wp-json\/wp\/v2\/pages"}],"about":[{"href":"https:\/\/elections.sbcounty.gov\/es\/wp-json\/wp\/v2\/types\/page"}],"author":[{"embeddable":true,"href":"https:\/\/elections.sbcounty.gov\/es\/wp-json\/wp\/v2\/users\/19"}],"replies":[{"embeddable":true,"href":"https:\/\/elections.sbcounty.gov\/es\/wp-json\/wp\/v2\/comments?post=43413"}],"version-history":[{"count":9,"href":"https:\/\/elections.sbcounty.gov\/es\/wp-json\/wp\/v2\/pages\/43413\/revisions"}],"predecessor-version":[{"id":84890,"href":"https:\/\/elections.sbcounty.gov\/es\/wp-json\/wp\/v2\/pages\/43413\/revisions\/84890"}],"up":[{"embeddable":true,"href":"https:\/\/elections.sbcounty.gov\/es\/wp-json\/wp\/v2\/pages\/105"}],"wp:featuredmedia":[{"embeddable":true,"href":"https:\/\/elections.sbcounty.gov\/es\/wp-json\/wp\/v2\/media\/37382"}],"wp:attachment":[{"href":"https:\/\/elections.sbcounty.gov\/es\/wp-json\/wp\/v2\/media?parent=43413"}],"curies":[{"name":"wp","href":"https:\/\/api.w.org\/{rel}","templated":true}]}}