{"id":43287,"date":"2022-01-05T19:00:21","date_gmt":"2022-01-05T19:00:21","guid":{"rendered":"https:\/\/www.elections.sbcounty.gov\/?page_id=43287"},"modified":"2024-10-25T12:47:07","modified_gmt":"2024-10-25T19:47:07","slug":"incountycoaforms","status":"publish","type":"page","link":"https:\/\/elections.sbcounty.gov\/es\/voterregistration\/incountycoaforms\/","title":{"rendered":"Formularios de Cambio de Direcci\u00f3n dentro del Condado"},"content":{"rendered":"  <section data-isd-block-id=\"rov-content-blockblock_cba42458e60b0808d3c4077ec8f1e8c7\"\n\t\t\t\t\t\t\t\t\t\t \t\t\t\t\t\t\t\t\t\t\t class=\"card-style main-content-wrapper rov-card-style mb-4\">\n\n\t<h2 class=\"block-subtitle blue\">Formularios de Cambio de Direcci\u00f3n dentro del Condado<\/h2>\n\n\t<div class=\"ctnr-block-content\"><p><a href=\"https:\/\/uploads.rov.sbcounty.gov\/ROV\/VoterRegistration\/Form_ChangeOfAddress_Fillable_EN.pdf\" target=\"_blank\" rel=\"noopener\">Ingl\u00e9s<\/a><\/p>\n<p><a href=\"https:\/\/uploads.rov.sbcounty.gov\/ROV\/VoterRegistration\/Form_ChangeOfAddress_Fillable_SP.pdf\" target=\"_blank\" rel=\"noopener\">Espa\u00f1ol<\/a><\/p>\n<p><a href=\"https:\/\/uploads.rov.sbcounty.gov\/ROV\/VoterRegistration\/Form_ChangeOfAddress_Fillable_CH.pdf\" target=\"_blank\" rel=\"noopener\">\u4e2d\u6587 [Chino]<\/a><\/p>\n<p><a href=\"https:\/\/uploads.rov.sbcounty.gov\/ROV\/VoterRegistration\/Form_ChangeOfAddress_Fillable_IN.pdf\" target=\"_blank\" rel=\"noopener\">Bahasa Indonesia\u00a0[Indonesio]<\/a><\/p>\n<p><a href=\"https:\/\/uploads.rov.sbcounty.gov\/ROV\/VoterRegistration\/Form_ChangeOfAddress_Fillable_KO.pdf\" target=\"_blank\" rel=\"noopener\">\ud55c\uad6d\uc5b4 [Coreano]<\/a><\/p>\n<p><a href=\"https:\/\/uploads.rov.sbcounty.gov\/ROV\/VoterRegistration\/Form_ChangeOfAddress_Fillable_TA.pdf\" target=\"_blank\" rel=\"noopener\">Tagalo<\/a><\/p>\n<p><a href=\"https:\/\/uploads.rov.sbcounty.gov\/ROV\/VoterRegistration\/Form_ChangeOfAddress_Fillable_TH.pdf\" target=\"_blank\" rel=\"noopener\">\u0e20\u0e32\u0e29\u0e32\u0e44\u0e17\u0e22 [Tailand\u00e9s]<\/a><\/p>\n<p><a href=\"https:\/\/uploads.rov.sbcounty.gov\/ROV\/VoterRegistration\/Form_ChangeOfAddress_Fillable_VI.pdf\" target=\"_blank\" rel=\"noopener\">Ti\u1ebfng Vi\u1ec7t [Vietnamita]<\/a><\/p>\n<\/div>\n\n  <\/section>\n\n\t","protected":false},"excerpt":{"rendered":"<p>Formularios de Cambio de Direcci\u00f3n dentro del Condado Ingl\u00e9s Espa\u00f1ol \u4e2d\u6587 [Chino] Bahasa Indonesia\u00a0[Indonesio] \ud55c\uad6d\uc5b4 [Coreano] Tagalo \u0e20\u0e32\u0e29\u0e32\u0e44\u0e17\u0e22 [Tailand\u00e9s] Ti\u1ebfng Vi\u1ec7t [Vietnamita]<\/p>\n","protected":false},"author":19,"featured_media":37382,"parent":105,"menu_order":0,"comment_status":"closed","ping_status":"closed","template":"templates\/rov-full-width-no-title-template.php","meta":{"_acf_changed":false,"footnotes":""},"class_list":["post-43287","page","type-page","status-publish","has-post-thumbnail","hentry"],"acf":[],"_links":{"self":[{"href":"https:\/\/elections.sbcounty.gov\/es\/wp-json\/wp\/v2\/pages\/43287","targetHints":{"allow":["GET"]}}],"collection":[{"href":"https:\/\/elections.sbcounty.gov\/es\/wp-json\/wp\/v2\/pages"}],"about":[{"href":"https:\/\/elections.sbcounty.gov\/es\/wp-json\/wp\/v2\/types\/page"}],"author":[{"embeddable":true,"href":"https:\/\/elections.sbcounty.gov\/es\/wp-json\/wp\/v2\/users\/19"}],"replies":[{"embeddable":true,"href":"https:\/\/elections.sbcounty.gov\/es\/wp-json\/wp\/v2\/comments?post=43287"}],"version-history":[{"count":2,"href":"https:\/\/elections.sbcounty.gov\/es\/wp-json\/wp\/v2\/pages\/43287\/revisions"}],"predecessor-version":[{"id":86762,"href":"https:\/\/elections.sbcounty.gov\/es\/wp-json\/wp\/v2\/pages\/43287\/revisions\/86762"}],"up":[{"embeddable":true,"href":"https:\/\/elections.sbcounty.gov\/es\/wp-json\/wp\/v2\/pages\/105"}],"wp:featuredmedia":[{"embeddable":true,"href":"https:\/\/elections.sbcounty.gov\/es\/wp-json\/wp\/v2\/media\/37382"}],"wp:attachment":[{"href":"https:\/\/elections.sbcounty.gov\/es\/wp-json\/wp\/v2\/media?parent=43287"}],"curies":[{"name":"wp","href":"https:\/\/api.w.org\/{rel}","templated":true}]}}