{"id":43272,"date":"2022-01-05T18:56:36","date_gmt":"2022-01-05T18:56:36","guid":{"rendered":"https:\/\/www.elections.sbcounty.gov\/?page_id=43272"},"modified":"2024-02-28T20:34:25","modified_gmt":"2024-02-29T04:34:25","slug":"how","status":"publish","type":"page","link":"https:\/\/elections.sbcounty.gov\/es\/voterregistration\/how\/","title":{"rendered":"C\u00f3mo"},"content":{"rendered":"  <section data-isd-block-id=\"rov-content-blockblock_ab0e0acc72f4f8e8e8ffb5080f4288be\"\n\t\t\t\t\t\t\t\t\t\t \t\t\t\t\t\t\t\t\t\t\t class=\"card-style main-content-wrapper rov-card-style mb-4\">\n\n\t<h2 class=\"block-subtitle blue\">C\u00f3mo Registrarse<\/h2>\n\n\t<div class=\"ctnr-block-content\"><p>Para registrarse en l\u00ednea:<\/p>\n<p>Visite el <a href=\"https:\/\/registertovote.ca.gov\/es-mx\" target=\"_blank\" rel=\"noopener\">sitio web del Secretario de Estado de California<\/a> [enlace externo] y siga las instrucciones proporcionadas para llenar una Solicitud de Registro de Votantes en l\u00ednea.<\/p>\n<p>Para registrarse en una Solicitud de Registro de Votantes impresa:<\/p>\n<ul>\n<li>Obtenga una Solicitud de Registro de Votantes impresa<\/li>\n<li>Llene todos los campos obligatorios<\/li>\n<li>Firme la solicitud<\/li>\n<li>Devuelva su Solicitud de Registro de Votantes impresa por correo o en persona al <a href=\"https:\/\/elections.sbcounty.gov\/es\/Contact-Us\/\">Registro de Votantes del Condado de San Bernardino<\/a><\/li>\n<\/ul>\n<\/div>\n\n  <\/section>\n\n\t\n\n  <section data-isd-block-id=\"rov-content-blockblock_d38d5fb9bb28ffdbdd20e6fb179cac88\"\n\t\t\t\t\t\t\t\t\t\t \t\t\t\t\t\t\t\t\t\t\t class=\"card-style main-content-wrapper rov-card-style mb-4\">\n\n\t<h2 class=\"block-subtitle blue\">C\u00f3mo Cambiar su Nombre o Preferencia de Partido Pol\u00edtico<\/h2>\n\n\t<div class=\"ctnr-block-content\"><p>Si desea cambiar su nombre o su preferencia de partido pol\u00edtico en su registro de votante, tendr\u00e1 que volver a registrarse para votar.<\/p>\n<p>Para registrarse en l\u00ednea:<\/p>\n<p>Visite el <a href=\"https:\/\/registertovote.ca.gov\/es-mx\" target=\"_blank\" rel=\"noopener\">sitio web del Secretario de Estado de California<\/a> [enlace externo] y siga las instrucciones proporcionadas para llenar una Solicitud de Registro de Votantes en l\u00ednea.<\/p>\n<p>Para registrarse en una Solicitud de Registro de Votantes impresa:<\/p>\n<ul>\n<li>Obtenga una Solicitud de Registro de Votantes impresa<\/li>\n<li>Llene todos los campos obligatorios<\/li>\n<li>Firme la solicitud<\/li>\n<li>Devuelva su Solicitud de Registro de Votantes impresa por correo o en persona al <a href=\"https:\/\/elections.sbcounty.gov\/es\/Contact-Us\/\">Registro de Votantes del Condado de San Bernardino<\/a><\/li>\n<\/ul>\n<\/div>\n\n  <\/section>\n\n\t\n\n  <section data-isd-block-id=\"rov-content-blockblock_0211bf6df810a3e1c94db35d35697b2b\"\n\t\t\t\t\t\t\t\t\t\t \t\t\t\t\t\t\t\t\t\t\t class=\"card-style main-content-wrapper rov-card-style mb-4\">\n\n\t<h2 class=\"block-subtitle blue\">C\u00f3mo Cambiar Su Domicilio<\/h2>\n\n\t<div class=\"ctnr-block-content\"><p>Los votantes del Condado de San Bernardino pueden ahora usar un sencillo <a href=\"https:\/\/elections.sbcounty.gov\/es\/VoterRegistration\/InCountyCOAForms\/\" target=\"_blank\" rel=\"noopener\">Formulario de Cambio de Direcci\u00f3n<\/a> para actualizar un domicilio residencial o postal siempre que el votante siga residiendo en el Condado de San Bernardino.\u00a0\u00a0Los votantes pueden enviar por fax una foto o una imagen escaneada del formulario completado al 909-387-2022 o por correo electr\u00f3nico a <a href=\"mailto:VoterRegistrations@rov.sbcounty.gov\">VoterRegistrations@rov.sbcounty.gov<\/a>. Alternativamente, el formulario completado puede devolverse por correo o en persona al <a href=\"https:\/\/elections.sbcounty.gov\/es\/Contact-Us\/\" target=\"_blank\" rel=\"noopener\">Registro de Votantes<\/a>.<\/p>\n<p>Notas importantes:<\/p>\n<ul>\n<li>El <a href=\"https:\/\/elections.sbcounty.gov\/es\/VoterRegistration\/InCountyCOAForms\/\" target=\"_blank\" rel=\"noopener\">Formulario de Cambio de Direcci\u00f3n<\/a> no puede usarse para registrarse para votar, cambiar un nombre, cambiar la preferencia de partido pol\u00edtico, cambiar un domicilio residencial de un condado a otro, o solicitar una boleta por correo.<\/li>\n<li>Este formulario debe incluir la firma del votante. En este momento no se puede aceptar una firma electr\u00f3nica.<\/li>\n<\/ul>\n<\/div>\n\n  <\/section>\n\n\t\n\n  <section data-isd-block-id=\"rov-content-blockblock_4e1cd187c80403ce28a6c5b9aa54e03a\"\n\t\t\t\t\t\t\t\t\t\t \t\t\t\t\t\t\t\t\t\t\t\tid=\"AfterCOR\"\n\t\t\t\t\t\t\t\t\t\t\t\t\t\t\t   \t\t\t\t\t\t\t\t\t\t\t class=\"card-style main-content-wrapper rov-card-style mb-4\">\n\n\t<h2 class=\"block-subtitle blue\">C\u00f3mo Cambiar su Direcci\u00f3n Despu\u00e9s de la Fecha L\u00edmite de Registro<\/h2>\n\n\t<div class=\"ctnr-block-content\"><p>Para ayudar a los votantes, el Registro de Votantes cre\u00f3 un <a href=\"https:\/\/elections.sbcounty.gov\/es\/VoterRegistration\/InCountyCOAForms\/\" target=\"_blank\" rel=\"noopener\">Formulario de Cambio de Direcci\u00f3n<\/a> para que los votantes lo usen.<\/p>\n<p><strong>Si usted Vota por Correo<\/strong><\/p>\n<p>A m\u00e1s tardar siete d\u00edas antes de unas elecciones, imprima y complete un <a href=\"https:\/\/elections.sbcounty.gov\/es\/VoterRegistration\/InCountyCOAForms\/\" target=\"_blank\" rel=\"noopener\">Formulario de Cambio de Direcci\u00f3n<\/a> y env\u00ede una foto o una imagen escaneada del formulario firmado al Registro de Votantes por fax al 909-386-8388, por correo electr\u00f3nico a <a href=\"mailto:MailBallots@rov.sbcounty.gov\">MailBallots@rov.sbcounty.gov<\/a> o en persona. Indique en la portada de su fax o en su correo electr\u00f3nico que desea que se le env\u00ede una boleta por correo de reemplazo en funci\u00f3n de su nueva direcci\u00f3n.<\/p>\n<p><strong>Si usted Vota en una Casilla Electoral<\/strong><\/p>\n<p>Hasta el mediod\u00eda del d\u00eda anterior a las elecciones, imprima y complete un <a href=\"https:\/\/elections.sbcounty.gov\/es\/VoterRegistration\/InCountyCOAForms\/\" target=\"_blank\" rel=\"noopener\">Formulario de Cambio de Direcci\u00f3n<\/a> y env\u00ede una foto o una imagen escaneada del formulario firmado al Registro de Votantes por fax al 909-387-2022, por correo electr\u00f3nico a <a href=\"mailto:VoterRegistrations@rov.sbcounty.gov\">VoterRegistrations@rov.sbcounty.gov<\/a> o en persona. Recibir\u00e1 la boleta correcta en su casilla electoral el D\u00eda de las Elecciones.<\/p>\n<p>El D\u00eda de las Elecciones, tambi\u00e9n puede llevar el formulario completado a cualquier casilla electoral del condado o llenar el formulario en la casilla electoral. A continuaci\u00f3n, recibir\u00e1 su boleta correcta para votar.<\/p>\n<\/div>\n\n  <\/section>\n\n\t\n\n  <section data-isd-block-id=\"rov-content-blockblock_070e6f6014a443bcca360df841d3134b\"\n\t\t\t\t\t\t\t\t\t\t \t\t\t\t\t\t\t\t\t\t\t class=\"card-style main-content-wrapper rov-card-style mb-4\">\n\n\t<h2 class=\"block-subtitle blue\">Para Verificar su Estado de Registro<\/h2>\n\n\t<div class=\"ctnr-block-content\"><p>Las Solicitudes de Registro de Votantes se procesan diariamente. Una vez procesada su solicitud, se le enviar\u00e1 por correo una Tarjeta Postal de Aviso al Votante. Si no recibe la Tarjeta Postal de Aviso o desea comprobar el estado de su registro de votante, use <a href=\"https:\/\/elections.sbcounty.gov\/es\/VoterRegistration\/MyElectionGatewayInfo\/\">My Elections Gateway<\/a> o llame al 800-881-VOTE.<\/p>\n<\/div>\n\n  <\/section>\n\n\t\n\n  <section data-isd-block-id=\"rov-content-blockblock_db9e85fdf9d96ce53b9abff87a4a6786\"\n\t\t\t\t\t\t\t\t\t\t \t\t\t\t\t\t\t\t\t\t\t class=\"card-style main-content-wrapper rov-card-style mb-4\">\n\n\t<h2 class=\"block-subtitle blue\">Identificaci\u00f3n<\/h2>\n\n\t<div class=\"ctnr-block-content\"><div class=\"c_content_style\">\n<div id=\"dnn_ctr13181_ContentPane\" class=\"CadetBlue01_content\">\n<div id=\"dnn_ctr13181_ModuleContent\" class=\"DNNModuleContent ModDNNHTMLC\">\n<div id=\"dnn_ctr13181_HtmlModule_lblContent\">\n<p>Para poder registrarse para votar, usted necesita proporcionar uno de los siguientes:<\/p>\n<ul>\n<li>El n\u00famero de su licencia de conducir o los cuatro \u00faltimos d\u00edgitos de su n\u00famero del Seguro Social<\/li>\n<li>Identificaci\u00f3n con fotograf\u00eda vigente y v\u00e1lida<\/li>\n<li>Factura actual de servicios<\/li>\n<li>Estado de Cuenta Bancario<\/li>\n<li>Cheque gubernamental<\/li>\n<li>Recibo de n\u00f3mina<\/li>\n<li>Otro documento gubernamental<\/li>\n<\/ul>\n<p>Si no presenta uno de estos documentos en el momento del registro, es posible que se le pida que lo presente cuando vote por primera vez.<\/p>\n<\/div>\n<\/div>\n<\/div>\n<\/div>\n<\/div>\n\n  <\/section>\n\n\t","protected":false},"excerpt":{"rendered":"<p>C\u00f3mo Registrarse Para registrarse en l\u00ednea: Visite el sitio web del Secretario de Estado de California [enlace externo] y siga las instrucciones proporcionadas para llenar una Solicitud de Registro de Votantes en l\u00ednea. Para registrarse en una Solicitud de Registro de Votantes impresa: Obtenga una Solicitud de Registro de Votantes<span class=\"ellipsis\">&#8230;<\/span><\/p>\n","protected":false},"author":19,"featured_media":37382,"parent":105,"menu_order":0,"comment_status":"closed","ping_status":"closed","template":"templates\/rov-left-sidebar-no-title-template.php","meta":{"_acf_changed":false,"footnotes":""},"class_list":["post-43272","page","type-page","status-publish","has-post-thumbnail","hentry"],"acf":[],"_links":{"self":[{"href":"https:\/\/elections.sbcounty.gov\/es\/wp-json\/wp\/v2\/pages\/43272","targetHints":{"allow":["GET"]}}],"collection":[{"href":"https:\/\/elections.sbcounty.gov\/es\/wp-json\/wp\/v2\/pages"}],"about":[{"href":"https:\/\/elections.sbcounty.gov\/es\/wp-json\/wp\/v2\/types\/page"}],"author":[{"embeddable":true,"href":"https:\/\/elections.sbcounty.gov\/es\/wp-json\/wp\/v2\/users\/19"}],"replies":[{"embeddable":true,"href":"https:\/\/elections.sbcounty.gov\/es\/wp-json\/wp\/v2\/comments?post=43272"}],"version-history":[{"count":13,"href":"https:\/\/elections.sbcounty.gov\/es\/wp-json\/wp\/v2\/pages\/43272\/revisions"}],"predecessor-version":[{"id":89409,"href":"https:\/\/elections.sbcounty.gov\/es\/wp-json\/wp\/v2\/pages\/43272\/revisions\/89409"}],"up":[{"embeddable":true,"href":"https:\/\/elections.sbcounty.gov\/es\/wp-json\/wp\/v2\/pages\/105"}],"wp:featuredmedia":[{"embeddable":true,"href":"https:\/\/elections.sbcounty.gov\/es\/wp-json\/wp\/v2\/media\/37382"}],"wp:attachment":[{"href":"https:\/\/elections.sbcounty.gov\/es\/wp-json\/wp\/v2\/media?parent=43272"}],"curies":[{"name":"wp","href":"https:\/\/api.w.org\/{rel}","templated":true}]}}