{"id":43203,"date":"2022-01-05T18:21:54","date_gmt":"2022-01-05T18:21:54","guid":{"rendered":"https:\/\/www.elections.sbcounty.gov\/?page_id=43203"},"modified":"2022-01-05T18:21:54","modified_gmt":"2022-01-05T18:21:54","slug":"disclaimer","status":"publish","type":"page","link":"https:\/\/elections.sbcounty.gov\/es\/resources\/disclaimer\/","title":{"rendered":"Descargo de Responsabilidad"},"content":{"rendered":"  <section data-isd-block-id=\"rov-content-blockblock_47e0511eaef90971234aa4b25fad6172\"\n\t\t\t\t\t\t\t\t\t\t \t\t\t\t\t\t\t\t\t\t\t class=\"card-style main-content-wrapper rov-card-style mb-4\">\n\n\t<h2 class=\"block-subtitle blue\">Descargo de Responsabilidad en las Redes Sociales<\/h2>\n\n\t<div class=\"ctnr-block-content\"><p><strong>Descargo de responsabilidad:<\/strong><\/p>\n<p>Los comentarios y las im\u00e1genes publicados no representan necesariamente la opini\u00f3n del Condado de San\u00a0Bernardino. Los enlaces externos, no pertenecientes a sbcounty.gov, no constituyen un respaldo oficial por parte del Condado de San\u00a0Bernardino.<\/p>\n<p>El Condado no est\u00e1 necesariamente de acuerdo ni aprueba cada uno de los comentarios que las personas publican en sus p\u00e1ginas. El prop\u00f3sito del Condado es compartir ideas e informaci\u00f3n con el mayor n\u00famero posible de personas y nuestra pol\u00edtica es compartir los comentarios realizados en nuestras plataformas de acuerdo con las siguientes directrices.<\/p>\n<p>El contenido se eliminar\u00e1 de la vista p\u00fablica si contiene lo siguiente:<\/p>\n<p style=\"padding-left: 40px\">1. Es perjudicial para los menores, amenazante, ofensivo, acosador, malintencionado, difamatorio, vulgar, obsceno, calumnioso, invasivo de la privacidad ajena, odioso o censurable por motivos raciales, \u00e9tnicos o de cualquier otro tipo.<\/p>\n<p style=\"padding-left: 40px\">2. Revela informaci\u00f3n confidencial, informaci\u00f3n de identificaci\u00f3n personal o informaci\u00f3n de salud protegida que quien publica no tiene derecho a revelar.<\/p>\n<p style=\"padding-left: 40px\">3. Constituye una solicitud o publicidad comercial.<\/p>\n<p style=\"padding-left: 40px\">4. Infringe alguna patente, marca registrada, secreto comercial, derecho de autor u otro derechos de propiedad de alguna persona o entidad.<\/p>\n<p style=\"padding-left: 40px\">5. Fomenta o promueve conductas delictivas.<\/p>\n<p style=\"padding-left: 40px\">6. Compromete la seguridad o la protecci\u00f3n del p\u00fablico o de los sistemas p\u00fablicos.<\/p>\n<p style=\"padding-left: 40px\">7. Se considera Spam (mensajes masivos no solicitados).<\/p>\n<p style=\"padding-left: 40px\">8. Incluye enlaces a sitios web.<\/p>\n<p style=\"padding-left: 40px\">9. Se refiere a asuntos que no son jurisdicci\u00f3n del Condado.<\/p>\n<p style=\"padding-left: 40px\">10. Se env\u00eda de forma an\u00f3nima o con un nombre falso.<\/p>\n<p style=\"padding-left: 40px\">11. Es falso o enga\u00f1oso.<\/p>\n<p style=\"padding-left: 40px\">12. Aparece para hacer campa\u00f1a pol\u00edtica.<\/p>\n<p style=\"padding-left: 40px\">13. Incluye insultos o ataques personales.<\/p>\n<p style=\"padding-left: 40px\">14. Incluye otros contenidos que el Condado considera que infringen leyes, ordenanzas o c\u00f3digos del Condado aplicables.<\/p>\n<p>Todos los enlaces publicados como comentarios ser\u00e1n revisados y podr\u00e1n ser eliminados de la vista del p\u00fablico.<\/p>\n<p>Los usuarios garantizan que poseen o tienen permiso para publicar la informaci\u00f3n contenida en sus publicaciones, incluidos, entre otros, videos, fotos o reproducciones digitales, y que no se ha producido ninguna infracci\u00f3n de derechos de autor o de marca registrada debido a la publicaci\u00f3n en este sitio. Adem\u00e1s, el Condado de San\u00a0Bernardino no garantiza que la informaci\u00f3n publicada por los usuarios en este sitio sea correcta, y declina toda responsabilidad por cualquier p\u00e9rdida o da\u00f1o resultante de la confianza depositada en dicha informaci\u00f3n.<\/p>\n<p>Los usuarios de este sitio no conservan ning\u00fan derecho sobre sus publicaciones. Las publicaciones est\u00e1n destinadas a ser vistas por el p\u00fablico y cualquier informaci\u00f3n personal publicada constituye una renuncia a cualquier derecho a la privacidad o la confidencialidad.<\/p>\n<p>Las infracciones reiteradas de la pol\u00edtica sobre los comentarios pueden provocar el bloqueo del autor para que no pueda hacer m\u00e1s publicaciones.<\/p>\n<p>El Condado entiende que las redes sociales son un medio de comunicaci\u00f3n las 24 horas, los 7 d\u00edas de la semana; sin embargo, las capacidades de moderaci\u00f3n del Condado pueden ser limitadas. Es posible que el Condado no vea inmediatamente cada comentario inapropiado, y confiamos en que la comunidad ignore el contenido que infrinja los est\u00e1ndares antes descritos hasta que el Condado haya tenido la oportunidad de borrar dicho contenido de la vista del p\u00fablico.<\/p>\n<\/div>\n\n  <\/section>\n\n\t","protected":false},"excerpt":{"rendered":"<p>Descargo de Responsabilidad en las Redes Sociales Descargo de responsabilidad: Los comentarios y las im\u00e1genes publicados no representan necesariamente la opini\u00f3n del Condado de San\u00a0Bernardino. Los enlaces externos, no pertenecientes a sbcounty.gov, no constituyen un respaldo oficial por parte del Condado de San\u00a0Bernardino. El Condado no est\u00e1 necesariamente de acuerdo<span class=\"ellipsis\">&#8230;<\/span><\/p>\n","protected":false},"author":19,"featured_media":37382,"parent":43164,"menu_order":0,"comment_status":"closed","ping_status":"closed","template":"templates\/rov-full-width-no-title-template.php","meta":{"_acf_changed":false,"footnotes":""},"class_list":["post-43203","page","type-page","status-publish","has-post-thumbnail","hentry"],"acf":[],"_links":{"self":[{"href":"https:\/\/elections.sbcounty.gov\/es\/wp-json\/wp\/v2\/pages\/43203","targetHints":{"allow":["GET"]}}],"collection":[{"href":"https:\/\/elections.sbcounty.gov\/es\/wp-json\/wp\/v2\/pages"}],"about":[{"href":"https:\/\/elections.sbcounty.gov\/es\/wp-json\/wp\/v2\/types\/page"}],"author":[{"embeddable":true,"href":"https:\/\/elections.sbcounty.gov\/es\/wp-json\/wp\/v2\/users\/19"}],"replies":[{"embeddable":true,"href":"https:\/\/elections.sbcounty.gov\/es\/wp-json\/wp\/v2\/comments?post=43203"}],"version-history":[{"count":0,"href":"https:\/\/elections.sbcounty.gov\/es\/wp-json\/wp\/v2\/pages\/43203\/revisions"}],"up":[{"embeddable":true,"href":"https:\/\/elections.sbcounty.gov\/es\/wp-json\/wp\/v2\/pages\/43164"}],"wp:featuredmedia":[{"embeddable":true,"href":"https:\/\/elections.sbcounty.gov\/es\/wp-json\/wp\/v2\/media\/37382"}],"wp:attachment":[{"href":"https:\/\/elections.sbcounty.gov\/es\/wp-json\/wp\/v2\/media?parent=43203"}],"curies":[{"name":"wp","href":"https:\/\/api.w.org\/{rel}","templated":true}]}}