{"id":43146,"date":"2022-01-05T17:52:12","date_gmt":"2022-01-05T17:52:12","guid":{"rendered":"https:\/\/www.elections.sbcounty.gov\/?page_id=43146"},"modified":"2025-10-23T11:10:05","modified_gmt":"2025-10-23T18:10:05","slug":"2020","status":"publish","type":"page","link":"https:\/\/elections.sbcounty.gov\/es\/news\/2020\/","title":{"rendered":"Comunicados de Prensa y Avisos P\u00fablicos Archivados\u00a0de\u00a02020"},"content":{"rendered":"  <section data-isd-block-id=\"rov-content-blockblock_b097e8d0e041a43515ffd21cdf92ffef\"\n\t\t\t\t\t\t\t\t\t\t \t\t\t\t\t\t\t\t\t\t\t class=\"card-style main-content-wrapper rov-card-style mb-4\">\n\n\t<h2 class=\"block-subtitle blue\">Elecciones Generales Presidenciales \u2013 3 de noviembre de 2020<\/h2>\n\n\t<div class=\"ctnr-block-content\"><p>12-10-2020\u00a0\u00a0<a href=\"https:\/\/www.sbcounty.gov\/uploads\/ROV\/News\/2020\/1103\/PublicNotice_RecountWard5_WITHDRAWN.pdf\" target=\"_blank\" rel=\"noopener\">Aviso P\u00fablico \u2013 Recuento de la Ciudad de San Bernardino, Concejo Municipal, Distrito Electoral 5 \u2013 RETIRADO<\/a><\/p>\n<p>12-07-2020\u00a0\u00a0<a href=\"https:\/\/www.sbcounty.gov\/uploads\/ROV\/News\/2020\/1103\/Report_PollWorkersWorked.pdf\" target=\"_blank\" rel=\"noopener\">Aviso P\u00fablico \u2013 Trabajadores de Casillas Electorales que Trabajaron<\/a><\/p>\n<p>24-11-2020\u00a0\u00a0<a href=\"https:\/\/www.sbcounty.gov\/uploads\/ROV\/News\/2020\/1103\/PublicNotice_AppointmentsInLieu.pdf\" target=\"_blank\" rel=\"noopener\">Aviso P\u00fablico \u2013 Designaciones en Lugar de Elecciones<\/a><\/p>\n<p>05-11-2020\u00a0 <a href=\"https:\/\/www.sbcounty.gov\/uploads\/ROV\/News\/2020\/1103\/Notice_ObservationSchedule-UPDATED.pdf\" target=\"_blank\" rel=\"noopener\">Aviso P\u00fablico \u2013 Calendario de Observaci\u00f3n \u2013 ACTUALIZADO<\/a><\/p>\n<p>25-10-2020\u00a0 <a href=\"https:\/\/www.sbcounty.gov\/uploads\/ROV\/News\/2020\/1103\/Report_PollWorkersAssigned.pdf\" target=\"_blank\" rel=\"noopener\">Aviso P\u00fablico \u2013 Trabajadores de Casillas Electorales Asignados<\/a><\/p>\n<p>18-10-2020\u00a0 <a href=\"https:\/\/www.sbcounty.gov\/uploads\/ROV\/News\/2020\/1103\/PublicNotice_PollingPlaceCentralCount.pdf\" target=\"_blank\" rel=\"noopener\">Aviso P\u00fablico \u2013 Aviso sobre las Casillas Electorales y Aviso sobre el Lugar de Conteo Central<\/a><\/p>\n<p>04-10-2020\u00a0 <a href=\"https:\/\/www.sbcounty.gov\/uploads\/ROV\/News\/2020\/1103\/PublicNotice_MailBallotDropBoxesPublicCommentConsideration.pdf\" target=\"_blank\" rel=\"noopener\">Aviso P\u00fablico \u2013 Consideraci\u00f3n de los Comentarios del P\u00fablico y Ajuste de los Buzones de Boletas por Correo<\/a><\/p>\n<p>29-09-2020\u00a0 <a href=\"https:\/\/www.sbcounty.gov\/uploads\/ROV\/News\/2020\/1103\/Notice_ObservationSchedule-UPDATED.pdf\" target=\"_blank\" rel=\"noopener\">Aviso P\u00fablico \u2013 Calendario de Observaci\u00f3n<\/a><\/p>\n<p>16-09-2020\u00a0 <a href=\"https:\/\/www.sbcounty.gov\/uploads\/ROV\/News\/2020\/1103\/PublicNotice_PollingPlacesPublicCommentConsideration.pdf\" target=\"_blank\" rel=\"noopener\">Aviso P\u00fablico \u2013 Consideraci\u00f3n de los Comentarios del P\u00fablico y Ajuste de las Casillas Electorales<\/a><\/p>\n<p>08-09-2020\u00a0 Aviso P\u00fablico \u2013 Ubicaciones Propuestas para los Buzones de Voto por Correo y Periodo de 10 D\u00edas para Comentarios del P\u00fablico [ya no est\u00e1 disponible]<\/p>\n<p>01-09-2020\u00a0 Aviso P\u00fablico \u2013 Ubicaciones Propuestas para las Casillas Electorales y Periodo de 10 D\u00edas para Comentarios del P\u00fablico [ya no est\u00e1 disponible]<\/p>\n<p>13-08-2020\u00a0 <a href=\"https:\/\/www.sbcounty.gov\/uploads\/ROV\/News\/2020\/1103\/ROV_RandomDraw.pdf\" target=\"_blank\" rel=\"noopener\">Sorteo para Orden Aleatorizado de las Letras del Alfabeto del Condado de San Bernardino<\/a><\/p>\n<p>13-08-2020\u00a0 <a href=\"https:\/\/www.sbcounty.gov\/uploads\/ROV\/News\/2020\/1103\/SOS_RandomDraw.pdf\" target=\"_blank\" rel=\"noopener\">Sorteo para Orden Aleatorizado de las Letras del Alfabeto del Secretario de Estado<\/a><\/p>\n<p>10-08-2020\u00a0 <a href=\"https:\/\/www.sbcounty.gov\/uploads\/ROV\/News\/2020\/1103\/PublicNotice_LocalMeasureLetterAssignment.pdf\" target=\"_blank\" rel=\"noopener\">Aviso P\u00fablico \u2013 Asignaci\u00f3n de Letras de Medidas Locales<\/a><\/p>\n<p>07-08-2020\u00a0 <a href=\"https:\/\/www.sbcounty.gov\/uploads\/ROV\/News\/2020\/1103\/PublicNotice_CandidateFilingExtensions.pdf\" target=\"_blank\" rel=\"noopener\">Aviso P\u00fablico \u2013 Pr\u00f3rrogas de la Fecha L\u00edmite de Presentaci\u00f3n de Candidatos para Cargos Locales<\/a><\/p>\n<p>08-07-2020\u00a0 <a href=\"https:\/\/www.sbcounty.gov\/uploads\/ROV\/News\/2020\/1103\/PressRelease_ROVAnnouncesContactlessServicesToCandidates.pdf\" target=\"_blank\" rel=\"noopener\">Comunicado de Prensa \u2013 El Registro de Votantes (Register of Voters, ROV) anuncia los servicios sin contacto a los candidatos<\/a><\/p>\n<p>08-06-2020\u00a0 <a href=\"https:\/\/www.sbcounty.gov\/uploads\/ROV\/News\/2020\/1103\/Notice-GovernorsProclamationFor2020GeneralElection.pdf\" target=\"_blank\" rel=\"noopener\">Proclamaci\u00f3n del Gobernador: Elecciones Generales<\/a><\/p>\n<\/div>\n\n  <\/section>\n\n\t\n\n  <section data-isd-block-id=\"rov-content-blockblock_42b07ff4e9b7a6b31e9d6fa1eab69c24\"\n\t\t\t\t\t\t\t\t\t\t \t\t\t\t\t\t\t\t\t\t\t class=\"card-style main-content-wrapper rov-card-style mb-4\">\n\n\t<h2 class=\"block-subtitle blue\">Elecciones Primarias Presidenciales \u2013 3 de marzo de 2020<\/h2>\n\n\t<div class=\"ctnr-block-content\"><p>03-26-2020\u00a0\u00a0<a href=\"https:\/\/www.sbcounty.gov\/uploads\/ROV\/News\/2020\/0303\/Report_PollWorkersWorked.pdf\" target=\"_blank\" rel=\"noopener\">Aviso P\u00fablico \u2013 Trabajadores de Casillas Electorales que Trabajaron<\/a><\/p>\n<p>03-12-2020\u00a0\u00a0<a href=\"https:\/\/www.sbcounty.gov\/uploads\/ROV\/News\/2020\/0303\/Report_RandomSelectionOfMailBallotBatches_2020-03-11.pdf\" target=\"_blank\" rel=\"noopener\">Selecci\u00f3n Aleatoria de Lotes para el Proceso de Recuento Manual del 1%<\/a><\/p>\n<p>03-05-2020\u00a0\u00a0<a href=\"https:\/\/www.sbcounty.gov\/uploads\/ROV\/News\/2020\/0303\/Report_RandomSelectionOfPrecincts.pdf\" target=\"_blank\" rel=\"noopener\">Selecci\u00f3n Aleatoria de Distritos Electorales para el Proceso de Recuento Manual del 1%<\/a><\/p>\n<p>03-02-2020\u00a0\u00a0<a href=\"https:\/\/www.sbcounty.gov\/uploads\/ROV\/News\/2020\/0303\/PublicNotice_EarlyVoteClosed_LakeArrowhead_2020-03-02.pdf\" target=\"_blank\" rel=\"noopener\">Aviso P\u00fablico \u2013 La Casilla para Voto Anticipado de Lake Arrowhead est\u00e1 Cerrada Hoy<\/a><\/p>\n<p>02-26-2020\u00a0\u00a0<a href=\"https:\/\/www.sbcounty.gov\/uploads\/ROV\/News\/2020\/0303\/PublicNotice_MiddayPickUp.pdf\" target=\"_blank\" rel=\"noopener\">Aviso P\u00fablico \u2013 Recolecci\u00f3n al Mediod\u00eda de las Boletas en las Casillas Electorales<\/a><\/p>\n<p>02-24-2020\u00a0\u00a0<a href=\"https:\/\/www.sbcounty.gov\/uploads\/ROV\/Elections\/2020\/0303\/List_CertifiedPresidentialWriteInCandidates.pdf\" target=\"_blank\" rel=\"noopener\">Lista Certificada del Secretario de Estado de Candidatos Presidenciales por Escrito<\/a><\/p>\n<p>02-23-2020\u00a0\u00a0<a href=\"https:\/\/www.sbcounty.gov\/uploads\/ROV\/News\/2020\/0303\/Report_PollWorkersAssigned.pdf\" target=\"_blank\" rel=\"noopener\">Aviso P\u00fablico \u2013 Trabajadores de Casillas Electorales Asignados<\/a><\/p>\n<p>02-21-2020\u00a0\u00a0<a href=\"https:\/\/www.sbcounty.gov\/uploads\/ROV\/Elections\/2020\/0303\/List_CertifiedVoterNominatedWriteInCandidates.pdf\" target=\"_blank\" rel=\"noopener\">Lista Certificada del Secretario de Estado de Candidatos por Escrito a Cargos Nombrados por los Votantes<\/a><\/p>\n<p>02-21-2020\u00a0\u00a0<a href=\"https:\/\/www.sbcounty.gov\/uploads\/ROV\/News\/2020\/0303\/PressRelease_EarlyVoteExpands.pdf\" target=\"_blank\" rel=\"noopener\">Comunicado de Prensa \u2013 Se ampl\u00eda el voto anticipado para las Elecciones Primarias Presidenciales de 2020<\/a><\/p>\n<p>02-12-2020\u00a0\u00a0<a href=\"https:\/\/www.sbcounty.gov\/uploads\/ROV\/News\/2020\/0303\/PressRelease_VoterRegReminder.pdf\" target=\"_blank\" rel=\"noopener\">Comunicado de Prensa \u2013 Recordatorio de la fecha l\u00edmite de registro de votantes para las Primarias Presidenciales de 2020<\/a><\/p>\n<p>02-03-2020\u00a0\u00a0<a href=\"https:\/\/www.sbcounty.gov\/uploads\/ROV\/News\/2020\/0303\/PublicNotice_PollingPlaceCentralCount.pdf\" target=\"_blank\" rel=\"noopener\">Aviso P\u00fablico \u2013 Aviso sobre las Casillas Electorales y Aviso sobre el Lugar de Conteo Central<\/a><\/p>\n<p>01-29-2020\u00a0\u00a0<a href=\"https:\/\/www.sbcounty.gov\/uploads\/ROV\/News\/2020\/0303\/PressRelease_EarlyVote-MailBallots-VoterInfoGuides_2020-01-29.pdf\" target=\"_blank\" rel=\"noopener\">Comunicado de Prensa \u2013 Se abre el voto anticipado para las Elecciones Primarias Presidenciales de 2020<\/a><\/p>\n<p>01-28-2020\u00a0\u00a0<a href=\"https:\/\/www.sbcounty.gov\/uploads\/ROV\/News\/2020\/0303\/PublicNotice_ObservationSchedule-Revised-01-28-2020.pdf\" target=\"_blank\" rel=\"noopener\">Aviso P\u00fablico \u2013 Calendario de Observaci\u00f3n \u2013 Modificado<\/a><\/p>\n<p>01-24-2020\u00a0\u00a0<a href=\"https:\/\/www.sbcounty.gov\/uploads\/ROV\/News\/2020\/0303\/PublicNotice_ObservationSchedule.pdf\" target=\"_blank\" rel=\"noopener\">Aviso P\u00fablico \u2013 Calendario de Observaci\u00f3n<\/a><\/p>\n<p>01-08-2020\u00a0\u00a0<a href=\"https:\/\/www.sbcounty.gov\/uploads\/ROV\/News\/2020\/0303\/OpEd_2020Elections_SBCounty.pdf\" target=\"_blank\" rel=\"noopener\">Mensaje de Curt Hagman, Presidente de la Junta de Supervisores del Condado de San Bernardino<\/a><\/p>\n<p>12-27-2019\u00a0\u00a0<a href=\"https:\/\/www.sbcounty.gov\/uploads\/ROV\/Elections\/2020\/0303\/Report_SOSCandidateList.pdf\" target=\"_blank\" rel=\"noopener\">Lista Certificada de Candidatos del Secretario de Estado<\/a><\/p>\n<p>27-12-2019\u00a0 <a href=\"https:\/\/www.sbcounty.gov\/uploads\/ROV\/Elections\/2020\/0303\/Notice_SOS_President.pdf\" target=\"_blank\" rel=\"noopener\">Aviso del Secretario de Estado a los Candidatos a la Presidencia<\/a><\/p>\n<p>27-12-2019\u00a0 <a href=\"https:\/\/www.sbcounty.gov\/uploads\/ROV\/Elections\/2020\/0303\/Notice_SOS_Congress.pdf\" target=\"_blank\" rel=\"noopener\">Aviso del Secretario de Estado a los Candidatos a la C\u00e1mara de Representantes de Estados Unidos<\/a><\/p>\n<p>27-12-2019\u00a0 <a href=\"https:\/\/www.sbcounty.gov\/uploads\/ROV\/Elections\/2020\/0303\/Notice_SOS_Senate.pdf\" target=\"_blank\" rel=\"noopener\">Aviso del Secretario de Estado a los Candidatos a Distritos del Senado<\/a><\/p>\n<p>27-12-2019\u00a0 <a href=\"https:\/\/www.sbcounty.gov\/uploads\/ROV\/Elections\/2020\/0303\/Notice_SOS_Assembly.pdf\" target=\"_blank\" rel=\"noopener\">Aviso del Secretario de Estado a los Candidatos a los Distritos de la Asamblea<\/a><\/p>\n<p>19-12-2019\u00a0 <a href=\"https:\/\/www.sbcounty.gov\/uploads\/ROV\/News\/2020\/0303\/PublicNotice_OfficesNotAppearingOnBallot.pdf\" target=\"_blank\" rel=\"noopener\">Aviso P\u00fablico \u2013 Cargos que No Aparecen en la Boleta de las Elecciones Primarias Presidenciales de 2020<\/a><\/p>\n<p>12-12-2019\u00a0\u00a0<a href=\"https:\/\/www.sbcounty.gov\/uploads\/ROV\/News\/2020\/0303\/County_RandomDraw.pdf\" target=\"_blank\" rel=\"noopener\">Sorteo para Orden Aleatorizado de las Letras del Alfabeto del Condado de San Bernardino<\/a><\/p>\n<p>12-12-2019\u00a0\u00a0<a href=\"https:\/\/www.sbcounty.gov\/uploads\/ROV\/News\/2020\/0303\/SOS_RandomDraw.pdf\" target=\"_blank\" rel=\"noopener\">Sorteo para Orden Aleatorizado de las Letras del Alfabeto del Secretario de Estado<\/a><\/p>\n<p>09-12-2019\u00a0 <a href=\"https:\/\/www.sbcounty.gov\/uploads\/ROV\/News\/2020\/0303\/PublicNotice_LocalMeasureLetterAssignment.pdf\" target=\"_blank\" rel=\"noopener\">Aviso P\u00fablico \u2013 Asignaci\u00f3n de Letras de Medidas Locales<\/a><\/p>\n<p>06-12-2019\u00a0 <a href=\"https:\/\/www.sbcounty.gov\/uploads\/ROV\/News\/2020\/0303\/PublicNotice_CandidateFilingDeadlineExtensions.pdf\" target=\"_blank\" rel=\"noopener\">Aviso P\u00fablico \u2013 Pr\u00f3rrogas de la Fecha L\u00edmite de Presentaci\u00f3n de Candidatos para Cargos Locales<\/a><\/p>\n<p>06-12-2019\u00a0 <a href=\"https:\/\/www.sbcounty.gov\/uploads\/ROV\/News\/2020\/0303\/Notice_StateOfficesInExtension.pdf\" target=\"_blank\" rel=\"noopener\">Aviso del Secretario de Estado sobre la Pr\u00f3rroga para la Presentaci\u00f3n durante el Periodo de Nominaci\u00f3n<\/a><\/p>\n<p>20-11-2019\u00a0 <a href=\"https:\/\/www.sbcounty.gov\/uploads\/ROV\/News\/2020\/0303\/PressRelease_CandidateFilingUnderway.pdf\" target=\"_blank\" rel=\"noopener\">Comunicado de Prensa \u2013 Presentaci\u00f3n de Candidatos en Curso<\/a><\/p>\n<p>06-11-2019\u00a0 <a href=\"https:\/\/www.sbcounty.gov\/uploads\/ROV\/Elections\/2020\/0303\/PublicNotice_CandidateStatementEstimates.pdf\" target=\"_blank\" rel=\"noopener\">Aviso P\u00fablico \u2013 Costos Estimados de la Declaraci\u00f3n de Candidatos<\/a><\/p>\n<p>02-10-2019\u00a0 <a href=\"https:\/\/www.sbcounty.gov\/uploads\/ROV\/News\/2020\/0303\/Notice_GovernorsProclamation.pdf\" target=\"_blank\" rel=\"noopener\">Proclamaci\u00f3n del Gobernador: Elecciones Primarias Presidenciales<\/a><\/p>\n<p>01-10-2019\u00a0 <a href=\"https:\/\/www.sbcounty.gov\/uploads\/ROV\/News\/2020\/0303\/PressRelease_OneMillionVoters.pdf\" target=\"_blank\" rel=\"noopener\">Comunicado de Prensa \u2013 El Condado de San Bernardino alcanz\u00f3 un mill\u00f3n de votantes registrados<\/a><\/p>\n<p>27-09-2019\u00a0 <a href=\"https:\/\/www.sbcounty.gov\/uploads\/ROV\/News\/2020\/0303\/Notice_SOSOfficesUpForElection.pdf\" target=\"_blank\" rel=\"noopener\">Avisos del Secretario de Estado sobre los Cargos Sujetos a Elecciones<\/a><\/p>\n<p>16-09-2019\u00a0 <a href=\"https:\/\/www.sos.ca.gov\/elections\/prior-elections\/statewide-election-results\/presidential-primary-election-march-3-2020\/election-guide\" target=\"_blank\" rel=\"noopener\">Gu\u00eda Electoral de California 2020 del Secretario de Estado<\/a><\/p>\n<p>16-09-2019\u00a0 <a href=\"https:\/\/elections.cdn.sos.ca.gov\/statewide-elections\/2020-primary\/section-5-primary-calendar.pdf\" target=\"_blank\" rel=\"noopener\">Calendario de las Elecciones Primarias de 2020 del Secretario de Estado<\/a><\/p>\n<\/div>\n\n  <\/section>\n\n\t","protected":false},"excerpt":{"rendered":"<p>Elecciones Generales Presidenciales \u2013 3 de noviembre de 2020 12-10-2020\u00a0\u00a0Aviso P\u00fablico \u2013 Recuento de la Ciudad de San Bernardino, Concejo Municipal, Distrito Electoral 5 \u2013 RETIRADO 12-07-2020\u00a0\u00a0Aviso P\u00fablico \u2013 Trabajadores de Casillas Electorales que Trabajaron 24-11-2020\u00a0\u00a0Aviso P\u00fablico \u2013 Designaciones en Lugar de Elecciones 05-11-2020\u00a0 Aviso P\u00fablico \u2013 Calendario de Observaci\u00f3n<span class=\"ellipsis\">&#8230;<\/span><\/p>\n","protected":false},"author":19,"featured_media":37382,"parent":138,"menu_order":0,"comment_status":"closed","ping_status":"closed","template":"templates\/rov-left-sidebar-template.php","meta":{"_acf_changed":false,"footnotes":""},"class_list":["post-43146","page","type-page","status-publish","has-post-thumbnail","hentry"],"acf":[],"_links":{"self":[{"href":"https:\/\/elections.sbcounty.gov\/es\/wp-json\/wp\/v2\/pages\/43146","targetHints":{"allow":["GET"]}}],"collection":[{"href":"https:\/\/elections.sbcounty.gov\/es\/wp-json\/wp\/v2\/pages"}],"about":[{"href":"https:\/\/elections.sbcounty.gov\/es\/wp-json\/wp\/v2\/types\/page"}],"author":[{"embeddable":true,"href":"https:\/\/elections.sbcounty.gov\/es\/wp-json\/wp\/v2\/users\/19"}],"replies":[{"embeddable":true,"href":"https:\/\/elections.sbcounty.gov\/es\/wp-json\/wp\/v2\/comments?post=43146"}],"version-history":[{"count":2,"href":"https:\/\/elections.sbcounty.gov\/es\/wp-json\/wp\/v2\/pages\/43146\/revisions"}],"predecessor-version":[{"id":91450,"href":"https:\/\/elections.sbcounty.gov\/es\/wp-json\/wp\/v2\/pages\/43146\/revisions\/91450"}],"up":[{"embeddable":true,"href":"https:\/\/elections.sbcounty.gov\/es\/wp-json\/wp\/v2\/pages\/138"}],"wp:featuredmedia":[{"embeddable":true,"href":"https:\/\/elections.sbcounty.gov\/es\/wp-json\/wp\/v2\/media\/37382"}],"wp:attachment":[{"href":"https:\/\/elections.sbcounty.gov\/es\/wp-json\/wp\/v2\/media?parent=43146"}],"curies":[{"name":"wp","href":"https:\/\/api.w.org\/{rel}","templated":true}]}}