{"id":43134,"date":"2022-01-05T17:46:51","date_gmt":"2022-01-05T17:46:51","guid":{"rendered":"https:\/\/www.elections.sbcounty.gov\/?page_id=43134"},"modified":"2023-11-07T18:37:43","modified_gmt":"2023-11-08T02:37:43","slug":"2019","status":"publish","type":"page","link":"https:\/\/elections.sbcounty.gov\/es\/news\/2019\/","title":{"rendered":"Comunicados de Prensa y Avisos P\u00fablicos Archivados\u00a0de\u00a02019"},"content":{"rendered":"\n<p><a><\/a><\/p>\n\n\n  <section data-isd-block-id=\"rov-content-blockblock_1c73104a3537493654db3a375d654c4a\"\n\t\t\t\t\t\t\t\t\t\t \t\t\t\t\t\t\t\t\t\t\t class=\"card-style main-content-wrapper rov-card-style mb-4\">\n\n\t<h2 class=\"block-subtitle blue\">Elecciones de la Asociaci\u00f3n para la Jubilaci\u00f3n de los Empleados del Condado de San Bernardino \u2013 3 de diciembre de 2019<\/h2>\n\n\t<div class=\"ctnr-block-content\"><p>04-12-2019\u00a0 <a href=\"https:\/\/www.sbcounty.gov\/uploads\/ROV\/News\/2019\/1203\/Certification_2019SBCERAElection.pdf\" target=\"_blank\" rel=\"noopener\">Declaraci\u00f3n de Certificaci\u00f3n de los Resultados de las Elecciones<\/a><\/p>\n<p>12-09-2019\u00a0 <a href=\"https:\/\/www.sbcounty.gov\/uploads\/ROV\/News\/2019\/1203\/Report_RandomizedAlphabetDrawing.pdf\" target=\"_blank\" rel=\"noopener\">Sorteo para Orden Aleatorizado de las Letras del Alfabeto del Registro de Votantes<\/a><\/p>\n<p>09-09-2019 \u00a0<a href=\"https:\/\/www.sbcounty.gov\/uploads\/ROV\/News\/2019\/1203\/PublicNotice_SBCERACandidateFilingExtension.pdf\" target=\"_blank\" rel=\"noopener\">Aviso P\u00fablico \u2013 Pr\u00f3rroga para la Presentaci\u00f3n de Candidatos<\/a><\/p>\n<p>31-07-2019\u00a0 <a href=\"https:\/\/www.sbcounty.gov\/uploads\/ROV\/News\/2019\/1203\/Notice_NoticeOfElectionSBCERA.pdf\" target=\"_blank\" rel=\"noopener\">Aviso P\u00fablico \u2013 Aviso de Elecciones<\/a><\/p>\n<\/div>\n\n  <\/section>\n\n\t\n\n  <section data-isd-block-id=\"rov-content-blockblock_7eb3ede8b754cf6bae88d60b65dc19c9\"\n\t\t\t\t\t\t\t\t\t\t \t\t\t\t\t\t\t\t\t\t\t class=\"card-style main-content-wrapper rov-card-style mb-4\">\n\n\t<h2 class=\"block-subtitle blue\">Elecciones Consolidadas \u2013 5 de noviembre de 2019<\/h2>\n\n\t<div class=\"ctnr-block-content\"><p>22-11-2019\u00a0 <a href=\"https:\/\/www.sbcounty.gov\/uploads\/ROV\/News\/2019\/1105\/Certification_2019ConsolidatedElection.pdf\" target=\"_blank\" rel=\"noopener\">Declaraci\u00f3n de Certificaci\u00f3n de los Resultados de las Elecciones<\/a><\/p>\n<p>15-11-2019\u00a0 <a href=\"https:\/\/www.sbcounty.gov\/uploads\/ROV\/News\/2019\/1105\/Report_PollWorkersWorked.pdf\" target=\"_blank\" rel=\"noopener\">Aviso P\u00fablico \u2013 Trabajadores de Casillas Electorales que Trabajaron<\/a><\/p>\n<p>29-10-2019\u00a0 <a href=\"https:\/\/www.sbcounty.gov\/uploads\/ROV\/News\/2019\/1105\/Report_PollWorkersAssigned.pdf\" target=\"_blank\" rel=\"noopener\">Aviso P\u00fablico \u2013 Trabajadores de Casillas Electorales Asignados<\/a><\/p>\n<p>09-10-2019\u00a0 <a href=\"https:\/\/www.sbcounty.gov\/uploads\/ROV\/News\/2019\/1105\/Notice-AvailabilityOfTranslatedSampleBallots.pdf\" target=\"_blank\" rel=\"noopener\">Aviso P\u00fablico \u2013 Disponibilidad de Boletas de Muestra Traducidas<\/a><\/p>\n<p>03-10-2019\u00a0 <a href=\"https:\/\/www.sbcounty.gov\/uploads\/ROV\/News\/2019\/1105\/PressRelease_EarlyVoting-VIG-MailBallot.pdf?ver=2019-10-04-081051-143\" target=\"_blank\" rel=\"noopener\">Comunicado de Prensa \u2013 Se abre el voto anticipado para las Elecciones Consolidadas de 2019<\/a><\/p>\n<p>30-09-2019\u00a0 <a href=\"https:\/\/www.sbcounty.gov\/uploads\/ROV\/News\/2019\/1105\/PublicNotice_PollingPlaceCentralCount.pdf\" target=\"_blank\" rel=\"noopener\">Aviso P\u00fablico \u2013 Aviso sobre las Casillas Electorales y el Lugar de Conteo Central<\/a><\/p>\n<p>20-09-2019\u00a0 <a href=\"https:\/\/www.sbcounty.gov\/uploads\/ROV\/News\/2019\/1105\/Notice_ObservationSchedule.pdf\" target=\"_blank\" rel=\"noopener\">Aviso P\u00fablico \u2013 Calendario de Observaci\u00f3n<\/a><\/p>\n<p>15-08-2019\u00a0 <a href=\"https:\/\/www.sbcounty.gov\/uploads\/ROV\/News\/2019\/1105\/SOS_RandomDraw.pdf\" target=\"_blank\" rel=\"noopener\">Sorteo para Orden Aleatorizado de las Letras del Alfabeto del Secretario de Estado<\/a><\/p>\n<p>11-07-2019\u00a0 <a href=\"https:\/\/www.sbcounty.gov\/uploads\/ROV\/News\/2019\/1105\/PressRelease_CandidateFilingBegins.pdf\" target=\"_blank\" rel=\"noopener\">Comunicado de Prensa \u2013 Comienza la presentaci\u00f3n de candidatos para las Elecciones Consolidadas de 2019<\/a><\/p>\n<\/div>\n\n  <\/section>\n\n\t\n\n  <section data-isd-block-id=\"rov-content-blockblock_8666d04e9fcab19813575dfe38080d7a\"\n\t\t\t\t\t\t\t\t\t\t \t\t\t\t\t\t\t\t\t\t\t class=\"card-style main-content-wrapper rov-card-style mb-4\">\n\n\t<h2 class=\"block-subtitle blue\">Elecciones con Boletas por Correo del Distrito de Aguas Twentynine Palms \u2013 27 de agosto de 2019<\/h2>\n\n\t<div class=\"ctnr-block-content\"><p>13-09-2019\u00a0 <a href=\"https:\/\/www.sbcounty.gov\/uploads\/ROV\/News\/2019\/0827\/CertificationOfElection.pdf\" target=\"_blank\" rel=\"noopener\">Declaraci\u00f3n de Certificaci\u00f3n de los Resultados de las Elecciones<\/a><\/p>\n<p>10-09-2019\u00a0 <a href=\"https:\/\/www.sbcounty.gov\/uploads\/ROV\/News\/2019\/0827\/PublicNotice_AppointmentsInLieu.pdf\" target=\"_blank\" rel=\"noopener\">Aviso P\u00fablico \u2013 Designaciones en Lugar de Elecciones<\/a><\/p>\n<p>25-07-2019\u00a0 <a href=\"https:\/\/www.sbcounty.gov\/uploads\/ROV\/News\/2019\/0827\/PressRelease_BallotsMailed.pdf\" target=\"_blank\" rel=\"noopener\">Comunicado de prensa \u2013 Env\u00edo de las boletas a los votantes del Distrito de Aguas Twentynine Palms<\/a><\/p>\n<p>23-07-2019\u00a0 <a href=\"https:\/\/www.sbcounty.gov\/uploads\/ROV\/News\/2019\/0827\/Notice_ObservationSchedule.pdf\" target=\"_blank\" rel=\"noopener\">Aviso P\u00fablico \u2013 Calendario de Observaci\u00f3n<\/a><\/p>\n<p>11-06-2019\u00a0 <a href=\"https:\/\/www.sbcounty.gov\/uploads\/ROV\/News\/2019\/0827\/SOS_RandomDraw.pdf\" target=\"_blank\" rel=\"noopener\">Sorteo para Orden Aleatorizado de las Letras del Alfabeto del Secretario de Estado<\/a><\/p>\n<p>29-04-2019\u00a0 <a href=\"https:\/\/www.sbcounty.gov\/uploads\/ROV\/News\/2019\/0827\/PressRelease_CandidateFilingBegins.pdf\" target=\"_blank\" rel=\"noopener\">Comunicado de Prensa \u2013 Comienza la presentaci\u00f3n de candidatos para las Elecciones Consolidadas con Boletas por Correo de 2019<\/a><\/p>\n<\/div>\n\n  <\/section>\n\n\t\n\n  <section data-isd-block-id=\"rov-content-blockblock_c782d2217731d072908378c379ccc708\"\n\t\t\t\t\t\t\t\t\t\t \t\t\t\t\t\t\t\t\t\t\t class=\"card-style main-content-wrapper rov-card-style mb-4\">\n\n\t<h2 class=\"block-subtitle blue\">Elecciones Especiales con Boletas por Correo del Distrito Electoral 3 de la Ciudad de San Bernardino \u2013 7 de mayo de 2019<\/h2>\n\n\t<div class=\"ctnr-block-content\"><p>09-05-2019\u00a0 <a href=\"https:\/\/www.sbcounty.gov\/uploads\/ROV\/News\/2019\/0507\/Notice_UPDATEDObservationSchedule.pdf\" target=\"_blank\" rel=\"noopener\">Aviso P\u00fablico \u2013 Calendario de Observaci\u00f3n \u2013 ACTUALIZADO<\/a><\/p>\n<p>18-04-2019\u00a0 <a href=\"https:\/\/www.sbcounty.gov\/uploads\/ROV\/News\/2019\/0507\/Notice_CentralCountingPlace.pdf\" target=\"_blank\" rel=\"noopener\">Aviso P\u00fablico \u2013 Lugar de Conteo Central<\/a><\/p>\n<p>26-03-2019\u00a0 <a href=\"https:\/\/www.sbcounty.gov\/uploads\/ROV\/News\/2019\/0507\/Certification_PublicL&amp;A.pdf\" target=\"_blank\" rel=\"noopener\">Certificaci\u00f3n de las Pruebas de L\u00f3gica y Precisi\u00f3n<\/a><\/p>\n<p>20-03-2019\u00a0 <a href=\"https:\/\/www.sbcounty.gov\/uploads\/ROV\/News\/2019\/0507\/Notice_ObservationSchedule.pdf\" target=\"_blank\" rel=\"noopener\">Aviso P\u00fablico \u2013 Calendario de Observaci\u00f3n<\/a><\/p>\n<p>11-02-2019\u00a0 <a href=\"https:\/\/www.sbcounty.gov\/uploads\/ROV\/News\/2019\/0507\/Certification_PublicL&amp;A.pdf\" target=\"_blank\" rel=\"noopener\">Sorteo para Orden Aleatorizado de las Letras del Alfabeto del Secretario de Estado<\/a><\/p>\n<\/div>\n\n  <\/section>\n\n\t","protected":false},"excerpt":{"rendered":"<p>Elecciones de la Asociaci\u00f3n para la Jubilaci\u00f3n de los Empleados del Condado de San Bernardino \u2013 3 de diciembre de 2019 04-12-2019\u00a0 Declaraci\u00f3n de Certificaci\u00f3n de los Resultados de las Elecciones 12-09-2019\u00a0 Sorteo para Orden Aleatorizado de las Letras del Alfabeto del Registro de Votantes 09-09-2019 \u00a0Aviso P\u00fablico \u2013 Pr\u00f3rroga<span class=\"ellipsis\">&#8230;<\/span><\/p>\n","protected":false},"author":19,"featured_media":37382,"parent":138,"menu_order":0,"comment_status":"closed","ping_status":"closed","template":"templates\/rov-left-sidebar-template.php","meta":{"_acf_changed":false,"footnotes":""},"class_list":["post-43134","page","type-page","status-publish","has-post-thumbnail","hentry"],"acf":[],"_links":{"self":[{"href":"https:\/\/elections.sbcounty.gov\/es\/wp-json\/wp\/v2\/pages\/43134","targetHints":{"allow":["GET"]}}],"collection":[{"href":"https:\/\/elections.sbcounty.gov\/es\/wp-json\/wp\/v2\/pages"}],"about":[{"href":"https:\/\/elections.sbcounty.gov\/es\/wp-json\/wp\/v2\/types\/page"}],"author":[{"embeddable":true,"href":"https:\/\/elections.sbcounty.gov\/es\/wp-json\/wp\/v2\/users\/19"}],"replies":[{"embeddable":true,"href":"https:\/\/elections.sbcounty.gov\/es\/wp-json\/wp\/v2\/comments?post=43134"}],"version-history":[{"count":1,"href":"https:\/\/elections.sbcounty.gov\/es\/wp-json\/wp\/v2\/pages\/43134\/revisions"}],"predecessor-version":[{"id":78882,"href":"https:\/\/elections.sbcounty.gov\/es\/wp-json\/wp\/v2\/pages\/43134\/revisions\/78882"}],"up":[{"embeddable":true,"href":"https:\/\/elections.sbcounty.gov\/es\/wp-json\/wp\/v2\/pages\/138"}],"wp:featuredmedia":[{"embeddable":true,"href":"https:\/\/elections.sbcounty.gov\/es\/wp-json\/wp\/v2\/media\/37382"}],"wp:attachment":[{"href":"https:\/\/elections.sbcounty.gov\/es\/wp-json\/wp\/v2\/media?parent=43134"}],"curies":[{"name":"wp","href":"https:\/\/api.w.org\/{rel}","templated":true}]}}