{"id":43122,"date":"2022-01-05T17:38:21","date_gmt":"2022-01-05T17:38:21","guid":{"rendered":"https:\/\/www.elections.sbcounty.gov\/?page_id=43122"},"modified":"2023-11-07T18:38:00","modified_gmt":"2023-11-08T02:38:00","slug":"2018","status":"publish","type":"page","link":"https:\/\/elections.sbcounty.gov\/es\/news\/2018\/","title":{"rendered":"Comunicados de Prensa y Avisos P\u00fablicos Archivados\u00a0de\u00a02018"},"content":{"rendered":"\n<p><a><\/a><\/p>\n\n\n  <section data-isd-block-id=\"rov-content-blockblock_229e9faf2315a2d900b9b6e0557ec7ef\"\n\t\t\t\t\t\t\t\t\t\t \t\t\t\t\t\t\t\t\t\t\t class=\"card-style main-content-wrapper rov-card-style mb-4\">\n\n\t<h2 class=\"block-subtitle blue\">Elecciones de la Asociaci\u00f3n para la Jubilaci\u00f3n de los Empleados del Condado de San Bernardino de 2018 \u2013 4 de diciembre de 2018<\/h2>\n\n\t<div class=\"ctnr-block-content\"><p>21-09-2018\u00a0 <a href=\"https:\/\/www.sbcounty.gov\/uploads\/ROV\/News\/2018\/1204\/County_RandomDraw.pdf\" target=\"_blank\" rel=\"noopener\">Aviso P\u00fablico \u2013 Sorteo para Orden Aleatorizado de las Letras del Alfabeto<\/a><\/p>\n<p>13-08-2018\u00a0 <a href=\"https:\/\/www.sbcounty.gov\/uploads\/ROV\/Elections\/2018\/1204\/Notice_NoticeOfElectionRetirementBoard.pdf\" target=\"_blank\" rel=\"noopener\">Aviso P\u00fablico \u2013 Aviso de Elecciones<\/a><\/p>\n<\/div>\n\n  <\/section>\n\n\t\n\n  <section data-isd-block-id=\"rov-content-blockblock_6132e4947c9cb5948e54cecde55ae374\"\n\t\t\t\t\t\t\t\t\t\t \t\t\t\t\t\t\t\t\t\t\t class=\"card-style main-content-wrapper rov-card-style mb-4\">\n\n\t<h2 class=\"block-subtitle blue\">Elecciones Generales Estatales de 2018 \u2013 6 de noviembre de 2018<\/h2>\n\n\t<div class=\"ctnr-block-content\"><p>30-11-2018\u00a0 <a href=\"https:\/\/www.sbcounty.gov\/uploads\/ROV\/News\/2018\/1106\/PublicNotice_Appointments%20In%20Lieu.pdf?ver=2018-12-03-084454-417\" target=\"_blank\" rel=\"noopener\">Aviso P\u00fablico \u2013 Designaciones en Lugar de Elecciones<\/a><\/p>\n<p>29-11-2018\u00a0 <a href=\"https:\/\/www.sbcounty.gov\/uploads\/ROV\/News\/2018\/1106\/Report_PollWorkersWorked.pdf\" target=\"_blank\" rel=\"noopener\">Aviso P\u00fablico \u2013 Trabajadores de Casillas Electorales que Trabajaron<\/a><\/p>\n<p>02-11-2018\u00a0 <a href=\"https:\/\/www.sbcounty.gov\/uploads\/ROV\/News\/2018\/1106\/PressRelease_ElectionDayReminder.pdf?ver=2018-11-02-185736-773\" target=\"_blank\" rel=\"noopener\">Comunicado de Prensa \u2013 Recordatorio del D\u00eda de las Elecciones Generales Estatales del 6 de noviembre<\/a><\/p>\n<p>01-11-2018\u00a0 <a href=\"https:\/\/www.sbcounty.gov\/uploads\/ROV\/News\/2018\/1106\/PublicNotice_ObservationSchedule_rev_2018-11-01.pdf\" target=\"_blank\" rel=\"noopener\">Aviso P\u00fablico \u2013 Calendario de Observaci\u00f3n \u2013 MODIFICADO<\/a><\/p>\n<p>29-10-2018\u00a0 <a href=\"https:\/\/www.sbcounty.gov\/uploads\/ROV\/News\/2018\/1106\/PressRelease_MBDeadline.pdf\" target=\"_blank\" rel=\"noopener\">Comunicado de Prensa \u2013 La fecha l\u00edmite para la solicitud de boleta por correo es el martes, 30 de octubre<\/a><\/p>\n<p>27-10-2018\u00a0 <a href=\"https:\/\/www.sbcounty.gov\/uploads\/ROV\/News\/2018\/1106\/Report_PollWorkersAssigned.pdf\" target=\"_blank\" rel=\"noopener\">Aviso P\u00fablico \u2013 Trabajadores de Casillas Electorales Asignados<\/a><\/p>\n<p>26-10-2018\u00a0 <a href=\"https:\/\/www.sbcounty.gov\/uploads\/ROV\/News\/2018\/1106\/PressRelease_EarlyVotingExpands_2018-10-26.pdf\" target=\"_blank\" rel=\"noopener\">Comunicado de Prensa \u2013 Se ampl\u00eda el voto anticipado para las Elecciones Generales Estatales de 2018<\/a><\/p>\n<p>23-10-2018\u00a0 <a href=\"https:\/\/www.sbcounty.gov\/uploads\/ROV\/News\/2018\/1106\/PublicNotice_LanguageAssistance.pdf\" target=\"_blank\" rel=\"noopener\">Aviso P\u00fablico \u2013 Asistencia Ling\u00fc\u00edstica en la Casilla Electoral<\/a><\/p>\n<p>22-10-2018\u00a0 <a href=\"https:\/\/www.sbcounty.gov\/uploads\/ROV\/News\/2018\/1106\/PublicNotice_ObservationSchedule_rev_2018-10-22.pdf\" target=\"_blank\" rel=\"noopener\">Aviso P\u00fablico \u2013 Calendario de Observaci\u00f3n \u2013 MODIFICADO<\/a><\/p>\n<p>19-10-2018 \u00a0<a href=\"https:\/\/www.sbcounty.gov\/uploads\/ROV\/News\/2018\/1106\/PressRelease_VoterRegDeadlineCVR.pdf?ver=2018-10-19-174923-793\" target=\"_blank\" rel=\"noopener\">Comunicado de Prensa \u2013 Recordatorio de la Fecha L\u00edmite de Registro de Votantes para las Elecciones Generales de 2018<\/a><\/p>\n<p>16-10-2018 \u00a0<a href=\"https:\/\/www.sbcounty.gov\/uploads\/ROV\/News\/2018\/1106\/PublicNotice_PollingPlaceCentralCount.pdf\" target=\"_blank\" rel=\"noopener\">Aviso P\u00fablico \u2013 Aviso sobre las Casillas Electorales y Aviso sobre el Lugar de Conteo Central<\/a><\/p>\n<p>10-10-2018 \u00a0<a href=\"https:\/\/www.sbcounty.gov\/uploads\/ROV\/News\/2018\/1106\/PressRelease_VIG-MB_EV.pdf\" target=\"_blank\" rel=\"noopener\">Comunicado de Prensa \u2013 Se abre el voto anticipado para las Elecciones Generales Estatales<\/a><\/p>\n<p>04-10-2018 \u00a0<a href=\"https:\/\/www.sbcounty.gov\/uploads\/ROV\/News\/2018\/1106\/PublicNotice_ObservationSchedule_rev_2018-10-04.pdf\" target=\"_blank\" rel=\"noopener\">Aviso P\u00fablico \u2013 Calendario de Observaci\u00f3n \u2013 MODIFICADO<\/a><\/p>\n<p>03-10-2018 \u00a0<a href=\"https:\/\/www.sbcounty.gov\/uploads\/ROV\/News\/2018\/1106\/PublicNotice_ObservationSchedule.pdf\" target=\"_blank\" rel=\"noopener\">Aviso P\u00fablico \u2013 Calendario de Observaci\u00f3n<\/a><\/p>\n<p>23-08-2018 \u00a0<a href=\"https:\/\/www.sbcounty.gov\/uploads\/ROV\/News\/2018\/1106\/List_MeasureLetterAssignment_REVISED.pdf\" target=\"_blank\" rel=\"noopener\">Aviso P\u00fablico &#8211; Asignaci\u00f3n de Letras de Medidas \u2013 MODIFICADO<\/a><\/p>\n<p>16-08-2018 \u00a0<a href=\"https:\/\/www.sbcounty.gov\/uploads\/ROV\/News\/2018\/1106\/County_RandomDraw.pdf\" target=\"_blank\" rel=\"noopener\">Sorteo para Orden Aleatorizado de las Letras del Alfabeto del Condado de San Bernardino<\/a><\/p>\n<p>16-08-2018 \u00a0<a href=\"https:\/\/www.sbcounty.gov\/uploads\/ROV\/News\/2018\/1106\/SOS_RandomDraw.pdf\" target=\"_blank\" rel=\"noopener\">Sorteo para Orden Aleatorizado de las Letras del Alfabeto del Secretario de Estado<\/a><\/p>\n<p>14-08-2018 \u00a0<a href=\"https:\/\/www.sbcounty.gov\/uploads\/ROV\/News\/2018\/1106\/List_MeasureLetterAssignment.pdf\" target=\"_blank\" rel=\"noopener\">Aviso P\u00fablico \u2013 Asignaci\u00f3n de Letras de Medidas<\/a><\/p>\n<p>11-08-2018\u00a0 <a href=\"https:\/\/www.sbcounty.gov\/uploads\/ROV\/News\/2018\/1106\/CORRECTED_PressRelease_CandidateFilingExtenstion_2018StatewideGeneralElection.pdf\" target=\"_blank\" rel=\"noopener\">Comunicado de Prensa CORREGIDO \u2013 Se ampl\u00eda la fecha l\u00edmite de presentaci\u00f3n de candidatos para algunas elecciones<\/a><\/p>\n<p>07-08-2018\u00a0 <a href=\"https:\/\/www.sbcounty.gov\/uploads\/ROV\/News\/2018\/1106\/PressRelease_CandidateFilingDeadlineReminder.pdf\" target=\"_blank\" rel=\"noopener\">Comunicado de Prensa \u2013 La fecha l\u00edmite para postularse a un cargo es el viernes, 10 de agosto para las elecciones de noviembre<\/a><\/p>\n<p>30-07-2018\u00a0 <a href=\"https:\/\/www.sbcounty.gov\/uploads\/ROV\/News\/2018\/1106\/PublicNotice_CandidateFilingUnderway-OffsiteAvailable.pdf\" target=\"_blank\" rel=\"noopener\">Aviso P\u00fablico \u2013 Presentaci\u00f3n de candidatos en curso &#8211; Lugares externos disponibles para la presentaci\u00f3n de candidatos<\/a><\/p>\n<p>11-06-2018\u00a0 <a href=\"https:\/\/elections.cdn.sos.ca.gov\/statewide-elections\/2018-general\/section-7-general-election-calendar.pdf\" target=\"_blank\" rel=\"noopener\">Calendario de las Elecciones Generales de 2018 del Secretario de Estado<\/a><\/p>\n<p>11-06-2018\u00a0 <a href=\"https:\/\/www.sbcounty.gov\/uploads\/ROV\/News\/2018\/1106\/Proclamation_GeneralElection.pdf\" target=\"_blank\" rel=\"noopener\">Proclamaci\u00f3n del Gobernador: Elecciones Generales Estatales<\/a><\/p>\n<\/div>\n\n  <\/section>\n\n\t\n\n  <section data-isd-block-id=\"rov-content-blockblock_e5e6a9a6236db8542f70a9711fd11409\"\n\t\t\t\t\t\t\t\t\t\t \t\t\t\t\t\t\t\t\t\t\t class=\"card-style main-content-wrapper rov-card-style mb-4\">\n\n\t<h2 class=\"block-subtitle blue\">Elecciones Primarias Estatales de 2018 \u2013 5 de junio de 2018<\/h2>\n\n\t<div class=\"ctnr-block-content\"><p>01-08-2018\u00a0 <a href=\"https:\/\/www.sbcounty.gov\/uploads\/ROV\/News\/2018\/0605\/Report_PollWorkersWorked.pdf\" target=\"_blank\" rel=\"noopener\">Aviso P\u00fablico \u2013 Trabajadores de Casillas Electorales que Trabajaron<\/a><\/p>\n<p>05-07-2018\u00a0 <a href=\"https:\/\/www.sbcounty.gov\/uploads\/ROV\/News\/2018\/0605\/Notice_AppointmentsInLieu.pdf\" target=\"_blank\" rel=\"noopener\">Aviso P\u00fablico \u2013 Designaciones en Lugar de Elecciones<\/a><\/p>\n<p>02-06-2018\u00a0 <a href=\"https:\/\/www.sbcounty.gov\/uploads\/ROV\/News\/2018\/0605\/Report_WorkersAssigned.pdf\" target=\"_blank\" rel=\"noopener\">Aviso P\u00fablico \u2013 Trabajadores de Casillas Electorales Asignados<\/a><\/p>\n<p>29-05-2018\u00a0 <a href=\"https:\/\/www.sbcounty.gov\/uploads\/ROV\/News\/2018\/0605\/Report_TranslatedSampleBallots.pdf\" target=\"_blank\" rel=\"noopener\">Aviso P\u00fablico \u2013 Disponibilidad de Boletas de Muestra Traducidas<\/a><\/p>\n<p>22-05-2018\u00a0 <a href=\"https:\/\/www.sbcounty.gov\/uploads\/ROV\/News\/2018\/0605\/PublicNotice_ObservationSchedule_UPDATED.pdf\" target=\"_blank\" rel=\"noopener\">Aviso P\u00fablico \u2013 Calendario de Observaci\u00f3n ACTUALIZADO<\/a><\/p>\n<p>11-05-2018\u00a0 <a href=\"https:\/\/www.sbcounty.gov\/uploads\/ROV\/News\/2018\/0605\/PublicNotice_PollingPlaceCentralCount.pdf\" target=\"_blank\" rel=\"noopener\">Aviso P\u00fablico \u2013 Aviso sobre las Casillas Electorales y Aviso sobre el Lugar de Conteo Central<\/a><\/p>\n<p>04-05-2018\u00a0 <a href=\"https:\/\/www.sbcounty.gov\/uploads\/ROV\/News\/2018\/0605\/PressRelease_VIG-MBDelivered.pdf\" target=\"_blank\" rel=\"noopener\">Comunicado de Prensa \u2013 Gu\u00edas de Informaci\u00f3n para el Votante y Boletas de Voto por Correo entregadas a la Oficina Postal de EE. UU.<\/a><\/p>\n<p>01-05-2018\u00a0 <a href=\"https:\/\/www.sbcounty.gov\/uploads\/ROV\/News\/2018\/0605\/PublicNotice_ObservationSchedule.pdf\" target=\"_blank\" rel=\"noopener\">Aviso P\u00fablico \u2013 Calendario de Observaci\u00f3n<\/a><\/p>\n<p>09-04-2018\u00a0 <a href=\"https:\/\/www.sbcounty.gov\/uploads\/ROV\/News\/2018\/0605\/SOS_RandomDraw_SD29.pdf\" target=\"_blank\" rel=\"noopener\">Sorteo Alfab\u00e9tico Aleatorizado del Secretario de Estado para las Elecciones Especiales para una Remoci\u00f3n del Senado del Distrito 29<\/a><\/p>\n<p>15-03-2018\u00a0 <a href=\"https:\/\/www.sbcounty.gov\/uploads\/ROV\/News\/2018\/0605\/County_RandomDraw.pdf\" target=\"_blank\" rel=\"noopener\">Sorteo para Orden Aleatorizado de las Letras del Alfabeto del Condado de San Bernardino<\/a><\/p>\n<p>15-03-2018\u00a0 <a href=\"https:\/\/www.sbcounty.gov\/uploads\/ROV\/News\/2018\/0605\/SOS_RandomDraw.pdf\" target=\"_blank\" rel=\"noopener\">Sorteo para Orden Aleatorizado de las Letras del Alfabeto del Secretario de Estado<\/a><\/p>\n<p>12-03-2018\u00a0 <a href=\"https:\/\/www.sbcounty.gov\/uploads\/ROV\/News\/2018\/0605\/Notice_MeasureLetterAssignment.pdf\" target=\"_blank\" rel=\"noopener\">Aviso P\u00fablico \u2013 Asignaci\u00f3n de Letras de Medidas<\/a><\/p>\n<p>09-03-2018\u00a0 <a href=\"https:\/\/www.sbcounty.gov\/uploads\/ROV\/News\/2018\/0605\/Notice_StateOfficesInExtension.pdf\" target=\"_blank\" rel=\"noopener\">Aviso P\u00fablico \u2013 Ampliaci\u00f3n de la Presentaci\u00f3n de Candidatos a Cargos Estatales en las Elecciones Primarias Estatales de 2018<\/a><\/p>\n<p>09-03-2018\u00a0 <a href=\"https:\/\/www.sbcounty.gov\/uploads\/ROV\/News\/2018\/0605\/PressRelease_CandidateFilingExtension.pdf\" target=\"_blank\" rel=\"noopener\">Comunicado de Prensa \u2013 Ampliaci\u00f3n de la Presentaci\u00f3n de Candidatos para las Elecciones Primarias Estatales de 2018<\/a><\/p>\n<p>09-02-2018\u00a0 <a href=\"https:\/\/www.sbcounty.gov\/uploads\/ROV\/Elections\/2018\/0605\/Notice_CandidateStatementEstimates.pdf\" target=\"_blank\" rel=\"noopener\">Aviso P\u00fablico \u2013 Costos Estimados de la Declaraci\u00f3n de Candidatos<\/a><\/p>\n<p>09-01-2018\u00a0 <a href=\"https:\/\/www.sbcounty.gov\/uploads\/ROV\/News\/2018\/0605\/Proclamation_RecallElection.pdf\" target=\"_blank\" rel=\"noopener\">Proclamaci\u00f3n del Gobernador: Elecciones Especiales para una Remoci\u00f3n del Senado del 29\u00ba Distrito<\/a><\/p>\n<p>09-01-2018\u00a0 <a href=\"https:\/\/www.sbcounty.gov\/uploads\/ROV\/News\/2018\/0605\/Proclamation_PrimaryElection.pdf\" target=\"_blank\" rel=\"noopener\">Proclamaci\u00f3n del Gobernador: Elecciones Primarias Directas a Nivel Estatal<\/a><\/p>\n<p>26-12-2017\u00a0 <a href=\"https:\/\/www.sbcounty.gov\/uploads\/ROV\/News\/2018\/0605\/Notice_SOSOfficesUpForElection.pdf\" target=\"_blank\" rel=\"noopener\">Aviso del Secretario de Estado sobre los Cargos Sujetos a Elecciones<\/a><\/p>\n<p>21-11-2017\u00a0 <a href=\"https:\/\/www.sos.ca.gov\/elections\/prior-elections\/statewide-election-results\/statewide-direct-primary-june-5-2018\/2018-california-election-guide\" target=\"_blank\" rel=\"noopener\">Gu\u00eda Electoral de California 2018 del Secretario de Estado<\/a><\/p>\n<p>21-11-2017\u00a0 <a href=\"https:\/\/elections.cdn.sos.ca.gov\/statewide-elections\/2018-primary\/section-6-primary-election-calendar.pdf\" target=\"_blank\" rel=\"noopener\">Calendario de las Elecciones Primarias de 2018 del Secretario de Estado<\/a><\/p>\n<\/div>\n\n  <\/section>\n\n\t","protected":false},"excerpt":{"rendered":"<p>Elecciones de la Asociaci\u00f3n para la Jubilaci\u00f3n de los Empleados del Condado de San Bernardino de 2018 \u2013 4 de diciembre de 2018 21-09-2018\u00a0 Aviso P\u00fablico \u2013 Sorteo para Orden Aleatorizado de las Letras del Alfabeto 13-08-2018\u00a0 Aviso P\u00fablico \u2013 Aviso de Elecciones Elecciones Generales Estatales de 2018 \u2013 6<span class=\"ellipsis\">&#8230;<\/span><\/p>\n","protected":false},"author":19,"featured_media":37382,"parent":138,"menu_order":0,"comment_status":"closed","ping_status":"closed","template":"templates\/rov-left-sidebar-template.php","meta":{"_acf_changed":false,"footnotes":""},"class_list":["post-43122","page","type-page","status-publish","has-post-thumbnail","hentry"],"acf":[],"_links":{"self":[{"href":"https:\/\/elections.sbcounty.gov\/es\/wp-json\/wp\/v2\/pages\/43122","targetHints":{"allow":["GET"]}}],"collection":[{"href":"https:\/\/elections.sbcounty.gov\/es\/wp-json\/wp\/v2\/pages"}],"about":[{"href":"https:\/\/elections.sbcounty.gov\/es\/wp-json\/wp\/v2\/types\/page"}],"author":[{"embeddable":true,"href":"https:\/\/elections.sbcounty.gov\/es\/wp-json\/wp\/v2\/users\/19"}],"replies":[{"embeddable":true,"href":"https:\/\/elections.sbcounty.gov\/es\/wp-json\/wp\/v2\/comments?post=43122"}],"version-history":[{"count":1,"href":"https:\/\/elections.sbcounty.gov\/es\/wp-json\/wp\/v2\/pages\/43122\/revisions"}],"predecessor-version":[{"id":78885,"href":"https:\/\/elections.sbcounty.gov\/es\/wp-json\/wp\/v2\/pages\/43122\/revisions\/78885"}],"up":[{"embeddable":true,"href":"https:\/\/elections.sbcounty.gov\/es\/wp-json\/wp\/v2\/pages\/138"}],"wp:featuredmedia":[{"embeddable":true,"href":"https:\/\/elections.sbcounty.gov\/es\/wp-json\/wp\/v2\/media\/37382"}],"wp:attachment":[{"href":"https:\/\/elections.sbcounty.gov\/es\/wp-json\/wp\/v2\/media?parent=43122"}],"curies":[{"name":"wp","href":"https:\/\/api.w.org\/{rel}","templated":true}]}}