{"id":43083,"date":"2022-01-05T17:18:48","date_gmt":"2022-01-05T17:18:48","guid":{"rendered":"https:\/\/www.elections.sbcounty.gov\/?page_id=43083"},"modified":"2025-06-27T10:57:22","modified_gmt":"2025-06-27T17:57:22","slug":"2016","status":"publish","type":"page","link":"https:\/\/elections.sbcounty.gov\/es\/news\/2016\/","title":{"rendered":"Comunicados de Prensa y Avisos P\u00fablicos Archivados de 2016"},"content":{"rendered":"\n<p><a><\/a><\/p>\n\n\n  <section data-isd-block-id=\"rov-content-blockblock_514edc2c52797610136b883bf25a3cb8\"\n\t\t\t\t\t\t\t\t\t\t \t\t\t\t\t\t\t\t\t\t\t class=\"card-style main-content-wrapper rov-card-style mb-4\">\n\n\t<h2 class=\"block-subtitle blue\">Elecciones de la Asociaci\u00f3n para la Jubilaci\u00f3n de los Empleados del Condado de San Bernardino \u2013 6 de diciembre de 2016<\/h2>\n\n\t<div class=\"ctnr-block-content\"><p>20-12-2016\u00a0 <a href=\"https:\/\/www.sbcounty.gov\/uploads\/ROV\/News\/2016\/1206\/Statement_CertificationOfElection.pdf\" target=\"_blank\" rel=\"noopener\">Aviso P\u00fablico \u2013 Certificaci\u00f3n de los Resultados de las Elecciones<\/a><\/p>\n<p>20-09-2016 \u00a0<a href=\"https:\/\/www.sbcounty.gov\/uploads\/ROV\/News\/2016\/1206\/Notice_RandomizedAlphabetDrawing.pdf\" target=\"_blank\" rel=\"noopener\">Aviso P\u00fablico \u2013 Sorteo para Orden Aleatorizado de las Letras del Alfabeto<\/a><\/p>\n<p>09-09-2016 \u00a0<a href=\"https:\/\/www.sbcounty.gov\/uploads\/ROV\/News\/2016\/1206\/PublicNotice_SBCERACandidateFilingExtension.pdf\" target=\"_blank\" rel=\"noopener\">Aviso P\u00fablico \u2013 Pr\u00f3rroga para la Presentaci\u00f3n de Candidatos<\/a><\/p>\n<p>30-08-2016 \u00a0<a href=\"https:\/\/www.sbcounty.gov\/uploads\/ROV\/Elections\/2016\/1206\/PublicNotice_CandidateStatementEstimates.pdf\" target=\"_blank\" rel=\"noopener\">Aviso P\u00fablico \u2013 Costos Estimados de la Declaraci\u00f3n de Candidatos<\/a><\/p>\n<p>08-08-2016 \u00a0<a href=\"https:\/\/www.sbcounty.gov\/uploads\/ROV\/Elections\/2016\/1206\/Notice_NoticeOfElectionRetirementBoard.pdf\" target=\"_blank\" rel=\"noopener\">Aviso P\u00fablico \u2013 Aviso de Elecciones<\/a><\/p>\n<\/div>\n\n  <\/section>\n\n\t\n\n  <section data-isd-block-id=\"rov-content-blockblock_46694e4f7c88d7930c7151b4e13aae1d\"\n\t\t\t\t\t\t\t\t\t\t \t\t\t\t\t\t\t\t\t\t\t class=\"card-style main-content-wrapper rov-card-style mb-4\">\n\n\t<h2 class=\"block-subtitle blue\">Elecciones Generales Presidenciales de 2016 \u2013 8 de noviembre de 2016<\/h2>\n\n\t<div class=\"ctnr-block-content\"><p>08-12-2016 \u00a0<a href=\"https:\/\/www.sbcounty.gov\/uploads\/ROV\/News\/2016\/1108\/Certification_ElectionResults_AltaLomaSD_MeasureH.pdf\" target=\"_blank\" rel=\"noopener\">Aviso P\u00fablico \u2013 Certificaci\u00f3n de los Resultados de las Elecciones para el Distrito Escolar Alta Loma, Medida H<\/a><\/p>\n<p>08-12-2016 \u00a0<a href=\"https:\/\/www.sbcounty.gov\/uploads\/ROV\/News\/2016\/1108\/Report_PollWorkersWorked.pdf\" target=\"_blank\" rel=\"noopener\">Aviso P\u00fablico \u2013 Trabajadores de Casillas Electorales que Trabajaron<\/a><\/p>\n<p>06-12-2016 \u00a0<a href=\"https:\/\/www.sbcounty.gov\/uploads\/ROV\/News\/2016\/1108\/Certification_ElectionResults.pdf\" target=\"_blank\" rel=\"noopener\">Aviso P\u00fablico \u2013 Certificaci\u00f3n de los Resultados de las Elecciones<\/a><\/p>\n<p>16-11-2016 \u00a0<a href=\"https:\/\/www.sbcounty.gov\/uploads\/ROV\/News\/2016\/1108\/PublicNotice_AppointmentsInLieu_November2016.pdf\" target=\"_blank\" rel=\"noopener\">Aviso P\u00fablico \u2013 Designaciones en Lugar de Elecciones<\/a><\/p>\n<p>15-11-2016 \u00a0<a href=\"https:\/\/www.sbcounty.gov\/uploads\/ROV\/News\/2016\/1108\/PublicNotice_ObservationSchedule_UPDATED.pdf\" target=\"_blank\" rel=\"noopener\">Aviso P\u00fablico \u2013 Calendario de Observaci\u00f3n ACTUALIZADO<\/a><\/p>\n<p>05-11-2016 \u00a0<a href=\"https:\/\/www.sbcounty.gov\/uploads\/ROV\/News\/2016\/1108\/PressRelease_ElectionDayReminder.pdf\" target=\"_blank\" rel=\"noopener\">Comunicado de Prensa \u2013 8 de noviembre de 2016 Recordatorio del D\u00eda de las Elecciones Generales Presidenciales<\/a><\/p>\n<p>01-11-2016 \u00a0<a href=\"https:\/\/www.sbcounty.gov\/uploads\/ROV\/News\/2016\/1108\/Report_PollWorkersAssigned.pdf\" target=\"_blank\" rel=\"noopener\">Aviso P\u00fablico \u2013 Trabajadores de Casillas Electorales Asignados<\/a><\/p>\n<p>31-10-2016\u00a0 <a href=\"https:\/\/www.sbcounty.gov\/uploads\/ROV\/News\/2016\/1108\/PressRelease_MailBallotReturn.pdf\" target=\"_blank\" rel=\"noopener\">Comunicado de Prensa \u2013 Recordatorio de devoluci\u00f3n de boletas por correo para las Elecciones Generales Presidenciales de 2016<\/a><\/p>\n<p>28-10-2016\u00a0 <a href=\"https:\/\/www.sbcounty.gov\/uploads\/ROV\/Elections\/2016\/1108\/List_CertifiedPresidentialWriteInCandidates.pdf\" target=\"_blank\" rel=\"noopener\">Lista Certificada del Secretario de Estado de Candidatos Presidenciales por Escrito<\/a><\/p>\n<p>28-10-2016\u00a0 <a href=\"https:\/\/www.sbcounty.gov\/uploads\/ROV\/News\/2016\/1108\/List_CertifiedPresidentialWriteInElectors.pdf\" target=\"_blank\" rel=\"noopener\">Lista Certificada del Secretario de Estado de Electores Presidenciales por Escrito<\/a><\/p>\n<p>27-10-2016\u00a0 <a href=\"https:\/\/www.sbcounty.gov\/uploads\/ROV\/News\/2016\/1108\/PressRelease_EarlyVotingExpands.pdf\" target=\"_blank\" rel=\"noopener\">Comunicado de Prensa \u2013 Se ampl\u00eda el Voto Anticipado para las Elecciones Generales Presidenciales de 2016<\/a><\/p>\n<p>21-10-2016\u00a0 <a href=\"https:\/\/www.sbcounty.gov\/uploads\/ROV\/News\/2016\/1108\/Certification_ElectronicVotingMachinePublicLogicAndAccuracyTest.pdf?\" target=\"_blank\" rel=\"noopener\">Certificaci\u00f3n de la M\u00e1quina de Votaci\u00f3n Electr\u00f3nica por parte de la Junta de L\u00f3gica y Precisi\u00f3n<\/a><\/p>\n<p>20-10-2016\u00a0 <a href=\"https:\/\/www.sbcounty.gov\/uploads\/ROV\/News\/2016\/1108\/Certification_BallotScanningMachinePublicLogicAndAccuracyTest.pdf\" target=\"_blank\" rel=\"noopener\">Certificaci\u00f3n de la M\u00e1quina de Escaneo de Boletas por parte de la Junta de L\u00f3gica y Precisi\u00f3n<\/a><\/p>\n<p>20-10-2016\u00a0 <a href=\"https:\/\/www.sbcounty.gov\/uploads\/ROV\/News\/2016\/1108\/PressRelease_VoterRegistrationDeadline.pdf\" target=\"_blank\" rel=\"noopener\">Comunicado de Prensa \u2013 Fecha L\u00edmite para el Registro de Votantes<\/a><\/p>\n<p>14-10-2016\u00a0 <a href=\"https:\/\/www.sbcounty.gov\/uploads\/ROV\/News\/2016\/1108\/PublicNotice_PollingPlacePresidentialGeneral.pdf\" target=\"_blank\" rel=\"noopener\">Aviso P\u00fablico \u2013 Aviso sobre las Casillas Electorales y Aviso sobre el Lugar de Conteo Central<\/a><\/p>\n<p>13-10-2016\u00a0 <a href=\"https:\/\/www.sbcounty.gov\/uploads\/ROV\/News\/2016\/1108\/PressRelease_MailBallotsDelivered.pdf\" target=\"_blank\" rel=\"noopener\">Comunicado de Prensa \u2013 Boletas por Correo Enviadas para las Elecciones Generales Presidenciales de 2016<\/a><\/p>\n<p>10-10-2016\u00a0 <a href=\"https:\/\/www.sbcounty.gov\/uploads\/ROV\/News\/2016\/1108\/Certification_EarlyVotePublicLogicAndAccuracyTest.pdf\" target=\"_blank\" rel=\"noopener\">Certificaci\u00f3n de Voto Anticipado por parte de la Junta de L\u00f3gica y Precisi\u00f3n<\/a><\/p>\n<p>06-10-2016\u00a0 <a href=\"https:\/\/www.sbcounty.gov\/uploads\/ROV\/News\/2016\/1108\/PressRelease_VIGDeliveredAndEarlyVotingBegins.pdf?ver=2016-10-06-154841-943\" target=\"_blank\" rel=\"noopener\">Comunicado de Prensa \u2013 Entrega de Gu\u00edas de Informaci\u00f3n para Votantes y Comienza el Voto Anticipado<\/a><\/p>\n<p>05-10-2016\u00a0 <a href=\"https:\/\/www.sbcounty.gov\/uploads\/ROV\/News\/2016\/1108\/PublicNotice_ObservationSchedule.pdf\" target=\"_blank\" rel=\"noopener\">Aviso P\u00fablico \u2013 Calendario de Observaci\u00f3n<\/a><\/p>\n<p>03-10-2016\u00a0 <a href=\"https:\/\/www.sbcounty.gov\/uploads\/ROV\/News\/2016\/1108\/PressRelease_PollWorkersNeeded.pdf\" target=\"_blank\" rel=\"noopener\">Comunicado de Prensa \u2013 Se necesitan trabajadores de casillas electorales para las Elecciones Generales Presidenciales de 2016<\/a><\/p>\n<p>16-09-2016\u00a0 <a href=\"https:\/\/www.sbcounty.gov\/uploads\/ROV\/News\/2016\/1108\/PressRelease_NationalVoterRegistrationDay.pdf\" target=\"_blank\" rel=\"noopener\">Comunicado de Prensa \u2013 La Oficina de Elecciones celebra el D\u00eda Nacional del Registro de Votantes<\/a><\/p>\n<p>01-09-2016\u00a0 <a href=\"https:\/\/elections.cdn.sos.ca.gov\/statewide-elections\/2016-general\/november2016-certified-list-of-candidates.pdf\" target=\"_blank\" rel=\"noopener\">Lista Certificada de Candidatos del Secretario de Estado<\/a><\/p>\n<p>18-08-2016\u00a0 <a href=\"https:\/\/www.sbcounty.gov\/uploads\/ROV\/News\/2016\/1108\/List_MeasureLetterAssignment_Final.pdf\" target=\"_blank\" rel=\"noopener\">Aviso P\u00fablico \u2013 Asignaci\u00f3n de Letras de Medidas<\/a><\/p>\n<p>18-08-2016\u00a0 <a href=\"https:\/\/www.sbcounty.gov\/uploads\/ROV\/News\/2016\/1108\/County_RandomDraw.pdf\" target=\"_blank\" rel=\"noopener\">Sorteo para Orden Aleatorizado de las Letras del Alfabeto del Condado de San Bernardino<\/a><\/p>\n<p>18-08-2016\u00a0 <a href=\"https:\/\/www.sbcounty.gov\/uploads\/ROV\/News\/2016\/1108\/SOS_RandomDraw.pdf\" target=\"_blank\" rel=\"noopener\">Sorteo para Orden Aleatorizado de las Letras del Alfabeto del Secretario de Estado<\/a><\/p>\n<p>12-08-2016\u00a0 <a href=\"https:\/\/www.sbcounty.gov\/uploads\/ROV\/News\/2016\/1108\/PressRelease_CandidateFilingExtenstion.pdf\" target=\"_blank\" rel=\"noopener\">Comunicado de Prensa \u2013 Pr\u00f3rroga para la Presentaci\u00f3n de Candidatos<\/a><\/p>\n<p>08-08-2016\u00a0 <a href=\"https:\/\/www.sbcounty.gov\/uploads\/ROV\/News\/2016\/1108\/PressRelease_CandidateFilingDeadlineReminder.pdf\" target=\"_blank\" rel=\"noopener\">Comunicado de Prensa \u2013 Recordatorio de la Fecha L\u00edmite de Presentaci\u00f3n de Candidatos<\/a><\/p>\n<p>29-07-2016\u00a0 <a href=\"https:\/\/www.sbcounty.gov\/uploads\/ROV\/News\/2016\/1108\/PressRelease_CandidateFilingHesperia.pdf\" target=\"_blank\" rel=\"noopener\">Comunicado de Prensa \u2013 Presentaci\u00f3n de candidatos fuera del sitio disponible en Hesperia<\/a><\/p>\n<p>14-07-2016\u00a0 <a href=\"https:\/\/www.sbcounty.gov\/uploads\/ROV\/News\/2016\/1108\/PressRelease_CandidateFilingBegins.pdf\" target=\"_blank\" rel=\"noopener\">Comunicado de Prensa \u2013 Comienza la Presentaci\u00f3n de Candidatos<\/a><\/p>\n<p>11-07-2016\u00a0 <a href=\"https:\/\/www.sbcounty.gov\/uploads\/ROV\/Elections\/2016\/1108\/Report_OfficesUpForElection.pdf\" target=\"_blank\" rel=\"noopener\">Aviso P\u00fablico \u2013 Cargos Incluidos en las Elecciones<\/a><\/p>\n<p>13-06-2016\u00a0 <a href=\"https:\/\/www.sbcounty.gov\/uploads\/ROV\/News\/2016\/1108\/Memo_CCROV16175_PresidentialGeneralGovernorsProclamation.pdf\" target=\"_blank\" rel=\"noopener\">Aviso P\u00fablico \u2013 Proclamaci\u00f3n del Gobernador<\/a><\/p>\n<\/div>\n\n  <\/section>\n\n\t\n\n  <section data-isd-block-id=\"rov-content-blockblock_4e21595928ce53ab16fc901744f17f86\"\n\t\t\t\t\t\t\t\t\t\t \t\t\t\t\t\t\t\t\t\t\t class=\"card-style main-content-wrapper rov-card-style mb-4\">\n\n\t<h2 class=\"block-subtitle blue\">Elecciones Primarias Presidenciales de 2016 \u2013 7 de junio de 2016<\/h2>\n\n\t<div class=\"ctnr-block-content\"><p>12-07-2016 \u00a0<a href=\"https:\/\/www.sbcounty.gov\/uploads\/ROV\/News\/2016\/0607\/PublicNotice_CentralCommitteesNomineesDeclaredElected.pdf\" target=\"_blank\" rel=\"noopener\">Aviso P\u00fablico \u2013 Nominados Calificados Declarados Electos para los Comit\u00e9s Centrales del Condado<\/a><\/p>\n<p>05-07-2016\u00a0 <a href=\"https:\/\/www.sbcounty.gov\/uploads\/ROV\/News\/2016\/0607\/Report_PollWorkersWorked.pdf\" target=\"_blank\" rel=\"noopener\">Aviso P\u00fablico \u2013 Trabajadores de Casillas Electorales que Trabajaron<\/a><\/p>\n<p>03-06-2016\u00a0 <a href=\"https:\/\/www.sbcounty.gov\/uploads\/ROV\/News\/2016\/0607\/PressRelease_ElectionDayReminder.pdf\" target=\"_blank\" rel=\"noopener\">Comunicado de Prensa \u2013 Recordatorio del D\u00eda de las Elecciones<\/a><\/p>\n<p>31-05-2016\u00a0 <a href=\"https:\/\/www.sbcounty.gov\/uploads\/ROV\/News\/2016\/0607\/Report_PollWorkersAssigned.pdf\" target=\"_blank\" rel=\"noopener\">Aviso P\u00fablico \u2013 Trabajadores de Casillas Electorales Asignados<\/a><\/p>\n<p>27-05-2016\u00a0 <a href=\"https:\/\/www.sbcounty.gov\/uploads\/ROV\/News\/2016\/0607\/PressRelease_EarlyVotingExpands.pdf\" target=\"_blank\" rel=\"noopener\">Comunicado de Prensa \u2013 Se Ampl\u00eda el Voto Anticipado<\/a><\/p>\n<p>23-05-2016\u00a0 <a href=\"https:\/\/www.sbcounty.gov\/uploads\/ROV\/News\/2016\/0607\/PublicNotice_PollingPlacePresidentialPrimary.pdf\" target=\"_blank\" rel=\"noopener\">Aviso P\u00fablico \u2013 Aviso sobre las Casillas Electorales y Aviso sobre el Lugar de Conteo Centra<\/a><\/p>\n<p>21-05-2016\u00a0 <a href=\"https:\/\/www.sbcounty.gov\/uploads\/ROV\/News\/2016\/0607\/PublicNotice_ObservationSchedule_Updated.pdf\" target=\"_blank\" rel=\"noopener\">Aviso P\u00fablico \u2013 Calendario de Observaci\u00f3n ACTUALIZADO<\/a><\/p>\n<p>20-05-2016\u00a0 <a href=\"https:\/\/www.sbcounty.gov\/uploads\/ROV\/News\/2016\/0607\/PressRelease_VoterRegistrationDeadline.pdf\" target=\"_blank\" rel=\"noopener\">Comunicado de Prensa \u2013 Fecha L\u00edmite para el Registro de Votantes<\/a><\/p>\n<p>16-05-2016\u00a0 <a href=\"https:\/\/www.sbcounty.gov\/uploads\/ROV\/News\/2016\/0607\/PressRelease_EarlyVoting-BallotSelfie.pdf\" target=\"_blank\" rel=\"noopener\">Comunicado de Prensa \u2013 Vote con Anticipaci\u00f3n y T\u00f3mese una Selfie con la Boleta<\/a><\/p>\n<p>14-05-2016\u00a0 <a href=\"https:\/\/www.sbcounty.gov\/uploads\/ROV\/News\/2016\/0607\/PublicNotice_ObservationSchedule.pdf\" target=\"_blank\" rel=\"noopener\">Aviso P\u00fablico \u2013 Calendario de Observaci\u00f3n<\/a><\/p>\n<p>13-05-2016\u00a0 <a href=\"https:\/\/www.sbcounty.gov\/uploads\/ROV\/News\/2016\/0607\/PressRelease_PollWorkersNeeded.pdf\" target=\"_blank\" rel=\"noopener\">Comunicado de Prensa \u2013 Se Necesitan Trabajadores de Casillas Electorales<\/a><\/p>\n<p>05-05-2016\u00a0 <a href=\"https:\/\/www.sbcounty.gov\/uploads\/ROV\/News\/2016\/0607\/PressRelease_VoterInformationGuideAndMailBallots.pdf?ver=2016-05-05-220137-487\" target=\"_blank\" rel=\"noopener\">Comunicado de Prensa \u2013 Gu\u00edas de Informaci\u00f3n para el Votante y Boletas por Correo<\/a><\/p>\n<p>01-04-2016\u00a0 <a href=\"https:\/\/elections.cdn.sos.ca.gov\/statewide-elections\/2016-primary\/june-2016-presidential-abbrev.pdf\" target=\"_blank\" rel=\"noopener\">Lista Certificada de Candidatos Presidenciales del Secretario de Estado<\/a><\/p>\n<p>01-04-2016\u00a0 <a href=\"https:\/\/elections.cdn.sos.ca.gov\/statewide-elections\/2016-primary\/june-2016-abbrev-candidates.pdf\" target=\"_blank\" rel=\"noopener\">Lista Certificada del Secretario de Estado de Candidatos a Cargos Nombrados por los Votantes<\/a><\/p>\n<p>01-04-2016\u00a0 <a href=\"https:\/\/elections.cdn.sos.ca.gov\/statewide-elections\/2016-primary\/legislative-501-report.pdf\" target=\"_blank\" rel=\"noopener\">Informes del Estado del Formulario 501 para Candidatos Legislativos del Secretario de Estado<\/a><\/p>\n<p>30-03-2016\u00a0 <a href=\"https:\/\/elections.cdn.sos.ca.gov\/statewide-elections\/2016-primary\/party-preference-history.pdf\" target=\"_blank\" rel=\"noopener\">Lista del Historial en la Preferencia de Candidatos de Partido del Secretario de Estado<\/a><\/p>\n<p>30-03-2016 \u00a0<a href=\"https:\/\/elections.cdn.sos.ca.gov\/statewide-elections\/2016-primary\/notice-to-candidates-president.pdf\" target=\"_blank\" rel=\"noopener\">Aviso del Secretario de Estado a los Candidatos a la Presidencia<\/a><\/p>\n<p>30-03-2016 \u00a0<a href=\"https:\/\/elections.cdn.sos.ca.gov\/statewide-elections\/2016-primary\/notice-to-candidates-us-senate.pdf\" target=\"_blank\" rel=\"noopener\">Aviso del Secretario de Estado a los Candidatos al Senado de Estados Unidos<\/a><\/p>\n<p>30-03-2016 \u00a0<a href=\"https:\/\/elections.cdn.sos.ca.gov\/statewide-elections\/2016-primary\/notice-to-candidates-congress.pdf\" target=\"_blank\" rel=\"noopener\">Aviso del Secretario de Estado a los Candidatos para Cargos en el Congreso<\/a><\/p>\n<p>30-03-2016\u00a0 Aviso del Secretario de Estado a los Candidatos para Cargos en el Senado Estatal [ya no est\u00e1 disponible]<\/p>\n<p>30-03-2016\u00a0 <a href=\"https:\/\/elections.cdn.sos.ca.gov\/statewide-elections\/2016-primary\/june-2016-abbrev-candidates.pdf\" target=\"_blank\" rel=\"noopener\">Aviso del Secretario de Estado a los Candidatos para Cargos en la Asamblea del Estado<\/a><\/p>\n<p>25-03-2016\u00a0 <a href=\"https:\/\/www.sbcounty.gov\/uploads\/ROV\/News\/2016\/0607\/SOS_RandomDraw_YermoCSD.pdf\" target=\"_blank\" rel=\"noopener\">Sorteo para Orden Aleatorizado de las Letras del Alfabeto para las Elecciones Especiales para una Remoci\u00f3n del Distrito de Servicios Comunitarios Yermo<\/a><\/p>\n<p>17-03-2016\u00a0 <a href=\"https:\/\/www.sbcounty.gov\/uploads\/ROV\/News\/2016\/0607\/SOS_RandomDraw.pdf\" target=\"_blank\" rel=\"noopener\">Sorteo para Orden Aleatorizado de las Letras del Alfabeto del Secretario de Estado<\/a><\/p>\n<p>17-03-2016\u00a0 <a href=\"https:\/\/www.sbcounty.gov\/uploads\/ROV\/News\/2016\/0607\/County_RandomDraw.pdf\" target=\"_blank\" rel=\"noopener\">Sorteo para Orden Aleatorizado de las Letras del Alfabeto del Condado de San Bernardino<\/a><\/p>\n<p>14-03-2016 \u00a0<a href=\"https:\/\/www.sbcounty.gov\/uploads\/ROV\/News\/2016\/0607\/List_2016-06-07_MeasureLetterAssignment.pdf\" target=\"_blank\" rel=\"noopener\">Aviso P\u00fablico \u2013 Asignaci\u00f3n de Letras de Medidas<\/a><\/p>\n<p>01-03-2016\u00a0 <a href=\"https:\/\/www.sbcounty.gov\/uploads\/ROV\/News\/2016\/0607\/PressRelease_CandidateFilingDeadlineReminder.pdf\" target=\"_blank\" rel=\"noopener\">Comunicado de Prensa \u2013 Recordatorio de la Fecha L\u00edmite de Presentaci\u00f3n de Candidatos<\/a><\/p>\n<p>09-02-2016\u00a0 <a href=\"https:\/\/www.sbcounty.gov\/uploads\/ROV\/News\/2016\/0607\/PublicNotice_EstimatedCandidateStatementCosts.pdf\" target=\"_blank\" rel=\"noopener\">Aviso P\u00fablico \u2013 Costos Estimados de la Declaraci\u00f3n de Candidatos<\/a><\/p>\n<p>11-01-2016 \u00a0<a href=\"https:\/\/www.sbcounty.gov\/uploads\/ROV\/News\/2016\/0607\/Memo_CCROV16019_PresidentialPrimaryGovernorsProclamation.pdf\" target=\"_blank\" rel=\"noopener\">Aviso P\u00fablico \u2013 Proclamaci\u00f3n del Gobernador<\/a><\/p>\n<p>07-01-2016\u00a0 <a href=\"https:\/\/www.sbcounty.gov\/uploads\/ROV\/Elections\/2016\/0607\/PublicNotice_OfficesUpForElection.pdf\" target=\"_blank\" rel=\"noopener\">Aviso P\u00fablico \u2013 Cargos Incluidos en las Elecciones<\/a><\/p>\n<p>29-12-2015\u00a0 <a href=\"https:\/\/www.sbcounty.gov\/uploads\/ROV\/News\/2016\/0607\/Notice_SOS_OfficesUpForElection_2016-06-07.pdf\" target=\"_blank\" rel=\"noopener\">Aviso del Secretario de Estado sobre los Cargos Sujetos a Elecciones<\/a><\/p>\n<\/div>\n\n  <\/section>\n\n\t\n\n  <section data-isd-block-id=\"rov-content-blockblock_8516b5a8f4f3dd36e37b3009200ed23a\"\n\t\t\t\t\t\t\t\t\t\t \t\t\t\t\t\t\t\t\t\t\t class=\"card-style main-content-wrapper rov-card-style mb-4\">\n\n\t<h2 class=\"block-subtitle blue\">Elecciones Generales de la Ciudad de San Bernardino \u2013 2 de febrero de 2016<\/h2>\n\n\t<div class=\"ctnr-block-content\"><p>05-02-2016 \u00a0<a href=\"https:\/\/www.sbcounty.gov\/uploads\/ROV\/News\/2016\/0202\/Report_PollWorkersWorked.pdf\" target=\"_blank\" rel=\"noopener\">Aviso P\u00fablico \u2013 Trabajadores de Casillas Electorales que Trabajaron<\/a><\/p>\n<p>26-01-2016\u00a0 <a href=\"https:\/\/www.sbcounty.gov\/uploads\/ROV\/News\/2016\/0202\/Report_PollWorkersAssigned.pdf\" target=\"_blank\" rel=\"noopener\">Aviso P\u00fablico \u2013 Trabajadores de Casillas Electorales Asignados<\/a><\/p>\n<p>21-01-2016\u00a0 <a href=\"https:\/\/www.sbcounty.gov\/uploads\/ROV\/News\/2016\/0202\/CityOfSanBernardinoGeneral\/PublicNotice_PollingPlacesCentralCountingPlace.pdf\" target=\"_blank\" rel=\"noopener\">Aviso P\u00fablico \u2013 Aviso sobre las Casillas Electorales y Aviso sobre el Lugar de Conteo Central<\/a><\/p>\n<p>13-01-2016\u00a0 <a href=\"https:\/\/www.sbcounty.gov\/uploads\/ROV\/News\/2016\/0202\/PublicNotice_ObservationSchedule_February_2_2016_Elections.pdf\" target=\"_blank\" rel=\"noopener\">Aviso P\u00fablico \u2013 Calendario de Observaci\u00f3n<\/a><\/p>\n<p>20-11-2015\u00a0 <a href=\"https:\/\/www.sbcounty.gov\/uploads\/ROV\/News\/2016\/0202\/Letter_RandomizedAlphabetSOS.pdf\" target=\"_blank\" rel=\"noopener\">Sorteo para Orden Aleatorizado de las Letras del Alfabeto del Secretario de Estado<\/a><\/p>\n<\/div>\n\n  <\/section>\n\n\t\n\n  <section data-isd-block-id=\"rov-content-blockblock_a7ccedc6503806dddf9a2c379964fc09\"\n\t\t\t\t\t\t\t\t\t\t \t\t\t\t\t\t\t\t\t\t\t class=\"card-style main-content-wrapper rov-card-style mb-4\">\n\n\t<h2 class=\"block-subtitle blue\">Elecciones Especiales para una Remoci\u00f3n del Distrito Escolar Unificado Lucerne Valley \u2013 2 de febrero de 2016<\/h2>\n\n\t<div class=\"ctnr-block-content\"><p>05-02-2016 \u00a0<a href=\"https:\/\/www.sbcounty.gov\/uploads\/ROV\/News\/2016\/0202\/Report_PollWorkersWorked.pdf\" target=\"_blank\" rel=\"noopener\">Aviso P\u00fablico \u2013 Trabajadores de Casillas Electorales que Trabajaron<\/a><\/p>\n<p>26-01-2016\u00a0 <a href=\"https:\/\/www.sbcounty.gov\/uploads\/ROV\/News\/2016\/0202\/Report_PollWorkersAssigned.pdf\" target=\"_blank\" rel=\"noopener\">Aviso P\u00fablico \u2013 Trabajadores de Casillas Electorales Asignados<\/a><\/p>\n<p>21-01-2016\u00a0 <a href=\"https:\/\/www.sbcounty.gov\/uploads\/ROV\/News\/2016\/0202\/LucerneValleyUSDRecall\/PublicNotice_PollingPlacesCentralCountingPlace.pdf\" target=\"_blank\" rel=\"noopener\">Aviso P\u00fablico \u2013 Aviso sobre las Casillas Electorales y Aviso sobre el Lugar de Conteo Central<\/a><\/p>\n<p>13-01-2016\u00a0 <a href=\"https:\/\/www.sbcounty.gov\/uploads\/ROV\/News\/2016\/0202\/PublicNotice_ObservationSchedule_February_2_2016_Elections.pdf\" target=\"_blank\" rel=\"noopener\">Aviso P\u00fablico \u2013 Calendario de Observaci\u00f3n<\/a><\/p>\n<p>20-11-2015 \u00a0<a href=\"https:\/\/www.sbcounty.gov\/uploads\/ROV\/News\/2016\/0202\/Letter_RandomizedAlphabetSOS.pdf\" target=\"_blank\" rel=\"noopener\">Sorteo para Orden Aleatorizado de las Letras del Alfabeto del Secretario de Estado<\/a><\/p>\n<p>04-11-2015 \u00a0<a href=\"https:\/\/www.sbcounty.gov\/uploads\/ROV\/News\/2016\/0202\/LucerneValleyUSDRecall\/Publication_NoticeOfElection_LucerneValleyUSD_SpecialRecall.pdf\" target=\"_blank\" rel=\"noopener\">Aviso P\u00fablico \u2013 Aviso de Elecciones y Aviso sobre el Lugar de Conteo Central<\/a><\/p>\n<p>13-10-2015 \u00a0<a href=\"https:\/\/www.sbcounty.gov\/uploads\/ROV\/News\/2016\/0202\/LucerneValleyUSDRecall\/PressRelease_CandidateFilingBegins.pdf\" target=\"_blank\" rel=\"noopener\">Comunicado de Prensa \u2013 Comienza la Presentaci\u00f3n de Candidatos<\/a><\/p>\n<\/div>\n\n  <\/section>\n\n\t","protected":false},"excerpt":{"rendered":"<p>Elecciones de la Asociaci\u00f3n para la Jubilaci\u00f3n de los Empleados del Condado de San Bernardino \u2013 6 de diciembre de 2016 20-12-2016\u00a0 Aviso P\u00fablico \u2013 Certificaci\u00f3n de los Resultados de las Elecciones 20-09-2016 \u00a0Aviso P\u00fablico \u2013 Sorteo para Orden Aleatorizado de las Letras del Alfabeto 09-09-2016 \u00a0Aviso P\u00fablico \u2013 Pr\u00f3rroga<span class=\"ellipsis\">&#8230;<\/span><\/p>\n","protected":false},"author":19,"featured_media":37382,"parent":138,"menu_order":0,"comment_status":"closed","ping_status":"closed","template":"templates\/rov-left-sidebar-template.php","meta":{"_acf_changed":false,"footnotes":""},"class_list":["post-43083","page","type-page","status-publish","has-post-thumbnail","hentry"],"acf":[],"_links":{"self":[{"href":"https:\/\/elections.sbcounty.gov\/es\/wp-json\/wp\/v2\/pages\/43083","targetHints":{"allow":["GET"]}}],"collection":[{"href":"https:\/\/elections.sbcounty.gov\/es\/wp-json\/wp\/v2\/pages"}],"about":[{"href":"https:\/\/elections.sbcounty.gov\/es\/wp-json\/wp\/v2\/types\/page"}],"author":[{"embeddable":true,"href":"https:\/\/elections.sbcounty.gov\/es\/wp-json\/wp\/v2\/users\/19"}],"replies":[{"embeddable":true,"href":"https:\/\/elections.sbcounty.gov\/es\/wp-json\/wp\/v2\/comments?post=43083"}],"version-history":[{"count":6,"href":"https:\/\/elections.sbcounty.gov\/es\/wp-json\/wp\/v2\/pages\/43083\/revisions"}],"predecessor-version":[{"id":90249,"href":"https:\/\/elections.sbcounty.gov\/es\/wp-json\/wp\/v2\/pages\/43083\/revisions\/90249"}],"up":[{"embeddable":true,"href":"https:\/\/elections.sbcounty.gov\/es\/wp-json\/wp\/v2\/pages\/138"}],"wp:featuredmedia":[{"embeddable":true,"href":"https:\/\/elections.sbcounty.gov\/es\/wp-json\/wp\/v2\/media\/37382"}],"wp:attachment":[{"href":"https:\/\/elections.sbcounty.gov\/es\/wp-json\/wp\/v2\/media?parent=43083"}],"curies":[{"name":"wp","href":"https:\/\/api.w.org\/{rel}","templated":true}]}}