{"id":43071,"date":"2022-01-05T17:08:25","date_gmt":"2022-01-05T17:08:25","guid":{"rendered":"https:\/\/www.elections.sbcounty.gov\/?page_id=43071"},"modified":"2023-11-21T14:28:03","modified_gmt":"2023-11-21T22:28:03","slug":"2015","status":"publish","type":"page","link":"https:\/\/elections.sbcounty.gov\/es\/news\/2015\/","title":{"rendered":"Comunicados de Prensa y Avisos P\u00fablicos Archivados de 2015"},"content":{"rendered":"  <section data-isd-block-id=\"rov-content-blockblock_088c3118ade724b03b22c4a2684e8b49\"\n\t\t\t\t\t\t\t\t\t\t \t\t\t\t\t\t\t\t\t\t\t class=\"card-style main-content-wrapper rov-card-style mb-4\">\n\n\t<h2 class=\"block-subtitle blue\">Elecciones de la Asociaci\u00f3n para la Jubilaci\u00f3n de los Empleados del Condado de San Bernardino \u2013 1 de diciembre de 2015<\/h2>\n\n\t<div class=\"ctnr-block-content\"><p>14-09-2015\u00a0\u00a0<a href=\"https:\/\/www.sbcounty.gov\/uploads\/ROV\/Elections\/2015\/1201\/List_2015-12-01_Random_Draw.pdf\" target=\"_blank\" rel=\"noopener\">Aviso P\u00fablico \u2013 Sorteo para Orden Aleatorizado de las Letras del Alfabeto<\/a><\/p>\n<p>08-08-2015\u00a0\u00a0<a href=\"https:\/\/www.sbcounty.gov\/uploads\/ROV\/Elections\/2015\/1201\/Notice_NoticeOfElectionRetirementBoard.pdf\" target=\"_blank\" rel=\"noopener\">Aviso P\u00fablico \u2013 Aviso de Elecciones<\/a><\/p>\n<\/div>\n\n  <\/section>\n\n\t\n\n  <section data-isd-block-id=\"rov-content-blockblock_77649dd4068661b99f18ab841a5e6102\"\n\t\t\t\t\t\t\t\t\t\t \t\t\t\t\t\t\t\t\t\t\t class=\"card-style main-content-wrapper rov-card-style mb-4\">\n\n\t<h2 class=\"block-subtitle blue\">Elecciones Consolidadas \u2013 3 de noviembre de 2015<\/h2>\n\n\t<div class=\"ctnr-block-content\"><p>01-12-2015\u00a0\u00a0<a href=\"https:\/\/www.sbcounty.gov\/uploads\/ROV\/News\/2015\/1103\/PublicNotice_PollWorkersWorked.pdf\" target=\"_blank\" rel=\"noopener\">Aviso P\u00fablico \u2013 Trabajadores de Casillas Electorales que Trabajaron<\/a><\/p>\n<p>29-10-2015\u00a0\u00a0<a href=\"https:\/\/www.sbcounty.gov\/uploads\/ROV\/News\/2015\/1103\/PressRelease_ElectionDayReminder.pdf\" target=\"_blank\" rel=\"noopener\">Comunicado de Prensa \u2013 Recordatorio del D\u00eda de las Elecciones<\/a><\/p>\n<p>20-10-2015\u00a0\u00a0<a href=\"https:\/\/www.sbcounty.gov\/uploads\/ROV\/News\/2015\/1103\/PublicNotice_PollWorkersAssigned.pdf\" target=\"_blank\" rel=\"noopener\">Aviso P\u00fablico \u2013 Trabajadores de Casillas Electorales Asignados<\/a><\/p>\n<p>20-10-2015\u00a0\u00a0<a href=\"https:\/\/www.sbcounty.gov\/uploads\/ROV\/News\/2015\/1103\/PublicNotice_PollingPlaceCentralCount.pdf\" target=\"_blank\" rel=\"noopener\">Aviso P\u00fablico \u2013 Aviso sobre las Casillas Electorales y Aviso sobre el Lugar de Conteo Central<\/a><\/p>\n<p>13-10-2015\u00a0\u00a0<a href=\"https:\/\/www.sbcounty.gov\/uploads\/ROV\/News\/2015\/1103\/Certification_LogicAndAccuracyBoard.pdf\" target=\"_blank\" rel=\"noopener\">Certificaci\u00f3n por parte de la Junta de L\u00f3gica y Precisi\u00f3n<\/a><\/p>\n<p>08-10-2015\u00a0\u00a0<a href=\"https:\/\/www.sbcounty.gov\/uploads\/ROV\/News\/2015\/1103\/PressRelease_VIG-MB-EarlyVoting.pdf\" target=\"_blank\" rel=\"noopener\">Comunicado de Prensa \u2013 Boletas por Correo, Gu\u00edas de Informaci\u00f3n para el Votante y Voto Anticipado<\/a><\/p>\n<p>06-10-2015\u00a0\u00a0<a href=\"https:\/\/www.sbcounty.gov\/uploads\/ROV\/News\/2015\/1103\/PublicNotice_ObservationSchedule.pdf\" target=\"_blank\" rel=\"noopener\">Aviso P\u00fablico \u2013 Calendario de Observaci\u00f3n<\/a><\/p>\n<p>21-09-2015\u00a0\u00a0<a href=\"https:\/\/www.sbcounty.gov\/uploads\/ROV\/News\/2015\/PressRelease_NationalVoterRegistrationDay_2015_September_22.pdf\" target=\"_blank\" rel=\"noopener\">Comunicado de Prensa \u2013 La Oficina de Elecciones celebra el D\u00eda Nacional del Registro de Votantes<\/a><\/p>\n<p>10-09-2015\u00a0\u00a0<a href=\"https:\/\/www.sbcounty.gov\/uploads\/ROV\/Elections\/2015\/1103\/Notice_Appointments%20In%20Lieu_November_2015.pdf\" target=\"_blank\" rel=\"noopener\">Aviso P\u00fablico \u2013 Designaciones en Lugar de Elecciones<\/a><\/p>\n<p>20-08-2015\u00a0\u00a0<a href=\"https:\/\/www.sbcounty.gov\/uploads\/ROV\/News\/2015\/PressRelease_ElectionCenterAwardMEGateway_2015-08-20.pdf\" target=\"_blank\" rel=\"noopener\">Comunicado de Prensa \u2013 La Oficina de Elecciones gana Premio Nacional por M.E. Gateway<\/a><\/p>\n<p>14-08-2015\u00a0\u00a0<a href=\"https:\/\/www.sbcounty.gov\/uploads\/ROV\/News\/2015\/1103\/List_2015-11-03_MeasureLetterAssignment.pdf\" target=\"_blank\" rel=\"noopener\">Aviso P\u00fablico \u2013 Asignaci\u00f3n de Letras de Medidas<\/a><\/p>\n<p>13-08-2015\u00a0\u00a0<a href=\"https:\/\/www.sos.ca.gov\/administration\/news-releases-and-advisories\/2015-news-releases-and-advisories\/secretary-state-padilla-announces-results-randomized-alphabet-drawing-november-3-local-election-ballots\" target=\"_blank\" rel=\"noopener\">Comunicado de Prensa \u2013 Sorteo para Orden Aleatorizado de las Letras del Alfabeto del Secretario de Estado<\/a><\/p>\n<p>07-08-2015\u00a0\u00a0<a href=\"https:\/\/www.sbcounty.gov\/uploads\/ROV\/News\/2015\/1103\/PressRelease_CandidateFilingExtension.pdf\" target=\"_blank\" rel=\"noopener\">Comunicado de Prensa \u2013 Pr\u00f3rroga para la Presentaci\u00f3n de Candidatos<\/a><\/p>\n<p>21-07-2015\u00a0\u00a0<a href=\"https:\/\/www.sbcounty.gov\/uploads\/ROV\/News\/2015\/1103\/PressRelease_ResidencyConfirmationPostcards_2015-07-21.pdf\" target=\"_blank\" rel=\"noopener\">Comunicado de Prensa \u2013 La Oficina de Elecciones env\u00eda Tarjetas Postales de Confirmaci\u00f3n de Residencia<\/a><\/p>\n<p>13-07-2015\u00a0\u00a0<a href=\"https:\/\/www.sbcounty.gov\/uploads\/ROV\/News\/2015\/1103\/PressRelease_CandidateFiling.pdf\" target=\"_blank\" rel=\"noopener\">Comunicado de Prensa \u2013 Comienza la Presentaci\u00f3n de Candidatos<\/a><\/p>\n<p>01-06-2015\u00a0\u00a0<a href=\"https:\/\/www.sbcounty.gov\/uploads\/ROV\/Elections\/2015\/1103\/Notice_OfficesUpForElection.pdf\" target=\"_blank\" rel=\"noopener\">Aviso de Cargos Incluidos en las Elecciones<\/a><\/p>\n<\/div>\n\n  <\/section>\n\n\t\n\n  <section data-isd-block-id=\"rov-content-blockblock_2630796d3a82a0e5200eb207e2411b88\"\n\t\t\t\t\t\t\t\t\t\t \t\t\t\t\t\t\t\t\t\t\t class=\"card-style main-content-wrapper rov-card-style mb-4\">\n\n\t<h2 class=\"block-subtitle blue\">Elecciones de Distrito Especial del \u00c1rea de Servicio 70 del Condado, Zona P-6 (El Mirage) \u2013 1\u00ba de septiembre de 2015<\/h2>\n\n\t<div class=\"ctnr-block-content\"><p>03-08-2015\u00a0\u00a0<a href=\"https:\/\/www.sbcounty.gov\/uploads\/ROV\/Elections\/2015\/0901\/VIG_2015-09-01_CSA-70_El-Mirage.pdf\" target=\"_blank\" rel=\"noopener\">Gu\u00eda de Informaci\u00f3n para el Votante<\/a><\/p>\n<\/div>\n\n  <\/section>\n\n\t\n\n  <section data-isd-block-id=\"rov-content-blockblock_f77aa7770f1a1839d32241bf86b5a99d\"\n\t\t\t\t\t\t\t\t\t\t \t\t\t\t\t\t\t\t\t\t\t class=\"card-style main-content-wrapper rov-card-style mb-4\">\n\n\t<h2 class=\"block-subtitle blue\">Elecciones Consolidadas con Boleta por Correo\u2013 25 de agosto de 2015<\/h2>\n\n\t<div class=\"ctnr-block-content\"><p>10-09-2015\u00a0\u00a0<a href=\"https:\/\/www.sbcounty.gov\/uploads\/ROV\/Elections\/2015\/0825\/Notice_Appointments%20In%20Lieu_August_2015.pdf\" target=\"_blank\" rel=\"noopener\">Aviso P\u00fablico \u2013 Designaciones en Lugar de Elecciones<\/a><\/p>\n<p>29-05-2015\u00a0\u00a0<a href=\"https:\/\/www.sbcounty.gov\/uploads\/ROV\/News\/2015\/0825\/PublicNotice_CandidateFilingExtension.pdf\" target=\"_blank\" rel=\"noopener\">Aviso P\u00fablico \u2013 Pr\u00f3rroga del Periodo para la Presentaci\u00f3n de Candidatos<\/a><\/p>\n<\/div>\n\n  <\/section>\n\n\t\n\n  <section data-isd-block-id=\"rov-content-blockblock_742e0df9f2a17e46f2f86545b60863c7\"\n\t\t\t\t\t\t\t\t\t\t \t\t\t\t\t\t\t\t\t\t\t class=\"card-style main-content-wrapper rov-card-style mb-4\">\n\n\t<h2 class=\"block-subtitle blue\">Elecciones Especiales con Boletas por Correo del Distrito de Cuidados de la Salud Hi-Desert Memorial \u2013 23 de junio de 2015<\/h2>\n\n\t<div class=\"ctnr-block-content\"><p>12-06-2015\u00a0\u00a0<a href=\"https:\/\/www.sbcounty.gov\/uploads\/ROV\/News\/2015\/0623\/PublicNotice_ObservationSchedule_06-23-2015.pdf?ver=2015-06-12-151307-647\" target=\"_blank\" rel=\"noopener\">Aviso P\u00fablico \u2013 Calendario de Observaci\u00f3n<\/a><\/p>\n<p>30-03-2015\u00a0\u00a0<a href=\"https:\/\/www.sbcounty.gov\/uploads\/ROV\/News\/2015\/0623\/PublicNotice_MeasureY_Hi-DesertMemorialHealthCare_2015-03-30_FINAL.pdf\" target=\"_blank\" rel=\"noopener\">Aviso P\u00fablico \u2013 Aviso de Elecciones, Distrito de Cuidados de la Salud Hi-Desert Memorial, Medida Y<\/a><\/p>\n<\/div>\n\n  <\/section>\n\n\t\n\n  <section data-isd-block-id=\"rov-content-blockblock_ee65d8be785ccb80e8667a8dfc6a2064\"\n\t\t\t\t\t\t\t\t\t\t \t\t\t\t\t\t\t\t\t\t\t class=\"card-style main-content-wrapper rov-card-style mb-4\">\n\n\t<h2 class=\"block-subtitle blue\">Elecciones Especiales del Pueblo de Yucca Valley \u2013 2 de junio de 2015<\/h2>\n\n\t<div class=\"ctnr-block-content\"><p>11-06-2015\u00a0\u00a0<a href=\"https:\/\/www.sbcounty.gov\/uploads\/ROV\/News\/2015\/0602\/Report_Worked_TownofYuccaValleySpecial_2015-06-02.pdf\" target=\"_blank\" rel=\"noopener\">Aviso P\u00fablico \u2013 Trabajadores de Casillas Electorales que Trabajaron<\/a><\/p>\n<p>26-05-2015\u00a0\u00a0<a href=\"https:\/\/www.sbcounty.gov\/uploads\/ROV\/News\/2015\/0602\/Report_Assigned_TownOfYuccaValleySpecial_2015-05-26.pdf\" target=\"_blank\" rel=\"noopener\">Aviso P\u00fablico \u2013 Trabajadores de Casillas Electorales Asignados<\/a><\/p>\n<p>18-05-2015\u00a0\u00a0<a href=\"https:\/\/www.sbcounty.gov\/uploads\/ROV\/News\/2015\/0602\/PublicNotice_PollingPlaceCentralCountTownOfYuccaValley.pdf\" target=\"_blank\" rel=\"noopener\">Aviso P\u00fablico \u2013 Aviso sobre las Casillas Electorales y Aviso sobre el Lugar de Conteo Central<\/a><\/p>\n<p>14-05-2015\u00a0\u00a0<a href=\"https:\/\/www.sbcounty.gov\/uploads\/ROV\/News\/2015\/0602\/Certificate_LogicAndAccuracyBoard.pdf\" target=\"_blank\" rel=\"noopener\">Certificaci\u00f3n por parte de la Junta de L\u00f3gica y Precisi\u00f3n<\/a><\/p>\n<p>08-05-2015\u00a0\u00a0<a href=\"https:\/\/www.sbcounty.gov\/uploads\/ROV\/News\/2015\/0602\/PublicNotice_ObservationSchedule.pdf\" target=\"_blank\" rel=\"noopener\">Aviso P\u00fablico \u2013 Calendario de Observaci\u00f3n<\/a><\/p>\n<p>25-03-2015\u00a0\u00a0<a href=\"https:\/\/www.sbcounty.gov\/uploads\/ROV\/News\/2015\/0602\/Notice_2015-06-02TownOfYuccaValleyNoticeOfElection.pdf\" target=\"_blank\" rel=\"noopener\">Aviso P\u00fablico \u2013 Aviso de Elecciones, Pueblo de Yucca Valley, Medida X<\/a><\/p>\n<\/div>\n\n  <\/section>\n\n\t\n\n  <section data-isd-block-id=\"rov-content-blockblock_244260e29e03b7f9339d85629c81f8b5\"\n\t\t\t\t\t\t\t\t\t\t \t\t\t\t\t\t\t\t\t\t\t class=\"card-style main-content-wrapper rov-card-style mb-4\">\n\n\t<h2 class=\"block-subtitle blue\">Elecciones Especiales del Distrito Escolar Mountain del Distrito No. 2 de Mejoras de las Instalaciones Escolares \u2013 14 de abril de 2015<\/h2>\n\n\t<div class=\"ctnr-block-content\"><p>23-04-2015\u00a0\u00a0<a href=\"https:\/\/www.sbcounty.gov\/uploads\/ROV\/News\/2015\/0414\/Report_Worked_MountainView_2015-04-14.pdf\" target=\"_blank\" rel=\"noopener\">Aviso P\u00fablico \u2013 Trabajadores de Casillas Electorales que Trabajaron<\/a><\/p>\n<p>20-04-2015\u00a0\u00a0<a href=\"https:\/\/www.sbcounty.gov\/uploads\/ROV\/News\/2015\/0414\/Bond_Measure_W_2015-04-14_Statement-Of-Vote.pdf\" target=\"_blank\" rel=\"noopener\">Declaraci\u00f3n de Votos Emitidos<\/a><\/p>\n<p>08-04-2015\u00a0\u00a0<a href=\"https:\/\/www.sbcounty.gov\/uploads\/ROV\/News\/2015\/0414\/Report_Assigned_MountainView_2015-04-14.pdf\" target=\"_blank\" rel=\"noopener\">Aviso P\u00fablico \u2013 Trabajadores de Casillas Electorales Asignados<\/a><\/p>\n<p>08-04-2015\u00a0\u00a0<a href=\"https:\/\/www.sbcounty.gov\/uploads\/ROV\/News\/2015\/0414\/Report_EDate2015-04-14_15DayCloseOfRegistrationSummary.pdf\" target=\"_blank\" rel=\"noopener\">Resumen del Registro de Votantes Calificados<\/a><\/p>\n<p>16-03-2015\u00a0\u00a0<a href=\"https:\/\/www.sbcounty.gov\/uploads\/ROV\/News\/2015\/0414\/Voter%20Information%20Guide%20001_04-14-15_508.pdf\" target=\"_blank\" rel=\"noopener\">Gu\u00eda de Informaci\u00f3n para el Votante<\/a><\/p>\n<p>23-01-2015\u00a0\u00a0<a href=\"https:\/\/www.sbcounty.gov\/uploads\/ROV\/News\/2015\/0414\/PublicNotice_BondMeasure_MountainView_2014-04-14_FINALV2.pdf\" target=\"_blank\" rel=\"noopener\">Aviso P\u00fablico \u2013 Aviso de Elecciones, Distrito Escolar Mountain View (SFID No. 2), Medida W<\/a><\/p>\n<\/div>\n\n  <\/section>\n\n\t\n\n  <section data-isd-block-id=\"rov-content-blockblock_7f4487d57a7b3dcb5ca290cbecc9c9f3\"\n\t\t\t\t\t\t\t\t\t\t \t\t\t\t\t\t\t\t\t\t\t class=\"card-style main-content-wrapper rov-card-style mb-4\">\n\n\t<h2 class=\"block-subtitle blue\">Elecciones Especiales de la Ciudad de Chino \u2013 24 de marzo de 2015<\/h2>\n\n\t<div class=\"ctnr-block-content\"><p>31-03-2015\u00a0\u00a0<a href=\"https:\/\/www.sbcounty.gov\/uploads\/ROV\/News\/2015\/0324\/Report_Worked_Chino_2015-03-30.pdf\" target=\"_blank\" rel=\"noopener\">Aviso P\u00fablico \u2013 Trabajadores de Casillas Electorales que Trabajaron<\/a><\/p>\n<p>20-03-2015\u00a0\u00a0<a href=\"https:\/\/www.sbcounty.gov\/uploads\/ROV\/News\/2015\/0324\/PressRelease_ElectionDayReminder_2015-03-20_FINAL.pdf\" target=\"_blank\" rel=\"noopener\">Comunicado de Prensa \u2013 Recordatorio del D\u00eda de las Elecciones<\/a><\/p>\n<p>19-03-2015\u00a0\u00a0<a href=\"https:\/\/www.sbcounty.gov\/uploads\/ROV\/News\/2015\/0324\/Report_Assigned_Chino_2015-03-17.pdf\" target=\"_blank\" rel=\"noopener\">Aviso P\u00fablico \u2013 Trabajadores de Casillas Electorales Asignados<\/a><\/p>\n<p>09-03-2015\u00a0\u00a0<a href=\"https:\/\/www.sbcounty.gov\/uploads\/ROV\/News\/2015\/0324\/PublicNotice_PollingPlaceCentralCountCityOfChino_2015-03-04_FINAL.pdf\" target=\"_blank\" rel=\"noopener\">Aviso P\u00fablico \u2013 Aviso sobre las Casillas Electorales y Aviso sobre el Lugar de Conteo Central<\/a><\/p>\n<p>27-02-2015\u00a0\u00a0<a href=\"https:\/\/www.sbcounty.gov\/uploads\/ROV\/News\/2015\/0324\/News_Release_MailBallotsVoterInformationGuides_2015March24_CityOfChinoSpecialElection.pdf\" target=\"_blank\" rel=\"noopener\">Comunicado de Prensa \u2013 Gu\u00edas de Informaci\u00f3n para el Votante y Boletas por Correo<\/a><\/p>\n<p>23-02-2015\u00a0\u00a0<a href=\"https:\/\/www.sbcounty.gov\/uploads\/ROV\/News\/2015\/0324\/PublicNotice_ObservationSchedule_2015-02-26_Revised.pdf\" target=\"_blank\" rel=\"noopener\">Aviso P\u00fablico \u2013 Calendario de Observaci\u00f3n<\/a><\/p>\n<p>05-01-2015\u00a0\u00a0<a href=\"https:\/\/www.sbcounty.gov\/uploads\/ROV\/News\/2015\/0324\/LegalPublication_Stamed_2015MarchSpecialElectionNoticeAndMeasures_English_2015-01-05.pdf\" target=\"_blank\" rel=\"noopener\">Aviso P\u00fablico \u2013 Aviso de Elecciones de la Ciudad de Chino, Medida V<\/a><\/p>\n<\/div>\n\n  <\/section>\n\n\t\n\n  <section data-isd-block-id=\"rov-content-blockblock_ed6c12f3adac343e7ad2cb8cabd8fa8e\"\n\t\t\t\t\t\t\t\t\t\t \t\t\t\t\t\t\t\t\t\t\t class=\"card-style main-content-wrapper rov-card-style mb-4\">\n\n\t<h2 class=\"block-subtitle blue\">Elecciones Primarias Especiales para el Senado Estatal del Distrito 21 \u2013 17 de marzo de 2015<\/h2>\n\n\t<div class=\"ctnr-block-content\"><p>31-03-2015\u00a0\u00a0<a href=\"https:\/\/www.sbcounty.gov\/uploads\/ROV\/News\/2015\/0317\/Report_Worked_SD21_2015-03-11.pdf\" target=\"_blank\" rel=\"noopener\">Aviso P\u00fablico \u2013 Trabajadores de Casillas Electorales que Trabajaron<\/a><\/p>\n<p>11-03-2015\u00a0\u00a0<a href=\"https:\/\/www.sbcounty.gov\/uploads\/ROV\/News\/2015\/0317\/PublicNotice_AssignedPollWorkers_SD21_2015-03-11.pdf\" target=\"_blank\" rel=\"noopener\">Aviso P\u00fablico \u2013 Trabajadores de Casillas Electorales Asignados<\/a><\/p>\n<p>05-03-2015\u00a0\u00a0<a href=\"https:\/\/www.sbcounty.gov\/uploads\/ROV\/News\/2015\/0317\/PublicNotice_PollingPlaceStateSenate21Primary_2015-03-04_FINAL.pdf\" target=\"_blank\" rel=\"noopener\">Aviso P\u00fablico \u2013 Casillas Electorales<\/a><\/p>\n<p>05-03-2015\u00a0\u00a0<a href=\"https:\/\/elections.cdn.sos.ca.gov\/special-elections\/2015-sd21\/certified-list-writein.pdf\" target=\"_blank\" rel=\"noopener\">Lista Certificada de Candidatos por Escrito<\/a><\/p>\n<p>20-02-2015\u00a0\u00a0<a href=\"https:\/\/www.sbcounty.gov\/uploads\/ROV\/Elections\/2015\/0317\/PublicNotice_ObservationSchedule_2015March17_StateSenate21SpecialPrimaryElection.pdf\" target=\"_blank\" rel=\"noopener\">Aviso P\u00fablico \u2013 Calendario de Observaci\u00f3n<\/a><\/p>\n<p>20-02-2015\u00a0\u00a0<a href=\"https:\/\/www.sbcounty.gov\/uploads\/ROV\/Elections\/2015\/0317\/News_Release_MailBallotsVoterInformationGuides_2015March17_StateSenate21SpecialPrimaryElection.pdf\" target=\"_blank\" rel=\"noopener\">Comunicado de Prensa \u2013 Gu\u00edas de Informaci\u00f3n para el Votante y Boletas por Correo<\/a><\/p>\n<p>27-01-2015\u00a0\u00a0<a href=\"https:\/\/elections.cdn.sos.ca.gov\/special-elections\/2015-sd21\/certified-list.pdf\" target=\"_blank\" rel=\"noopener\">Lista Certificada de Candidatos<\/a><\/p>\n<p>13-01-2015\u00a0\u00a0<a href=\"https:\/\/www.sbcounty.gov\/uploads\/ROV\/Elections\/2015\/0317\/Guide_CandidateFiling_2015-01-16-FINAL.pdf\" target=\"_blank\" rel=\"noopener\">Gu\u00eda de Presentaci\u00f3n de Candidatos<\/a><\/p>\n<p>12-01-2015\u00a0\u00a0<a href=\"https:\/\/www.sbcounty.gov\/uploads\/ROV\/Elections\/2015\/0317\/primary-calendar.pdf\" target=\"_blank\" rel=\"noopener\">Calendario de las Elecciones Primarias<\/a><\/p>\n<p>12-01-2015\u00a0\u00a0<a href=\"https:\/\/elections.cdn.sos.ca.gov\/special-elections\/2015-sd21\/proclamation.pdf\" target=\"_blank\" rel=\"noopener\">Aviso P\u00fablico \u2013 Proclamaci\u00f3n del Gobernador<\/a><\/p>\n<\/div>\n\n  <\/section>\n\n\t","protected":false},"excerpt":{"rendered":"<p>Elecciones de la Asociaci\u00f3n para la Jubilaci\u00f3n de los Empleados del Condado de San Bernardino \u2013 1 de diciembre de 2015 14-09-2015\u00a0\u00a0Aviso P\u00fablico \u2013 Sorteo para Orden Aleatorizado de las Letras del Alfabeto 08-08-2015\u00a0\u00a0Aviso P\u00fablico \u2013 Aviso de Elecciones Elecciones Consolidadas \u2013 3 de noviembre de 2015 01-12-2015\u00a0\u00a0Aviso P\u00fablico \u2013<span class=\"ellipsis\">&#8230;<\/span><\/p>\n","protected":false},"author":19,"featured_media":37382,"parent":138,"menu_order":0,"comment_status":"closed","ping_status":"closed","template":"templates\/rov-left-sidebar-template.php","meta":{"_acf_changed":false,"footnotes":""},"class_list":["post-43071","page","type-page","status-publish","has-post-thumbnail","hentry"],"acf":[],"_links":{"self":[{"href":"https:\/\/elections.sbcounty.gov\/es\/wp-json\/wp\/v2\/pages\/43071","targetHints":{"allow":["GET"]}}],"collection":[{"href":"https:\/\/elections.sbcounty.gov\/es\/wp-json\/wp\/v2\/pages"}],"about":[{"href":"https:\/\/elections.sbcounty.gov\/es\/wp-json\/wp\/v2\/types\/page"}],"author":[{"embeddable":true,"href":"https:\/\/elections.sbcounty.gov\/es\/wp-json\/wp\/v2\/users\/19"}],"replies":[{"embeddable":true,"href":"https:\/\/elections.sbcounty.gov\/es\/wp-json\/wp\/v2\/comments?post=43071"}],"version-history":[{"count":2,"href":"https:\/\/elections.sbcounty.gov\/es\/wp-json\/wp\/v2\/pages\/43071\/revisions"}],"predecessor-version":[{"id":79724,"href":"https:\/\/elections.sbcounty.gov\/es\/wp-json\/wp\/v2\/pages\/43071\/revisions\/79724"}],"up":[{"embeddable":true,"href":"https:\/\/elections.sbcounty.gov\/es\/wp-json\/wp\/v2\/pages\/138"}],"wp:featuredmedia":[{"embeddable":true,"href":"https:\/\/elections.sbcounty.gov\/es\/wp-json\/wp\/v2\/media\/37382"}],"wp:attachment":[{"href":"https:\/\/elections.sbcounty.gov\/es\/wp-json\/wp\/v2\/media?parent=43071"}],"curies":[{"name":"wp","href":"https:\/\/api.w.org\/{rel}","templated":true}]}}